{"id":9687,"date":"2020-04-01T09:29:07","date_gmt":"2020-04-01T07:29:07","guid":{"rendered":"http:\/\/161.116.26.48\/investigadores\/grupos-investigacion-ub\/investigacion-traslacional-nuevas-estrategias-diagnostico-y-tratamiento-enfermedad-hepatica\/"},"modified":"2020-04-02T09:08:17","modified_gmt":"2020-04-02T07:08:17","slug":"investigacion-traslacional-nuevas-estrategias-diagnostico-y-tratamiento-enfermedad-hepatica","status":"publish","type":"page","link":"https:\/\/www.fbg.ub.edu\/es\/investigadores\/grupos-investigacion-ub\/investigacion-traslacional-nuevas-estrategias-diagnostico-y-tratamiento-enfermedad-hepatica\/","title":{"rendered":"Investigaci\u00f3n traslacional en nuevas estrategias de diagn\u00f3stico y tratamiento de la enfermedad hep\u00e1tica"},"content":{"rendered":"<h3>Introducci\u00f3n<\/h3>\n<p>El grupo, Investigaci\u00f3n traslacional en nuevas estrategias de diagn\u00f3stico y tratamiento de la enfermedad hep\u00e1tica, centra su l\u00ednea de investigaci\u00f3n en el estudio de las bases fisiopatol\u00f3gicas y moleculares de las complicaciones m\u00e1s frecuentes presentes en pacientes con enfermad hep\u00e1tica cr\u00f3nica.<\/p>\n<p>Con un profundo car\u00e1cter traslacional, la investigaci\u00f3n llevada a cabo por el grupo trata con especial inter\u00e9s la identificaci\u00f3n de nuevas herramientas terap\u00e9uticas con la finalidad de revertir o detener los procesos fibroproliferativos.<\/p>\n<h3>QU\u00c9 HACEMOS<\/h3>\n<h3>Capacidades<\/h3>\n<ul>\n<li>Caracterizaci\u00f3n de biomarcadores en modelos animales y muestras humanas.<\/li>\n<li>Estudio de nanopart\u00edculas para el tratamiento de las enfermedades hep\u00e1ticas.<\/li>\n<li>Reprogramaci\u00f3n celular.<\/li>\n<li>Estudio de procesos inflamatorios.<\/li>\n<li>Estudio de la angiog\u00e9nesis.<\/li>\n<li>Estudio de la regeneraci\u00f3n hep\u00e1tica.<\/li>\n<\/ul>\n<h3>Actividad investigadora<\/h3>\n<ul>\n<li>Identificaci\u00f3n de biomarcadores no invasivos de lesi\u00f3n hep\u00e1tica y de nuevas v\u00edas de se\u00f1alizaci\u00f3n de procesos fibroproliferativos hep\u00e1ticos.<\/li>\n<li>Evaluaci\u00f3n de nuevas estrategias de inhibici\u00f3n de la actividad hepatocitaria de FoxO1 o, modificaci\u00f3n de la actividad de dianas especificas de Akt con potencial terap\u00e9utico para estimular la regeneraci\u00f3n hep\u00e1tica funcional en h\u00edgados cirr\u00f3ticos.<\/li>\n<li>Generaci\u00f3n de nuevas terapias para la normalizaci\u00f3n de la vasculatura intrahep\u00e1tica en h\u00edgados cirr\u00f3ticos.<\/li>\n<li>Evaluaci\u00f3n del potencial terap\u00e9utico de las nanopart\u00edculas de CeO2 en modelos experimentales de esteatosis, fibrosis hep\u00e1tica y hepatocarcinoma.<\/li>\n<li>Modulaci\u00f3n de los macr\u00f3fagos en el da\u00f1o hep\u00e1tico, regeneraci\u00f3n y c\u00e1ncer mediante nanopart\u00edculas funcionalizadas y terapia g\u00e9nica.<\/li>\n<li>Evaluaci\u00f3n de la utilidad de implantes matriciales de col\u00e1geno que contienen c\u00e9lulas endoteliales como terapia celular para estimular la capacidad regenerativa de los h\u00edgados cirr\u00f3ticos.<\/li>\n<\/ul>\n<h3>PARA QUI\u00c9N TRABAJAMOS<\/h3>\n<h3>Sectores industriales<\/h3>\n<ul>\n<li>Biomedicina<\/li>\n<li>Industria farmac\u00e9utica<\/li>\n<li>Ingenier\u00eda de tejidos<\/li>\n<li>Nanomedicina<\/li>\n<\/ul>\n<h3>Clientes<\/h3>\n<p>Empresas del sector farmac\u00e9utico y biotecnol\u00f3gico, as\u00ed como centros de investigaci\u00f3n y universidades<\/p>\n<h3>RESULTADOS<\/h3>\n<h3>Actividades de transferencia<\/h3>\n<ul>\n<li>Modelos experimentales de enfermedades hep\u00e1ticas.<\/li>\n<li>Estudio de biomarcadores para diagn\u00f3stico y pron\u00f3stico en enfermedades hep\u00e1ticas.<\/li>\n<li>Tratamiento de las enfermedades hep\u00e1ticas con nanopart\u00edculas antioxidantes de Cerio.<\/li>\n<li>Generaci\u00f3n de matrices e ingenier\u00eda de tejidos para terapia celular.<\/li>\n<li>Modulaci\u00f3n de macr\u00f3fagos mediante nanopart\u00edculas funcionalizadas.<\/li>\n<li>An\u00e1lisis de nuevos biomateriales.<\/li>\n<\/ul>\n<h3>Publicaciones<\/h3>\n<p><b>Beskopen<\/b> <b>nanoceria<\/b><b>: A <\/b><b>new<\/b> <b>effective<\/b> <b>treatment<\/b><b> in experimental <\/b><b>hepatocellular<\/b><b> carcinoma.\u00a0<\/b>Fern\u00e1ndez-Varo G et al.\u00a0<i>Hepatology<\/i><i>.<\/i><i> 2020.<\/i><\/p>\n<p><b>Cerium<\/b> <b>oxide<\/b> <b>nanoparticles<\/b><b> display <\/b><b>antilipogenic<\/b> <b>effect<\/b><b> in rats <\/b><b>with<\/b><b> non-<\/b><b>alcoholic<\/b> <b>fatty<\/b> <b>liver<\/b> <b>disease<\/b><b>.\u00a0<\/b>Carvajal S et al.\u00a0<i>Sci<\/i><i> Rep. 2019; 9(1):12848.<\/i><\/p>\n<p><b>Functionalized<\/b> <b>cerium<\/b> <b>oxide<\/b> <b>nanoparticles<\/b> <b>mitigate<\/b> <b>the<\/b> <b>oxidative<\/b> <b>stress<\/b> <b>and<\/b><b> pro-<\/b><b>inflammatory<\/b> <b>activity<\/b> <b>associated<\/b><b> to <\/b><b>the<\/b><b> portal <\/b><b>vein<\/b> <b>endothelium<\/b><b> of <\/b><b>cirrhotic<\/b><b> rats.\u00a0<\/b>Ribera J et al.\u00a0<i>PLoS<\/i> <i>One<\/i><i>.<\/i><i> 2019; 14(6):e0218716.<\/i><\/p>\n<p><b>Characterization<\/b><b> of <\/b><b>inflammatory<\/b> <b>response<\/b><b> in <\/b><b>hepatorenal<\/b> <b>syndrome<\/b><b>: <\/b><b>Relationship<\/b> <b>with<\/b> <b>kidney<\/b> <b>outcome<\/b> <b>and<\/b> <b>survival<\/b><b>.\u00a0<\/b>Sol\u00e9 C et al.\u00a0<i>Liver<\/i><i> Int. 2019; 39(7):1246-1255<\/i><\/p>\n<p><b>Graphene-Dendrimer<\/b> <b>Nanostars<\/b><b> for <\/b><b>Targeted<\/b> <b>Macrophage<\/b> <b>Overexpression<\/b><b> of <\/b><b>Metalloproteinase<\/b><b> 9 <\/b><b>and<\/b> <b>Hepatic<\/b><b> Fibrosis <\/b><b>Precision<\/b> <b>Therapy<\/b><b>.\u00a0<\/b>Melgar-Lesmes P et al.\u00a0<i>Nano <\/i><i>Lett<\/i><i>. 2018; 18(9):5839-5845<\/i><\/p>\n<p>Otros art\u00edculos del grupo: ORCID <a href=\"https:\/\/orcid.org\/0000-0002-9376-0214\" target=\"_blank\" rel=\"noopener\">Jimenez W<\/a><\/p>\n","protected":false},"excerpt":{"rendered":"<p>Introducci\u00f3n El grupo, Investigaci\u00f3n traslacional en nuevas estrategias de diagn\u00f3stico y tratamiento de la enfermedad hep\u00e1tica, centra su l\u00ednea de&#8230;<\/p>\n","protected":false},"author":2,"featured_media":9699,"parent":1469,"menu_order":0,"comment_status":"closed","ping_status":"closed","template":"page-grupsrecerca.php","meta":{"_acf_changed":false,"inline_featured_image":false,"_monsterinsights_skip_tracking":false,"_monsterinsights_sitenote_active":false,"_monsterinsights_sitenote_note":"","_monsterinsights_sitenote_category":0,"footnotes":""},"class_list":["post-9687","page","type-page","status-publish","has-post-thumbnail","hentry"],"acf":[],"_links":{"self":[{"href":"https:\/\/www.fbg.ub.edu\/es\/wp-json\/wp\/v2\/pages\/9687","targetHints":{"allow":["GET"]}}],"collection":[{"href":"https:\/\/www.fbg.ub.edu\/es\/wp-json\/wp\/v2\/pages"}],"about":[{"href":"https:\/\/www.fbg.ub.edu\/es\/wp-json\/wp\/v2\/types\/page"}],"author":[{"embeddable":true,"href":"https:\/\/www.fbg.ub.edu\/es\/wp-json\/wp\/v2\/users\/2"}],"replies":[{"embeddable":true,"href":"https:\/\/www.fbg.ub.edu\/es\/wp-json\/wp\/v2\/comments?post=9687"}],"version-history":[{"count":2,"href":"https:\/\/www.fbg.ub.edu\/es\/wp-json\/wp\/v2\/pages\/9687\/revisions"}],"predecessor-version":[{"id":9696,"href":"https:\/\/www.fbg.ub.edu\/es\/wp-json\/wp\/v2\/pages\/9687\/revisions\/9696"}],"up":[{"embeddable":true,"href":"https:\/\/www.fbg.ub.edu\/es\/wp-json\/wp\/v2\/pages\/1469"}],"wp:featuredmedia":[{"embeddable":true,"href":"https:\/\/www.fbg.ub.edu\/es\/wp-json\/wp\/v2\/media\/9699"}],"wp:attachment":[{"href":"https:\/\/www.fbg.ub.edu\/es\/wp-json\/wp\/v2\/media?parent=9687"}],"curies":[{"name":"wp","href":"https:\/\/api.w.org\/{rel}","templated":true}]}}