{"id":9479,"date":"2020-02-04T14:51:54","date_gmt":"2020-02-04T12:51:54","guid":{"rendered":"http:\/\/161.116.26.48\/newletterform\/"},"modified":"2020-02-06T14:52:14","modified_gmt":"2020-02-06T12:52:14","slug":"newletterform","status":"publish","type":"page","link":"https:\/\/www.fbg.ub.edu\/es\/newletterform\/","title":{"rendered":"NewLetterForm"},"content":{"rendered":"<div class=\"wpb-content-wrapper\"><p>[vc_row][vc_column][vc_column_text]<strong>Suscr\u00edbete a la newsletter y recibe noticias, oportunidades de financiaci\u00f3n y tecnolog\u00edas de la UB, y mucho m\u00e1s.<\/strong><\/p>\n<script>(function() {\n\twindow.mc4wp = window.mc4wp || {\n\t\tlisteners: [],\n\t\tforms: {\n\t\t\ton: function(evt, cb) {\n\t\t\t\twindow.mc4wp.listeners.push(\n\t\t\t\t\t{\n\t\t\t\t\t\tevent   : evt,\n\t\t\t\t\t\tcallback: cb\n\t\t\t\t\t}\n\t\t\t\t);\n\t\t\t}\n\t\t}\n\t}\n})();\n<\/script><!-- Mailchimp for WordPress v4.12.3 - https:\/\/wordpress.org\/plugins\/mailchimp-for-wp\/ --><form id=\"mc4wp-form-1\" class=\"mc4wp-form mc4wp-form-9483 mc4wp-form-theme mc4wp-form-theme-light mc4wp-ajax\" method=\"post\" data-id=\"9483\" data-name=\"Form Newsletter ES 2\" ><div class=\"mc4wp-form-fields\"><p>\r\n    <label>Nombre<\/label>\r\n    <input type=\"text\" name=\"FNAME\" required>\r\n<\/p>\r\n<p>\r\n    <label>Apellido<\/label>\r\n    <input type=\"text\" name=\"LNAME\" required>\r\n<\/p>\r\n<p>\r\n    <label>Instituci\u00f3n\/Empresa<\/label>\r\n    <input type=\"text\" name=\"MMERGE5\">\r\n<\/p>\r\n<p>\r\n\t<label>Correo electr\u00f3nico: <\/label>\r\n\t<input type=\"email\" name=\"EMAIL\" placeholder=\"Tu correo electr\u00f3nico\" required \/>\r\n<\/p>\r\n<p>\r\n    <label>Confirmo la veracidad de mis datos y autorizo su tratamiento para poder recibir informaci\u00f3n de los actos y actividades que organiza la FBG.<\/label>\r\n    <label>\r\n        <input name=\"MMERGE7\" type=\"radio\" value=\"S\u00ed\" required=\"\"> <span>S\u00ed<\/span>\r\n    <\/label>\r\n<\/p>\r\n<p> \r\n<\/p>\r\n<p>\r\n\t<input type=\"submit\" value=\"Subcribirme\"\/>\r\n<\/p>\r\n\r\n<\/div><label style=\"display: none !important;\">Deja vac\u00edo este campo si eres humano: <input type=\"text\" name=\"_mc4wp_honeypot\" value=\"\" tabindex=\"-1\" autocomplete=\"off\" \/><\/label><input type=\"hidden\" name=\"_mc4wp_timestamp\" value=\"1778218182\" \/><input type=\"hidden\" name=\"_mc4wp_form_id\" value=\"9483\" \/><input type=\"hidden\" name=\"_mc4wp_form_element_id\" value=\"mc4wp-form-1\" \/><div class=\"mc4wp-response\"><\/div><\/form><!-- \/ Mailchimp for WordPress Plugin -->\n<p><strong><a href=\"http:\/\/www.fbg.ub.edu\/es\/aviso-legal\/\">Aviso legal y Pol\u00edtica de privacidad<\/a><\/strong>[\/vc_column_text][\/vc_column][\/vc_row]<\/p>\n<\/div>","protected":false},"excerpt":{"rendered":"<p>[vc_row][vc_column][vc_column_text]Suscr\u00edbete a la newsletter y recibe noticias, oportunidades de financiaci\u00f3n y tecnolog\u00edas de la UB, y mucho m\u00e1s. Aviso legal&#8230;<\/p>\n","protected":false},"author":6,"featured_media":0,"parent":0,"menu_order":0,"comment_status":"closed","ping_status":"closed","template":"","meta":{"_acf_changed":false,"inline_featured_image":false,"_monsterinsights_skip_tracking":false,"_monsterinsights_sitenote_active":false,"_monsterinsights_sitenote_note":"","_monsterinsights_sitenote_category":0,"footnotes":""},"class_list":["post-9479","page","type-page","status-publish","hentry"],"acf":[],"_links":{"self":[{"href":"https:\/\/www.fbg.ub.edu\/es\/wp-json\/wp\/v2\/pages\/9479","targetHints":{"allow":["GET"]}}],"collection":[{"href":"https:\/\/www.fbg.ub.edu\/es\/wp-json\/wp\/v2\/pages"}],"about":[{"href":"https:\/\/www.fbg.ub.edu\/es\/wp-json\/wp\/v2\/types\/page"}],"author":[{"embeddable":true,"href":"https:\/\/www.fbg.ub.edu\/es\/wp-json\/wp\/v2\/users\/6"}],"replies":[{"embeddable":true,"href":"https:\/\/www.fbg.ub.edu\/es\/wp-json\/wp\/v2\/comments?post=9479"}],"version-history":[{"count":5,"href":"https:\/\/www.fbg.ub.edu\/es\/wp-json\/wp\/v2\/pages\/9479\/revisions"}],"predecessor-version":[{"id":9492,"href":"https:\/\/www.fbg.ub.edu\/es\/wp-json\/wp\/v2\/pages\/9479\/revisions\/9492"}],"wp:attachment":[{"href":"https:\/\/www.fbg.ub.edu\/es\/wp-json\/wp\/v2\/media?parent=9479"}],"curies":[{"name":"wp","href":"https:\/\/api.w.org\/{rel}","templated":true}]}}