{"id":9047,"date":"2019-11-07T13:43:50","date_gmt":"2019-11-07T11:43:50","guid":{"rendered":"http:\/\/161.116.26.48\/investigadores\/grupos-investigacion-ub\/sedimentary-geology-research-group\/"},"modified":"2019-11-07T14:12:17","modified_gmt":"2019-11-07T12:12:17","slug":"sedimentary-geology-research-group","status":"publish","type":"page","link":"https:\/\/www.fbg.ub.edu\/es\/investigadores\/grupos-investigacion-ub\/sedimentary-geology-research-group\/","title":{"rendered":"Sedimentary Geology Research Group"},"content":{"rendered":"<p>The Sedimentary Geology Research Group (Consolidated Group by the Generalitat de Catalunya) aims to reconstruct the spatial and temporal evolution of sedimentary basins, integrating studies on sedimentary evolution, sedimentary processes, diagenesis, petrology, petrophysics, paleobiology and biostratigraphy. In addition to fundamental research, the results by this group have applications for the hydrocarbon and mining industries, as well as for other fields like civil engineering, water resources, geothermal energy and paleoclimate research.<\/p>\n<h3>WHAT WE DO<\/h3>\n<h3>Services<\/h3>\n<p><strong>CONSULTANCY SERVICES &amp; ANALYTICAL FACILITIES:<\/strong><\/p>\n<ul>\n<li>Petrological, petrophysical, geochemical and sedimentological studies of carbonate, clastic and evaporite rocks, hydrocarbon and geothermal reservoirs, and ornamental and building rocks.<\/li>\n<li>Characterization of complex reservoirs and geological modelling.<\/li>\n<li>Aqueous and petroleum fluid inclusion microthermometry and cathodoluminiscence.<\/li>\n<li>Biostratigraphic attribution of marine and non-marine Mesozoic and Cenozoic rocks, based on benthic foraminifera and charophytes.<\/li>\n<\/ul>\n<p><strong>FIELD SEMINARS:<\/strong><\/p>\n<ul>\n<li>Fractured carbonate reservoir analogues. Normal faulting and their related deformation and diagenetic processes: karstification, dolomitization and brecciation. Leaders: V. Baqu\u00e9s &amp; A. Trav\u00e9.<\/li>\n<li>The Aptian carbonate platforms of the Maestrat Basin: sequence stratigraphy, geometries, architecture, facies heterogeneities and relative sea-level drops. Leaders: T. Bover-Arnal &amp; R. Salas.<\/li>\n<li>Tertiary-Mesozoic unconformity, paleokarst and fluid circulation in the Pened\u00e8s basin. Leaders: V. Baqu\u00e9s &amp; A. Trav\u00e9.<\/li>\n<li>Paleobotany of the Carboniferous-Permian, Upper Cretaceous, Paleogene and Neogene of Catalonia. Leader: C. Mart\u00edn-Closas.<\/li>\n<li>Biostratigraphy of Cretaceous and Paleogene charophytes. Leader: C. Mart\u00edn-Closas.<\/li>\n<li>Fault-controlled dolostones of the Maestrat Basin: depositional, diagenetic and structural controls on replacement processes. Leaders: J.D. Mart\u00edn-Mart\u00edn &amp; E. Gomez-Rivas.<\/li>\n<\/ul>\n<p><strong>CONTINUING PROFESSIONAL DEVELOPMENT (CPD COURSES)<\/strong><\/p>\n<ul>\n<li>Fractured carbonate reservoir analogues.<\/li>\n<li>Architecture, facies distributions, sequence stratigraphy and sea-level fluctuations in Mesozoic carbonate platforms.<\/li>\n<li>Paleokarsts and fluid flow.<\/li>\n<li>Depositional and structural controls on dolomitization.<\/li>\n<\/ul>\n<h3>FOR WHOM WE WORK<\/h3>\n<h3>Industrial sectors<\/h3>\n<p>Chemistry, Energy and Resources<\/p>\n<h3>Clients<\/h3>\n<ul>\n<li>REPSOL<\/li>\n<li>CEPSA<\/li>\n<li>EXXONMOBIL GLOBAL SERVICES COMPANY<\/li>\n<li>NORTH OIL COMPANY (NOC)<\/li>\n<li>Comisi\u00f3n Minera Boliviana (COMIBOL)<\/li>\n<li>Direcci\u00f3 General d&#8217;Energia, Mines i Seguretat Industrial (Generalitat de Catalunya)<\/li>\n<li>Institut Cartogr\u00e0fic i Geol\u00f2gic de Catalunya<\/li>\n<\/ul>\n<h3>RESEARCH<\/h3>\n<h3>Research lines<\/h3>\n<ul>\n<li>Evolution of sedimentary basins<\/li>\n<li>Sedimentary models<\/li>\n<li>Petrology of carbonates, clastics &amp; evaporites<\/li>\n<li>Continental and marine paleontology<\/li>\n<li>Geofluids and petrophysics<\/li>\n<\/ul>\n<h3>Research projects<\/h3>\n<ul>\n<li>Study of the petrophysical properties of Empord\u00e0 carbonate formations for the evaluation of their geothermal energy potential. P.<strong>\u00a0<\/strong>I. Enrique G\u00f3mez Rivas &amp; Anna Trav\u00e9. 2019.<\/li>\n<li>Observation and size determination of aqueous fluid inclusions in cutting samples from hydrocarbon wells. P.I. Telm Bover-Arnal &amp; Juan Diego Mart\u00edn-Mart\u00edn. 2019.<\/li>\n<li>Research on the potential of cuttings to determine salinity by means of aqueous fluid inclusion microthermometry. P.<strong>\u00a0<\/strong>I. Telm Bover-Arnal &amp; Juan Diego Mart\u00edn-Mart\u00edn. 2019.<\/li>\n<li>Unravelling fluid flow during the evolution of inverted basins and orogenic belts: application to CO<sub>2<\/sub> P.I. Anna Trav\u00e9 &amp; Juan Diego Mart\u00edn-Mart\u00edn. 2018-2021.<\/li>\n<li>Evaporitic restriction in the Internal Betic Basins and its relation with the Messinian Salinity Crisis.<strong>\u00a0<\/strong>P.<strong>\u00a0<\/strong>I. Llu\u00eds Gibert. 2017-2019.<\/li>\n<li>The role of insularity and later paleogeographic isolation of Iberia in important biotic crises of the Cretaceous-Paleogene. Biostratigraphic and paleonvironmental applications. P.I. Carles Mart\u00edn-Closas. 2016-2018.<\/li>\n<li>Understanding the interplay between dynamic fluid flow and structural diagenesis during the evolution of fold and thrust belts, using the Southern Pyrenees as a natural laboratory<strong>. <\/strong>P<strong>\u00a0<\/strong>I. Enrique Gomez-Rivas. 2018-2019.<\/li>\n<li>Synthesis and Comparison of Phanerozoic Carbonate Depositional Systems and Impact of Diagenesis on Reservoir Preservation\/Improvement. P. I. Irene Cantarero &amp; Telm Bover-Arnal. 2016-2018.<\/li>\n<li>GEOSEDIM GRC &#8211; Grup de Recerca Consolidat Geologia Sediment\u00e0ria. P. I. Anna Trav\u00e9. 2017-2020.<\/li>\n<\/ul>\n<p><strong>\u00a0<\/strong><\/p>\n","protected":false},"excerpt":{"rendered":"<p>The Sedimentary Geology Research Group (Consolidated Group by the Generalitat de Catalunya) aims to reconstruct the spatial and temporal evolution&#8230;<\/p>\n","protected":false},"author":2,"featured_media":9043,"parent":1469,"menu_order":0,"comment_status":"closed","ping_status":"closed","template":"page-grupsrecerca.php","meta":{"_acf_changed":false,"inline_featured_image":false,"_monsterinsights_skip_tracking":false,"_monsterinsights_sitenote_active":false,"_monsterinsights_sitenote_note":"","_monsterinsights_sitenote_category":0,"footnotes":""},"class_list":["post-9047","page","type-page","status-publish","has-post-thumbnail","hentry"],"acf":[],"_links":{"self":[{"href":"https:\/\/www.fbg.ub.edu\/es\/wp-json\/wp\/v2\/pages\/9047","targetHints":{"allow":["GET"]}}],"collection":[{"href":"https:\/\/www.fbg.ub.edu\/es\/wp-json\/wp\/v2\/pages"}],"about":[{"href":"https:\/\/www.fbg.ub.edu\/es\/wp-json\/wp\/v2\/types\/page"}],"author":[{"embeddable":true,"href":"https:\/\/www.fbg.ub.edu\/es\/wp-json\/wp\/v2\/users\/2"}],"replies":[{"embeddable":true,"href":"https:\/\/www.fbg.ub.edu\/es\/wp-json\/wp\/v2\/comments?post=9047"}],"version-history":[{"count":1,"href":"https:\/\/www.fbg.ub.edu\/es\/wp-json\/wp\/v2\/pages\/9047\/revisions"}],"predecessor-version":[{"id":9051,"href":"https:\/\/www.fbg.ub.edu\/es\/wp-json\/wp\/v2\/pages\/9047\/revisions\/9051"}],"up":[{"embeddable":true,"href":"https:\/\/www.fbg.ub.edu\/es\/wp-json\/wp\/v2\/pages\/1469"}],"wp:featuredmedia":[{"embeddable":true,"href":"https:\/\/www.fbg.ub.edu\/es\/wp-json\/wp\/v2\/media\/9043"}],"wp:attachment":[{"href":"https:\/\/www.fbg.ub.edu\/es\/wp-json\/wp\/v2\/media?parent=9047"}],"curies":[{"name":"wp","href":"https:\/\/api.w.org\/{rel}","templated":true}]}}