{"id":8657,"date":"2019-08-02T12:17:33","date_gmt":"2019-08-02T10:17:33","guid":{"rendered":"http:\/\/161.116.26.48\/investigadores\/grupos-investigacion-ub\/laboratori-delectroquimica-dels-materials-medi-ambient-lemma\/"},"modified":"2021-07-28T13:37:06","modified_gmt":"2021-07-28T11:37:06","slug":"laboratori-delectroquimica-dels-materials-medi-ambient-lemma","status":"publish","type":"page","link":"https:\/\/www.fbg.ub.edu\/es\/investigadores\/grupos-investigacion-ub\/laboratori-delectroquimica-dels-materials-medi-ambient-lemma\/","title":{"rendered":"Laboratori d&#8217;electroqu\u00edmica dels materials i del medi ambient &#8211; LEMMA"},"content":{"rendered":"<p>Des de fa m\u00e9s de 25 anys, el LEMMA es dedica a l\u2019estudi de recerca b\u00e0sica i al desenvolupament de projectes d\u2019R+D+i en diferents camps de l\u2019electroqu\u00edmica articulats dins dels materials i de la seva aplicaci\u00f3 medi ambiental i energ\u00e8tica.<\/p>\n<h3>PER A QUI TREBALLEM<\/h3>\n<h3>Sectors industrials<\/h3>\n<ul>\n<li>Qu\u00edmica energia i recursos<\/li>\n<li>Sistemes industrials<\/li>\n<li>Mobilitat sostenible<\/li>\n<\/ul>\n<h3>Clients<\/h3>\n<ul>\n<li>CETAqua (Grup Suez)<\/li>\n<li>RIMSA<\/li>\n<li>CIDETEQ<\/li>\n<li>MBI &amp; CONSULT&#8217;IN R M\u00c1S D M\u00c1S 5i SL<\/li>\n<\/ul>\n<h3>RECERCA<\/h3>\n<h3>L\u00ednies de recerca<\/h3>\n<p>Les principals l\u00ednies de treball desenvolupades durant aquests darrers anys han estat:<\/p>\n<ul>\n<li>Electros\u00edntesi i electrodegradaci\u00f3 de compostos inorg\u00e0nics i org\u00e0nics.<\/li>\n<li>An\u00e0lisi electroqu\u00edmica de dissolucions aquoses, hidro-org\u00e0niques i org\u00e0niques.<\/li>\n<li>Electrodeposici\u00f3 i electrorecuperaci\u00f3 de metalls.<\/li>\n<li>Valoritzaci\u00f3 de residus en el context de l\u2019economia verda i circular.<\/li>\n<li>Estudi de la corrosi\u00f3 met\u00e0l.lica.<\/li>\n<li>S\u00edntesi i caracteritzaci\u00f3 d\u00b4electropol\u00edmers conductors.<\/li>\n<li>Tractament electroqu\u00edmic d\u00b4aig\u00fces reciclables, industrials i residuals.<\/li>\n<li>Piles de gas, piles de combustible i piles de semicombustible.<\/li>\n<\/ul>\n<p>El LEMMA tamb\u00e9 duu a terme serveis, projectes i assessorament per a centres tecnol\u00f2gics i empreses per a una innovaci\u00f3 continuada dins del camp de l\u2019electroqu\u00edmica.<\/p>\n<h3>RESULTATS<\/h3>\n<h3>Publicacions rellevants<\/h3>\n<p>Oriol, R., Brillas, E., Cabot, P.L., Cortina, J.L., Sir\u00e9s, I., <strong>Paired electrochemical removal of nitrate and terbuthylazine pesticide from groundwater using mesh electrodes.<\/strong> Electrochimica Acta 383 (2021) 138354.<\/p>\n<p>Daniel, G., Zhang, Y., Lanzalaco, S., Brombin, F., Kosmala, T., Granozzi, G., Wang, A., Brillas, E., Sir\u00e9s, I., Durante, C., <strong>Chitosan-derived nitrogen-doped carbon electrocatalyst for a sustainable upgrade of oxygen reduction to hydrogen peroxide in UV-assisted electro-Fenton water treatment<\/strong>. ACS Sustainable Chemistry and Engineering 8 (2020) 14425-14440.<\/p>\n<p>Garcia-Cardona, J., Sir\u00e9s, I., Alcaide, F., Brillas, E., Centellas, F., Cabot, P.L., <strong>EElectrochemical performance of carbon-supported Pt(Cu) electrocatalysts for low-temperature fuel cells<\/strong>. International Journal of Hydrogen Energy 45 (2020) 20582-20593.<\/p>\n<p>Salmer\u00f3n, I., Plakas, K.V., Sir\u00e9s, I., Oller, I., Maldonado, M.I., Karabelas, A.J., Malato, S., <strong>Optimization of electrocatalytic H<sub>2<\/sub>O<sub>2<\/sub> production at pilot plant scale for solar-assisted water treatment.<\/strong> Applied Catalysis B-Environmental 242 (2019) 327-336.<\/p>\n<p>Flores, N., Brillas, E., Centellas, F., Rodr\u00edguez, R.M., Cabot, P.L., Garrido, J.A., Sir\u00e9s, I., <strong>Treatment of olive oil mill wastewater by single electrocoagulation with different electrodes and sequential electrocoagulation\/electrochemical Fenton-based processes<\/strong>. Journal of Hazardous Materials 347 (2018) 58-66.<\/p>\n<p>Steter, J.R., Brillas, E., Sir\u00e9s, I., <strong>Solar photoelectro-Fenton treatment of a mixture of parabens spiked into secondary treated wastewater effluent at low input current<\/strong>. Applied Catalysis B-Environmental 224 (2018) 410-418.<\/p>\n<p>Brillas, E., Sir\u00e9s, I., Oturan, M.A., <strong>Electro-Fenton process and related electrochemical technologies based on Fenton\u00b4s reaction chemistry.<\/strong> Chemical Reviews 109 (2009) 6570-6631.<\/p>\n<p>Zhou, M., Oturan, M.A., Sir\u00e9s, I., Eds., Book entitled \u2018<strong>Electro-Fenton Process: New Trends and Scale-Up<\/strong>\u2019 (Book Series \u2018The Handbook of Enviromental Chemistry\u2019, Vol. 61), 430 pages, Springer Singapore, 2018. ISBN : 978-981-10-6405-0 (hardcover); 978-981-10-6406-7 (online). Chapters: 15.<\/p>\n","protected":false},"excerpt":{"rendered":"<p>Des de fa m\u00e9s de 25 anys, el LEMMA es dedica a l\u2019estudi de recerca b\u00e0sica i al desenvolupament de&#8230;<\/p>\n","protected":false},"author":2,"featured_media":8653,"parent":1469,"menu_order":0,"comment_status":"closed","ping_status":"closed","template":"page-grupsrecerca.php","meta":{"_acf_changed":false,"inline_featured_image":false,"_monsterinsights_skip_tracking":false,"_monsterinsights_sitenote_active":false,"_monsterinsights_sitenote_note":"","_monsterinsights_sitenote_category":0,"footnotes":""},"class_list":["post-8657","page","type-page","status-publish","has-post-thumbnail","hentry"],"acf":[],"_links":{"self":[{"href":"https:\/\/www.fbg.ub.edu\/es\/wp-json\/wp\/v2\/pages\/8657","targetHints":{"allow":["GET"]}}],"collection":[{"href":"https:\/\/www.fbg.ub.edu\/es\/wp-json\/wp\/v2\/pages"}],"about":[{"href":"https:\/\/www.fbg.ub.edu\/es\/wp-json\/wp\/v2\/types\/page"}],"author":[{"embeddable":true,"href":"https:\/\/www.fbg.ub.edu\/es\/wp-json\/wp\/v2\/users\/2"}],"replies":[{"embeddable":true,"href":"https:\/\/www.fbg.ub.edu\/es\/wp-json\/wp\/v2\/comments?post=8657"}],"version-history":[{"count":1,"href":"https:\/\/www.fbg.ub.edu\/es\/wp-json\/wp\/v2\/pages\/8657\/revisions"}],"predecessor-version":[{"id":12748,"href":"https:\/\/www.fbg.ub.edu\/es\/wp-json\/wp\/v2\/pages\/8657\/revisions\/12748"}],"up":[{"embeddable":true,"href":"https:\/\/www.fbg.ub.edu\/es\/wp-json\/wp\/v2\/pages\/1469"}],"wp:featuredmedia":[{"embeddable":true,"href":"https:\/\/www.fbg.ub.edu\/es\/wp-json\/wp\/v2\/media\/8653"}],"wp:attachment":[{"href":"https:\/\/www.fbg.ub.edu\/es\/wp-json\/wp\/v2\/media?parent=8657"}],"curies":[{"name":"wp","href":"https:\/\/api.w.org\/{rel}","templated":true}]}}