{"id":6702,"date":"2019-01-21T09:09:28","date_gmt":"2019-01-21T08:09:28","guid":{"rendered":"http:\/\/161.116.26.48\/?page_id=6702"},"modified":"2019-01-21T10:29:52","modified_gmt":"2019-01-21T09:29:52","slug":"compliance-ub","status":"publish","type":"page","link":"https:\/\/www.fbg.ub.edu\/es\/investigadores\/grupos-investigacion-ub\/compliance-ub\/","title":{"rendered":"Compliance UB"},"content":{"rendered":"<h3>PRESENTACI\u00d3N<\/h3>\n<p>Las \u00faltimas reformas penales acaecidas en los ordenamientos jur\u00eddicos de muchos pa\u00edses, entre ellos el nuestro, han revolucionado el mundo de la empresa, introduciendo desde el 2010 la <b>responsabilidad penal <\/b>de sus personas jur\u00eddicas.<\/p>\n<p>La mayor\u00eda de ordenamientos jur\u00eddicos que prev\u00e9n la responsabilidad penal de las personas jur\u00eddicas establecen tambi\u00e9n una <b>limitaci\u00f3n <\/b><b>de la responsabilidad penal <\/b>si se realiza un plan de prevenci\u00f3n efectiva contra los delitos que se pueden cometer en su actividad habitual. Esta exenci\u00f3n de responsabilidad s\u00f3lo se aplica si la compa\u00f1\u00eda cumple adecuadamente con un \u00abprograma eficiente\u00bb de prevenci\u00f3n o cumplimiento, lo que conlleva una reducci\u00f3n significativa del riesgo de cometer delitos, un programa de <b>Compliance<\/b>.<\/p>\n<h3>QU\u00c9 HACEMOS<\/h3>\n<h4>Servicios<\/h4>\n<p>Compliance UB ofrece a toda organizaci\u00f3n sujeta a responsabilidad penal una serie de prestaciones destinadas a la identificaci\u00f3n y gesti\u00f3n de los riesgos inherentes a su actividad, as\u00ed como el dise\u00f1o y gobierno de protocolos y canales de flujo de informaci\u00f3n para la prevenci\u00f3n de delitos en el \u00e1mbito de la organizaci\u00f3n.<\/p>\n<p>Las \u00e1reas de actuaci\u00f3n de Compliance UB son:<\/p>\n<ul>\n<li>An\u00e1lisis y reconocimiento de los principales riesgos penales inherentes a la organizaci\u00f3n.<\/li>\n<li>Establecimiento de un modelo de organizaci\u00f3n y gesti\u00f3n adecuado.<\/li>\n<li>Dise\u00f1o de protocolos y de controles de prevenci\u00f3n de delitos.<\/li>\n<li>Dise\u00f1o de mecanismos de detecci\u00f3n de delitos y flujo de informaci\u00f3n (canal de denuncias e investigaciones internas).<\/li>\n<li>Dise\u00f1o de modelos de reacci\u00f3n y sanci\u00f3n ante delitos cometidos en el seno de la organizaci\u00f3n.<\/li>\n<li>Asunci\u00f3n de los compromisos de colaboraci\u00f3n judicial y reparaci\u00f3n del da\u00f1o causal para el eventual delito.<\/li>\n<\/ul>\n<p>&nbsp;<\/p>\n","protected":false},"excerpt":{"rendered":"<p>PRESENTACI\u00d3N Las \u00faltimas reformas penales acaecidas en los ordenamientos jur\u00eddicos de muchos pa\u00edses, entre ellos el nuestro, han revolucionado el&#8230;<\/p>\n","protected":false},"author":2,"featured_media":6705,"parent":1469,"menu_order":0,"comment_status":"closed","ping_status":"closed","template":"page-grupsrecerca.php","meta":{"_acf_changed":false,"inline_featured_image":false,"_monsterinsights_skip_tracking":false,"_monsterinsights_sitenote_active":false,"_monsterinsights_sitenote_note":"","_monsterinsights_sitenote_category":0,"footnotes":""},"class_list":["post-6702","page","type-page","status-publish","has-post-thumbnail","hentry"],"acf":[],"_links":{"self":[{"href":"https:\/\/www.fbg.ub.edu\/es\/wp-json\/wp\/v2\/pages\/6702","targetHints":{"allow":["GET"]}}],"collection":[{"href":"https:\/\/www.fbg.ub.edu\/es\/wp-json\/wp\/v2\/pages"}],"about":[{"href":"https:\/\/www.fbg.ub.edu\/es\/wp-json\/wp\/v2\/types\/page"}],"author":[{"embeddable":true,"href":"https:\/\/www.fbg.ub.edu\/es\/wp-json\/wp\/v2\/users\/2"}],"replies":[{"embeddable":true,"href":"https:\/\/www.fbg.ub.edu\/es\/wp-json\/wp\/v2\/comments?post=6702"}],"version-history":[{"count":6,"href":"https:\/\/www.fbg.ub.edu\/es\/wp-json\/wp\/v2\/pages\/6702\/revisions"}],"predecessor-version":[{"id":6717,"href":"https:\/\/www.fbg.ub.edu\/es\/wp-json\/wp\/v2\/pages\/6702\/revisions\/6717"}],"up":[{"embeddable":true,"href":"https:\/\/www.fbg.ub.edu\/es\/wp-json\/wp\/v2\/pages\/1469"}],"wp:featuredmedia":[{"embeddable":true,"href":"https:\/\/www.fbg.ub.edu\/es\/wp-json\/wp\/v2\/media\/6705"}],"wp:attachment":[{"href":"https:\/\/www.fbg.ub.edu\/es\/wp-json\/wp\/v2\/media?parent=6702"}],"curies":[{"name":"wp","href":"https:\/\/api.w.org\/{rel}","templated":true}]}}