{"id":4825,"date":"2018-02-16T11:24:05","date_gmt":"2018-02-16T10:24:05","guid":{"rendered":"http:\/\/161.116.26.48\/?page_id=4825"},"modified":"2018-02-22T10:56:45","modified_gmt":"2018-02-22T09:56:45","slug":"miar-matriu-dinformacio-lanalisi-revistes","status":"publish","type":"page","link":"https:\/\/www.fbg.ub.edu\/es\/que-hacemos\/tecnologias-materiales-y-licencias\/tecnologias-para-licenciar\/miar-matriu-dinformacio-lanalisi-revistes\/","title":{"rendered":"MIAR: Matriu d&#8217;Informaci\u00f3 per a l&#8217;An\u00e0lisi de Revistes"},"content":{"rendered":"<h3><strong>Resum<\/strong><\/h3>\n<p>Investigadors en l&#8217;\u00e0mbit de la documentaci\u00f3 de la Universitat de Barcelona han desenvolupat la base de dades MIAR, la qual reuneix informaci\u00f3 clau per a la identificaci\u00f3 i l&#8217;an\u00e0lisi de revistes. Aquestes revistes s&#8217;agrupen en grans \u00e0rees cient\u00edfiques, subdividides a la vegada en camps acad\u00e8mics m\u00e9s espec\u00edfics. MIAR \u00e9s un instrument de suport per als que han de fer tasques d&#8217;avaluaci\u00f3, ja que els permet disposar de dades sobre la identitat i la difusi\u00f3 de les revistes on es publiquen els treballs objecte d&#8217;avaluaci\u00f3. MIAR crea una matriu de correspond\u00e8ncia entre les revistes, identificades pel seu ISSN, i les bases de dades i repertoris que les indexen o inclouen. A m\u00e9s, MIAR inclou un vincle a les webs dels editors i institucions responsables dels repertoris i fonts, sempre que es disposa del mateix.<\/p>\n<h3><strong>Introducci\u00f3<\/strong><\/h3>\n<p>Els criteris quantitatius per a l&#8217;avaluaci\u00f3 de revistes han estat un tema controvertit tant des del punt de vista dels d\u00e8ficits de cobertura internacional dels \u00edndexs de citacions, com de les especificitats en l&#8217;avaluaci\u00f3 de les humanitats i ci\u00e8ncies socials. A difer\u00e8ncia del que passa en les ci\u00e8ncies experimentals, les cites com a element d&#8217;avaluaci\u00f3 no sempre poden constituir un \u00fanic criteri determinant de qualitat per a l&#8217;avaluaci\u00f3 d&#8217;articles en humanitats i ci\u00e8ncies socials, cal tenir en compte altres criteris com la seva visibilitat en bases de dades.<\/p>\n<h3><strong>Descripci\u00f3<\/strong><\/h3>\n<p>MIAR analitza peri\u00f2dicament la pres\u00e8ncia de l&#8217;ISSN de la revista en els llistats p\u00fablics oferts pels productors de bases de dades. A partir d&#8217;aquestes dades s&#8217;elabora un indicador, l&#8217;ICDS (\u00cdndex Compost de Difusi\u00f3 Secund\u00e0ria). L&#8217;ICDS \u00e9s un indicador que mostra la visibilitat de la revista a diferents bases de dades cient\u00edfiques d&#8217;abast internacional, o, si no en repertoris d&#8217;avaluaci\u00f3 de publicacions peri\u00f2diques. Un ICDS elevat significa que la revista est\u00e0 present en diferents fonts d&#8217;informaci\u00f3 de rellev\u00e0ncia internacional. MIAR indica en el registre de cada revista com s&#8217;ha obtingut el seu ICDS i aix\u00ed mateix detalla en quin grup de bases de dades, o repertoris apareix. MIAR inclou m\u00e9s de 40.000 revistes, per a cadascuna de les quals s&#8217;analitza la seva pres\u00e8ncia en bases de dades i com a resultat s&#8217;obt\u00e9 el seu ICDS.<\/p>\n<h3><strong>Estat actual de Desenvolupament<\/strong><\/h3>\n<p>MIAR est\u00e0 disponible per a ser utilitzada per universitats, centres de recerca, editors i autors com a instrument de suport a l&#8217;avaluaci\u00f3 de les revistes.<\/p>\n","protected":false},"excerpt":{"rendered":"<p>Resum Investigadors en l&#8217;\u00e0mbit de la documentaci\u00f3 de la Universitat de Barcelona han desenvolupat la base de dades MIAR, la&#8230;<\/p>\n","protected":false},"author":7,"featured_media":4953,"parent":1399,"menu_order":0,"comment_status":"closed","ping_status":"closed","template":"page-tecnologies.php","meta":{"_acf_changed":false,"inline_featured_image":false,"_monsterinsights_skip_tracking":false,"_monsterinsights_sitenote_active":false,"_monsterinsights_sitenote_note":"","_monsterinsights_sitenote_category":0,"footnotes":""},"class_list":["post-4825","page","type-page","status-publish","has-post-thumbnail","hentry"],"acf":[],"_links":{"self":[{"href":"https:\/\/www.fbg.ub.edu\/es\/wp-json\/wp\/v2\/pages\/4825","targetHints":{"allow":["GET"]}}],"collection":[{"href":"https:\/\/www.fbg.ub.edu\/es\/wp-json\/wp\/v2\/pages"}],"about":[{"href":"https:\/\/www.fbg.ub.edu\/es\/wp-json\/wp\/v2\/types\/page"}],"author":[{"embeddable":true,"href":"https:\/\/www.fbg.ub.edu\/es\/wp-json\/wp\/v2\/users\/7"}],"replies":[{"embeddable":true,"href":"https:\/\/www.fbg.ub.edu\/es\/wp-json\/wp\/v2\/comments?post=4825"}],"version-history":[{"count":2,"href":"https:\/\/www.fbg.ub.edu\/es\/wp-json\/wp\/v2\/pages\/4825\/revisions"}],"predecessor-version":[{"id":4894,"href":"https:\/\/www.fbg.ub.edu\/es\/wp-json\/wp\/v2\/pages\/4825\/revisions\/4894"}],"up":[{"embeddable":true,"href":"https:\/\/www.fbg.ub.edu\/es\/wp-json\/wp\/v2\/pages\/1399"}],"wp:featuredmedia":[{"embeddable":true,"href":"https:\/\/www.fbg.ub.edu\/es\/wp-json\/wp\/v2\/media\/4953"}],"wp:attachment":[{"href":"https:\/\/www.fbg.ub.edu\/es\/wp-json\/wp\/v2\/media?parent=4825"}],"curies":[{"name":"wp","href":"https:\/\/api.w.org\/{rel}","templated":true}]}}