{"id":4179,"date":"2017-11-28T11:41:00","date_gmt":"2017-11-28T10:41:00","guid":{"rendered":"http:\/\/161.116.26.48\/?page_id=4179"},"modified":"2017-11-28T13:33:39","modified_gmt":"2017-11-28T12:33:39","slug":"4179-2","status":"publish","type":"page","link":"https:\/\/www.fbg.ub.edu\/es\/investigadores\/conocimiento-experto-ub\/4179-2\/","title":{"rendered":"Educaci\u00f3n"},"content":{"rendered":"<h3><strong>EVALUACI\u00d3N Y CONSULTOR\u00cdAS<\/strong><\/h3>\n<ul>\n<li>Evaluaci\u00f3n de contenidos de manuales de aprendizaje.<\/li>\n<li>Asesoramiento y consultor\u00eda en materia de pol\u00edticas educativas.<\/li>\n<li>Elaboraci\u00f3n de manuales docentes de s\u00edntesis.<\/li>\n<li>Evaluaci\u00f3n de procesos de formaci\u00f3n.<\/li>\n<li>Revisi\u00f3n de vocabularios y diccionarios.<\/li>\n<li>Informes de usos ling\u00fc\u00edsticos de distintos colectivos.<\/li>\n<li>Asesoramiento y evaluaci\u00f3n de actividades en museos.<\/li>\n<\/ul>\n<h3><strong>APRENDIZAJE EN TEMAS ESPEC\u00cdFICOS<\/strong><\/h3>\n<ul>\n<li>Formaci\u00f3n en libro antiguo.<\/li>\n<li>Formaci\u00f3n en formatos de documentos digitales accesibles (Word, Write, PDF).<\/li>\n<li>Formaci\u00f3n de gu\u00edas tur\u00edsticos en tem\u00e1ticas y espacios espec\u00edficos. (hist\u00f3ricos, art\u00edsticos, arqueol\u00f3gicos&#8230;).<\/li>\n<li>Formaci\u00f3n en h\u00e1bitos de alimentaci\u00f3n saludable adaptados a distintos colectivos.<\/li>\n<li>Formaci\u00f3n en resoluci\u00f3n de conflictos.<\/li>\n<li>Formaci\u00f3n en problem\u00e1ticas de g\u00e9nero.<\/li>\n<li>Asesoramiento a educadores sobre la programaci\u00f3n y realizaci\u00f3n de actividades y secuencias alrededor de la poes\u00eda.<\/li>\n<li>An\u00e1lisis de las necesidades de los estudiantes discapacitados.<\/li>\n<li>T\u00e9cnicas avanzadas de lectura eficaz<\/li>\n<\/ul>\n<h3><strong>ENTORNOS VIRTUALES DE APRENDIZAJE<\/strong><\/h3>\n<ul>\n<li>Dise\u00f1o de campus virtuales.<\/li>\n<li>Asesoramiento en la elaboraci\u00f3n de dise\u00f1os de formaci\u00f3n a medida, con apoyo tecnol\u00f3gico.<\/li>\n<li>Dise\u00f1o y desarrollo de entornos innovadores de aprendizaje y formaci\u00f3n potenciados con las tecnolog\u00edas.<\/li>\n<li>Evaluaci\u00f3n de calidad de materiales y entornos interactivos orientados al aprendizaje.<\/li>\n<li>Dise\u00f1o de cursos basados en dispositivos m\u00f3viles (<em>mobile learning<\/em>).<\/li>\n<li>Dise\u00f1o de cursos basados en entornos personales de aprendizaje.<\/li>\n<li>Desarrollo de portales de Internet de inter\u00e9s did\u00e1ctico.<\/li>\n<li>Elaboraci\u00f3n de materiales y asesoramiento en materia de innovaci\u00f3n docente.<\/li>\n<li>Recursos tecnol\u00f3gicos para actividades educativas.<\/li>\n<\/ul>\n<h3><strong>RECURSOS DID\u00c1CTICOS<\/strong><\/h3>\n<ul>\n<li>Asesoramiento y evaluaci\u00f3n de actividades did\u00e1cticas en museos.<\/li>\n<li>Dise\u00f1o de juegos did\u00e1cticos.<\/li>\n<li>Recreaci\u00f3n de escenograf\u00edas e iconograf\u00edas hist\u00f3ricas.<\/li>\n<li>Dise\u00f1o de rutas y materiales especializados en modernismo.<\/li>\n<li>Asesoramiento para la dinamizaci\u00f3n de espacios culturales.<\/li>\n<li>Dise\u00f1o de programas did\u00e1cticos de m\u00fasica antigua.<\/li>\n<li>Organizaci\u00f3n y programaci\u00f3n de talleres de poes\u00eda para distintas franjas de edad.<\/li>\n<li>Rutas literarias.<\/li>\n<\/ul>\n<h3><strong>DID\u00c1CTICA LING\u00dc\u00cdSTICA<\/strong><\/h3>\n<ul>\n<li>Elaboraci\u00f3n de material did\u00e1ctico para el aprendizaje de cualquier disciplina.<\/li>\n<li>Dise\u00f1o de herramientas docentes para el aprendizaje de las lenguas cl\u00e1sicas.<\/li>\n<li>Elaboraci\u00f3n de material did\u00e1ctico para el aprendizaje de lenguas modernas.<\/li>\n<li>Asesoramiento sobre adquisici\u00f3n ling\u00fc\u00edstica pluriling\u00fce.<\/li>\n<li>Dise\u00f1o de materiales did\u00e1cticos para la alfabetizaci\u00f3n.<\/li>\n<li>Dise\u00f1o de herramientas de autoaprendizaje ling\u00fc\u00edstico.<\/li>\n<\/ul>\n<p>&nbsp;<\/p>\n","protected":false},"excerpt":{"rendered":"<p>EVALUACI\u00d3N Y CONSULTOR\u00cdAS Evaluaci\u00f3n de contenidos de manuales de aprendizaje. Asesoramiento y consultor\u00eda en materia de pol\u00edticas educativas. Elaboraci\u00f3n de&#8230;<\/p>\n","protected":false},"author":2,"featured_media":4176,"parent":1464,"menu_order":0,"comment_status":"closed","ping_status":"closed","template":"page-expertesa.php","meta":{"_acf_changed":false,"inline_featured_image":false,"_monsterinsights_skip_tracking":false,"_monsterinsights_sitenote_active":false,"_monsterinsights_sitenote_note":"","_monsterinsights_sitenote_category":0,"footnotes":""},"class_list":["post-4179","page","type-page","status-publish","has-post-thumbnail","hentry"],"acf":[],"_links":{"self":[{"href":"https:\/\/www.fbg.ub.edu\/es\/wp-json\/wp\/v2\/pages\/4179","targetHints":{"allow":["GET"]}}],"collection":[{"href":"https:\/\/www.fbg.ub.edu\/es\/wp-json\/wp\/v2\/pages"}],"about":[{"href":"https:\/\/www.fbg.ub.edu\/es\/wp-json\/wp\/v2\/types\/page"}],"author":[{"embeddable":true,"href":"https:\/\/www.fbg.ub.edu\/es\/wp-json\/wp\/v2\/users\/2"}],"replies":[{"embeddable":true,"href":"https:\/\/www.fbg.ub.edu\/es\/wp-json\/wp\/v2\/comments?post=4179"}],"version-history":[{"count":3,"href":"https:\/\/www.fbg.ub.edu\/es\/wp-json\/wp\/v2\/pages\/4179\/revisions"}],"predecessor-version":[{"id":4215,"href":"https:\/\/www.fbg.ub.edu\/es\/wp-json\/wp\/v2\/pages\/4179\/revisions\/4215"}],"up":[{"embeddable":true,"href":"https:\/\/www.fbg.ub.edu\/es\/wp-json\/wp\/v2\/pages\/1464"}],"wp:featuredmedia":[{"embeddable":true,"href":"https:\/\/www.fbg.ub.edu\/es\/wp-json\/wp\/v2\/media\/4176"}],"wp:attachment":[{"href":"https:\/\/www.fbg.ub.edu\/es\/wp-json\/wp\/v2\/media?parent=4179"}],"curies":[{"name":"wp","href":"https:\/\/api.w.org\/{rel}","templated":true}]}}