{"id":3970,"date":"2017-11-24T13:20:12","date_gmt":"2017-11-24T12:20:12","guid":{"rendered":"http:\/\/161.116.26.48\/investigadores\/grupos-investigacion-ub\/grup-barcelona-de\/"},"modified":"2021-10-08T11:37:00","modified_gmt":"2021-10-08T09:37:00","slug":"grup-barcelona-d","status":"publish","type":"page","link":"https:\/\/www.fbg.ub.edu\/es\/investigadores\/grupos-investigacion-ub\/grup-barcelona-d\/","title":{"rendered":"Grup de Recerca D&#8230;"},"content":{"rendered":"<h3>Presentaci\u00f3<\/h3>\n<p>Som un grup d\u2019investigadors, docents, i professionals de prestigi, de la Universitat de Barcelona.<\/p>\n<p>Ens dediquem a la redacci\u00f3 de projectes, la recerca aplicada, la transfer\u00e8ncia tecnol\u00f2gica i la formaci\u00f3 en disseny en diferents \u00e0mbits: gr\u00e0fic, industrial, tipografia,&#8230; Estudiem les necessitats i expectatives del sector acad\u00e8mic, professional i de mercat, amb la finalitat d\u2019aportar coneixement i innovaci\u00f3.<\/p>\n<p>Treballem com a grup aut\u00f2nom, i en col\u00b7laboraci\u00f3 amb altres equips; tamb\u00e9 dirigim i supervisem projectes Universitat\u2013Empresa, amb la participaci\u00f3 d\u2019estudiants.<\/p>\n<h3>QU\u00c8 FEM<\/h3>\n<h4>Serveis<\/h4>\n<p>Es prioritzen tres l\u00ednies d\u2019actuaci\u00f3 en l\u2019\u00e0mbit del disseny:<\/p>\n<ul>\n<li>Conceptualitzaci\u00f3 i desenvolupament de nous productes<\/li>\n<li>Assessories t\u00e8cniques i peritatges<\/li>\n<li>Cursos, seminaris, tallers i pon\u00e8ncies<\/li>\n<\/ul>\n<h3>PER A QUI TREBALLEM<\/h3>\n<p>Treballem per a l\u2019administraci\u00f3 p\u00fablica i per a l\u2019empresa privada, per als sectors industrials i\/o de serveis que tenen el disseny com a factor transversal \u2014ind\u00fastries del moble, la il\u00b7luminaci\u00f3 i els complements, l\u2019edici\u00f3, les arts gr\u00e0fiques i la comunicaci\u00f3\u2014 aix\u00ed com per aquells que comencen a incorporar-lo en l\u2019estrat\u00e8gia empresarial \u2014ind\u00fastries de la salut i el benestar, \u2026\u2014.<\/p>\n<p><strong>Clients<\/strong><\/p>\n<ul>\n<li>Ajuntament de Terrassa<\/li>\n<li>Beauty Cluster Barcelona<\/li>\n<li>Brand Mobiliario, S.L.<\/li>\n<li>Comas &amp; Partners, S.A.<\/li>\n<li>EITHealth (Institut Europeu d\u2019Innovaci\u00f3 i Tecnologia en Salut)<\/li>\n<li>Essity AB (publ)<\/li>\n<li>Estamp \u2013 Juan Jos\u00e9 Verg\u00e9s, S.A.<\/li>\n<li>Gems Barcelona, S.L.<\/li>\n<li>Grupo LineasTC, S.A.U<\/li>\n<li>Lavola \u2013 Anthesis Group<\/li>\n<li>Planning Sisplamo, S.L.<\/li>\n<li>Semillas Fit\u00f3, S.A.<\/li>\n<li>Sener, Ingenier\u00eda y Sistemas, S.A.<\/li>\n<li>UPIC (Uni\u00f3 de Pol\u00edgons Industrials de Catalunya)<\/li>\n<\/ul>\n<h3>RECERCA<\/h3>\n<h4>L\u00ednies de recerca<\/h4>\n<ul>\n<li>Recerca i Innovaci\u00f3 en Disseny Gr\u00e0fic<\/li>\n<li>Recerca i Innovaci\u00f3 en Disseny Industrial<\/li>\n<li>Recerca i Innovaci\u00f3 en Tipografia<\/li>\n<\/ul>\n<h3>RESULTATS<\/h3>\n<h4>Projectes de transfer\u00e8ncia<\/h4>\n<ul>\n<li>2020\u20132021. Packaging Cosm\u00e8tica<em>\u2013<\/em>Sostenibilitat \/ Beauty Cluster Barcelona<\/li>\n<li>2020\u20132021. Treball sobre Disseny de poms i tiradors per a mobles \/ Estamp. Juan Jos\u00e9 Verg\u00e9s, S.A.<\/li>\n<li>2020\u20132021. [600192] ABLE Exoskeleton: Motorized, wearable orthosis that actively helps people get up and walk<br \/>\nAssessorament i disseny de l\u2019exoesquelet hospitalari i de la llar i dels seus accessoris i complements: comandament remot, penjador,&#8230;, i dels elements d\u2019env\u00e0s i embalatge (<em>packaging<\/em>).<\/li>\n<li>2020. CAR3D: COVID Advanced Response using 3D printing tecnologies.<br \/>\nDisseny, desenvolupament i validaci\u00f3 de m\u00e0scares reutilitzables i protectors facials que compleixin les especificacions de la Uni\u00f3 Europea amb la finalitat que estiguin disponibles per ser reprodu\u00efts a tot Europa.<\/li>\n<li>2019\u20132020. [19579] CKDSens: A novel home healthcare platform for chronic kidney disease.<br \/>\nDisseny de la identitat gr\u00e0fica de la marca i dels dispositius cl\u00ednic i de la llar per a l\u2019an\u00e0lisi del potassi.<\/li>\n<\/ul>\n","protected":false},"excerpt":{"rendered":"<p>Presentaci\u00f3 Som un grup d\u2019investigadors, docents, i professionals de prestigi, de la Universitat de Barcelona. Ens dediquem a la redacci\u00f3&#8230;<\/p>\n","protected":false},"author":2,"featured_media":3966,"parent":1469,"menu_order":0,"comment_status":"closed","ping_status":"closed","template":"page-grupsrecerca.php","meta":{"_acf_changed":false,"inline_featured_image":false,"_monsterinsights_skip_tracking":false,"_monsterinsights_sitenote_active":false,"_monsterinsights_sitenote_note":"","_monsterinsights_sitenote_category":0,"footnotes":""},"class_list":["post-3970","page","type-page","status-publish","has-post-thumbnail","hentry"],"acf":[],"_links":{"self":[{"href":"https:\/\/www.fbg.ub.edu\/es\/wp-json\/wp\/v2\/pages\/3970","targetHints":{"allow":["GET"]}}],"collection":[{"href":"https:\/\/www.fbg.ub.edu\/es\/wp-json\/wp\/v2\/pages"}],"about":[{"href":"https:\/\/www.fbg.ub.edu\/es\/wp-json\/wp\/v2\/types\/page"}],"author":[{"embeddable":true,"href":"https:\/\/www.fbg.ub.edu\/es\/wp-json\/wp\/v2\/users\/2"}],"replies":[{"embeddable":true,"href":"https:\/\/www.fbg.ub.edu\/es\/wp-json\/wp\/v2\/comments?post=3970"}],"version-history":[{"count":6,"href":"https:\/\/www.fbg.ub.edu\/es\/wp-json\/wp\/v2\/pages\/3970\/revisions"}],"predecessor-version":[{"id":12981,"href":"https:\/\/www.fbg.ub.edu\/es\/wp-json\/wp\/v2\/pages\/3970\/revisions\/12981"}],"up":[{"embeddable":true,"href":"https:\/\/www.fbg.ub.edu\/es\/wp-json\/wp\/v2\/pages\/1469"}],"wp:featuredmedia":[{"embeddable":true,"href":"https:\/\/www.fbg.ub.edu\/es\/wp-json\/wp\/v2\/media\/3966"}],"wp:attachment":[{"href":"https:\/\/www.fbg.ub.edu\/es\/wp-json\/wp\/v2\/media?parent=3970"}],"curies":[{"name":"wp","href":"https:\/\/api.w.org\/{rel}","templated":true}]}}