{"id":2384,"date":"2017-09-01T12:43:27","date_gmt":"2017-09-01T11:43:27","guid":{"rendered":"http:\/\/161.116.26.48\/documents-corporatius\/"},"modified":"2025-07-23T11:13:36","modified_gmt":"2025-07-23T09:13:36","slug":"documentos-corporativos","status":"publish","type":"page","link":"https:\/\/www.fbg.ub.edu\/es\/documentos-corporativos\/","title":{"rendered":"Documentos corporativos"},"content":{"rendered":"<div class=\"wpb-content-wrapper\"><p>[vc_row][vc_column][vc_column_text css=\u00bb\u00bb]<\/p>\n<h2>\u2014Memorias de la Fundaci\u00f3n Bosch i Gimpera\u2014<\/h2>\n<p><a href=\"http:\/\/www.fbg.ub.edu\/wp-content\/uploads\/2025\/07\/Memoria-de-Actividades-FBG-2024_Cas.pdf\" target=\"_blank\" rel=\"noopener\">Memoria 2024<\/a> <a href=\"http:\/\/www.fbg.ub.edu\/wp-content\/uploads\/2023\/09\/Memoria_FBG22_Esp.pdf\" target=\"_blank\" rel=\"noopener\">|<\/a><a href=\"http:\/\/www.fbg.ub.edu\/wp-content\/uploads\/2024\/07\/Memoria-actividades-FBG23_Cas_compressed.pdf\" target=\"_blank\" rel=\"noopener\">Memoria 2023<\/a> <a href=\"http:\/\/www.fbg.ub.edu\/wp-content\/uploads\/2023\/09\/Memoria_FBG22_Esp.pdf\" target=\"_blank\" rel=\"noopener\">|Memoria 2022<\/a> | <a href=\"http:\/\/www.fbg.ub.edu\/wp-content\/uploads\/2022\/07\/2021_Memoria_FBG_CAS.pdf\" target=\"_blank\" rel=\"noopener\">Memoria 2021 <\/a>|<a href=\"http:\/\/www.fbg.ub.edu\/wp-content\/uploads\/2021\/06\/2020_Memoria_FBG_esp.pdf\" target=\"_blank\" rel=\"noopener\"> Memoria 2020<\/a>\u00a0|<a href=\"http:\/\/www.fbg.ub.edu\/wp-content\/uploads\/2020\/10\/Memoria_activitats_2019_ESP.pdf\" target=\"_blank\" rel=\"noopener\"> Memoria 2019<\/a>\u00a0|\u00a0<a href=\"http:\/\/www.fbg.ub.edu\/wp-content\/uploads\/2019\/07\/MEMORIA-ACTIVITATS-2018-ESP_digital.pdf\" target=\"_blank\" rel=\"noopener\">Memoria 2018<\/a>\u00a0|<a href=\"http:\/\/www.fbg.ub.edu\/wp-content\/uploads\/2018\/10\/FBG_Memoria_Cast_2017.pdf\" target=\"_blank\" rel=\"noopener\"> Memoria 2017<\/a>\u00a0|<a href=\"http:\/\/www.fbg.ub.edu\/wp-content\/uploads\/2017\/10\/FBG_MemoriaCast_.pdf\" target=\"_blank\" rel=\"noopener\">Memoria 2016<\/a>\u00a0|\u00a0<a href=\"http:\/\/www.fbg.ub.edu\/wp-content\/uploads\/2017\/10\/2015-FBG_Memoria_actividades.pdf\" target=\"_blank\" rel=\"noopener\">Memoria 2015<\/a>\u00a0|\u00a0<a href=\"http:\/\/www.fbg.ub.edu\/wp-content\/uploads\/2017\/10\/Memoriaactividades2014_CAST.pdf\" target=\"_blank\" rel=\"noopener\">Memoria 2014<\/a> |<a href=\"http:\/\/www.fbg.ub.edu\/wp-content\/uploads\/2017\/10\/Memoria13Cast.pdf\" target=\"_blank\" rel=\"noopener\">Memoria 2013<\/a>\u00a0|\u00a0<a href=\"http:\/\/www.fbg.ub.edu\/wp-content\/uploads\/2017\/10\/memoriafbg2012cast.pdf\" target=\"_blank\" rel=\"noopener\">Memoria 2012<\/a>\u00a0|\u00a0<a href=\"http:\/\/www.fbg.ub.edu\/wp-content\/uploads\/2017\/10\/11memoriafbgcas.pdf\" target=\"_blank\" rel=\"noopener\">Memoria 2011<\/a>\u00a0|\u00a0<a href=\"http:\/\/www.fbg.ub.edu\/wp-content\/uploads\/2017\/10\/10MemoriaactividadesFBG.pdf\" target=\"_blank\" rel=\"noopener\">Memoria 2010<\/a>\u00a0|\u00a0<a href=\"http:\/\/www.fbg.ub.edu\/wp-content\/uploads\/2017\/10\/09MemoriadeactividadesFBGesp.pdf\" target=\"_blank\" rel=\"noopener\">Memoria 2009<\/a>\u00a0|\u00a0<a href=\"http:\/\/www.fbg.ub.edu\/wp-content\/uploads\/2017\/10\/08MemoriadeactividadesFBG.pdf\" target=\"_blank\" rel=\"noopener\">Memoria 2008<\/a> |\u00a0<a href=\"http:\/\/www.fbg.ub.edu\/wp-content\/uploads\/2017\/10\/07MemoriaCast.pdf\" target=\"_blank\" rel=\"noopener\">Memoria 2007<\/a>\u00a0|\u00a0<a href=\"http:\/\/www.fbg.ub.edu\/wp-content\/uploads\/2017\/10\/06MemoriadeActividadesdelCentrodeInnovaciondelaFBGCast.pdf\" target=\"_blank\" rel=\"noopener\">Memoria 2006<\/a>\u00a0|\u00a0<a href=\"http:\/\/www.fbg.ub.edu\/wp-content\/uploads\/2017\/10\/MemoriaActividadesdelCentrodeInnovaciondelaFBG2005.pdf\" target=\"_blank\" rel=\"noopener\">Memoria 2005<\/a>\u00a0|\u00a0<a href=\"http:\/\/www.fbg.ub.edu\/wp-content\/uploads\/2017\/10\/MemoriaCI04esp.pdf\" target=\"_blank\" rel=\"noopener\">Memoria 2004<\/a><\/p>\n<h2>\u2014Apoyo a los investigadores\u2014<\/h2>\n<p><a href=\"http:\/\/www.fbg.ub.edu\/wp-content\/uploads\/2022\/03\/Carta-de-Serveis_FBG_22.pdf\">Cat\u00e1logo de servicios (en catal\u00e1n)<\/a><br \/>\n<a href=\"http:\/\/www.fbg.ub.edu\/wp-content\/uploads\/2018\/05\/Flyer_Investigadors_ANG.pdf\" target=\"_blank\" rel=\"noopener\">Servicios de la\u00a0FBG para investigadores <\/a>(en ingl\u00e9s)<br \/>\n<a href=\"http:\/\/www.fbg.ub.edu\/wp-content\/uploads\/2021\/10\/Infografia_Spin-off_DEF.pdf\" target=\"_blank\" rel=\"noopener\">Proceso de constituci\u00f3n de una spin-off en la UB<\/a> (en catal\u00e1n)<br \/>\n<a href=\"http:\/\/www.fbg.ub.edu\/wp-content\/uploads\/2025\/02\/Infografia_Incompatibilitats-V.2.pdf\" target=\"_blank\" rel=\"noopener\">Normativa aplicable al PDI UB en relaci\u00f3n a la actividad empresarial<\/a> (en catal\u00e1n)<br \/>\n<a href=\"http:\/\/www.fbg.ub.edu\/wp-content\/uploads\/2023\/09\/Instruccio_PDA_contractes_FBG-signatVr-003.pdf\" target=\"_blank\" rel=\"noopener\">Definici\u00f3 de les activitats de transfer\u00e8ncia a efectes de l\u2019atribuci\u00f3 de puntuaci\u00f3 en l\u2019avaluaci\u00f3 d\u2019INPUTs del PDA de Recerca (en catal\u00e1n)<\/a><\/p>\n<h2>\u2014Apoyo a las empresas\u2014<\/h2>\n<p><a href=\"http:\/\/www.fbg.ub.edu\/wp-content\/uploads\/2019\/10\/Flyer-per-a-empreses-WEB-ENG.pdf\" target=\"_blank\" rel=\"noopener\">Servicios de la FBG para empresas (en ingl\u00e9s)<\/a><br \/>\n<a href=\"https:\/\/www.fbg.ub.edu\/wp-content\/uploads\/2025\/05\/Taula-ajuts-2025-250512.pdf\" target=\"_blank\" rel=\"noopener\">Tabla de herramientas de financiaci\u00f3n para proyectos de I+D+I (en catal\u00e1n)<\/a><\/p>\n<h2>\u2014Igualdad\u2014<\/h2>\n<p><a href=\"http:\/\/www.fbg.ub.edu\/wp-content\/uploads\/2022\/02\/Pla-digualtat-de-genere-FBG.pdf\" target=\"_blank\" rel=\"noopener\">Plan de igualdad de g\u00e9nero (en catal\u00e1n)<\/a><\/p>\n<p><a href=\"http:\/\/www.fbg.ub.edu\/wp-content\/uploads\/2023\/02\/Protocol-Assetjament_CAT.pdf\" target=\"_blank\" rel=\"noopener\">Protocolo de prevenci\u00f3n del acoso (en catal\u00e1n)<\/a><\/p>\n<p><a href=\"http:\/\/www.fbg.ub.edu\/wp-content\/uploads\/2023\/09\/Politica-conciliacio-revisada-2023v2.pdf\" target=\"_blank\" rel=\"noopener\">Pol\u00edtica de conciliaci\u00f3n (en catal\u00e1n)<\/a><\/p>\n<p><a href=\"https:\/\/www.ub.edu\/llibre-estil\/criteri.php?id=2510\" target=\"_blank\" rel=\"noopener\">Lenguaje inclusivo (en catal\u00e1n)<\/a><\/p>\n<h2>Otros documentos corporativos<\/h2>\n<h3><a href=\"https:\/\/www.fbg.ub.edu\/portal-de-transparencia\/bon-govern\/balanc-social-2\/\" target=\"_blank\" rel=\"noopener\">&#8211; Balance Social (en catal\u00e1n) &#8211;<\/a><\/h3>\n<h3><a href=\"https:\/\/www.fbg.ub.edu\/es\/normativas-que-aplica-el-fbg\/\" target=\"_blank\" rel=\"noopener\">&#8211; Normativas &#8211;<\/a><\/h3>\n<h3><\/h3>\n<p>[\/vc_column_text][\/vc_column][\/vc_row]<\/p>\n<\/div>","protected":false},"excerpt":{"rendered":"<p>[vc_row][vc_column][vc_column_text css=\u00bb\u00bb] \u2014Memorias de la Fundaci\u00f3n Bosch i Gimpera\u2014 Memoria 2024 |Memoria 2023 |Memoria 2022 | Memoria 2021 | Memoria&#8230;<\/p>\n","protected":false},"author":1,"featured_media":0,"parent":0,"menu_order":0,"comment_status":"closed","ping_status":"closed","template":"","meta":{"_acf_changed":false,"inline_featured_image":false,"_monsterinsights_skip_tracking":false,"_monsterinsights_sitenote_active":false,"_monsterinsights_sitenote_note":"","_monsterinsights_sitenote_category":0,"footnotes":""},"class_list":["post-2384","page","type-page","status-publish","hentry"],"acf":[],"_links":{"self":[{"href":"https:\/\/www.fbg.ub.edu\/es\/wp-json\/wp\/v2\/pages\/2384","targetHints":{"allow":["GET"]}}],"collection":[{"href":"https:\/\/www.fbg.ub.edu\/es\/wp-json\/wp\/v2\/pages"}],"about":[{"href":"https:\/\/www.fbg.ub.edu\/es\/wp-json\/wp\/v2\/types\/page"}],"author":[{"embeddable":true,"href":"https:\/\/www.fbg.ub.edu\/es\/wp-json\/wp\/v2\/users\/1"}],"replies":[{"embeddable":true,"href":"https:\/\/www.fbg.ub.edu\/es\/wp-json\/wp\/v2\/comments?post=2384"}],"version-history":[{"count":72,"href":"https:\/\/www.fbg.ub.edu\/es\/wp-json\/wp\/v2\/pages\/2384\/revisions"}],"predecessor-version":[{"id":22772,"href":"https:\/\/www.fbg.ub.edu\/es\/wp-json\/wp\/v2\/pages\/2384\/revisions\/22772"}],"wp:attachment":[{"href":"https:\/\/www.fbg.ub.edu\/es\/wp-json\/wp\/v2\/media?parent=2384"}],"curies":[{"name":"wp","href":"https:\/\/api.w.org\/{rel}","templated":true}]}}