{"id":2200,"date":"2017-09-15T20:08:57","date_gmt":"2017-09-15T19:08:57","guid":{"rendered":"http:\/\/161.116.26.48\/investigadores\/grupos-investigacion-ub\/probabilitats-i-estadistica\/"},"modified":"2017-11-23T10:36:24","modified_gmt":"2017-11-23T09:36:24","slug":"probabilitats-i-estadistica","status":"publish","type":"page","link":"https:\/\/www.fbg.ub.edu\/es\/investigadores\/grupos-investigacion-ub\/probabilitats-i-estadistica\/","title":{"rendered":"Probabilitats i estad\u00edstica"},"content":{"rendered":"<h3>Presentaci\u00f3<\/h3>\n<p>El grup de professors de Probabilitats i Estad\u00edstica del Departament de Probabilitat, L\u00f2gica i Estad\u00edstica de la Universitat de Barcelona, imparteixen classes als graus de Matem\u00e0tiques i Enginyeria Inform\u00e0tica, i als M\u00e0sters de Matem\u00e0tica Avan\u00e7ada, i Estad\u00edstica i Investigaci\u00f3 Operativa (MESIO).<\/p>\n<p>El grup dedica la seva recerca a l\u2019an\u00e0lisi de dades i introducci\u00f3 a la probabilitat, c\u00e0lcul de probabilitats, estad\u00edstica, modelitzaci\u00f3 estoc\u00e0stica, processos estoc\u00e0stics, c\u00e0lcul estoc\u00e0stic, finances quantitatives, aprenentatge autom\u00e0tic, mineria de dades, an\u00e0lisi dels temps de vida, etc.<\/p>\n<h3>QU\u00c8 FEM<\/h3>\n<h4>Serveis<\/h4>\n<ul>\n<li>Assessoria a empreses relacionades amb els jocs d\u2019atzar.<\/li>\n<li>Assessoria estad\u00edstica en recerca biom\u00e8dica tant en institucions p\u00fabliques com empreses privades.<\/li>\n<li>Assessoria a empreses d\u2019assegurances i a serveis actuarials d\u2019organismes oficials, establiment de les tarifes d\u2019assegurances de vida i no vida, estudis de depend\u00e8ncia.<\/li>\n<li>Assessoria a bancs en temes de gesti\u00f3 de carteres, gesti\u00f3 de derivats financers, control de riscos, estudis de risc de cr\u00e8dit, etc.<\/li>\n<\/ul>\n<p>El grup est\u00e0 obert a la col\u00b7laboraci\u00f3 amb empreses oferint tasques d\u2019assessoria en temes relacionats amb el c\u00e0lcul de probabilitats, l\u2019an\u00e0lisi de dades en qualsevol \u00e0mbit, l\u2019estad\u00edstica i les finances quantitatives.<\/p>\n<h3>PER A QUI TREBALLEM<\/h3>\n<h4>Sectors industrials<\/h4>\n<ul>\n<li>Qualsevol sector cient\u00edfic o empresarial que necessiti an\u00e0lisi de dades.<\/li>\n<li>Qualsevol sector industrial que necessiti modelitzaci\u00f3 probabil\u00edstica.<\/li>\n<li>Finances i assegurances.<\/li>\n<li>Ci\u00e8ncies biom\u00e8diques.<\/li>\n<li>Jocs d\u2019atzar i similars.<\/li>\n<\/ul>\n<h3>RECERCA<\/h3>\n<h4>Projectes de recerca<\/h4>\n<ul>\n<li>Projecte MTM 2012 31192 (2013-2015): \u201c<em>Din\u00e1micas aleatorias<\/em>\u201d, dirigit per la Dra. Marta Sanz-Sol\u00e9.<\/li>\n<li>Projecte MTM2012-38067-C02-01 \u00ab<em>M\u00e9todos avanzados en estudios de seguimiento: dise\u00f1o de ensayos cl\u00ednicos, datos longitudinales y censura en un intervalo<\/em>\u00ab.<\/li>\n<\/ul>\n<h3>RESULTATS<\/h3>\n<h4>Publicacions rellevants<\/h4>\n<ul>\n<li>Besal\u00fa, D. M\u00e1rquez-Carreras and C. Rovira (2013):\u00a0<em><a href=\"http:\/\/www.mat.ub.edu\/~marquez\/arxius\/POTA-D-12-00065%20(1).pdf\">Stochastic delay equations with non-negativity constraints driven by fractional Brownian motion.<\/a>Acceptat a Potential Analysis.<\/em><\/li>\n<li>Jafari and J. Vives (2013): <em>A Hull and White formula for a stochastic volatility L\u00e9vy model with infinite activity. Communications on Stochastic Analysis<\/em> 7 (2): 321-336.<\/li>\n<li>M\u00e1rquez-Carreras (2009):\u00a0<em><a href=\"http:\/\/www.mat.ub.edu\/~marquez\/arxius\/20-adv-app-prob.pdf\">Generalized fractional kinetic equations: another point of view<\/a>. Advances in Applied Probability <\/em>41 (3): 893-910.<\/li>\n<li>Juli\u00e0 and G. G\u00f3mez (2011): <em>Simultaneous marginal survival estimators when doubly-censored data is present\u201d LIDA (Lifetime Data Analysis)<\/em> Volum 17 (3) 347-372<\/li>\n<li>Villegas, O. Juli\u00e0 and J. Oca\u00f1a (2013): <em>Empirical study of correlated survival times for recurrent events with proportional hazards margins and the effect of correlation and censoring \u201cBMC Medical Research Methodology \u00ab<\/em> 13:95<\/li>\n<\/ul>\n","protected":false},"excerpt":{"rendered":"<p>Presentaci\u00f3 El grup de professors de Probabilitats i Estad\u00edstica del Departament de Probabilitat, L\u00f2gica i Estad\u00edstica de la Universitat de&#8230;<\/p>\n","protected":false},"author":1,"featured_media":3816,"parent":1469,"menu_order":0,"comment_status":"closed","ping_status":"closed","template":"page-grupsrecerca.php","meta":{"_acf_changed":false,"inline_featured_image":false,"_monsterinsights_skip_tracking":false,"_monsterinsights_sitenote_active":false,"_monsterinsights_sitenote_note":"","_monsterinsights_sitenote_category":0,"footnotes":""},"class_list":["post-2200","page","type-page","status-publish","has-post-thumbnail","hentry"],"acf":[],"_links":{"self":[{"href":"https:\/\/www.fbg.ub.edu\/es\/wp-json\/wp\/v2\/pages\/2200","targetHints":{"allow":["GET"]}}],"collection":[{"href":"https:\/\/www.fbg.ub.edu\/es\/wp-json\/wp\/v2\/pages"}],"about":[{"href":"https:\/\/www.fbg.ub.edu\/es\/wp-json\/wp\/v2\/types\/page"}],"author":[{"embeddable":true,"href":"https:\/\/www.fbg.ub.edu\/es\/wp-json\/wp\/v2\/users\/1"}],"replies":[{"embeddable":true,"href":"https:\/\/www.fbg.ub.edu\/es\/wp-json\/wp\/v2\/comments?post=2200"}],"version-history":[{"count":1,"href":"https:\/\/www.fbg.ub.edu\/es\/wp-json\/wp\/v2\/pages\/2200\/revisions"}],"predecessor-version":[{"id":3819,"href":"https:\/\/www.fbg.ub.edu\/es\/wp-json\/wp\/v2\/pages\/2200\/revisions\/3819"}],"up":[{"embeddable":true,"href":"https:\/\/www.fbg.ub.edu\/es\/wp-json\/wp\/v2\/pages\/1469"}],"wp:featuredmedia":[{"embeddable":true,"href":"https:\/\/www.fbg.ub.edu\/es\/wp-json\/wp\/v2\/media\/3816"}],"wp:attachment":[{"href":"https:\/\/www.fbg.ub.edu\/es\/wp-json\/wp\/v2\/media?parent=2200"}],"curies":[{"name":"wp","href":"https:\/\/api.w.org\/{rel}","templated":true}]}}