{"id":2196,"date":"2017-09-15T19:02:46","date_gmt":"2017-09-15T18:02:46","guid":{"rendered":"http:\/\/161.116.26.48\/investigadores\/grupos-investigacion-ub\/minerologia-aplicada-medi-ambient\/"},"modified":"2018-01-08T09:34:50","modified_gmt":"2018-01-08T08:34:50","slug":"minerologia-aplicada-medi-ambient","status":"publish","type":"page","link":"https:\/\/www.fbg.ub.edu\/es\/investigadores\/grupos-investigacion-ub\/minerologia-aplicada-medi-ambient\/","title":{"rendered":"Mineralogia aplicada i medi ambient"},"content":{"rendered":"<h3>Presentaci\u00f3<\/h3>\n<p>El\u00a0 \u00a0grup\u00a0 \u00a0de\u00a0 \u00a0Mineralogia\u00a0\u00a0 Aplicada\u00a0 \u00a0i\u00a0 \u00a0Medi\u00a0 \u00a0Ambient (MAiMA) \u00a0\u00e9s \u00a0un \u00a0grup \u00a0multidisciplinar \u00a0liderat \u00a0pel \u00a0Dr. Albert Soler de la Facultat de Geologia de la Universitat de \u00a0Barcelona\u00a0 que \u00a0treballa\u00a0 en la\u00a0 descontaminaci\u00f3 d\u2019aig\u00fces, geoqu\u00edmica isot\u00f2pica, recursos minerals, durabilitat\u00a0 \u00a0mineral\u00a0 \u00a0en\u00a0 \u00a0obra\u00a0 \u00a0p\u00fablica\u00a0 \u00a0i\u00a0 \u00a0autentificaci\u00f3 d\u2019aliments d\u2019alt valor.<\/p>\n<h3>QU\u00c8 FEM<\/h3>\n<h4>Serveis<\/h4>\n<ul>\n<li>Autentificaci\u00f3 d\u2019aliments ecol\u00f2gics i d\u2019alt valor afegit<\/li>\n<li>Determinaci\u00f3 de reaccions qu\u00edmiques en processos industrials de <em>caixa negra<\/em><\/li>\n<li>Descontaminaci\u00f3 de s\u00f2ls mitjan\u00e7ant l\u2019optimitzaci\u00f3 de les estrat\u00e8gies de bioestimulaci\u00f3.<\/li>\n<\/ul>\n<h3>PER A QUI TREBALLEM<\/h3>\n<h4>Sectors industrials<\/h4>\n<p>La versatilitat i precisi\u00f3 de les t\u00e8cniques d\u2019is\u00f2tops estables fan que MAiMA treballi molt estretament per a la ind\u00fastria minera, explotacions agr\u00e0ries, administracions p\u00fabliques i empreses agroaliment\u00e0ries.<\/p>\n<p><strong>Clients<\/strong><\/p>\n<p>Sumirco; \u00a0Salgot; Repsol; \u00a0Tubkal; Diputaci\u00f3n de Gip\u00fazkoa; \u00a0Tragsatec;\u00a0\u00a0\u00a0 Cedinsa; Agbar; ARC; DARP.<\/p>\n<h3>RECERCA<\/h3>\n<h4>Projectes de recerca<\/h4>\n<ul>\n<li>(2015-2019) <em>de-Fluoridation technolo-gies for improving quality of Water and Agro-Animal products along East African Rift Valley in the context of adaptation to climate change. <\/em>(Ref. 690378). I.P. Albert Soler Gil. Horizon 2020, European Comission.<\/li>\n<li>(2015-2017)\u00a0 \u00a0<em>Estrategias\u00a0 \u00a0de\u00a0 \u00a0descontaminaci\u00f3n\u00a0 \u00a0de\u00a0 \u00a0recursos\u00a0 \u00a0h\u00eddricos\u00a0 \u00a0basados\u00a0 \u00a0en\u00a0 \u00a0la optimizaci\u00f3n de procesos de atenuaci\u00f3n natural <\/em>(Ref. CGL2014-57215-C4-1-R) I.P. Albert Soler Gil. Ministerio de Econom\u00eda y Competitividad<\/li>\n<li>(2015-2017) <em>Caract\u00e9risation min\u00e9ralogie\/chimie\/isotopes de la pollution en soufre dans les a\u00e9rosols urbains \u00e0 Montr\u00e9al et Barcelone. <\/em>(Ref. RUI2015A). I.P. Albert Soler Gil. Appel \u00e0 projets de coop\u00e9ration Qu\u00e9bec-Catalogne, Govern de Qu\u00e9bec.<\/li>\n<li>(2012-2014) <em>Atenuaci\u00f3n natural e inducida de la contaminaci\u00f3n por fuentes agr\u00edcolas e industriales de aguas subterr\u00e1neas <\/em>(Ref. CGL2011-29975-C04-01) I.P. Albert Soler Gil. Ministerio de Ciencia e Innovaci\u00f3n.<\/li>\n<\/ul>\n<h3>RESULTATS<\/h3>\n<p><strong>A<\/strong><strong>c<\/strong><strong>t<\/strong><strong>i<\/strong><strong>vitats de transfer\u00e8ncia<\/strong><\/p>\n<ul>\n<li>Estudi de les reaccions produ\u00efdes en sediments i columna d\u2019aigua per desc\u00e0rregues mineres que afectin als recursos hidrobiol\u00f2gics marins.<\/li>\n<li>Avaluaci\u00f3 de marcadors per discriminar la carn de porcs criats en un sistema de producci\u00f3 ecol\u00f2gica respecte d\u2019un sistema convencional.<\/li>\n<li>Assajos per determinar el grau d\u2019alteraci\u00f3 dels \u00e0rids a emprar en les capes de rodadura de barreges bituminoses.<\/li>\n<li>Recerca de l\u2019origen i evoluci\u00f3 de la contaminaci\u00f3 per nitrats en aig\u00fces subterr\u00e0nies.<\/li>\n<li>Estudi de la proced\u00e8ncia de l\u2019aigua present en tancs de gasoil.<\/li>\n<\/ul>\n<h4>Publicacions rellevants<\/h4>\n<ul>\n<li>Corominas J., Mart\u00ednez-Bofill J. and Soler A. 2015. <em>A textural classification of argillaceous rock and their durability. <\/em>Landslides, Vol.12.<\/li>\n<li>Merch\u00e1n D., Otero N., Soler A. and Causap\u00e9 J. 2014. <em>Main sources and processes affecting disolved sulphates and nitrates in a small irrigated basin (Lerma Basin, Zaragoza, Spain): Isotopic characterization. <\/em>Agri Eco and Eviron, Vol.195.<\/li>\n<li>Palau J., Marchesi M., Chambon J.C., Aravena R., Canals \u00c0., Binning P.J., Bjerg P.L., Otero N. and Soler A. 2014. <em>Multi-isotope (carbon and chlorine) analysis for fingerprinting and site characterization at a fractured bedrock aquifer contaminated by chlorinated ethenes. <\/em>Sci. Total Environ, Vol.15<\/li>\n<li>Aud\u00ed-Mir\u00f3 C., Cretnik S.,Torrent\u00f3 C., Rosell M., Shouakar-Stash O., Otero N., Palau J., Elsner M. and Soler A. 2014. <em>C, Cl and H compound-specific isotope analysis to assess natural versus Fe(0) barrier-induced degradation of chlorinated ethenes at a contaminated site. <\/em>J. Hazard. Materials, Vol.299<\/li>\n<\/ul>\n<p>&nbsp;<\/p>\n","protected":false},"excerpt":{"rendered":"<p>Presentaci\u00f3 El\u00a0 \u00a0grup\u00a0 \u00a0de\u00a0 \u00a0Mineralogia\u00a0\u00a0 Aplicada\u00a0 \u00a0i\u00a0 \u00a0Medi\u00a0 \u00a0Ambient (MAiMA) \u00a0\u00e9s \u00a0un \u00a0grup \u00a0multidisciplinar \u00a0liderat \u00a0pel \u00a0Dr. Albert Soler de&#8230;<\/p>\n","protected":false},"author":1,"featured_media":3823,"parent":1469,"menu_order":0,"comment_status":"closed","ping_status":"closed","template":"page-grupsrecerca.php","meta":{"_acf_changed":false,"inline_featured_image":false,"_monsterinsights_skip_tracking":false,"_monsterinsights_sitenote_active":false,"_monsterinsights_sitenote_note":"","_monsterinsights_sitenote_category":0,"footnotes":""},"class_list":["post-2196","page","type-page","status-publish","has-post-thumbnail","hentry"],"acf":[],"_links":{"self":[{"href":"https:\/\/www.fbg.ub.edu\/es\/wp-json\/wp\/v2\/pages\/2196","targetHints":{"allow":["GET"]}}],"collection":[{"href":"https:\/\/www.fbg.ub.edu\/es\/wp-json\/wp\/v2\/pages"}],"about":[{"href":"https:\/\/www.fbg.ub.edu\/es\/wp-json\/wp\/v2\/types\/page"}],"author":[{"embeddable":true,"href":"https:\/\/www.fbg.ub.edu\/es\/wp-json\/wp\/v2\/users\/1"}],"replies":[{"embeddable":true,"href":"https:\/\/www.fbg.ub.edu\/es\/wp-json\/wp\/v2\/comments?post=2196"}],"version-history":[{"count":4,"href":"https:\/\/www.fbg.ub.edu\/es\/wp-json\/wp\/v2\/pages\/2196\/revisions"}],"predecessor-version":[{"id":4508,"href":"https:\/\/www.fbg.ub.edu\/es\/wp-json\/wp\/v2\/pages\/2196\/revisions\/4508"}],"up":[{"embeddable":true,"href":"https:\/\/www.fbg.ub.edu\/es\/wp-json\/wp\/v2\/pages\/1469"}],"wp:featuredmedia":[{"embeddable":true,"href":"https:\/\/www.fbg.ub.edu\/es\/wp-json\/wp\/v2\/media\/3823"}],"wp:attachment":[{"href":"https:\/\/www.fbg.ub.edu\/es\/wp-json\/wp\/v2\/media?parent=2196"}],"curies":[{"name":"wp","href":"https:\/\/api.w.org\/{rel}","templated":true}]}}