{"id":2194,"date":"2017-09-15T19:03:30","date_gmt":"2017-09-15T18:03:30","guid":{"rendered":"http:\/\/161.116.26.48\/investigadores\/grupos-investigacion-ub\/microbiologia-aplicada-alimentacio-veterinaria\/"},"modified":"2017-11-23T15:45:55","modified_gmt":"2017-11-23T14:45:55","slug":"microbiologia-aplicada-alimentacio-veterinaria","status":"publish","type":"page","link":"https:\/\/www.fbg.ub.edu\/es\/investigadores\/grupos-investigacion-ub\/microbiologia-aplicada-alimentacio-veterinaria\/","title":{"rendered":"Microbiologia aplicada a alimentaci\u00f3 i veterin\u00e0ria"},"content":{"rendered":"<h3>Presentaci\u00f3<\/h3>\n<p>El grup de recerca Biologia Molecular Bacteriana de la Universitat de Barcelona liderat pel Dr. Antonio Ju\u00e1rez centra la seva recerca en el control de la virul\u00e8ncia per reguladors globals, plasmidis i prote\u00efnes que faciliten l\u2019intercanvi gen\u00e8tic horitzontal. La seva gran experi\u00e8ncia en microbiologia i prote\u00efnes fa que durant gaireb\u00e9 30 anys hagi col\u00b7laborat amb la ind\u00fastria en el desenvolupament de vacunes, probi\u00f2tics i in\u00f2culs, i la valoritzaci\u00f3 de les fraccions biol\u00f2giques dels subproductes animals.<\/p>\n<h3>QU\u00c8 FEM<\/h3>\n<h4>Serveis<\/h4>\n<ul>\n<li>Noves dianes per a la detecci\u00f3 de pat\u00f2gens en aliments: <em>Salmonella i E. coli.<\/em><\/li>\n<li>Desenvolupament de vacunes inactivades, atenuades i recombinants.<\/li>\n<li>Recuperaci\u00f3 i valoritzaci\u00f3 de residus animals, vegetals o microbians.<\/li>\n<li>Estrat\u00e8gies per a la reducci\u00f3 de <em>Listeria <\/em>i <em>Salmonella <\/em>en granges.<\/li>\n<li>Nova generaci\u00f3 de vacunes mitjan\u00e7ant bact\u00e8ries l\u00e0ctiques.<\/li>\n<\/ul>\n<h3>PER A QUI TREBALLEM<\/h3>\n<h4>Sectors industrials<\/h4>\n<p>La versatilitat dels microorganismes els fan de gran inter\u00e8s per a la ind\u00fastria aliment\u00e0ria, veterin\u00e0ria, farmac\u00e8utica i qu\u00edmica.<\/p>\n<p><strong>Clients<\/strong><\/p>\n<p>APC Europe;\u00a0 Gallina Blanca;\u00a0 Hipra;\u00a0 \u00a0Ahumados Ubago; Mevet;\u00a0 CZ Veterinaria; Friselva<\/p>\n<h3>RECERCA<\/h3>\n<h4>Projectes de recerca<\/h4>\n<ul>\n<li>(2015-2017) <em>Interacciones entre m\u00f3dulos plasm\u00eddicos y cromosomas bacterianos: una visita debida. <\/em>I.P. Antonio Ju\u00e1rez. MINECO.<\/li>\n<li>(2014-2016)\u00a0 \u00a0<em>Regulaci\u00f3n\u00a0 \u00a0de\u00a0 \u00a0la\u00a0 \u00a0virulencia\u00a0 \u00a0bacteriana\u00a0 \u00a0por\u00a0 \u00a0prote\u00ednas\u00a0 \u00a0que\u00a0 \u00a0reconocen conformaciones locales del ADN (IBEC). <\/em>I.P. Antonio Ju\u00e1rez. MINECO.<\/li>\n<li>(2011-2013) \u00a0<em>Prote\u00ednas \u00a0restringidas \u00a0a \u00a0la \u00a0familia \u00a0Enterobacteriaceae: \u00a0implicaci\u00f3n \u00a0en \u00a0la transferencia g\u00e9nica horizontal y virulencia (IBEC). <\/em>I.P. Antonio Ju\u00e1rez. MICINN.<\/li>\n<li>\u00a0(2008-2013) \u00a0<em>Intermods \u00a0\u2013 \u00a0Interconexiones \u00a0de \u00a0m\u00f3dulos \u00a0plasm\u00eddicos \u00a0y \u00a0los \u00a0genomas \u00a0de\u00a0<\/em><em>bac<\/em><em>terias pat\u00f3genas. <\/em>I.P. Antonio Ju\u00e1rez. MINEDU.<\/li>\n<\/ul>\n<h3>RESULTATS<\/h3>\n<p><strong>Activitats de transfer\u00e8ncia<\/strong><\/p>\n<ul>\n<li>Desenvolupament d\u2019una vacuna atenuada de <em>Salmonella <\/em>per al seu \u00fas en ramaderia.<\/li>\n<li>A\u00efllament de bact\u00e8ries l\u00e0ctiques probi\u00f2tiques per al seu \u00fas en granges de bov\u00ed.<\/li>\n<li>Sobreexpresi\u00f3 d\u2019ant\u00edgens vacunals per a l\u2019increment de l\u2019efic\u00e0cia d\u2019una vacuna.<\/li>\n<li>Millora d\u2019un sistema de detecci\u00f3 de pat\u00f2gens en aliments.<\/li>\n<li>Efectivitat de la inhibici\u00f3 de <em>L<\/em><em>isteria <\/em>en salm\u00f3 fumat.<\/li>\n<li>Recuperaci\u00f3 d\u2019immunoglobulines de sang de porc.<\/li>\n<\/ul>\n<h4>Publicacions rellevants<\/h4>\n<ul>\n<li>H\u00fcttener M, Paytubi S and Ju\u00e1rez A. 2015. <em>Success in incorporating horizontally transferred genes: the H-NS protein<\/em>. Trends Microbiol, 23(2).<\/li>\n<li>Sol\u00f3rzano C, Srikumar S, Canals R, Ju\u00e1rez A, Paytubi S and Madrid C. 2015. <em>Hha has a defined regulatory role that is not dependent upon H-NS or StpA. <\/em>6). Front Microbiol 30(6).<\/li>\n<li>Paytubi S, Aznar S, Madrid C, Balsalobre C, Dillon SC, Dorman CJ and Ju\u00e1rez A. 2014. <em>A novel role for antibiotic resistance plasmids in facilitating Salmonella adaptation to non-host environments. <\/em>Environ Microbiol, 16(4).<\/li>\n<li>H\u00fcttener M, Dietrich M, Paytubi S and Ju\u00e1rez A. 2014. <em>HilA-like regulators in Escherichia coli pathotypes: \u00a0the \u00a0YgeH protein \u00a0from \u00a0the \u00a0enteroaggregative \u00a0strain \u00a0042. \u00a0<\/em>BMC Microbiol, 25(14).<\/li>\n<\/ul>\n","protected":false},"excerpt":{"rendered":"<p>Presentaci\u00f3 El grup de recerca Biologia Molecular Bacteriana de la Universitat de Barcelona liderat pel Dr. Antonio Ju\u00e1rez centra la&#8230;<\/p>\n","protected":false},"author":1,"featured_media":3906,"parent":1469,"menu_order":0,"comment_status":"closed","ping_status":"closed","template":"page-grupsrecerca.php","meta":{"_acf_changed":false,"inline_featured_image":false,"_monsterinsights_skip_tracking":false,"_monsterinsights_sitenote_active":false,"_monsterinsights_sitenote_note":"","_monsterinsights_sitenote_category":0,"footnotes":""},"class_list":["post-2194","page","type-page","status-publish","has-post-thumbnail","hentry"],"acf":[],"_links":{"self":[{"href":"https:\/\/www.fbg.ub.edu\/es\/wp-json\/wp\/v2\/pages\/2194","targetHints":{"allow":["GET"]}}],"collection":[{"href":"https:\/\/www.fbg.ub.edu\/es\/wp-json\/wp\/v2\/pages"}],"about":[{"href":"https:\/\/www.fbg.ub.edu\/es\/wp-json\/wp\/v2\/types\/page"}],"author":[{"embeddable":true,"href":"https:\/\/www.fbg.ub.edu\/es\/wp-json\/wp\/v2\/users\/1"}],"replies":[{"embeddable":true,"href":"https:\/\/www.fbg.ub.edu\/es\/wp-json\/wp\/v2\/comments?post=2194"}],"version-history":[{"count":3,"href":"https:\/\/www.fbg.ub.edu\/es\/wp-json\/wp\/v2\/pages\/2194\/revisions"}],"predecessor-version":[{"id":3911,"href":"https:\/\/www.fbg.ub.edu\/es\/wp-json\/wp\/v2\/pages\/2194\/revisions\/3911"}],"up":[{"embeddable":true,"href":"https:\/\/www.fbg.ub.edu\/es\/wp-json\/wp\/v2\/pages\/1469"}],"wp:featuredmedia":[{"embeddable":true,"href":"https:\/\/www.fbg.ub.edu\/es\/wp-json\/wp\/v2\/media\/3906"}],"wp:attachment":[{"href":"https:\/\/www.fbg.ub.edu\/es\/wp-json\/wp\/v2\/media?parent=2194"}],"curies":[{"name":"wp","href":"https:\/\/api.w.org\/{rel}","templated":true}]}}