{"id":2186,"date":"2017-09-15T20:07:13","date_gmt":"2017-09-15T19:07:13","guid":{"rendered":"http:\/\/161.116.26.48\/investigadores\/grupos-investigacion-ub\/laboratori-fonetica-ub\/"},"modified":"2025-06-30T11:28:54","modified_gmt":"2025-06-30T09:28:54","slug":"laboratori-fonetica-ub","status":"publish","type":"page","link":"https:\/\/www.fbg.ub.edu\/es\/investigadores\/grupos-investigacion-ub\/laboratori-fonetica-ub\/","title":{"rendered":"Laboratori de Fon\u00e8tica de la UB"},"content":{"rendered":"<h3>Presentaci\u00f3<\/h3>\n<p>El Laboratori de Fon\u00e8tica \u00e9s un servei de la Facultat de Filologia de la Universitat de Barcelona (UB). En ell es porten a terme tres l\u00ednies d&#8217;actuaci\u00f3: d&#8217;una banda una tasca docent, d&#8217;altra banda una tasca d&#8217;investigaci\u00f3 i, finalment, una tasca de servei a la societat, extern al m\u00f3n universitari.<br \/>\nPel que fa a l&#8217;activitat del Laboratori en quant a servei a la societat, poden intervenir en tot all\u00f2 relacionat amb la veu humana. Els objectius del Laboratori de Fon\u00e8tica consisteixen a estudiar els sons, especialment de la veu humana, en totes les seves branques d&#8217;estudi (articulat\u00f2ria, ac\u00fastica i perceptiva des del punt de vista te\u00f2ric, forense, cl\u00ednic, publicitari, logop\u00e8dic, aprenentatge-ensenyament d&#8217;L2-L3&#8230;, des del punt de vista aplicat) i a transmetre aquests coneixements altament especialitzats a la societat.<\/p>\n<h3>QU\u00c8 FEM<\/h3>\n<h3>Serveis<\/h3>\n<ul>\n<li>\u00c0mbit m\u00e8dic: informes sobre l\u2019an\u00e0lisi de la qualitat de veu (fon\u00e8tica-fonologia cl\u00ednica).<\/li>\n<li>\u00c0mbit judicial-legal: transcripci\u00f3 ortogr\u00e0fica d\u2019arxius de veu, an\u00e0lisi forense de dues veus.<\/li>\n<li>\u00c0mbit did\u00e0ctic: informes personalitzats de nivell f\u00f2nic per a acad\u00e8mies d\u2019idiomes; jocs educatius a partir de materials f\u00f2nics.<\/li>\n<li>\u00c0mbit educatiu: correcci\u00f3 de la dicci\u00f3 de la pr\u00f2pia llengua i en el proc\u00e9s d&#8217;aprenentatge-ensenyament d&#8217;L2; reeducaci\u00f3 de trastorns articulatoris i auditius (logop\u00e8dia).<\/li>\n<li>\u00c0mbit publicitari: transcripci\u00f3 fon\u00e8tica per a campanyes publicit\u00e0ries, gravaci\u00f3 d\u2019arxius de veu.<\/li>\n<\/ul>\n<h3><strong>PER A QUI TREBALLEM<\/strong><\/h3>\n<p>&nbsp;<\/p>\n<h3>\u2028Sectors industrials<\/h3>\n<p>Els sectors industrials als que oferim els nostres serveis apunten a tots els terrenys interdisciplinaris en qu\u00e8 interv\u00e9 la fon\u00e8tica: judicial, m\u00e8dic, logop\u00e8dic, publicitari, d&#8217;ensenyament d&#8217;L2-L3, d&#8217;orat\u00f2ria i dicci\u00f3, d&#8217;an\u00e0lisi de sons animals, i l\u00fadic i did\u00e0ctic a l&#8217;entorn del m\u00f3n dels sons de parla humana.<\/p>\n<h3>Clients<\/h3>\n<p>Els potencials clients de l&#8217;activitat externa del Laboratori s\u00f3n: advocats i jutges; metges otorinolaring\u00f2legs i pneum\u00f2legs (tamb\u00e9 m\u00fatues sanit\u00e0ries); logopedes; empreses publicit\u00e0ries; acad\u00e8mies i escoles d&#8217;idiomes; pol\u00edtics, periodistes radiof\u00f2nics i televisius, actors i actrius; empreses de joguines did\u00e0ctiques; zool\u00f2gics; qualsevol investigador que per desenvolupar la seva tasca necessiti quelcom de la veu humana.<\/p>\n<h3>RESULTATS<\/h3>\n<h3>Activitats de transfer\u00e8ncia<\/h3>\n<ul>\n<li>Informes pericials per a judicis sobre q\u00fcestions de fon\u00e8tica judicial o forense.<\/li>\n<li>Entrenament de dicci\u00f3 d&#8217;L2 a periodistes TV3 i TVE.<\/li>\n<li>Participaci\u00f3 en una campanya publicit\u00e0ria de Loewe.<\/li>\n<\/ul>\n<h3>Publicacions rellevants<\/h3>\n<p>Entre les publicacions dels membres del Laboratori de Fon\u00e8tica en destaquem aquestes cinc:<\/p>\n<ul>\n<li>Casal, C.; Dom\u00ednguez, C.; Fern\u00e1ndez Planas, A.M.; Sarget, R.; Mart\u00ednez Celdr\u00e1n, e.; Sent\u00eds-Vilalta J. i Gay Escoda, C. (2002): \u00abSpectrographic Measures of the Speech of Young Children with Cleft Lip and Cleft Palate\u00bb, Folia Phoniatrica et Logopaedica, Vol. 54, pp. 247-257.<\/li>\n<li>Mart\u00ednez Celdr\u00e1n, E. i Fern\u00e1ndez Planas, A.M. (2007): Manual de fon\u00e9tica espa\u00f1ola. Articulaciones y sonidos del espa\u00f1ol,\u00a0 Barcelona,\u00a0 Ariel. Rovirosa, A.; Ascaso, C.; Abellana. R; Mart\u00ednez-Celdr\u00e1n, E. et al. (2008): \u00abAcoustic voice analysis in different phonetic contexts larynx radiotherapy for T1 vocal cord carcinoma\u00bb, Clinical and Translational Oncology, Vol. 10, pp. 168-174.<\/li>\n<li>Vilaseca, I.; Huerta, P.; Blanch, J.L.; Fern\u00e1ndez Planas, A.M.; Jim\u00e9nez, C.; i Bernal-Sprekelsen, M. (2008): \u00abVoice quality after CO2 laser cordectomy-What can we really expect?\u00bb, Head and Neck-Journal for the Sciences and Specialties of the Head and Neck, Vol. 30, pp. 43-49.<\/li>\n<li>Fern\u00e1ndez Planas, A.M (1998): \u00abFon\u00e8tica forense. L\u2019an\u00e0lisi pericial de la veu com una aplicaci\u00f3 de la fon\u00e8tica\u00bb dins M.A. Pradilla (ed): El m\u00f3n dels sons, Alambor, pp. 151-166.<\/li>\n<\/ul>\n<p>&nbsp;<\/p>\n<p>&nbsp;<\/p>\n","protected":false},"excerpt":{"rendered":"<p>Presentaci\u00f3 El Laboratori de Fon\u00e8tica \u00e9s un servei de la Facultat de Filologia de la Universitat de Barcelona (UB). En&#8230;<\/p>\n","protected":false},"author":1,"featured_media":3884,"parent":1469,"menu_order":0,"comment_status":"closed","ping_status":"closed","template":"page-grupsrecerca.php","meta":{"_acf_changed":false,"inline_featured_image":false,"_monsterinsights_skip_tracking":false,"_monsterinsights_sitenote_active":false,"_monsterinsights_sitenote_note":"","_monsterinsights_sitenote_category":0,"footnotes":""},"class_list":["post-2186","page","type-page","status-publish","has-post-thumbnail","hentry"],"acf":[],"_links":{"self":[{"href":"https:\/\/www.fbg.ub.edu\/es\/wp-json\/wp\/v2\/pages\/2186","targetHints":{"allow":["GET"]}}],"collection":[{"href":"https:\/\/www.fbg.ub.edu\/es\/wp-json\/wp\/v2\/pages"}],"about":[{"href":"https:\/\/www.fbg.ub.edu\/es\/wp-json\/wp\/v2\/types\/page"}],"author":[{"embeddable":true,"href":"https:\/\/www.fbg.ub.edu\/es\/wp-json\/wp\/v2\/users\/1"}],"replies":[{"embeddable":true,"href":"https:\/\/www.fbg.ub.edu\/es\/wp-json\/wp\/v2\/comments?post=2186"}],"version-history":[{"count":2,"href":"https:\/\/www.fbg.ub.edu\/es\/wp-json\/wp\/v2\/pages\/2186\/revisions"}],"predecessor-version":[{"id":22498,"href":"https:\/\/www.fbg.ub.edu\/es\/wp-json\/wp\/v2\/pages\/2186\/revisions\/22498"}],"up":[{"embeddable":true,"href":"https:\/\/www.fbg.ub.edu\/es\/wp-json\/wp\/v2\/pages\/1469"}],"wp:featuredmedia":[{"embeddable":true,"href":"https:\/\/www.fbg.ub.edu\/es\/wp-json\/wp\/v2\/media\/3884"}],"wp:attachment":[{"href":"https:\/\/www.fbg.ub.edu\/es\/wp-json\/wp\/v2\/media?parent=2186"}],"curies":[{"name":"wp","href":"https:\/\/api.w.org\/{rel}","templated":true}]}}