{"id":2180,"date":"2017-09-15T20:02:58","date_gmt":"2017-09-15T19:02:58","guid":{"rendered":"http:\/\/161.116.26.48\/investigadores\/grupos-investigacion-ub\/immunologia-traslacional-dermatologia-allergia-inflamacio-cronica\/"},"modified":"2017-11-22T13:50:42","modified_gmt":"2017-11-22T12:50:42","slug":"immunologia-traslacional-dermatologia-allergia-inflamacio-cronica","status":"publish","type":"page","link":"https:\/\/www.fbg.ub.edu\/es\/investigadores\/grupos-investigacion-ub\/immunologia-traslacional-dermatologia-allergia-inflamacio-cronica\/","title":{"rendered":"Immunologia traslacional en dermatologia, al\u00b7l\u00e8rgia i inflamaci\u00f3 cr\u00f2nica"},"content":{"rendered":"<h3>Presentaci\u00f3<\/h3>\n<p>El grup de recerca d\u2019Immunologia traslacional en dermatologia, al\u00b7l\u00e8rgia i inflamaci\u00f3 cr\u00f2nica de la Facultat de Biologia (Departament de Fisiologia i Immunologia de la Universitat de Barcelona) est\u00e0 situat al Parc Cient\u00edfic de Barcelona i est\u00e0 dirigit pel Dr. Llu\u00eds Francesc Santamaria Bab\u00ed.<\/p>\n<p>El grup estudia la resposta immunit\u00e0ria cut\u00e0nia en patologies dermatol\u00f2giques utilitzant material cl\u00ednic i treballa amb companyies farmac\u00e8utiques i biotecnol\u00f2giques.<\/p>\n<h3>QU\u00c8 FEM<\/h3>\n<h4>Serveis<\/h4>\n<p>Investigaci\u00f3 traslacional amb material cl\u00ednic en col\u00b7laboraci\u00f3 amb la ind\u00fastria farmac\u00e8utica i biotecnol\u00f2gica.<\/p>\n<h3>PER A QUI TREBALLEM<\/h3>\n<h4>Sectors industrials<\/h4>\n<p>Farmac\u00e8utic, biotecnol\u00f2gic i cosm\u00e8tic.<\/p>\n<h3>RECERCA<\/h3>\n<h4>L\u00ednies de recerca<\/h4>\n<p>L\u2019activitat de recerca del grup es centra en dos \u00e0mbits:<\/p>\n<ul>\n<li>La investigaci\u00f3 biom\u00e8dica de malalties inflamat\u00f2ries cr\u00f2niques com la psoriasis.<\/li>\n<li>Plataforma d\u00b4investigaci\u00f3 traslacional amb col\u00b7laboraci\u00f3 amb la ind\u00fastria.<\/li>\n<\/ul>\n<p>Des del 2009 el grup ha signat 16 contractes de col.laboraci\u00f3 amb ind\u00fastries biotecnol\u00f2giques i farmac\u00e8utiques nacionals i internacionals. Durant els per\u00edodes 2010-2012 i 2014-2016 el grup ha rebut finan\u00e7ament de l\u2019Institut Carlos III per a la investigaci\u00f3 del mecanismes patol\u00f2gics de la psoriasis.<\/p>\n<h4>Projectes de recerca<\/h4>\n<ul>\n<li>Patrones de diversificaci\u00f3n morfol\u00f3gica en Hom\u00ednidos: adaptaci\u00f3n, heterocron\u00eda, ambiente (CGL2006-02170\/BTE). Programa Nacional de Biodiversidad, Ciencias de la Tierra y Cambio Global. Secretar\u00eda de Estado de Universidades e Investigaci\u00f3n 2006-2010.<\/li>\n<li>17 Congreso de la\u00a0 Sociedad Espa\u00f1ola de Antropolog\u00eda F\u00edsica (CGL2011-14063\u2010E\/BOS). Programa Nacional de Proyectos de Investigaci\u00f3n Fundamental. Ministerio de Ciencia e Innovaci\u00f3n 2011.<\/li>\n<\/ul>\n<h3>RESULTATS<\/h3>\n<h4>Activitats de transfer\u00e8ncia<\/h4>\n<p>Contractes d\u00b4investigaci\u00f3 amb la ind\u00fastria farmac\u00e8utica i biotecnol\u00f2gica.<\/p>\n<h4>Publicacions rellevants<\/h4>\n<ul>\n<li><em>Circulating CLA+ T lymphocytes as peripheral cell biomarkers in T-cell-mediated skin diseases.<\/em> Ferran M, Romeu ER, Rinc\u00f3n C, Sagrist\u00e0 M, Gim\u00e9nez Arnau AM, Celada A, Pujol RM, Holl\u00f3 P, J\u00f3kai H, Santamaria-Bab\u00ed LF. Exp Dermatol. 22(7):439-42 (2013).<\/li>\n<li><em>Streptococcus induces circulating CLA(+) memory T-cell-dependent epidermal cell activation in psoriasis.<\/em> Ferran M, Galv\u00e1n AB, Rinc\u00f3n C, Romeu ER, Sacrista M, Barboza E, Gim\u00e9nez-Arnau A, Celada A, Pujol RM, Santamaria-Bab\u00ed LF.J Invest Dermatol. Apr; 133(4):999-1007 (2013).<\/li>\n<li><em>Calcitonin gene-related peptide modulates interleukin-13 in circulating cutaneous lymphocyte-associated antigen-positive T cells in patients with atopic dermatitis. <\/em>Ant\u00fanez C, Torres MJ, L\u00f3pez S, Rodriguez-Pena R, Blanca M, Mayorga C, Santamaria-Bab\u00ed LF.Br J Dermatol. 161(3):547-53 (2009).<\/li>\n<li><em>Circulating CLA (+) T cells from acute and chronic psoriasis patients manifest a different activation state and correlation with disease severity and extension.<br \/>\n<\/em>Pont-Giralt M, Gim\u00e9nez-Arnau AM, Pujol RM, \u00a0Santamaria-Bab\u00ed<br \/>\nJ Invest Dermatol. \u00a0126(1):227-8 (2006).<\/li>\n<li><em>CLA (+) T cells in cutaneous diseases.<\/em> Santamaria-Bab\u00ed LF. Eur J Dermatol.; 14 (1):13-18<\/li>\n<\/ul>\n","protected":false},"excerpt":{"rendered":"<p>Presentaci\u00f3 El grup de recerca d\u2019Immunologia traslacional en dermatologia, al\u00b7l\u00e8rgia i inflamaci\u00f3 cr\u00f2nica de la Facultat de Biologia (Departament de&#8230;<\/p>\n","protected":false},"author":1,"featured_media":3763,"parent":1469,"menu_order":0,"comment_status":"closed","ping_status":"closed","template":"page-grupsrecerca.php","meta":{"_acf_changed":false,"inline_featured_image":false,"_monsterinsights_skip_tracking":false,"_monsterinsights_sitenote_active":false,"_monsterinsights_sitenote_note":"","_monsterinsights_sitenote_category":0,"footnotes":""},"class_list":["post-2180","page","type-page","status-publish","has-post-thumbnail","hentry"],"acf":[],"_links":{"self":[{"href":"https:\/\/www.fbg.ub.edu\/es\/wp-json\/wp\/v2\/pages\/2180","targetHints":{"allow":["GET"]}}],"collection":[{"href":"https:\/\/www.fbg.ub.edu\/es\/wp-json\/wp\/v2\/pages"}],"about":[{"href":"https:\/\/www.fbg.ub.edu\/es\/wp-json\/wp\/v2\/types\/page"}],"author":[{"embeddable":true,"href":"https:\/\/www.fbg.ub.edu\/es\/wp-json\/wp\/v2\/users\/1"}],"replies":[{"embeddable":true,"href":"https:\/\/www.fbg.ub.edu\/es\/wp-json\/wp\/v2\/comments?post=2180"}],"version-history":[{"count":3,"href":"https:\/\/www.fbg.ub.edu\/es\/wp-json\/wp\/v2\/pages\/2180\/revisions"}],"predecessor-version":[{"id":3775,"href":"https:\/\/www.fbg.ub.edu\/es\/wp-json\/wp\/v2\/pages\/2180\/revisions\/3775"}],"up":[{"embeddable":true,"href":"https:\/\/www.fbg.ub.edu\/es\/wp-json\/wp\/v2\/pages\/1469"}],"wp:featuredmedia":[{"embeddable":true,"href":"https:\/\/www.fbg.ub.edu\/es\/wp-json\/wp\/v2\/media\/3763"}],"wp:attachment":[{"href":"https:\/\/www.fbg.ub.edu\/es\/wp-json\/wp\/v2\/media?parent=2180"}],"curies":[{"name":"wp","href":"https:\/\/api.w.org\/{rel}","templated":true}]}}