{"id":2164,"date":"2017-09-15T20:04:34","date_gmt":"2017-09-15T19:04:34","guid":{"rendered":"http:\/\/161.116.26.48\/investigadores\/grupos-investigacion-ub\/event-lab\/"},"modified":"2017-11-22T08:14:03","modified_gmt":"2017-11-22T07:14:03","slug":"event-lab","status":"publish","type":"page","link":"https:\/\/www.fbg.ub.edu\/es\/investigadores\/grupos-investigacion-ub\/event-lab\/","title":{"rendered":"Event LAB"},"content":{"rendered":"<h3>PRESENTACI\u00d3<\/h3>\n<p>Event-LAB (Entorns Virtuals en Neuroci\u00e8ncies i Tecnologia Experimental), \u00a0\u00e9s un grup de recerca \u00a0internacional de la Universitat de Barcelona \u00a0i de l\u2019Institut d\u2019Investigacions Biom\u00e8diques Agust\u00ed Pi i Sunyer (IDIBAPS), l\u00edder en la investigaci\u00f3 dels entorns virtuals i gr\u00e0fics creats per ordinador amb aplicacions tant en l\u2019\u00e0mbit de la psicologia com en el de les neuroci\u00e8ncies. L\u2019objectiu del grup \u00e9s desenvolupar i con\u00e8ixer els components tecnol\u00f2gics en entorns virtuals immersius i desxifrar el comportament de les persones immerses en aquests entorns. Entre altres aplicacions, els experiments de realitat virtual poden ajudar a comprendre millor algunes patologies relacionades amb l\u2019alteraci\u00f3 de la imatge corporal.<\/p>\n<h3>QU\u00c8 FEM<\/h3>\n<h4>Serveis<\/h4>\n<p>En el terreny cient\u00edfic, la realitat virtual pot enganyar a \u00a0un home i fer-li creure que li han canviat el cos per un de dona, o fins i tot provocar-li la il\u00b7lusi\u00f3 d\u2019estar gras. Aquests resultats podran ajudar els investigadors a comprendre com el cervell crea una representaci\u00f3 del propi cos, \u00e9s a dir, com distingeix el que forma part del nostre cos del que no.<\/p>\n<p>Una altra aplicaci\u00f3 se situa en el camp de la rehabilitaci\u00f3, com per exemple ajudar a les persones a superar problemes m\u00e8dics relacionats amb il\u00b7lusions de distorsi\u00f3 corporal i el dolor associat. Aquesta t\u00e8cnica tamb\u00e9 es pot utilitzar amb finalitats d\u2019entre\u00adteniment, de manera que permeti als usuaris no nom\u00e9s transformar l\u2019escenari on es troben, sin\u00f3 tamb\u00e9 transformar-se ells mateixos.<\/p>\n<h3>PER A QUI TREBALLEM<\/h3>\n<p><strong>Sectors industrials<\/strong><\/p>\n<p>Biotecnologia i ci\u00e8ncies de la salut, electr\u00f2nica i sensors, i tecnologies de la informaci\u00f3 i la comunicaci\u00f3.<\/p>\n<h3>RECERCA<\/h3>\n<p><strong>Projectes de recerca<\/strong><\/p>\n<ul>\n<li>Projecte de La Marat\u00f3 de TV3 \u2013 Alleujament del dolor cr\u00f2nic amb realitat virtual.<\/li>\n<li>MIMICS Multimodal Immersive Motion Rehabilitation with Interactive Cognitive Systems \u2013 Capacitat de crear virtualment una imatge real de la persona a partir del recull de dades tant conductuals com fisiol\u00f2giques<\/li>\n<li>BEAMING &#8211; Projecte europeu \u2013 Desenvolupament d\u2019una tecnologia que, sense haver de despla\u00e7ar-se, genera la sensaci\u00f3 d\u2019estar f\u00edsicament en un lloc remot amb altres persones.<\/li>\n<\/ul>\n<p>&nbsp;<\/p>\n<p>&nbsp;<\/p>\n<p>&nbsp;<\/p>\n<p>&nbsp;<\/p>\n<p>&nbsp;<\/p>\n<p>&nbsp;<\/p>\n<p>&nbsp;<\/p>\n<p>&nbsp;<\/p>\n<p>&nbsp;<\/p>\n<p>&nbsp;<\/p>\n<p>&nbsp;<\/p>\n","protected":false},"excerpt":{"rendered":"<p>PRESENTACI\u00d3 Event-LAB (Entorns Virtuals en Neuroci\u00e8ncies i Tecnologia Experimental), \u00a0\u00e9s un grup de recerca \u00a0internacional de la Universitat de Barcelona&#8230;<\/p>\n","protected":false},"author":1,"featured_media":3601,"parent":1469,"menu_order":0,"comment_status":"closed","ping_status":"closed","template":"page-grupsrecerca.php","meta":{"_acf_changed":false,"inline_featured_image":false,"_monsterinsights_skip_tracking":false,"_monsterinsights_sitenote_active":false,"_monsterinsights_sitenote_note":"","_monsterinsights_sitenote_category":0,"footnotes":""},"class_list":["post-2164","page","type-page","status-publish","has-post-thumbnail","hentry"],"acf":[],"_links":{"self":[{"href":"https:\/\/www.fbg.ub.edu\/es\/wp-json\/wp\/v2\/pages\/2164","targetHints":{"allow":["GET"]}}],"collection":[{"href":"https:\/\/www.fbg.ub.edu\/es\/wp-json\/wp\/v2\/pages"}],"about":[{"href":"https:\/\/www.fbg.ub.edu\/es\/wp-json\/wp\/v2\/types\/page"}],"author":[{"embeddable":true,"href":"https:\/\/www.fbg.ub.edu\/es\/wp-json\/wp\/v2\/users\/1"}],"replies":[{"embeddable":true,"href":"https:\/\/www.fbg.ub.edu\/es\/wp-json\/wp\/v2\/comments?post=2164"}],"version-history":[{"count":4,"href":"https:\/\/www.fbg.ub.edu\/es\/wp-json\/wp\/v2\/pages\/2164\/revisions"}],"predecessor-version":[{"id":3617,"href":"https:\/\/www.fbg.ub.edu\/es\/wp-json\/wp\/v2\/pages\/2164\/revisions\/3617"}],"up":[{"embeddable":true,"href":"https:\/\/www.fbg.ub.edu\/es\/wp-json\/wp\/v2\/pages\/1469"}],"wp:featuredmedia":[{"embeddable":true,"href":"https:\/\/www.fbg.ub.edu\/es\/wp-json\/wp\/v2\/media\/3601"}],"wp:attachment":[{"href":"https:\/\/www.fbg.ub.edu\/es\/wp-json\/wp\/v2\/media?parent=2164"}],"curies":[{"name":"wp","href":"https:\/\/api.w.org\/{rel}","templated":true}]}}