{"id":2158,"date":"2017-09-15T20:07:51","date_gmt":"2017-09-15T19:07:51","guid":{"rendered":"http:\/\/161.116.26.48\/investigadores\/grupos-investigacion-ub\/eraaub\/"},"modified":"2017-11-24T13:15:05","modified_gmt":"2017-11-24T12:15:05","slug":"eraaub","status":"publish","type":"page","link":"https:\/\/www.fbg.ub.edu\/es\/investigadores\/grupos-investigacion-ub\/eraaub\/","title":{"rendered":"ERAAUB"},"content":{"rendered":"<h3>Presentaci\u00f3<\/h3>\n<p>L&#8217;Equip de Recerca Arqueol\u00f2gica i Arqueom\u00e8trica de la Universitat de Barcelona (ERAAUB) \u00e9s un Grup de Recerca Consolidat (SGR2009-1173) reconegut per la Generalitat de Catalunya oficialment des de 1995 que es dedica a l&#8217;arqueologia i l&#8217;arqueometria. El grup t\u00e9 com a objectiu el desenvolupament, l&#8217;experimentaci\u00f3 i l&#8217;aplicaci\u00f3 de noves tecnologies en el camp de l&#8217;arqueologia amb una vocaci\u00f3 transversal del coneixement. Des de la seva creaci\u00f3 ha fet un esfor\u00e7 per incorporar l&#8217;arqueometria a la recerca arqueol\u00f2gica catalana, essent pioner en el desenvolupament d&#8217;aquesta disciplina. L&#8217;ERAAUB \u00e9s un laboratori de refer\u00e8ncia sobre estudis arqueom\u00e8trics de cer\u00e0mica antiga, essent \u00a0la seva base de dades anal\u00edtiques una de les m\u00e9s importants d&#8217;Europa. El grup tamb\u00e9 es dedica a la investigaci\u00f3 hist\u00f2rico-arqueol\u00f2gica posant l&#8217;\u00e8mfasi en el canvi social en les societats complexes de l&#8217;Antiguitat, i en particular en la transici\u00f3 entre m\u00f3n rom\u00e0 i m\u00f3n medieval, amb l&#8217;estudi de materials d&#8217;arreu de la Mediterr\u00e0nia i excavacions arqueol\u00f2giques en conjunts monumentals com la ciutat romana de Pollentia (Alcudia, Mallorca), Clunia (Pe\u00f1alba de Castro, Burgos), les esgl\u00e9sies de Terrassa, la bas\u00edlica de San Severo (Ravenna, It\u00e0lia) (World Heritage Site), o els conjunts paleocristians de Illa del Rei (Menorca) o Son Peret\u00f3 (Mallorca), aix\u00ed com en la ciutat de Termez (Uzbekist\u00e1n) amb la missi\u00f3 catalano-uzbeka.<\/p>\n<h3>QU\u00c8 FEM<\/h3>\n<h4>Serveis<\/h4>\n<ul>\n<li>Caracteritzaci\u00f3 arqueom\u00e8trica de cer\u00e0miques arqueol\u00f2giques: an\u00e0lisis fisico-qu\u00edmiques per fluoresc\u00e8ncia de raigs X; an\u00e0lisis mineral\u00f2giques per difracci\u00f3 de raigs X; an\u00e0lisis petrogr\u00e0fiques per microsc\u00f2pia \u00f2ptica de polaritzaci\u00f3; microsc\u00f2pia electr\u00f2nica de rastreig.<\/li>\n<li>Estudi de mat\u00e8ries primeres per a la producci\u00f3 cer\u00e0mica.<\/li>\n<li>Estudi de pintures murals i morters de construcci\u00f3.<\/li>\n<li>Estudis etnoarqueol\u00f2gics d\u2019activitats tradicionals.<\/li>\n<li>Estudi dels residus org\u00e0nics continguts en la cer\u00e0mica i en els s\u00f2ls arqueol\u00f2gics.<\/li>\n<li>Datacions radiocarb\u00f2niques.<\/li>\n<li>An\u00e0lisi de residus org\u00e0nics per con\u00e8ixer les subst\u00e0ncies contingudes en cer\u00e0miques i dip\u00f2sits (normalment amb cromatografia de gasos).<\/li>\n<li>An\u00e0lisis de sols per determinar activitats (<em>spot analysis<\/em>).<\/li>\n<li>Excavacions arqueol\u00f2giques.<\/li>\n<li>Prospeccions arqueol\u00f2giques.<\/li>\n<li>Prospeccions geof\u00edsiques.<\/li>\n<li>Estudis d&#8217;antropologia f\u00edsica i arqueologia funer\u00e0ria.<\/li>\n<li>Dibuix de materials arqueol\u00f2gics.<\/li>\n<li>Planimetries d\u2019excavaci\u00f3 amb Autocad<\/li>\n<li>Estudi arqueol\u00f2gic de conjunts cer\u00e0mics.<\/li>\n<li>Assessorament en la reproducci\u00f3 de materials antics.<\/li>\n<\/ul>\n<h3>PER A QUI TREBALLEM<\/h3>\n<h4>Clients<\/h4>\n<p>Generalitat de Catalunya; Museu d&#8217;Arqueologia de Catalunya; \u00a0Museu d&#8217;Arqueologia d&#8217;Alacant; Museu de Balaguer; Ajuntament de Barcelona; ACTIUM; Consell de Mallorca; Consell Insular de Menorca; ADUNA PROEXA; Ajuntament de Manacor; Institut Municipal Progr\u00e9s i Cultura; Ciudad de Ceuta; Ajuntament de Calvi\u00e0; ACCIONA S.L.; Instituto Arqueol\u00f3gico Alem\u00e1n; University of Cambridge; Laboratoire d&#8217;Arch\u00e9ologie M\u00e9di\u00e9vale M\u00e9diterran\u00e9enne; Ministerio de Cultura; Direcci\u00f3n General de Bellas Artes y Bienes Culturales; McDonald; Institute for Archeological Research.<\/p>\n<h3>RECERCA<\/h3>\n<h4>Projectes de recerca<\/h4>\n<ul>\n<li>Production, trade and consumption of food in Late Antiquity (PROFOLANT), PIEF-GA-2009-235863, 7th Framework Programme, People, Marie Curie actions, IEF, European Comission, 2009-2011. Investigador\/a Principal: Miguel \u00c1ngel Cau Ontiveros.<\/li>\n<li>Social and environmental transitions: Simulating the past to understand human behavior (SimulPast). Entitat: (Programa Consolider-Ingenio 2010). 2010 &#8211; 2013. Ministerio de Ciencia e Innovaci\u00f3n. Subdirecci\u00f3n General de Proyectos de Investigaci\u00f3n.\/\/ Ref. Ingenio (CSD 2010-00034). IP: Dr. Marco Madela (Dr. Josep M\u00aa Gurt i Esparraguera)<\/li>\n<li>GEOPRO: Integrating Geochemical and Mineralogical Techniques: A new approach to raw materials and Archaeological ceramic provenance, TMR Network, European Commision, 1998-2002. Investigador principal: P.M. Day<\/li>\n<\/ul>\n<h3>RESULTATS<\/h3>\n<p><strong>Activitats de transfer\u00e8ncia<\/strong><\/p>\n<p>L&#8217;ERAAUB t\u00e9 \u00e0mplia experi\u00e8ncia en transfer\u00e8ncia a partir de recerca per contracte amb nombroses institucions nacionals i estrangeres.<\/p>\n<h4>Publicacions rellevants<\/h4>\n<ul>\n<li>Cau, M.A. and Mas, C. (2013), Tracing settlement patterns in late antique Mallorca (Balearics Islands): a field survey in the eastern territories, <em>Hortus Artium Medievalium<\/em> 19: 209-227.<\/li>\n<li>Pecci, A., Cau, M.A., Garnier, N. (2013) , Identifying wine and oil production: analysis of residues from Roman and Late Antique plastered vats, <em>Journal of Archaeological Science <\/em>40: 4491-4498.<\/li>\n<\/ul>\n","protected":false},"excerpt":{"rendered":"<p>Presentaci\u00f3 L&#8217;Equip de Recerca Arqueol\u00f2gica i Arqueom\u00e8trica de la Universitat de Barcelona (ERAAUB) \u00e9s un Grup de Recerca Consolidat (SGR2009-1173)&#8230;<\/p>\n","protected":false},"author":1,"featured_media":3948,"parent":1469,"menu_order":0,"comment_status":"closed","ping_status":"closed","template":"page-grupsrecerca.php","meta":{"_acf_changed":false,"inline_featured_image":false,"_monsterinsights_skip_tracking":false,"_monsterinsights_sitenote_active":false,"_monsterinsights_sitenote_note":"","_monsterinsights_sitenote_category":0,"footnotes":""},"class_list":["post-2158","page","type-page","status-publish","has-post-thumbnail","hentry"],"acf":[],"_links":{"self":[{"href":"https:\/\/www.fbg.ub.edu\/es\/wp-json\/wp\/v2\/pages\/2158","targetHints":{"allow":["GET"]}}],"collection":[{"href":"https:\/\/www.fbg.ub.edu\/es\/wp-json\/wp\/v2\/pages"}],"about":[{"href":"https:\/\/www.fbg.ub.edu\/es\/wp-json\/wp\/v2\/types\/page"}],"author":[{"embeddable":true,"href":"https:\/\/www.fbg.ub.edu\/es\/wp-json\/wp\/v2\/users\/1"}],"replies":[{"embeddable":true,"href":"https:\/\/www.fbg.ub.edu\/es\/wp-json\/wp\/v2\/comments?post=2158"}],"version-history":[{"count":5,"href":"https:\/\/www.fbg.ub.edu\/es\/wp-json\/wp\/v2\/pages\/2158\/revisions"}],"predecessor-version":[{"id":3958,"href":"https:\/\/www.fbg.ub.edu\/es\/wp-json\/wp\/v2\/pages\/2158\/revisions\/3958"}],"up":[{"embeddable":true,"href":"https:\/\/www.fbg.ub.edu\/es\/wp-json\/wp\/v2\/pages\/1469"}],"wp:featuredmedia":[{"embeddable":true,"href":"https:\/\/www.fbg.ub.edu\/es\/wp-json\/wp\/v2\/media\/3948"}],"wp:attachment":[{"href":"https:\/\/www.fbg.ub.edu\/es\/wp-json\/wp\/v2\/media?parent=2158"}],"curies":[{"name":"wp","href":"https:\/\/api.w.org\/{rel}","templated":true}]}}