{"id":2146,"date":"2017-09-15T19:58:08","date_gmt":"2017-09-15T18:58:08","guid":{"rendered":"http:\/\/161.116.26.48\/investigadores\/grupos-investigacion-ub\/didpatri\/"},"modified":"2017-11-21T13:52:02","modified_gmt":"2017-11-21T12:52:02","slug":"didpatri","status":"publish","type":"page","link":"https:\/\/www.fbg.ub.edu\/es\/investigadores\/grupos-investigacion-ub\/didpatri\/","title":{"rendered":"DIDPATRI"},"content":{"rendered":"<h3>Presentaci\u00f3<\/h3>\n<p>DIDPATRI \u00e9s un grup de recerca consolidat integrat a la xarxa SRG (SGR-945) de grups de recerca de la Generalitat de Catalunya. El grup investiga i innova en el camp de la museografia did\u00e0ctica tot plantejant, a l&#8217;entorn de qualsevol mena de patrimoni, propostes museogr\u00e0fiques sostenibles i versemblants que facin entenedors els objectes de muse\u00eftzaci\u00f3 a horitzons de p\u00fablic el m\u00e9s amplis possibles.<br \/>\nDIDPATRI est\u00e0 vinculat al Departament de Did\u00e0ctica de les Ci\u00e8ncies Socials de la Universitat de Barcelona tot i que agrupa investigadors de diferent formaci\u00f3 (professionals de la did\u00e0ctica, arque\u00f2legs, historiadors, pedagogs, enginyers inform\u00e0tics&#8230;).<\/p>\n<h3>QU\u00c8 FEM<\/h3>\n<h3>Serveis<\/h3>\n<p>Disseny de projectes b\u00e0sics o executius per a museus o exposicions; projectes de turisme cultural; disseny de materials did\u00e0ctics; disseny i realitzaci\u00f3 de materials audiovisuals, inform\u00e0tics, app&#8217;s; iconografia did\u00e0ctica; arqueologia experimental i reconstruccions arqueol\u00f2giques; projectes integrals des de la recerca b\u00e0sica a la muse\u00eftzaci\u00f3; i projectes de mem\u00f2ria hist\u00f2rica.<\/p>\n<h3>PER A QUI TREBALLEM<\/h3>\n<h3>Sectors industrials<\/h3>\n<p>DIDPATRI treballa des del 2001 en el cl\u00faster cultural, en el sector de les ind\u00fastries culturals, i amb les administracions implicades en ind\u00fastries culturals, tot tractant de donar resposta a tot all\u00f2 relacionat amb el patrimoni: museus, centres d&#8217;interpretaci\u00f3, rutes, muse\u00eftzacions a l&#8217;aire lliure, materials did\u00e0ctics&#8230; El grup tamb\u00e9 incideix, de manera especial en tot all\u00f2 referent a espais no formals d&#8217;ensenyament d\u2019aprenentatge (lifelong learning, living history, recreaci\u00f3 hist\u00f2rica, etc.).<\/p>\n<h3>Clients\u00a0 (2011- 2015)<\/h3>\n<p>Ajuntament de Barcelona; Generalitat de Catalunya; Diputaci\u00f3 de Barcelona.<br \/>\nDiputaci\u00f3 de Salamanca; EUPHON Projects; Transversal; Espai Visual; DIGIT; Editorial Angle; Editorial Rafel Dalmau Editor; Editorial Gra\u00f3.<\/p>\n<h3>RECERCA<\/h3>\n<h3>Projectes de recerca<\/h3>\n<p>(2012-2015) Desarrollo de estrategias y t\u00e9cnicas did\u00e1cticas a partir del patrimonio y la arqueolog\u00eda del conflicto para la ense\u00f1anza\/aprendizaje de las ciencias sociales y la historia (Ref. EDU2012-35299). I. P. Francesc Xavier Hern\u00e0ndez Cardona. Ministerio de Econom\u00eda y Competividad.<\/p>\n<p>(2008-2012) Museograf\u00eda did\u00e1ctica e interpretaci\u00f3n de espacios arqueol\u00f3gicos (Ref. EDU-2008-00427\/EDUC). I.P. Francesc Xavier Hern\u00e0ndez Cardona. Ministerio de Educaci\u00f3n y Ciencia.<\/p>\n<h3>RESULTATS<\/h3>\n<h3>Activitats de transfer\u00e8ncia<\/h3>\n<ul>\n<li>Redacci\u00f3 i coordinaci\u00f3 del projecte hist\u00f2ric i museogr\u00e0fic de l&#8217;exposici\u00f3 DONEC PERFICIAM. El Born Centre Cultural. 2012-2013.<\/li>\n<li>Redacci\u00f3 i coordinaci\u00f3 dels materials did\u00e0ctics del Born Centre Cultural. 2013.<\/li>\n<li>Redacci\u00f3 i coordinaci\u00f3 de materials did\u00e0ctics del Tricentenari (audiovisuals i unitats did\u00e0ctiques). Departament d&#8217;Educaci\u00f3. Generalitat de Catalunya. 2014.<\/li>\n<\/ul>\n<h3>Publicacions\u00a0 rellevants<\/h3>\n<ul>\n<li>Rubio Campillo, X.; Cela, J.M.; Hern\u00e0ndez, F.X.\u00a02013.\u00a0 The development of new infantry tactics during early XVIIIth century: a computer simulation approach to modern military history.\u00a0Journal of Simulation 7, 170-182.<\/li>\n<li>Rubio Campillo, X.; Cela, J.M.; Hern\u00e0ndez, F.X.\u00a02012.\u00a0 Simulating archaeologists? Using agent-based modelling to improve battlefield excavations.\u00a0Journal of Archaeological Scienc,\u00a02 (39), \u00a0347-356.<\/li>\n<li>Hern\u00e0ndez Cardona, F. X.; Rojo Ariza, M. C. coord. 2011. Museograf\u00eda did\u00e1ctica e interpretaci\u00f3n de espacios arqueol\u00f3gicas. Ed. Trea: Gij\u00f3n.<\/li>\n<\/ul>\n","protected":false},"excerpt":{"rendered":"<p>Presentaci\u00f3 DIDPATRI \u00e9s un grup de recerca consolidat integrat a la xarxa SRG (SGR-945) de grups de recerca de la&#8230;<\/p>\n","protected":false},"author":1,"featured_media":3595,"parent":1469,"menu_order":0,"comment_status":"closed","ping_status":"closed","template":"page-grupsrecerca.php","meta":{"_acf_changed":false,"inline_featured_image":false,"_monsterinsights_skip_tracking":false,"_monsterinsights_sitenote_active":false,"_monsterinsights_sitenote_note":"","_monsterinsights_sitenote_category":0,"footnotes":""},"class_list":["post-2146","page","type-page","status-publish","has-post-thumbnail","hentry"],"acf":[],"_links":{"self":[{"href":"https:\/\/www.fbg.ub.edu\/es\/wp-json\/wp\/v2\/pages\/2146","targetHints":{"allow":["GET"]}}],"collection":[{"href":"https:\/\/www.fbg.ub.edu\/es\/wp-json\/wp\/v2\/pages"}],"about":[{"href":"https:\/\/www.fbg.ub.edu\/es\/wp-json\/wp\/v2\/types\/page"}],"author":[{"embeddable":true,"href":"https:\/\/www.fbg.ub.edu\/es\/wp-json\/wp\/v2\/users\/1"}],"replies":[{"embeddable":true,"href":"https:\/\/www.fbg.ub.edu\/es\/wp-json\/wp\/v2\/comments?post=2146"}],"version-history":[{"count":4,"href":"https:\/\/www.fbg.ub.edu\/es\/wp-json\/wp\/v2\/pages\/2146\/revisions"}],"predecessor-version":[{"id":3598,"href":"https:\/\/www.fbg.ub.edu\/es\/wp-json\/wp\/v2\/pages\/2146\/revisions\/3598"}],"up":[{"embeddable":true,"href":"https:\/\/www.fbg.ub.edu\/es\/wp-json\/wp\/v2\/pages\/1469"}],"wp:featuredmedia":[{"embeddable":true,"href":"https:\/\/www.fbg.ub.edu\/es\/wp-json\/wp\/v2\/media\/3595"}],"wp:attachment":[{"href":"https:\/\/www.fbg.ub.edu\/es\/wp-json\/wp\/v2\/media?parent=2146"}],"curies":[{"name":"wp","href":"https:\/\/api.w.org\/{rel}","templated":true}]}}