{"id":2142,"date":"2017-09-15T20:08:40","date_gmt":"2017-09-15T19:08:40","guid":{"rendered":"http:\/\/161.116.26.48\/investigadores\/grupos-investigacion-ub\/derecho-penal-economico-y-empresarial-garantias-constitucionales\/"},"modified":"2017-11-20T13:30:05","modified_gmt":"2017-11-20T12:30:05","slug":"derecho-penal-economico-y-empresarial-garantias-constitucionales","status":"publish","type":"page","link":"https:\/\/www.fbg.ub.edu\/es\/investigadores\/grupos-investigacion-ub\/derecho-penal-economico-y-empresarial-garantias-constitucionales\/","title":{"rendered":"Derecho Penal econ\u00f3mico y empresarial. Garant\u00edas Constitucionales"},"content":{"rendered":"<h3>Presentaci\u00f3<\/h3>\n<p>El Grup<em> \u201cDerecho penal econ\u00f3mico y empresarial. Garant\u00edas constitucionales\u201d <\/em>ofereix serveis altament qualificats en dos \u00e0mbits:<\/p>\n<ul>\n<li>En l&#8217;assessorament jur\u00eddic preventiu i preprocessal sobre els possibles \u00e0mbits de responsabilitat (penal, fiscal, mercantil, civil&#8230;) en els quals incorren o poden inc\u00f3rrer els diversos agents empresarials: membres del Consell d&#8217;administraci\u00f3, socis, directius, la pr\u00f2pia persona jur\u00eddica.<\/li>\n<li>En la formaci\u00f3 en mat\u00e8ria de pol\u00edtica-criminal, garanties constitucionals i processals dels sistemes penals.<\/li>\n<\/ul>\n<p>Tamb\u00e9 ofereix formaci\u00f3 acad\u00e8mica especialitzada a tos els nivells sobre dret penal econ\u00f2mic i empresarial (en sentit ampli) a diferents col\u00b7lectius, aix\u00ed com en mat\u00e8ria\u00a0 de garanties constitucionals, processals i pol\u00edtica-criminal en general.<\/p>\n<p>La traject\u00f2ria professional dels seus integrants, tots ells professors universitaris i investigadors especialitzats amb experi\u00e8ncia pr\u00e0ctica (magistrats suplents, advocats&#8230;) garanteix solucions directes enfront els problemes reals.<\/p>\n<h3>QU\u00c8 FEM<\/h3>\n<h3>Serveis<\/h3>\n<ul>\n<li>Organitzaci\u00f3 de cursos espec\u00edfics de formaci\u00f3 o capacitaci\u00f3 adre\u00e7ats a empreses, administracions, col\u00b7lectius professionals en q\u00fcestions de dret penal econ\u00f2mic i empresarial, aix\u00ed com en q\u00fcestions concretes de Pol\u00edtica-criminal, garanties constitucionals dels sistemes penals, models processals-penals i dret penal.<\/li>\n<li>Elaboraci\u00f3 i\/o supervisi\u00f3 de <em>Compliance Program.<\/em><\/li>\n<li>Preparaci\u00f3 de dict\u00e0mens preprocessals sobre els diversos \u00e0mbits de responsabilitat empresarial.<\/li>\n<\/ul>\n<h3>PER A QUI TREBALLEM<\/h3>\n<h3>Sectors industrials<\/h3>\n<ul>\n<li>Tot tipus d\u2019empresa<\/li>\n<li>Administracions p\u00fabliques<\/li>\n<li>Col\u00b7lectius professionals i acad\u00e8mics<\/li>\n<\/ul>\n<h3>RECERCA<\/h3>\n<h3>Activitat de recerca<\/h3>\n<p>La majoria dels membres de l\u2019equip s\u00f3n membres del seg\u00fcent projecte actiu: Projecte d\u2019investigaci\u00f3 DER2011-29982 (Ministerio de Ciencia e Innovaci\u00f3n): \u201c<em>Nuevos desaf\u00edos del Derecho penal ante el fraude de consumidores<\/em>\u201d, Universitat de Barcelona.<\/p>\n<p>Tamb\u00e9 pertanyen al Grup de Recerca Consolidat \u201c<em>Dret Penal i Pol\u00edtica Criminal<\/em>\u201d (Ref. 2009-SGR 755).<\/p>\n<h3>RESULTATS<\/h3>\n<h3>Publicacions rellevants<\/h3>\n<ul>\n<li>Corcoy Bidasolo (Dir.) et alii, <em>Comentarios al C\u00f3digo Penal (Reforma LO 5\/2010)<\/em>, (colecci\u00f3n Tratados); Editorial Tirant lo Blanch; 2011.<\/li>\n<li>Corcoy Bidasolo (Dir.) et alii, <em>Derecho Penal Parte Especial<\/em>, tomo I, editorial Tirant lo Blanch; 2011.<\/li>\n<li>Gallego Soler, <em>Responsabilidad penal y perjuicio patrimonial Tirant lo Blanch<\/em>, 2002. ISBN 84-8442-550-9.<\/li>\n<li>Gallego Soler, <em>Criterios de imputaci\u00f3n en las organizaciones empresariales<\/em>\u00ab, en Derecho Penal Econ\u00f3mico (Estudios de Derecho Judicial), n.\u00ba 72-2005, p\u00e1gs. 40 a 134, Madrid, 2005, ISBN: 84-96518-36-1 Dep\u00f3sito legal: M. 9.808-2006.<\/li>\n<\/ul>\n","protected":false},"excerpt":{"rendered":"<p>Presentaci\u00f3 El Grup \u201cDerecho penal econ\u00f3mico y empresarial. Garant\u00edas constitucionales\u201d ofereix serveis altament qualificats en dos \u00e0mbits: En l&#8217;assessorament jur\u00eddic&#8230;<\/p>\n","protected":false},"author":1,"featured_media":3430,"parent":1469,"menu_order":0,"comment_status":"closed","ping_status":"closed","template":"page-grupsrecerca.php","meta":{"_acf_changed":false,"inline_featured_image":false,"_monsterinsights_skip_tracking":false,"_monsterinsights_sitenote_active":false,"_monsterinsights_sitenote_note":"","_monsterinsights_sitenote_category":0,"footnotes":""},"class_list":["post-2142","page","type-page","status-publish","has-post-thumbnail","hentry"],"acf":[],"_links":{"self":[{"href":"https:\/\/www.fbg.ub.edu\/es\/wp-json\/wp\/v2\/pages\/2142","targetHints":{"allow":["GET"]}}],"collection":[{"href":"https:\/\/www.fbg.ub.edu\/es\/wp-json\/wp\/v2\/pages"}],"about":[{"href":"https:\/\/www.fbg.ub.edu\/es\/wp-json\/wp\/v2\/types\/page"}],"author":[{"embeddable":true,"href":"https:\/\/www.fbg.ub.edu\/es\/wp-json\/wp\/v2\/users\/1"}],"replies":[{"embeddable":true,"href":"https:\/\/www.fbg.ub.edu\/es\/wp-json\/wp\/v2\/comments?post=2142"}],"version-history":[{"count":2,"href":"https:\/\/www.fbg.ub.edu\/es\/wp-json\/wp\/v2\/pages\/2142\/revisions"}],"predecessor-version":[{"id":3436,"href":"https:\/\/www.fbg.ub.edu\/es\/wp-json\/wp\/v2\/pages\/2142\/revisions\/3436"}],"up":[{"embeddable":true,"href":"https:\/\/www.fbg.ub.edu\/es\/wp-json\/wp\/v2\/pages\/1469"}],"wp:featuredmedia":[{"embeddable":true,"href":"https:\/\/www.fbg.ub.edu\/es\/wp-json\/wp\/v2\/media\/3430"}],"wp:attachment":[{"href":"https:\/\/www.fbg.ub.edu\/es\/wp-json\/wp\/v2\/media?parent=2142"}],"curies":[{"name":"wp","href":"https:\/\/api.w.org\/{rel}","templated":true}]}}