{"id":2138,"date":"2017-09-15T20:09:58","date_gmt":"2017-09-15T19:09:58","guid":{"rendered":"http:\/\/161.116.26.48\/investigadores\/grupos-investigacion-ub\/cusc-centre-universitari-sociolinguistica-comunicacio\/"},"modified":"2019-05-24T10:58:55","modified_gmt":"2019-05-24T09:58:55","slug":"cusc-centre-universitari-sociolinguistica-comunicacio","status":"publish","type":"page","link":"https:\/\/www.fbg.ub.edu\/es\/investigadores\/grupos-investigacion-ub\/cusc-centre-universitari-sociolinguistica-comunicacio\/","title":{"rendered":"CUSC- Centre Universitari de Socioling\u00fc\u00edstica i Comunicaci\u00f3"},"content":{"rendered":"<h3>Presentaci\u00f3<\/h3>\n<p>El Centre Universitari de Socioling\u00fc\u00edstica i Comunicaci\u00f3 (CUSC) \u00e9s un centre de recerca de la Universitat de Barcelona creat el 1998 que est\u00e0 integrat per investigadors en socioling\u00fc\u00edstica, multiling\u00fcisme i comunicaci\u00f3 des d\u2019una perspectiva social. El CUSC ofereix serveis d\u2019assessorament i consultoria en les seves \u00e0rees d\u2019especialitzaci\u00f3, i coorganitza diferents activitats de formaci\u00f3, entre les quals destaquen els seminaris de formaci\u00f3 en recerca.<\/p>\n<p>El CUSC publica anualment la Revista LSC \u2013 Llengua, Societat i Comunicaci\u00f3 \u2013, una revista en format electr\u00f2nic de transfer\u00e8ncia de coneixement sobre temes relacionats amb la gesti\u00f3 de les lleng\u00fces i el multiling\u00fcisme amb projecci\u00f3 social. Entre els temes tractats fins ara hi ha hagut, per exemple, la comunicaci\u00f3 a l\u2019empresa, la pol\u00edtica ling\u00fc\u00edstica de la Uni\u00f3 Europea o les tecnologies ling\u00fc\u00edstiques (<a href=\"http:\/\/revistes.ub.edu\/index.php\/lsc\">web<\/a>).<\/p>\n<h3>QU\u00c8 FEM<\/h3>\n<h4>Serveis<\/h4>\n<p>Fins ara el CUSC ha treballat essencialment en les seg\u00fcents \u00e0rees:<\/p>\n<ul>\n<li style=\"list-style-type: none;\">\n<ul>\n<li><strong><em>Consultoria i an\u00e0lisi<\/em><\/strong>: disseny, realitzaci\u00f3 i\/o an\u00e0lisi d\u2019enquestes i estudis socioling\u00fc\u00edstics;<\/li>\n<li><strong><em>Auditoria<\/em><\/strong>: de la demanda\/oferta de serveis ling\u00fc\u00edstics en institucions p\u00fabliques o privades;<\/li>\n<li><strong><em>Assessorament<\/em><\/strong> sobre pol\u00edtiques ling\u00fc\u00edstiques i sobre el tractament jur\u00eddic, comercial, educatiu, de la realitat ling\u00fc\u00edstica dels diferents pa\u00efsos;<\/li>\n<li><strong><em>Formaci\u00f3<\/em><\/strong> relacionada amb la diversitat ling\u00fc\u00edstica i cultural, tant de personal (dinamitzadors ling\u00fc\u00edstics, personal d\u2019immigraci\u00f3, etc.) com del p\u00fablic en general, a demanda d\u2019institucions (campanyes de sensibilitzaci\u00f3).<\/li>\n<\/ul>\n<\/li>\n<\/ul>\n<p>&nbsp;<\/p>\n<h3>PER A QUI TREBALLEM<\/h3>\n<h4>Sectors industrials<\/h4>\n<p>Els especialistes del CUSC treballen essencialment en l\u2019\u00e0rea de la gesti\u00f3 i la definici\u00f3 de les pol\u00edtiques ling\u00fc\u00edstiques i culturals, sobretot en l\u2019\u00e0rea de l\u2019ensenyament i la gesti\u00f3 de la immigraci\u00f3. Fins ara la gran majoria de les seves actuacions s\u2019han centrat en el camp de les institucions p\u00fabliques, tot i que tamb\u00e9 estan en condicions de treballar amb empreses i institucions privades, com ara fundacions escolars o educatives, empreses de serveis, institucions de salut, entitats financeres, etc. La seva activitat s\u2019ha circumscrit majorit\u00e0riament a Catalunya, tot i que tamb\u00e9 han tingut enc\u00e0rrecs provinents de la resta de l\u2019Estat Espanyol i la Uni\u00f3 Europea.<\/p>\n<p><strong>Clients<\/strong><\/p>\n<ul>\n<li><strong>Administraci\u00f3 p\u00fablica<\/strong>: Direcci\u00f3 General de Pol\u00edtica Ling\u00fc\u00edstica, Generalitat de Catalunya, Departament d&#8217;Educaci\u00f3\/Ensenyament, Generalitat de Catalunya, Secretaria de Joventut, Generalitat de Catalunya, Departament de Cultura, Generalitat de Catalunya, Consell Superior d\u2019Avaluaci\u00f3 del Sistema Educatiu, Generalitat de Catalunya, TERMCAT \u2013 Centre de Terminologia, \u00c0rea de Joventut, Ajuntament de Barcelona, Consorci per a la normalitzaci\u00f3 Ling\u00fc\u00edstica, Ajuntament de Sabadell, Govern Regional d\u2019Irlanda del Nord.<\/li>\n<li><strong>Empresa privada: <\/strong>British Council, Soziolinguistik Klusterra (Euskadi).<\/li>\n<li>El CUSC ha tingut <strong>col\u00b7laboracions sense vinculaci\u00f3 econ\u00f2mica amb institucions<\/strong> com la Cambra de Comer\u00e7 de Barcelona o FEMCAT.<\/li>\n<\/ul>\n<h3>RECERCA<\/h3>\n<p><strong>L\u00ednies de recerca<\/strong><\/p>\n<ul>\n<li>Socioling\u00fc\u00edstica educativa i de recerca (<a href=\"http:\/\/www.ub.edu\/cusc\/sleducativa\/\">web<\/a>)<\/li>\n<li>Pol\u00edtica ling\u00fc\u00edstica comparada: les comunitats ling\u00fc\u00edstiques mitjanes (<a href=\"http:\/\/www.ub.edu\/cusc\/llenguesmitjanes\/\">web<\/a>)<\/li>\n<li>Demoling\u00fc\u00edstica (<a href=\"http:\/\/www.ub.edu\/cusc\/demolinguistica\/\">web<\/a>)<\/li>\n<li>Llengua i complexitat (<a href=\"http:\/\/www.sociocomplexitat.ub.edu\/\">web<\/a>)<\/li>\n<li>Dret ling\u00fc\u00edstic i pol\u00edtica ling\u00fc\u00edstica (<a href=\"http:\/\/130.206.88.7\/sjuridiques\/\">web<\/a>)<\/li>\n<li>Transmissi\u00f3 ling\u00fc\u00edstica familiar<\/li>\n<li>Gesti\u00f3 d&#8217;institucions multiling\u00fces<\/li>\n<li>Implantaci\u00f3 terminol\u00f2gica (<a href=\"http:\/\/www.ub.edu\/cusc\/terminologia\/\">web<\/a>)<\/li>\n<\/ul>\n<h4>Projectes de recerca<\/h4>\n<ul>\n<li>Patrones de diversificaci\u00f3n morfol\u00f3gica en Hom\u00ednidos: adaptaci\u00f3n, heterocron\u00eda, ambiente (CGL2006-02170\/BTE). Programa Nacional de Biodiversidad, Ciencias de la Tierra y Cambio Global. Secretar\u00eda de Estado de Universidades e Investigaci\u00f3n 2006-2010.<\/li>\n<li>17 Congreso de la\u00a0 Sociedad Espa\u00f1ola de Antropolog\u00eda F\u00edsica (CGL2011-14063\u2010E\/BOS). Programa Nacional de Proyectos de Investigaci\u00f3n Fundamental. Ministerio de Ciencia e Innovaci\u00f3n 2011.<\/li>\n<\/ul>\n<h3>RESULTATS<\/h3>\n<p><strong>Activitats de transfer\u00e8ncia<\/strong><\/p>\n<ul>\n<li><em>Explotaci\u00f3 i an\u00e0lisi de l\u2019enquesta d&#8217;usos ling\u00fc\u00edstics de la poblaci\u00f3 2008<\/em>. Enc\u00e0rrec de la Secretaria de Pol\u00edtica Ling\u00fc\u00edstica, amb la col\u00b7laboraci\u00f3 de l\u2019Idescat.<\/li>\n<li><em>Assessorament socioling\u00fc\u00edstic per a l&#8217;exposici\u00f3 \u00abBVP: Barcelona, Val\u00e8ncia, Palma\u00bb<\/em>. Enc\u00e0rrec del CCCB i el Departament de Cultura i Mitjans de Comunicaci\u00f3 de la Generalitat de Catalunya.<\/li>\n<li><em>Explotaci\u00f3 i an\u00e0lisi de l\u2019e<\/em><em>studi sociodemogr\u00e0fic i ling\u00fc\u00edstic de l&#8217;alumnat de 4t d&#8217;ESO de Catalunya<\/em>. Enc\u00e0rrec del Consell Superior d&#8217;Avaluaci\u00f3 del Sistema Educatiu i la de Secretaria de Pol\u00edtica Ling\u00fc\u00edstica.<\/li>\n<li><em>Les traject\u00f2ries ling\u00fc\u00edstiques dels joves d\u2019origen estranger a Catalunya: el cas dels marroquins<\/em>. Enc\u00e0rrec de la Secretaria General de Joventut de la Generalitat de Catalunya.<\/li>\n<\/ul>\n<h4>Publicacions rellevants<\/h4>\n<ul>\n<li>Vila, F. Xavier i Bretxa, Vanessa (ed.). 2014. <em>Language Policy in Higher Education. The Case o Medium-sized Languages<\/em>. Bristol: Multilingual Matters.<\/li>\n<li>Vila, F. Xavier (ed.). 2012. <a href=\"http:\/\/95.152.192.68\/multi\/display.asp?K=9781847698346&amp;m=2&amp;ds=%27new%20books%27&amp;dc=4&amp;mw=1&amp;sqf=\/7:%27multilingual%20matters%27&amp;st_01=recent&amp;sf_01=primary_availability\"><em>Survival and Development of Language Communities. Prospects and\u00a0challenges<\/em><\/a><em>.<\/em> Bristol: Multilingual Matters.<\/li>\n<li>Massip, \u00c0. i Bastardas-Boada, A. (eds). 2012. \u00a0<em>Complexity Perspectives on Language Communication<\/em>. Berl\u00edn: Springer.<\/li>\n<li>Milian, Antoni (ed.). 2012. <em>Language Law and Legal Challenges in Medium-Sized Language Communities. A Comparative Perspective<\/em> Barcelona: IEA<\/li>\n<li>Vila, F. Xavier; Salvat, Eul\u00e0lia (ed.). 2013.\u00a0<em>Noves immigracions i lleng\u00fces. <\/em>Barcelona: MRR Editorial.<\/li>\n<li>Boix, E. 2012. <em>Civisme contra <\/em><em>cinisme<\/em>. Barcelona: Generalitat de Catalunya, Departament de Benestar Social i Fam\u00edlia.<\/li>\n<\/ul>\n","protected":false},"excerpt":{"rendered":"<p>Presentaci\u00f3 El Centre Universitari de Socioling\u00fc\u00edstica i Comunicaci\u00f3 (CUSC) \u00e9s un centre de recerca de la Universitat de Barcelona creat&#8230;<\/p>\n","protected":false},"author":1,"featured_media":8071,"parent":1469,"menu_order":0,"comment_status":"closed","ping_status":"closed","template":"page-grupsrecerca.php","meta":{"_acf_changed":false,"inline_featured_image":false,"_monsterinsights_skip_tracking":false,"_monsterinsights_sitenote_active":false,"_monsterinsights_sitenote_note":"","_monsterinsights_sitenote_category":0,"footnotes":""},"class_list":["post-2138","page","type-page","status-publish","has-post-thumbnail","hentry"],"acf":[],"_links":{"self":[{"href":"https:\/\/www.fbg.ub.edu\/es\/wp-json\/wp\/v2\/pages\/2138","targetHints":{"allow":["GET"]}}],"collection":[{"href":"https:\/\/www.fbg.ub.edu\/es\/wp-json\/wp\/v2\/pages"}],"about":[{"href":"https:\/\/www.fbg.ub.edu\/es\/wp-json\/wp\/v2\/types\/page"}],"author":[{"embeddable":true,"href":"https:\/\/www.fbg.ub.edu\/es\/wp-json\/wp\/v2\/users\/1"}],"replies":[{"embeddable":true,"href":"https:\/\/www.fbg.ub.edu\/es\/wp-json\/wp\/v2\/comments?post=2138"}],"version-history":[{"count":1,"href":"https:\/\/www.fbg.ub.edu\/es\/wp-json\/wp\/v2\/pages\/2138\/revisions"}],"predecessor-version":[{"id":3717,"href":"https:\/\/www.fbg.ub.edu\/es\/wp-json\/wp\/v2\/pages\/2138\/revisions\/3717"}],"up":[{"embeddable":true,"href":"https:\/\/www.fbg.ub.edu\/es\/wp-json\/wp\/v2\/pages\/1469"}],"wp:featuredmedia":[{"embeddable":true,"href":"https:\/\/www.fbg.ub.edu\/es\/wp-json\/wp\/v2\/media\/8071"}],"wp:attachment":[{"href":"https:\/\/www.fbg.ub.edu\/es\/wp-json\/wp\/v2\/media?parent=2138"}],"curies":[{"name":"wp","href":"https:\/\/api.w.org\/{rel}","templated":true}]}}