{"id":2134,"date":"2017-09-15T19:59:44","date_gmt":"2017-09-15T18:59:44","guid":{"rendered":"http:\/\/161.116.26.48\/investigadores\/grupos-investigacion-ub\/creativitat-innovacio-transformacio-urbana-crit\/"},"modified":"2017-11-20T10:50:38","modified_gmt":"2017-11-20T09:50:38","slug":"creativitat-innovacio-transformacio-urbana-crit","status":"publish","type":"page","link":"https:\/\/www.fbg.ub.edu\/es\/investigadores\/grupos-investigacion-ub\/creativitat-innovacio-transformacio-urbana-crit\/","title":{"rendered":"Creativitat, Innovaci\u00f3 i Transformaci\u00f3 Urbana (CRIT)"},"content":{"rendered":"<h3>Presentaci\u00f3<\/h3>\n<p>El grup de recerca en Creativitat, Innovaci\u00f3 i Transformaci\u00f3 Urbana (CRIT) de la Universitat de Barcelona t\u00e9 com a objectiu general l&#8217;an\u00e0lisi de la transformaci\u00f3 social i econ\u00f2mica de les ciutats i regions metropolitanes en un context de globalitzaci\u00f3 econ\u00f2mica creixent. La globalitzaci\u00f3 ha accelerat el proc\u00e9s d&#8217;urbanitzaci\u00f3 a escala global i ha situat les ciutats i les regions metropolitanes com a elements centrals del creixement econ\u00f2mic.\u00a0 Davant aquesta situaci\u00f3, les ciutats han desenvolupat noves formes de governan\u00e7a local per tal d&#8217;assegurar el creixement econ\u00f2mic, la competitivitat global, aix\u00ed com certes formes de cohesi\u00f3 social que evitin les conseq\u00fc\u00e8ncies de les creixents pautes de desigualtat.<\/p>\n<p>El grup de recerca CRIT analitza les conseq\u00fc\u00e8ncies en termes socials, econ\u00f2mics i ambientals d&#8217;aquest conjunt de canvis a trav\u00e9s de l&#8217;an\u00e0lisi de din\u00e0miques de transformaci\u00f3 urbana, siguin generals com espec\u00edfiques de l&#8217;\u00e0mbit de regeneraci\u00f3 urbana i de l\u2019habitatge, i l\u2019educaci\u00f3.<\/p>\n<h3>QU\u00c8 FEM<\/h3>\n<h3>Serveis<\/h3>\n<ul>\n<li>Estudis de consultoria.<\/li>\n<li style=\"list-style-type: none;\"><\/li>\n<li>Estudis sobre sectors emergents competitius.<\/li>\n<li>Estudis territorials: rurals i urbans.<\/li>\n<li>Estudis sobre creativitat.<\/li>\n<li>Estudis sobre cultura i societat.<\/li>\n<li>Estudis sobre governanament local i multinivell.<\/li>\n<\/ul>\n<p>&nbsp;<\/p>\n<h3>PER A QUI TREBALLEM<\/h3>\n<h3>Sectors industrials<\/h3>\n<p>Sectors culturals, creatius i del coneixement.<\/p>\n<p><strong>Clients<\/p>\n<p><\/strong>Ajuntament de Barcelona; <em>Banco Interamericano de Desarrollo; <\/em>Fundaci\u00f3 Bofill.<\/p>\n<h3>RECERCA<\/h3>\n<h3><strong>L\u00ednies de recerca<\/strong><\/h3>\n<ul>\n<li>Governan\u00e7a i governan\u00e7a multinivell.<\/li>\n<li>Creativitat i innovaci\u00f3: comunitats creatives al territori.<\/li>\n<li>Regeneraci\u00f3 urbana i pol\u00edtiques d&#8217;habitatge.<\/li>\n<li>Ciutadania i globalitzaci\u00f3.<\/li>\n<li>Innovaci\u00f3 social contra l&#8217;exclusi\u00f3 social.<\/li>\n<li>Desigualtat social, educaci\u00f3 i benestar.<\/li>\n<li>Competitivitat i innovaci\u00f3 urbana en el context global.<\/li>\n<li>Sostenibilitat mediambiental urbana.<\/li>\n<li>Sostenibilitat, turisme i innovaci\u00f3.<\/li>\n<\/ul>\n<h3>Projectes de recerca<\/h3>\n<p><strong><em>Europeus<\/em><\/strong><\/p>\n<ul>\n<li>SOCOHO<em> \u2018The Importance of housing systems in safeguarding social cohesion\u2019(2000-2003).<\/em><\/li>\n<li>RESTATE <em>\u2018Restructuring Large-scale Housing Estates in European Cities: Good Practices and New Visions for Sustainable Neighbourhoods and Cities\u2019 (2003-2006).<\/em><\/li>\n<li>ACRE<em> \u2018Accommodating Creative Knowledge &#8211; Competitiveness of European Metropolitan Regions Within the Enlarged Union\u2019 (2007-2010).<\/em><\/li>\n<li>COST-Action<em> \u2018<\/em><em>The restructuring of social services in Europe and its impact on social and territorial cohesion and governance\u2019. (2012-2014).<\/em><\/li>\n<li>KATARSIS \/ SOCIAL PLATFORM <em>\u2018European Networks of exchange of knowledge\u2019. (2017-2010).<\/em><\/li>\n<\/ul>\n<p><strong><em>Ministerio de Economia y Competitividad<\/em><\/strong><\/p>\n<ul>\n<li>CREAURBS <em>\u2018Creatividad y Conocimiento: Bases para la nueva competitividad urbana\u2019. (<\/em><em>2010-2012).<\/em><\/li>\n<li>INNOVA \u2018<em>Innovaci\u00f3n, creatividad y cultura: <\/em><em>Definiendo las bases de un nuevo modelo socio-econ\u00f3mico para una Espa\u00f1a post-crisis\u2019. (2013-2016).<\/em><\/li>\n<li>INNOSOGO \u2018<em>Innovaci\u00f3n Social y Governanza: pr\u00e1cticas emergentes para ciudades en transformaci\u00f3n\u2019 (2014-2016).<\/em><\/li>\n<\/ul>\n<h3>RESULTATS<\/h3>\n<h3>Activitats de transfer\u00e8ncia<\/h3>\n<p>Competitivitat local: Creaci\u00f3 de les condicions i els processos per a la transformaci\u00f3 social, econ\u00f2mica i urbana d\u2019un territori.<\/p>\n<h3>Publicacions rellevants<\/h3>\n<ul>\n<li>Barber, A.; Pareja-Eastaway, M. (2010) \u201c<em>Leadership and Challenges in the Inner City: Planning for Sustainable Regeneration in Birmingham and Barcelona\u201d<\/em>. Policy Studies vol. 31, n. 4 pp.393-411<\/li>\n<li>Garc\u00eda, M.; Degen, M. (2012) \u201c<em>The Transformation of the \u2018Barcelona Model\u2019: An Analysis of Culture, Urban Regeneration and Governance\u201d <\/em>International Journal of Urban and Regional Research, vol. 36 (5) pp. 1022-1038<\/li>\n<li>Eizaguirre, S.; Pradel Miquel, M.; Terrones, A.; Mart\u00ednez, X.; Garc\u00eda, M. (2012) \u201c<em>Multilevel governance and Social Cohesion: bringing back conflict in citizenship practices\u201d<\/em>. Urban Studies, vol.49, n.9 p.1999-2016.<\/li>\n<li>Cano, A. Garc\u00eda, M. (2012) \u201c<em>Pol\u00edticas de acci\u00f3n comunitaria en las periferias urbanas: Problemas de transferibilidad\u201d.<\/em> Gesti\u00f3n y Pol\u00edtica P\u00fablica, vol. XXI, n.2 pp.131-157.<\/li>\n<li>Pareja-Eastaway, M. and Sim\u00f3 Solsona, M. (2014)<em> \u201cFrom isolated programmes to integral approaches in Spain: the case of La Barceloneta\u201d. En: Turkington, R. And Watson, C. (eds) Renewing Europe\u2019s housing: strategies for sustainability. <\/em>London: The Policy Press. CL.<\/li>\n<li>Pareja-Eastaway, M. and Piqu\u00e9, Josep M. (2014)<em> \u201c Spain: creating ecologies of innovation in cities- the case of 22@Barcelona\u201d. In: Engel, J. &amp; S. Fisher (eds) Clusters of innovation. <\/em>Northhampton: Edwar Elgar Publishing. CL.<\/li>\n<\/ul>\n","protected":false},"excerpt":{"rendered":"<p>Presentaci\u00f3 El grup de recerca en Creativitat, Innovaci\u00f3 i Transformaci\u00f3 Urbana (CRIT) de la Universitat de Barcelona t\u00e9 com a&#8230;<\/p>\n","protected":false},"author":1,"featured_media":3397,"parent":1469,"menu_order":0,"comment_status":"closed","ping_status":"closed","template":"page-grupsrecerca.php","meta":{"_acf_changed":false,"inline_featured_image":false,"_monsterinsights_skip_tracking":false,"_monsterinsights_sitenote_active":false,"_monsterinsights_sitenote_note":"","_monsterinsights_sitenote_category":0,"footnotes":""},"class_list":["post-2134","page","type-page","status-publish","has-post-thumbnail","hentry"],"acf":[],"_links":{"self":[{"href":"https:\/\/www.fbg.ub.edu\/es\/wp-json\/wp\/v2\/pages\/2134","targetHints":{"allow":["GET"]}}],"collection":[{"href":"https:\/\/www.fbg.ub.edu\/es\/wp-json\/wp\/v2\/pages"}],"about":[{"href":"https:\/\/www.fbg.ub.edu\/es\/wp-json\/wp\/v2\/types\/page"}],"author":[{"embeddable":true,"href":"https:\/\/www.fbg.ub.edu\/es\/wp-json\/wp\/v2\/users\/1"}],"replies":[{"embeddable":true,"href":"https:\/\/www.fbg.ub.edu\/es\/wp-json\/wp\/v2\/comments?post=2134"}],"version-history":[{"count":1,"href":"https:\/\/www.fbg.ub.edu\/es\/wp-json\/wp\/v2\/pages\/2134\/revisions"}],"predecessor-version":[{"id":3401,"href":"https:\/\/www.fbg.ub.edu\/es\/wp-json\/wp\/v2\/pages\/2134\/revisions\/3401"}],"up":[{"embeddable":true,"href":"https:\/\/www.fbg.ub.edu\/es\/wp-json\/wp\/v2\/pages\/1469"}],"wp:featuredmedia":[{"embeddable":true,"href":"https:\/\/www.fbg.ub.edu\/es\/wp-json\/wp\/v2\/media\/3397"}],"wp:attachment":[{"href":"https:\/\/www.fbg.ub.edu\/es\/wp-json\/wp\/v2\/media?parent=2134"}],"curies":[{"name":"wp","href":"https:\/\/api.w.org\/{rel}","templated":true}]}}