{"id":2132,"date":"2017-09-15T18:25:40","date_gmt":"2017-09-15T17:25:40","guid":{"rendered":"http:\/\/161.116.26.48\/investigadores\/grupos-investigacion-ub\/colloides\/"},"modified":"2017-11-20T10:09:46","modified_gmt":"2017-11-20T09:09:46","slug":"colloides","status":"publish","type":"page","link":"https:\/\/www.fbg.ub.edu\/es\/investigadores\/grupos-investigacion-ub\/colloides\/","title":{"rendered":"Coloides"},"content":{"rendered":"<h3>Presentaci\u00f3n<\/h3>\n<p>Desde 1990, el grupo de investigaci\u00f3n <em>Coloides<\/em> centra su investigaci\u00f3n en el campo de las <strong><em>dispersiones coloidales<\/em><\/strong>, centr\u00e1ndose en los <strong><em>coloides de asociaci\u00f3n<\/em><\/strong>, tanto en formas agregadas como no agregadas. El grupo tambi\u00e9n ha trabajado con <strong><em>disoluciones de macromol\u00e9culas<\/em><\/strong> como prote\u00ednas y p\u00e9ptidos, y en la actualidad desarrolla nanosistemas lip\u00eddicos y magn\u00e9ticos con aplicaciones biom\u00e9dicas.<\/p>\n<p>El grupo pertenece al Instituto de Nanociencia y Nanotecnolog\u00eda de la Universidad de Barcelona (IN<sup>2<\/sup>UB), el Grupo Espa\u00f1ol de coloides e Interfaces, as\u00ed como en la red tem\u00e1tica COLINTER.<\/p>\n<p>Entre los objetivos principales del grupo est\u00e1 el de difundir el conocimiento generado por el grupo entre los sectores que est\u00e9n interesados \u200b\u200bcomo el agroalimentario, el farmac\u00e9utico, el biotecnol\u00f3gico u otros.<\/p>\n<h3>QU\u00c9 HACEMOS<\/h3>\n<h3><strong>Servicios<\/strong><\/h3>\n<p>Se ofrece asesoramiento cient\u00edfico y t\u00e9cnico, y realizaci\u00f3n de estudios\/ servicios sobre:<\/p>\n<ul>\n<li>Nanoencapsulaci\u00f3n de activos para aplicaciones t\u00f3picas, orales o endovenosas<\/li>\n<li>Funcionalizaci\u00f3n de liposomas y otros sistemas nanoestructurados.<\/li>\n<li>Desarrollo de sistemas de liberaci\u00f3n modificada de f\u00e1rmacos, determinaci\u00f3n de la capacidad de encapsulaci\u00f3n y determinaci\u00f3n de perfiles de liberaci\u00f3n.<\/li>\n<li>Desarrollo de sistemas coloidales (liposomas, bicelas, micelas) con aplicaciones biom\u00e9dicas y cosm\u00e9ticas.<\/li>\n<li>Desarrollo de nanosistemas magn\u00e9ticos (ferrofluidos y magnetoliposomes).<\/li>\n<li>Estudios de biodistribuci\u00f3n de activos encapsulados en nanosistemas magn\u00e9ticos mediante direccionamiento magn\u00e9tico.<\/li>\n<li>Estudio de estabilidad de sistemas coloidales.<\/li>\n<li>Determinaci\u00f3n del tama\u00f1o de part\u00edcula.<\/li>\n<li>Determinaci\u00f3n del potencial zeta.<\/li>\n<\/ul>\n<p>Determinaci\u00f3n de la osmolaridad (aguas, disoluciones acuosas, etc.).<\/p>\n<h3>PARA QUI\u00c9N TRABAJAMOS<\/h3>\n<h3>Sectores industriales<\/h3>\n<ul>\n<li>Industria Farmac\u00e9utica<\/li>\n<li>Industria Cosm\u00e9tica<\/li>\n<li>Industria Qu\u00edmica<\/li>\n<li>Biotecnolog\u00eda \/ Biomedicina<\/li>\n<li>Alimentaci\u00f3n<\/li>\n<\/ul>\n<h3>Clientes<\/h3>\n<p>Hoechst, derypol, San Miguel, Labiana, Cenavisa, S.A., KAS<\/p>\n<h3>INVESTIGACI\u00d3N<\/h3>\n<h3>Actividad de investigaci\u00f3n<\/h3>\n<ul>\n<li><em>Nanopart\u00edculas magn\u00e9ticas blandas con aplicaciones biom\u00e9dicas<\/em>. (MAT2009-13155-C04-03). A\u00f1os: 2010 &#8211; 2012. Investigador Principal: Joan Estelrich Latr\u00e0s.<\/li>\n<li><em>Propiedades el\u00e9ctricas, din\u00e1micas y estructurales de liposomas y magnetoliposomas<\/em> (MAT2006-12918-C05-05). A\u00f1os: 2007 &#8211; 2009. Investigador Principal: Joan Estelrich Latr\u00e0s.<\/li>\n<li><em>Liposomas: Modelo de nuevas estructuras coloidales<\/em> (MAT2003-08356-C04-03). A\u00f1os: 2004 &#8211; 2006. Investigador Principal: Joan Estelrich Latr\u00e0s<\/li>\n<li><em>Interacci\u00f3n del p\u00e9ptido b-amiloide con tensioactivos y liposomas. Sistemas y mecanismos de estabilizaci\u00f3n de las conformaciones no t\u00f3xicas<\/em> (FIS\u00a0 00\/1121). A\u00f1os: 2000 &#8211; 2003. Investigador Principal: Joan Estelrich Latr\u00e0s.<\/li>\n<\/ul>\n<h3>RESULTADOS<\/h3>\n<h3>Actividades de transferencia<\/h3>\n<p>Desarrollo de formulaciones liposomales a gran escala para uso veterinario.<\/p>\n<h3>Publicaciones m\u00e1s relevantes<\/h3>\n<p>Sabat\u00e9, R., Barnadas Rodr\u00edguez, R., Fern\u00e1ndez-Callejas, J., Hidalgo-Alvarez, R., Estelrich, J. \u201cPreparation and characterization of extruded magnetoliposomes\u201d International Journal of Pharmaceutics, 347, 156-162 (2008).<\/p>\n<p>Garc\u00eda-Jimeno, S., Escribano, E., Queralt, J., Estelrich, J. \u201cMagnetoliposomes prepared by reverse-phase followed by sequential extrusion: Characterization and possibilities in the treatment of inflammation\u201d International Journal of Pharmaceutics, 405, 181-187 (2011).<\/p>\n<p>Ramos, J., Imaz, A., Callejas-Fern\u00e1ndez, J., Barbosa-Barros, L., Estelrich, J., Quesada-P\u00e9rez, M., Forcada, J. \u201cSoft nanoparticles (thermo-responsive nanogels and bicelles) with biotechnological applications: from synthesis to simulation through colloidal characterization\u201d Soft Matter, 7, 5067-5082 (2011).<\/p>\n<p>Trujillo-Romero, C. J., Garc\u00eda-Jimeno, S., Vera, A., Leija, L., Estelrich, J. \u201cUsing nanoparticles for enhancing the focusing effect of an external waveguide applicator for oncology hyperthermia: Evaluation in muscle and tumor phantoms\u201d. Progress in Electromagnetic Research (2011) En premsa.<\/p>\n<p>&nbsp;<\/p>\n<p>&nbsp;<\/p>\n","protected":false},"excerpt":{"rendered":"<p>Presentaci\u00f3n Desde 1990, el grupo de investigaci\u00f3n Coloides centra su investigaci\u00f3n en el campo de las dispersiones coloidales, centr\u00e1ndose en&#8230;<\/p>\n","protected":false},"author":1,"featured_media":3377,"parent":1469,"menu_order":0,"comment_status":"closed","ping_status":"closed","template":"page-grupsrecerca.php","meta":{"_acf_changed":false,"inline_featured_image":false,"_monsterinsights_skip_tracking":false,"_monsterinsights_sitenote_active":false,"_monsterinsights_sitenote_note":"","_monsterinsights_sitenote_category":0,"footnotes":""},"class_list":["post-2132","page","type-page","status-publish","has-post-thumbnail","hentry"],"acf":[],"_links":{"self":[{"href":"https:\/\/www.fbg.ub.edu\/es\/wp-json\/wp\/v2\/pages\/2132","targetHints":{"allow":["GET"]}}],"collection":[{"href":"https:\/\/www.fbg.ub.edu\/es\/wp-json\/wp\/v2\/pages"}],"about":[{"href":"https:\/\/www.fbg.ub.edu\/es\/wp-json\/wp\/v2\/types\/page"}],"author":[{"embeddable":true,"href":"https:\/\/www.fbg.ub.edu\/es\/wp-json\/wp\/v2\/users\/1"}],"replies":[{"embeddable":true,"href":"https:\/\/www.fbg.ub.edu\/es\/wp-json\/wp\/v2\/comments?post=2132"}],"version-history":[{"count":3,"href":"https:\/\/www.fbg.ub.edu\/es\/wp-json\/wp\/v2\/pages\/2132\/revisions"}],"predecessor-version":[{"id":3382,"href":"https:\/\/www.fbg.ub.edu\/es\/wp-json\/wp\/v2\/pages\/2132\/revisions\/3382"}],"up":[{"embeddable":true,"href":"https:\/\/www.fbg.ub.edu\/es\/wp-json\/wp\/v2\/pages\/1469"}],"wp:featuredmedia":[{"embeddable":true,"href":"https:\/\/www.fbg.ub.edu\/es\/wp-json\/wp\/v2\/media\/3377"}],"wp:attachment":[{"href":"https:\/\/www.fbg.ub.edu\/es\/wp-json\/wp\/v2\/media?parent=2132"}],"curies":[{"name":"wp","href":"https:\/\/api.w.org\/{rel}","templated":true}]}}