{"id":2109,"date":"2017-09-15T18:24:44","date_gmt":"2017-09-15T17:24:44","guid":{"rendered":"http:\/\/161.116.26.48\/investigadores\/grupos-investigacion-ub\/antiox\/"},"modified":"2017-11-22T11:27:43","modified_gmt":"2017-11-22T10:27:43","slug":"antiox","status":"publish","type":"page","link":"https:\/\/www.fbg.ub.edu\/es\/investigadores\/grupos-investigacion-ub\/antiox\/","title":{"rendered":"ANTIOX"},"content":{"rendered":"<h3>Presentaci\u00f3<\/h3>\n<p>ANTIOX-POSTHARVEST \u00e9s un grup de recerca consolidat integrat a la xarxa SRG de grups de recerca de la Generalitat de Catalunya, i pertany a la Facultat de Biologia de la Universitat de Barcelona. El grup investiga i innova en els antioxidants, vitamines i hormones d\u2019origen vegetal, amb dos enfocs: l\u2019ecofisiologia i la post-collita. Les seves principals l\u00ednies de recerca se centren en determinar els perfils hormonals relacionats amb respostes a estr\u00e8s, la maduraci\u00f3 de fruits i la floraci\u00f3.<\/p>\n<h3>Sectors industrials<\/h3>\n<p>ANTIOX-POSTHARVEST treballa constantment amb empreses del sector agr\u00edcola, qu\u00edmic, horto-frut\u00edcola i agroalimentari, posant a la seva disposici\u00f3 el seu coneixement en la fisiologia de la planta. Les seves especialitats s\u00f3n la determinaci\u00f3 dels mecanismes d\u2019acci\u00f3 de productes qu\u00edmics, la post-collita, la resposta a estr\u00e8s i la longevitat floral.<\/p>\n<h3>Serveis<\/h3>\n<ul>\n<li>Determinaci\u00f3 dels mecanismes d\u2019acci\u00f3 en la planta de productes qu\u00edmics d\u2019\u00fas agr\u00edcola.<\/li>\n<li>Estudi de nous mecanismes de resist\u00e8ncia vegetal a diferents tipus d\u2019estr\u00e8s abi\u00f2tic.<\/li>\n<li>T\u00e8cniques de conservaci\u00f3 per al control de la senesc\u00e8ncia i augment de la longevitat floral.<\/li>\n<li>Perfils hormonals de la maduraci\u00f3 dels fruits per allargar la vida \u00fatil dels fruits mitjan\u00e7ant el disseny de nous productes de post-collita.<\/li>\n<li>Serveis anal\u00edtics per a l\u2019estudi de la composici\u00f3 de vitamines i antioxidants d\u2019extractes vegetals, en tot tipus de teixits vegetal com fruits, fulles o llavors.<\/li>\n<\/ul>\n<h3>Clients<\/h3>\n<p>Biovert; Kao Corporation; Syngenta<\/p>\n<h3>Personal<\/h3>\n<p>El grup est\u00e0 dirigit pel Dr. Sergi Munn\u00e9-Bosch, professor ICREA-Acad\u00e8mia. Consta de m\u00e9s de 10 investigadors inclosos tres investigadors post-doctorals, cinc pre-doctorals i cinc estudiants de m\u00e0ster o grau.<\/p>\n<h3>Instal\u00b7lacions i equipaments<\/h3>\n<p>Disposa de laboratoris de biologia molecular propis, alhora que utilitza els Serveis de Camps Experimentals per al cultiu de les plantes en hivernacle, i els Centres Cient\u00edfics i Tecnol\u00f2gics de la UB (CCiT-UB) on s\u2019analitza mitjan\u00e7ant HPLC o LC-MS\/MS els antioxidants, vitamines, metab\u00f2lits secundaris, sucres i altres hormones vegetals. Tamb\u00e9 pot accedir a mostres de camp mitjan\u00e7ant col\u00b7laboracions espor\u00e0diques.<\/p>\n<p>Es disposa del Servei de Camps experimentals de la Facultat de Biologia.<\/p>\n<h3>L\u00ednies de recerca<\/h3>\n<ul>\n<li>Acci\u00f3 hormonal implicada en la senesc\u00e8ncia.<\/li>\n<li>Estudi del flux hormonal entre els diferents teixits de la planta.<\/li>\n<li>Mecanismes de resposta a estr\u00e8s: d\u00e8ficit h\u00eddric, salinitat, llum i temperatura.<\/li>\n<li>Estudi molecular (gen\u00e8tica i epigen\u00e8tica) i hormonal de la productivitat dels cultius.<\/li>\n<li>Mecanismes implicats en la regulaci\u00f3 del desenvolupament i la maduraci\u00f3 dels fruits, tant en l\u2019arbre com despr\u00e9s de la seva collita.<\/li>\n<li>Tractaments pre-collita i post-collita emprats en l\u2019augment de la longevitat en flor tallada:<br \/>\nmecanismes implicats i estrat\u00e8gies de millora.<\/li>\n<\/ul>\n<h3>Projectes de recerca<\/h3>\n<ul>\n<li>(2016-2019) <em>\u00bfEs el estr\u00e9s oxidativo un buen marcador de mortalidad en plantas perennes?<\/em><br \/>\n(Ref. BFU2015-64001-P) I.P. Sergi Munn\u00e9-Bosch. MINECO<\/li>\n<li>(2013-2015) <em>Efectos anti-envejecimiento de la vitamina E en plantas perennes.<\/em><br \/>\n(Ref. BFU2012-32057) I.P. Sergi Munn\u00e9-Bosch. MINECO<\/li>\n<li>(2010-2013) <em>Prospecci\u00f3n bioqu\u00edmica de frutos y semillas de maca\u00faba para su potencial uso como biocombustibles<\/em>.<br \/>\n(Ref. PIB2010BZ-00472) I.P. Sergi Munn\u00e9-Bosch. MICIN<\/li>\n<\/ul>\n<h3>Publicacions m\u00e9s rellevants<\/h3>\n<ul>\n<li>Munn\u00e9-Bosch, S. 2015. <em>Senescence: Is It Universal or Not?<\/em> Trends in plant science, Vol.20 (11), pp.713-20.<\/li>\n<li>Miret, J.A.; Munn\u00e9-Bosch, S. 2015. <em>Redox signaling and stress tolerance in plants: a focus on vitamin E<\/em>. Annals of the New York Academy of Sciences, Vol.13401(1), pp.29-38.<\/li>\n<li>M\u00fcller, M.; Siles, L.; Cela, J.; Munn\u00e9-Bosch, S. 2014. <em>Perennially young: seed production and quality in controlled and natural populations of reveal compensatory mechanisms that prevent senescence in terms of seed yield and viability.<\/em> Journal Of Experimental Botany, Vol.65(1), pp.287-297.<\/li>\n<li>Miret, J.; Munn\u00e9-Bosch, S. 2014. <em>Plant amino acid-derived vitamins: biosynthesis and function<\/em>. Amino Acids, Vol.46(4) pp.809-824.<\/li>\n<\/ul>\n","protected":false},"excerpt":{"rendered":"<p>Presentaci\u00f3 ANTIOX-POSTHARVEST \u00e9s un grup de recerca consolidat integrat a la xarxa SRG de grups de recerca de la Generalitat&#8230;<\/p>\n","protected":false},"author":1,"featured_media":2110,"parent":1469,"menu_order":0,"comment_status":"closed","ping_status":"closed","template":"page-grupsrecerca.php","meta":{"_acf_changed":false,"inline_featured_image":false,"_monsterinsights_skip_tracking":false,"_monsterinsights_sitenote_active":false,"_monsterinsights_sitenote_note":"","_monsterinsights_sitenote_category":0,"footnotes":""},"class_list":["post-2109","page","type-page","status-publish","has-post-thumbnail","hentry"],"acf":[],"_links":{"self":[{"href":"https:\/\/www.fbg.ub.edu\/es\/wp-json\/wp\/v2\/pages\/2109","targetHints":{"allow":["GET"]}}],"collection":[{"href":"https:\/\/www.fbg.ub.edu\/es\/wp-json\/wp\/v2\/pages"}],"about":[{"href":"https:\/\/www.fbg.ub.edu\/es\/wp-json\/wp\/v2\/types\/page"}],"author":[{"embeddable":true,"href":"https:\/\/www.fbg.ub.edu\/es\/wp-json\/wp\/v2\/users\/1"}],"replies":[{"embeddable":true,"href":"https:\/\/www.fbg.ub.edu\/es\/wp-json\/wp\/v2\/comments?post=2109"}],"version-history":[{"count":1,"href":"https:\/\/www.fbg.ub.edu\/es\/wp-json\/wp\/v2\/pages\/2109\/revisions"}],"predecessor-version":[{"id":3697,"href":"https:\/\/www.fbg.ub.edu\/es\/wp-json\/wp\/v2\/pages\/2109\/revisions\/3697"}],"up":[{"embeddable":true,"href":"https:\/\/www.fbg.ub.edu\/es\/wp-json\/wp\/v2\/pages\/1469"}],"wp:featuredmedia":[{"embeddable":true,"href":"https:\/\/www.fbg.ub.edu\/es\/wp-json\/wp\/v2\/media\/2110"}],"wp:attachment":[{"href":"https:\/\/www.fbg.ub.edu\/es\/wp-json\/wp\/v2\/media?parent=2109"}],"curies":[{"name":"wp","href":"https:\/\/api.w.org\/{rel}","templated":true}]}}