{"id":2106,"date":"2017-09-15T19:57:41","date_gmt":"2017-09-15T18:57:41","guid":{"rendered":"http:\/\/161.116.26.48\/investigadores\/grupos-investigacion-ub\/anterrit\/"},"modified":"2017-11-14T12:18:41","modified_gmt":"2017-11-14T11:18:41","slug":"anterrit","status":"publish","type":"page","link":"https:\/\/www.fbg.ub.edu\/es\/investigadores\/grupos-investigacion-ub\/anterrit\/","title":{"rendered":"ANTERRIT"},"content":{"rendered":"<h3>PRESENTACI\u00d3<\/h3>\n<p>El <strong>Grup de Recerca Consolidat d&#8217;An\u00e0lisi Territorial i Desenvolupament Regional (ANTERRIT)<\/strong>, del Departament de Geografia F\u00edsica i An\u00e0lisi Geogr\u00e0fica Regional la Universitat de Barcelona, va ser reconegut per primera vegada en la convocat\u00f2ria de grups de qualitat de 1997 de la Generalitat de Catalunya. En el reconeixement en 2009 se li va assignar el <strong>codi 2009SGR253<\/strong>.<br \/>\n\u00c0rea d\u2019expertesa: Ci\u00e8ncies Socials, amb enfocament interdisciplinar, tal com reflecteix la composici\u00f3 actual del grup (ge\u00f2grafs, antrop\u00f2legs, turist\u00f2legs i ambient\u00f2legs de 4 departaments diferents).<br \/>\nObjectius: Aquesta composici\u00f3 interdisciplinar permet i afavoreix al grup una major explicaci\u00f3 i comprensi\u00f3 de les realitats complexes de l&#8217;an\u00e0lisi territorial i del desenvolupament regional, dels \u00e0mbits urbans (estudis sobre comer\u00e7 i consum, din\u00e0miques urbanes, etc.) i dels fluxos que s&#8217;estableixen entre les \u00e0rees rurals i les \u00e0rees urbanes. La relaci\u00f3 entre <strong>turisme, territori i patrimoni<\/strong> s&#8217;ha consolidat, en els darrers anys, com un dels \u00e0mbits tem\u00e0tics significatius del Grup ANTERRIT. Els objectius espec\u00edfics es sintetitzen en cinc eixos:<\/p>\n<ul>\n<li>Coneixement te\u00f2ric, metodol\u00f2gic i fenomenol\u00f2gic de l&#8217;\u00e0mbit tem\u00e0tic i, en particular, de les din\u00e0miques territorials i urbanes a Catalunya, i la planificaci\u00f3 territorial i el planejament urb\u00e0.<\/li>\n<li>Coneixement de les din\u00e0miques demogr\u00e0fiques i mobilitat espacial de la poblaci\u00f3.<\/li>\n<li>Relaci\u00f3 entre el desenvolupament territorial i renovaci\u00f3 urbana i la valoritzaci\u00f3 tur\u00edstica del patrimoni cultural i natural, tant des d&#8217;una perspectiva te\u00f2rica com aplicada.<\/li>\n<li>L\u2019abast de les noves relacions entre turisme i territori a escala local i regional, centrant l&#8217;atenci\u00f3 en els processos d&#8217;intensificaci\u00f3 i extensi\u00f3 del turisme en els espais d&#8217;interior i en les ciutats.<\/li>\n<li>Conseq\u00fc\u00e8ncies territorials del canvi clim\u00e0tic i determinaci\u00f3 d&#8217;estrat\u00e8gies de mitigaci\u00f3.<\/li>\n<li>Gesti\u00f3 i planificaci\u00f3 territorial del turisme en el marc de la gesti\u00f3 p\u00fablica del turisme.<\/li>\n<\/ul>\n<h3>QU\u00c8 FEM<\/h3>\n<h3>Serveis<\/h3>\n<p>Planificaci\u00f3 territorial i urbana; gesti\u00f3 i planificaci\u00f3 tur\u00edstica; gesti\u00f3 tur\u00edstica del patrimoni cultural i natural.<\/p>\n<h3>PER A QUI TREBALLEM<\/h3>\n<h3>Clients<\/h3>\n<p>Ajuntament de Barcelona; Ajuntament d\u2019Olesa de Bonesvalls; Diputaci\u00f3 de Barcelona; Generalitat de Catalunya (Departament d\u2019Innovaci\u00f3, Universitats i Empresa); Gobierno del Principado de Asturias; Institut Cartogr\u00e0fic de Catalunya; Roca Arquitectes &amp; Associats; Turisme de Barcelona.<\/p>\n<h3>RECERCA<\/h3>\n<p>Projectes en convocat\u00f2ria competitiva amb IP del Grup, darrers 5 anys:<\/p>\n<ul>\n<li>Nuevos turismos y desarrollo territorial en un contexto de cambio. Experiencias y oportunidades de los espacios tur\u00edsticos de interior en Espa\u00f1a.\u00a0Codi: CSO2011-27230. Ministerio de Ciencia e Innovaci\u00f3n.\u00a02011\u20132013. IP: F. L\u00f3pez Palomeque. N\u00ba Investigadors: 14<\/li>\n<li>Estrategias de adaptaci\u00f3n planificada para la reducci\u00f3n de la vulnerabilidad del turismo litoral del Mediterr\u00e1neo espa\u00f1ol al cambio clim\u00e1tico.\u00a0Codi: CSO2011-23404. Ministerio de Ciencia y Tecnolog\u00eda. 2012-2014. IP: M. Bel\u00e9n G\u00f3mez Mart\u00edn. Investigadors 6.<\/li>\n<li>Nuevo turismo y desarrollo territorial sostenible: an\u00e1lisis y evaluaci\u00f3n\u00a0de la intensificaci\u00f3n y extensi\u00f3n espacial del turismo en la Catalu\u00f1a interior.\u00a0Codi: CSO2008-03315\/GEOG. Ministerio de Educaci\u00f3n y Ciencia. 2009\u20132011. IP: F. L\u00f3pez Palomeque. N\u00ba Investigadors participants: 12<\/li>\n<li>Evaluaci\u00f3n de la vulnerabilidad del turismo litoral del\u00a0mediterr\u00e1neo espa\u00f1ol al clima y al cambio clim\u00e1tico.\u00a0Codi: CSO2008-01346\/GEOG. Ministerio de Educaci\u00f3n y Ciencia. 2009\u20132011. IP: M\u00aa B. G\u00f3mez Mart\u00edn. N\u00ba Investigadors participants: 6.<\/li>\n<li>Reconeixement de Grup de Recerca Consolidat: An\u00e0lisi Territorial i Desenvolupament Regional (ANTERRIT). Dep. d\u2019Universitats, Recerca i Societat de la Informaci\u00f3. Generalitat de Catalunya. Codi: 2009SGR253. Durada: 2009-2013. IP: F. L\u00f3pez Palomeque. Investigadors participants: 20<\/li>\n<\/ul>\n<h3>RESULTATS<\/h3>\n<h3>Publicacions rellevants<\/h3>\n<p>L\u00d3PEZ PALOMEQUE, F. (Director cient\u00edfic), S\u00c1NCHEZ AGUILERA, D. (Dirctora T\u00e8cnica) (2009): Atles del Turisme a Catalunya. Mapa Nacional de l\u2019Oferta i els Productes Tur\u00edstics, Departament d\u2019Innovaci\u00f3, Universitats i Empresa. Generalitat de Catalunya. Barcelona. 526 p\u00e0gines.<\/p>\n<p>Versi\u00f3 web: <a href=\"http:\/\/www.ub.edu\/mapaturismecat\/ARTS\/000.html\">http:\/\/www.ub.edu\/mapaturismecat\/ARTS\/000.html<\/a><\/p>\n<p>PRATS, Ll. (2011): La viabilidad tur\u00edstica del patrimonio. Pasos. 2011, Vol.9, pp.249-264<\/p>\n<p>TORRES DELGADO, A.; L\u00d3PEZ PALOMEQUE, F. (2012): The growth and spread of the concept of sustainable tourism: The contribution of institutional initiatives to tourism policy, en Tourism Management Perspectives 4 (2012) 1\u201310<\/p>\n<p>G\u00d3MEZ MART\u00cdN, M\u00aaBel\u00e9n; ARMESTO, X. (2010): Exploring the complexity of the relationship between tourists and climate change. A view from Spain. International Journal Of Tourism Research 2010<\/p>\n<p>CARRERAS VERDAGUER, C.; MORENO RED\u00d3N, S. (2010): Por un turismo mediterr\u00e1neo sostenible. El caso de Sic\u00edlia. Cuadernos de Turismo. 2010, pp.171-182<\/p>\n<p>&nbsp;<\/p>\n","protected":false},"excerpt":{"rendered":"<p>PRESENTACI\u00d3 El Grup de Recerca Consolidat d&#8217;An\u00e0lisi Territorial i Desenvolupament Regional (ANTERRIT), del Departament de Geografia F\u00edsica i An\u00e0lisi Geogr\u00e0fica&#8230;<\/p>\n","protected":false},"author":1,"featured_media":3171,"parent":1469,"menu_order":0,"comment_status":"closed","ping_status":"closed","template":"page-grupsrecerca.php","meta":{"_acf_changed":false,"inline_featured_image":false,"_monsterinsights_skip_tracking":false,"_monsterinsights_sitenote_active":false,"_monsterinsights_sitenote_note":"","_monsterinsights_sitenote_category":0,"footnotes":""},"class_list":["post-2106","page","type-page","status-publish","has-post-thumbnail","hentry"],"acf":[],"_links":{"self":[{"href":"https:\/\/www.fbg.ub.edu\/es\/wp-json\/wp\/v2\/pages\/2106","targetHints":{"allow":["GET"]}}],"collection":[{"href":"https:\/\/www.fbg.ub.edu\/es\/wp-json\/wp\/v2\/pages"}],"about":[{"href":"https:\/\/www.fbg.ub.edu\/es\/wp-json\/wp\/v2\/types\/page"}],"author":[{"embeddable":true,"href":"https:\/\/www.fbg.ub.edu\/es\/wp-json\/wp\/v2\/users\/1"}],"replies":[{"embeddable":true,"href":"https:\/\/www.fbg.ub.edu\/es\/wp-json\/wp\/v2\/comments?post=2106"}],"version-history":[{"count":2,"href":"https:\/\/www.fbg.ub.edu\/es\/wp-json\/wp\/v2\/pages\/2106\/revisions"}],"predecessor-version":[{"id":3174,"href":"https:\/\/www.fbg.ub.edu\/es\/wp-json\/wp\/v2\/pages\/2106\/revisions\/3174"}],"up":[{"embeddable":true,"href":"https:\/\/www.fbg.ub.edu\/es\/wp-json\/wp\/v2\/pages\/1469"}],"wp:featuredmedia":[{"embeddable":true,"href":"https:\/\/www.fbg.ub.edu\/es\/wp-json\/wp\/v2\/media\/3171"}],"wp:attachment":[{"href":"https:\/\/www.fbg.ub.edu\/es\/wp-json\/wp\/v2\/media?parent=2106"}],"curies":[{"name":"wp","href":"https:\/\/api.w.org\/{rel}","templated":true}]}}