{"id":2102,"date":"2017-09-15T20:06:54","date_gmt":"2017-09-15T19:06:54","guid":{"rendered":"http:\/\/161.116.26.48\/investigadores\/grupos-investigacion-ub\/conservacio-restauracio-patrimoni\/"},"modified":"2023-09-19T15:41:21","modified_gmt":"2023-09-19T13:41:21","slug":"conservacio-restauracio-patrimoni","status":"publish","type":"page","link":"https:\/\/www.fbg.ub.edu\/es\/investigadores\/grupos-investigacion-ub\/conservacio-restauracio-patrimoni\/","title":{"rendered":"Conservaci\u00f3 &#8211; Restauraci\u00f3 del patrimoni"},"content":{"rendered":"<h3>Presentaci\u00f3<\/h3>\n<p>El grup de recerca Conservaci\u00f3-Restauraci\u00f3 del Patrimoni, reconegut per la Generalitat de Catalunya (SGR: 2021), \u00e9s un equip multidisciplinari format majorit\u00e0riament per conservadors i restauradors de la Universitat de Barcelona que combinen doc\u00e8ncia i investigaci\u00f3. L\u2019objectiu principal del grup \u00e9s l\u2019estudi, la documentaci\u00f3, la caracteritzaci\u00f3 i la identificaci\u00f3 de materials, t\u00e8cniques, patologies i tractaments de conservaci\u00f3-restauraci\u00f3 dels b\u00e9ns culturals.<\/p>\n<h3>QU\u00c8 FEM<\/h3>\n<h3><strong>Serveis<\/strong><\/h3>\n<p>El Grup articula la seva activitat en dos eixos fonamentals:<\/p>\n<p>RECERCA I INNOVACI\u00d3<\/p>\n<p>El grup CRP desenvolupa projectes de recerca en l&#8217;\u00e0mbit de la conservaci\u00f3-restauraci\u00f3. L&#8217;objectiu d&#8217;aquestes investigacions \u00e9s el de contribuir en el coneixement dels materials constitutius dels B\u00e9ns Culturals de diversa naturalesa aix\u00ed com en l\u2019estudi de nous materials i noves t\u00e8cniques aplicades als tractaments de conservaci\u00f3-restauraci\u00f3.<\/p>\n<p>CONSULTORIA<\/p>\n<p>El grup CRP tamb\u00e9 ofereix un servei de suport a la recerca i consultoria. Aquest servei es dirigeix tant a institucions p\u00fabliques com a empreses privades de l&#8217;\u00e0mbit del Patrimoni Cultural.<\/p>\n<p>&#8211; T\u00e8cniques d\u2019an\u00e0lisi per a la identificaci\u00f3 de t\u00e8cniques de fabricaci\u00f3, procediments d\u2019elaboraci\u00f3 i estudis de caracteritzaci\u00f3 i identificaci\u00f3 dels materials constitutius del B\u00e9ns Culturals aix\u00ed com dels mecanismes d\u2019alteraci\u00f3 i les seves degradacions.<\/p>\n<p>&#8211; Observaci\u00f3 macrosc\u00f2pica (lupa binocular)<\/p>\n<p>&#8211; Microsc\u00f2pia \u00d2ptica i MO de polaritzaci\u00f3<\/p>\n<p>&#8211; T\u00e8cniques d&#8217;imatge (UV, Vis, IR)<\/p>\n<p>&#8211; Radiografia<\/p>\n<p>&#8211; Colorimetria<\/p>\n<p>&#8211; Espectrosc\u00f2pia vibracional (FTIR i Raman)<\/p>\n<p>&#8211; Difracci\u00f3 de raigs X<\/p>\n<p>&#8211; Microsc\u00f2pia electr\u00f2nica de rastreig (SEM-EDS)<\/p>\n<p>&#8211; Cromatografia HPLC\/MS, GC\/MS, HS-SPME\/MS<\/p>\n<p>&#8211; MALDI-TOF<\/p>\n<p>&#8211; Catodoluminesc\u00e8ncia<\/p>\n<p>&#8211; Arqueomagnetisme<\/p>\n<p>&#8211; Elaboraci\u00f3 del planejament estrat\u00e8gic; la realitzaci\u00f3 de l&#8217;examen i diagn\u00f2stic; la preparaci\u00f3 dels plans de conservaci\u00f3 i de les propostes de tractament; la confecci\u00f3 de programes de conservaci\u00f3 preventiva; l&#8217;aplicaci\u00f3 dels tractaments de conservaci\u00f3-restauraci\u00f3 i la documentaci\u00f3 de qualsevol intervenci\u00f3 en els b\u00e9ns culturals.<\/p>\n<p>&#8211; Elaboraci\u00f3 i seguiment de Condition repports per a pr\u00e9stecs d\u2019obra entre institucions.<\/p>\n<h3>PER A QUI TREBALLEM<\/h3>\n<h3>Clients<\/h3>\n<p>El servei de consultoria es dirigeix tant a institucions p\u00fabliques com a empreses privades de l&#8217;\u00e0mbit del Patrimoni Cultural.<\/p>\n<h3>RESULTATS<\/h3>\n<h3>Activitat de recerca<\/h3>\n<p>PROJECTES EUROPEUS (\u00daLTIMS 5 ANYS)<\/p>\n<ul>\n<li>Cultural Heritage Actions to Refine Training, Education and Roles [CHARTER] Erasmus+ Project, EU 2021-2024 GA No. 621572-EPP- 1-2020-1-ES-EPPKA2-SSA-B.<\/li>\n<li>Non-destructive Identification of Bromoil, Oil and Transfer Photographs (NIBOTRAP). Ajut en el marc del European Project Iperion HS (Molab). H2020-INFRAIA-2019-1, under GA No. 871034. 2022.<\/li>\n<li>NANOmaterials for the REStoration of works of ART [NANORESTART]. 2015 &#8211; 2018. Ref.646063, European Union.<\/li>\n<\/ul>\n<p>PROJECTES ESTATALS I COL\u00b7LABORACIONS (ACTUALMENT)<\/p>\n<ul>\n<li>ENCLOSURE: Eco-design of NanoCeLlulOse-based Solutions for cUltuRal hEritage conservation: materials development, validation, and life cycle assessment. Ministerio de Ciencia e Innovaci\u00f3n TED2021-129299A-I00. 2022 \u2013 2024.<\/li>\n<li>ViTRA: Culturas visuales en transformaci\u00f3n. El arte levantino de Castilla &#8211; La Mancha y su papel en los cambios socioculturales postglaciares, (UCLM). Junta de Castilla-La Mancha, Consejer\u00eda de Educaci\u00f3n, Cultura y Deportes. SBPLY\/21\/180501\/000073. 2022-2024.<\/li>\n<li>Control, gesti\u00f3n y explotaci\u00f3n del territorio en la Hispania romana: del modelo agrimensor al Paisaje Hist\u00f3rico. Gobierno de Espa\u00f1a (Ministerio de Ciencia e Innovaci\u00f3n). PID2021-122879OB-I00. 2022-2025.<\/li>\n<li>CoRCLOSCA. Conservaci\u00f3-Restauraci\u00f3 de b\u00e9ns culturals de fusta amb materials lignocel\u00b7lul\u00f2sics procedents de residus forestals i agroalimentaris, (UB). Vicerectorat de recerca de la Universitat de Barcelona. AS017637. 2022-2023.<\/li>\n<li>PAST-AGROPIR: Las primeras comunidades agropastorales de la vertiente sur del Pirineo Central: econom\u00eda y paisaje (5600-4500 cal ANE), (UAB). Ministerio de Ciencia, Innovaci\u00f3n y Universidades. PID2020-115205GB-I00. 2021 \u2013 2024.<\/li>\n<li>El poblamiento humano en el NE peninsular y contexto paleoambiental durante el Pleistoceno superior y el Holoceno inicial. (UB). Ministerio de Ciencia, Innovaci\u00f3n y Universidades. PID2020- 113960GB-I00. 2021 \u2013 2024.<\/li>\n<\/ul>\n<h3>Publicacions m\u00e9s rellevants<\/h3>\n<p>Pocostales L., Pitarch Mart\u00ed A.,Guasch-Ferr\u00e9 N., Dom\u00e9nech-Carb\u00f3 M.T., Prada P\u00e9rez JL. (2023) New Insights into the Geochemical Processes Occurring on the Surface of Stuccoes Made of Slaked Lime Putty. Crystals, 13(2), 219-241. <a href=\"https:\/\/doi.org\/10.3390\/cryst13020219\" target=\"_blank\" rel=\"noopener\">https:\/\/doi.org\/10.3390\/cryst13020219<\/a><\/p>\n<p>Casas, L., Di Febo, R., Ruiz, J., Brilli, M., Antonelli, F., Mart\u00edn-Mart\u00edn, J.D. (2022). Archaeometric Classification of Scattered Marble Fragments to Help the Reconstruction of Statues. Minerals, 12, 1614. <a href=\"https:\/\/doi.org\/10.3390\/min12121614\">https:\/\/doi.org\/10.3390\/min12121614<\/a><\/p>\n<p>Mar\u00edn-Ortega, S.; Calvo i Torras, M.A.; Iglesias-Campos, M.A. (2022). Correlation tests between relative light unit and colony forming unit for improving adenosine triphosphate bioluminescence analysis in bacterial consolidation treatments on palaeontological heritage. Luminescence, 37(12), 2129\u20132138. <a href=\"https:\/\/doi.org\/10.1002\/bio.4403\">https:\/\/doi.org\/10.1002\/bio.4403<\/a><\/p>\n<p>Bautista-Morenilla, I., Ruiz-Recasens, C., Iglesias-Campos, M., Oriola-Folch, M. (2022). Powdered cellulose microblasting: a useful technique for dry-cleaning the reverse side of canvas paintings. Heritage Science 10:170. <a href=\"https:\/\/doi.org\/10.1186\/s40494-022-00796-1\">https:\/\/doi.org\/10.1186\/s40494-022-00796-1<\/a><\/p>\n<p>Anglisano, A., Casas, L., Queralt, I., Di Febo, R. (2022). Supervised Machine Learning Algorithms to Predict Provenance of Archaeological Pottery Fragments. Sustainability, 14(18), 11214. <a href=\"https:\/\/doi.org\/10.3390\/su141811214\">https:\/\/doi.org\/10.3390\/su141811214<\/a><\/p>\n<p>Ferrer, S.; Campo\u2011Franc\u00e9s, G.; Grau\u2011Bov\u00e9, J.; Bautista\u2011Morenilla, I.; Nualart\u2011Torroja, A. (2022). RH simulation model for canvas paintings protected by an aluminium backplate and an additional hygroscopic layer, Heritage Science, 10:115. <a href=\"https:\/\/doi.org\/10.1186\/s40494-022-00741-2\">https:\/\/doi.org\/10.1186\/s40494-022-00741-2<\/a><\/p>\n<p>Ramos-Mu\u00f1oz J, Cantalejo P, Blumenr\u00f6ther J, Bolin V, Otto T, Rotg\u00e4nger M, Kehl M, Kellberg Nielsen T, Espejo M, Fern\u00e1ndez-S\u00e1nchez D, Moreno-M\u00e1rquez A, Vijande-Vila E, Cabello L, Becerra S, Pitarch Mart\u00ed A, Riquelme JA, Cantillo-Duarte JJ, Dom\u00ednguez-Bella S, Ramos-Garc\u00eda P, Tafelmaier Y, Weniger G-C (2022) The nature and chronology of human occupation at the Galer\u00edas Bajas, from Cueva de Ardales, Malaga, Spain. PLoS One, 17(6) e0266788. <a href=\"https:\/\/doi.org\/10.1371\/journal.pone.0266788\">https:\/\/doi.org\/10.1371\/journal.pone.0266788<\/a><\/p>\n<p>Bautista-Morenilla, I.; Nualart-Torroja, A.; Oriola-Folch, M. (2022). El reverso que no vemos. Hallazgo de un conjunto g\u00f3tico actualmente disperso a partir del estudio del soporte, Ge-Conservacion, 21(1), 165-179. <a href=\"https:\/\/doi.org\/10.37558\/gec.v21i1.994\">https:\/\/doi.org\/10.37558\/gec.v21i1.994<\/a><\/p>\n<p>Par\u00e9s, F., Arias-Duart, A., Garcia-Gasulla, D., Campo-Franc\u00e9s, G., Viladrich, N., Ayguad\u00e9, E., &amp; Labarta, J. (2022). The MAMe dataset: on the relevance of high resolution and variable shape image properties. Applied Intelligence, 1-22. <a href=\"https:\/\/doi.org\/10.1007\/s10489-021-02951-w\">https:\/\/doi.org\/10.1007\/s10489-021-02951-w<\/a><\/p>\n<p>L\u00f3pez-Prat, M., Lancelotti, C., Campo-Franc\u00e9s, G., Miriello, D. (2022). The role of plants and fibres in modelling monumental terracruda sculptures of the Silk Roads: archaeobotanical analyses from the Buddhists sites of Tepe-Narenj and Qol-e-tut (Kabul, Afghanistan). Heritage Science, 10 (1), 1-16. <a href=\"https:\/\/doi.org\/10.1186\/s40494-022-00709-2\">https:\/\/doi.org\/10.1186\/s40494-022-00709-2<\/a><\/p>\n<p>D\u00edaz-Acha, Y., Campeny, M., Casas, L., Di Febo, R., Iba\u00f1ez-Insa, J., Jawhari, T., &#8230; &amp; Melgarejo, J. C. (2022). Colours of Gemmy Phosphates from the Gav\u00e0 Neolithic Mines (Catalonia, Spain): Origin and Archaeological Significance. Minerals, 12(3), 368. <a href=\"https:\/\/doi.org\/10.3390\/min12030368\">https:\/\/doi.org\/10.3390\/min12030368<\/a><\/p>\n<p>Tema, E., Ferrara, E., Zamboni, L., Venturino, M., Reboldi, M., Egea Guevara, A., &amp; Casas, L. (2022). Determining the use of ancient ceramic artefacts through combined morphological and magnetic analyses: the case of Villa del Foro, Northern Italy. Archaeological and Anthropological Sciences, 14(1), 1-12. <a href=\"http:\/\/dx.doi.org\/10.1007\/s12520-021-01472-4\">http:\/\/dx.doi.org\/10.1007\/s12520-021-01472-4<\/a><\/p>\n<p>d&#8217;Errico, F.; Pitarch Mart\u00ed, A.; Wei, Y.; Gao, X.; Vanhaeren, M.; Doyon, L. Zhoukoudian. (2021). Upper cave personal ornaments and ochre: rediscovery and reevaluation. Journal of Human Evolution, 161, https:\/\/doi.org\/10.1016\/j.jhevol 2021.103088 ISSN 0047-2484.<\/p>\n<p>L\u00f3pez-Prat, M., Agostino, R.G., Ray Bandyopadhyay, S., Carrascosa, B., Crocco, M.C., De Luca, R., Filosa, R., Formoso, V., Lancelotti, C., Noori, N.A., Pecci, A., Sim\u00f3n-Cort\u00e9s, J. &amp; Miriello, D. (2021). Architectural Terracruda Sculptures of the Silk Roads: New Conservation Insights Through a Diagnostic Approach Based on Non- Destructive X-ray Micro- Computed Tomography. Studies in Conservation, 1-13. https:\/\/doi.org\/10.1080\/00393630 2020.1862605.<\/p>\n<p>P\u00e9rez-Diez, S.; Pitarch Mart\u00ed, A.; Giakoumaki, A.; Prieto-Taboada, N.; Fernandez- Ortiz de Vallejuelo, S.; Martellone, A.; De Nigris, B.; Osanna, M.; Madariaga, J.M.; Maguregui, M. (2021). When Red Turns Black: Influence of the 79 AD Volcanic Eruption and Burial Environment on the Blackening\/Darkening of Pompeian Cinnabar. Analytical Chemistry, 93 &#8211; 48, 15870 &#8211; 15877. <a href=\"https:\/\/doi.org\/10.1021\/acs.analchem.1c02420\">https:\/\/doi.org\/10.1021\/acs.analchem.1c02420<\/a><\/p>\n<p>Casas, L., Auguet, C., Guasch-Ferr\u00e9, N., G\u00f3mez-Paccard, M., Prada, J. L., Pitarch Mart\u00ed, \u00c0., &amp; Menchon, J. (2020). Archaeomagnetic study of a limekiln in the Les Ferreres Roman aqueduct, World Heritage Site of Tarraco. Archaeological and Anthropological Sciences, 12(9), 1-10. <a href=\"https:\/\/doi.org\/10.1007\/s12520-020-01175-2\">https:\/\/doi.org\/10.1007\/s12520-020-01175-2<\/a><\/p>\n<p>Dom\u00e9nech-Carb\u00f3, A., Dom\u00e9nech-Carb\u00f3, M. T., Osete-Cortina, L., Donnici, M., Guasch-Ferr\u00e9, N., Gasol-Fargas, R. M., &amp; Iglesias-Campos, M. \u00c1. (2020). Electrochemical assessment of pigments-binding medium interactions in oil paint deterioration: a case study on indigo and Prussian blue. Heritage Science, 8(1), 1-17. <a href=\"https:\/\/doi.org\/10.1186\/s40494-020-00415-x\">https:\/\/doi.org\/10.1186\/s40494-020-00415-x<\/a><\/p>\n<p>Bridarolli, A.; Nualart-Torroja, A.; Chevalier, A.; Odlyha, M.; Bozec, L. (2020). Systematic mechanical assessment of consolidants for canvas reinforcement under controlled environment. Heritage Science, 8(52), 1-12. <a href=\"https:\/\/doi.org\/10.1186\/s40494-02000396-x\">https:\/\/doi.org\/10.1186\/s40494-02000396-x<\/a><\/p>\n<p>Ferrer, S.; Campo-Franc\u00e9s, G.; Ruiz-Recasens, C.; Oriola-Folch, M. (2020). Microclimate numerical simulation to obtain the minimum safe distances between a painted wood panel and the inner face of an exterior wall. Heritage Science, 8(1), 1- 16. <a href=\"https:\/\/doi.org\/10.1186\/s40494-020-00376-1\">https:\/\/doi.org\/10.1186\/s40494-020-00376-1<\/a><\/p>\n<p>Oriola-Folch, M.; Campo-Franc\u00e9s, G.; Nualart-Torroja, A.; Ruiz-Recasens, C.; Bautista, I. (2020). Novel nanomaterials to stabilise the canvas support of paintings assessed from a conservator&#8217;s point of view. Heritage Science, 8(23), 1 \u2013 12. <a href=\"https:\/\/doi.org\/10.1186\/s40494-020-00367-2\">https:\/\/doi.org\/10.1186\/s40494-020-00367-2<\/a><\/p>\n<p>&nbsp;<\/p>\n","protected":false},"excerpt":{"rendered":"<p>Presentaci\u00f3 El grup de recerca Conservaci\u00f3-Restauraci\u00f3 del Patrimoni, reconegut per la Generalitat de Catalunya (SGR: 2021), \u00e9s un equip multidisciplinari&#8230;<\/p>\n","protected":false},"author":1,"featured_media":12789,"parent":1469,"menu_order":0,"comment_status":"closed","ping_status":"closed","template":"page-grupsrecerca.php","meta":{"_acf_changed":false,"inline_featured_image":false,"_monsterinsights_skip_tracking":false,"_monsterinsights_sitenote_active":false,"_monsterinsights_sitenote_note":"","_monsterinsights_sitenote_category":0,"footnotes":""},"class_list":["post-2102","page","type-page","status-publish","has-post-thumbnail","hentry"],"acf":[],"_links":{"self":[{"href":"https:\/\/www.fbg.ub.edu\/es\/wp-json\/wp\/v2\/pages\/2102","targetHints":{"allow":["GET"]}}],"collection":[{"href":"https:\/\/www.fbg.ub.edu\/es\/wp-json\/wp\/v2\/pages"}],"about":[{"href":"https:\/\/www.fbg.ub.edu\/es\/wp-json\/wp\/v2\/types\/page"}],"author":[{"embeddable":true,"href":"https:\/\/www.fbg.ub.edu\/es\/wp-json\/wp\/v2\/users\/1"}],"replies":[{"embeddable":true,"href":"https:\/\/www.fbg.ub.edu\/es\/wp-json\/wp\/v2\/comments?post=2102"}],"version-history":[{"count":10,"href":"https:\/\/www.fbg.ub.edu\/es\/wp-json\/wp\/v2\/pages\/2102\/revisions"}],"predecessor-version":[{"id":17107,"href":"https:\/\/www.fbg.ub.edu\/es\/wp-json\/wp\/v2\/pages\/2102\/revisions\/17107"}],"up":[{"embeddable":true,"href":"https:\/\/www.fbg.ub.edu\/es\/wp-json\/wp\/v2\/pages\/1469"}],"wp:featuredmedia":[{"embeddable":true,"href":"https:\/\/www.fbg.ub.edu\/es\/wp-json\/wp\/v2\/media\/12789"}],"wp:attachment":[{"href":"https:\/\/www.fbg.ub.edu\/es\/wp-json\/wp\/v2\/media?parent=2102"}],"curies":[{"name":"wp","href":"https:\/\/api.w.org\/{rel}","templated":true}]}}