{"id":2098,"date":"2017-09-15T20:20:27","date_gmt":"2017-09-15T19:20:27","guid":{"rendered":"http:\/\/161.116.26.48\/investigadores\/conocimiento-experto-ub\/turisme-i-lleure\/"},"modified":"2017-11-28T13:27:52","modified_gmt":"2017-11-28T12:27:52","slug":"turisme-i-lleure","status":"publish","type":"page","link":"https:\/\/www.fbg.ub.edu\/es\/investigadores\/conocimiento-experto-ub\/turisme-i-lleure\/","title":{"rendered":"Turismo y ocio"},"content":{"rendered":"<h3><strong>DISE\u00d1O Y ASESOR\u00cdA EN ACTIVIDADES TUR\u00cdSTICAS<\/strong><\/h3>\n<ul>\n<li>Construcci\u00f3n de\u00a0\u00a0\u00a0 \u00a0proyectos narrativos diversos sobre el patrimonio art\u00edstico y natural.<\/li>\n<li>Formaci\u00f3n de gu\u00edas tur\u00edsticos en \u00e1reas tem\u00e1ticas y espacios espec\u00edficos.<\/li>\n<li>Dise\u00f1o de se\u00f1al\u00e9tica para rutas tur\u00edsticas.<\/li>\n<li>Rutas literarias did\u00e1cticas.<\/li>\n<li>Dise\u00f1o de rutas especializadas en modernismo.<\/li>\n<li>Dise\u00f1o de rutas especializadas en arte rom\u00e1nico.<\/li>\n<li>Rutas arqueol\u00f3gicas.<\/li>\n<li>Inventarios de patrimonio alimentario para el turismo gastron\u00f3mico.<\/li>\n<\/ul>\n<h3><strong>P<\/strong><strong>RODUCTOS TUR\u00cdSTICOS COMERCIALIZABLES<\/strong><\/h3>\n<ul>\n<li>S\u00edntesis hist\u00f3ricas y art\u00edsticas para la elaboraci\u00f3n de gu\u00edas tur\u00edsticas.<\/li>\n<li>Selecci\u00f3n de contenidos \u00a0para gu\u00edas y folletos tur\u00edsticos.<\/li>\n<li>Asesoramiento en dise\u00f1o de <em>merchandising <\/em>especializado en modernismo.<\/li>\n<li>Recreaci\u00f3n de artefactos hist\u00f3ricos.<\/li>\n<li>Asesoramiento en dise\u00f1o de <em>merchandising <\/em>especializado en arte rom\u00e1nico.<\/li>\n<li>Asesoramiento en la reproducci\u00f3n de cer\u00e1micas arqueol\u00f3gicas de calidad.<\/li>\n<li>Revalorizaci\u00f3n de productos alimentarios.<\/li>\n<\/ul>\n<h3><strong>PL<\/strong><strong>ANIFICACI\u00d3N Y DISE\u00d1O DE INSTALACIONES DE TURISMO CULTURAL<\/strong><\/h3>\n<ul>\n<li>Centros de interpretaci\u00f3n art\u00edstica.<\/li>\n<li>Centros de interpretaci\u00f3n hist\u00f3rica.<\/li>\n<li>Dise\u00f1o de se\u00f1al\u00e9tica para complejos tur\u00edsticos.<\/li>\n<li>Recreaci\u00f3n de escenograf\u00edas y de iconograf\u00edas hist\u00f3rico- did\u00e1cticas.<\/li>\n<li>Centros de interpretaci\u00f3n arqueol\u00f3gica.<\/li>\n<\/ul>\n<h3><strong>P<\/strong><strong>RODUCTOS TUR\u00cdSTICOS DIGITALES COMERCIALIZABLES<\/strong><\/h3>\n<ul>\n<li>Recreaci\u00f3n hist\u00f3rica virtual.<\/li>\n<li>Asesoramiento en productos audiovisuales de tem\u00e1tica hist\u00f3rica.<\/li>\n<li>Elaboraci\u00f3n de materiales para audiogu\u00edas tur\u00edsticas.<\/li>\n<li>Estudios de uso de recursos web tur\u00edsticos.<\/li>\n<li>Elaboraci\u00f3n de materiales para dispositivos m\u00f3viles.<\/li>\n<li>Asesoramiento en la elaboraci\u00f3n de proyectos y la presentaci\u00f3n a concursos p\u00fablicos para el sector del turismo.<\/li>\n<li>Asesoramiento en productos audiovisuales de tem\u00e1tica arqueol\u00f3gica.<\/li>\n<li>Reconstrucci\u00f3n virtual de edificios y yacimientos arqueol\u00f3gicos.<\/li>\n<li>Desarrollo de portales de Internet de inter\u00e9s tur\u00edstico.<\/li>\n<\/ul>\n<h3><strong>ESTUDIOS DE MERCADO<\/strong><\/h3>\n<ul>\n<li>Evaluaci\u00f3n de calidad para actividades de turismo cultural.<\/li>\n<li>Asesoramiento especializado sobre necesidades comunicativas y pluriling\u00fcismo.<\/li>\n<li>An\u00e1lisis de comportamientos y de h\u00e1bitos alimentarios de colectivos.<\/li>\n<\/ul>\n<h3><strong>OCIO<\/strong><\/h3>\n<ul>\n<li>Desarrollo de portales de<\/li>\n<li>Internet de inter\u00e9s cultural.<\/li>\n<li>Montaje de exposiciones.<\/li>\n<li>Dise\u00f1o de juegos did\u00e1cticos.<\/li>\n<li>Selecci\u00f3n y b\u00fasqueda de materiales para producciones audiovisuales.<\/li>\n<li>Asesoramiento para la dinamizaci\u00f3n de espacios culturales.<\/li>\n<li>Asesoramiento para la elaboraci\u00f3n de guiones para documentales monogr\u00e1ficos.<\/li>\n<li>Asesoramiento contextual para el dise\u00f1o de videojuegos con trasfondo hist\u00f3rico o arqueol\u00f3gico.<\/li>\n<li>Cr\u00edtica musical.<\/li>\n<li>Selecci\u00f3n y b\u00fasqueda de materiales para producciones cinematogr\u00e1ficas.<\/li>\n<li>M\u00fasica y acompa\u00f1amiento de ambiente tem\u00e1tico para exposiciones.<\/li>\n<li>Organizaci\u00f3n de conciertos de m\u00fasica antigua.<\/li>\n<li>Producciones discogr\u00e1ficas de \u00e9poca antigua a medida.<\/li>\n<li>Organizaci\u00f3n de recitales de poes\u00eda contempor\u00e1nea para distintas franjas de edad.<\/li>\n<li>Estudios etnoarqueol\u00f3gicos de actividades tradicionales.<\/li>\n<li>Selecci\u00f3n y adaptaci\u00f3n de textos para dramatizaci\u00f3n.<\/li>\n<\/ul>\n","protected":false},"excerpt":{"rendered":"<p>DISE\u00d1O Y ASESOR\u00cdA EN ACTIVIDADES TUR\u00cdSTICAS Construcci\u00f3n de\u00a0\u00a0\u00a0 \u00a0proyectos narrativos diversos sobre el patrimonio art\u00edstico y natural. Formaci\u00f3n de gu\u00edas&#8230;<\/p>\n","protected":false},"author":1,"featured_media":4141,"parent":1464,"menu_order":0,"comment_status":"closed","ping_status":"closed","template":"page-expertesa.php","meta":{"_acf_changed":false,"inline_featured_image":false,"_monsterinsights_skip_tracking":false,"_monsterinsights_sitenote_active":false,"_monsterinsights_sitenote_note":"","_monsterinsights_sitenote_category":0,"footnotes":""},"class_list":["post-2098","page","type-page","status-publish","has-post-thumbnail","hentry"],"acf":[],"_links":{"self":[{"href":"https:\/\/www.fbg.ub.edu\/es\/wp-json\/wp\/v2\/pages\/2098","targetHints":{"allow":["GET"]}}],"collection":[{"href":"https:\/\/www.fbg.ub.edu\/es\/wp-json\/wp\/v2\/pages"}],"about":[{"href":"https:\/\/www.fbg.ub.edu\/es\/wp-json\/wp\/v2\/types\/page"}],"author":[{"embeddable":true,"href":"https:\/\/www.fbg.ub.edu\/es\/wp-json\/wp\/v2\/users\/1"}],"replies":[{"embeddable":true,"href":"https:\/\/www.fbg.ub.edu\/es\/wp-json\/wp\/v2\/comments?post=2098"}],"version-history":[{"count":4,"href":"https:\/\/www.fbg.ub.edu\/es\/wp-json\/wp\/v2\/pages\/2098\/revisions"}],"predecessor-version":[{"id":4214,"href":"https:\/\/www.fbg.ub.edu\/es\/wp-json\/wp\/v2\/pages\/2098\/revisions\/4214"}],"up":[{"embeddable":true,"href":"https:\/\/www.fbg.ub.edu\/es\/wp-json\/wp\/v2\/pages\/1464"}],"wp:featuredmedia":[{"embeddable":true,"href":"https:\/\/www.fbg.ub.edu\/es\/wp-json\/wp\/v2\/media\/4141"}],"wp:attachment":[{"href":"https:\/\/www.fbg.ub.edu\/es\/wp-json\/wp\/v2\/media?parent=2098"}],"curies":[{"name":"wp","href":"https:\/\/api.w.org\/{rel}","templated":true}]}}