{"id":2094,"date":"2017-09-15T20:18:51","date_gmt":"2017-09-15T19:18:51","guid":{"rendered":"http:\/\/161.116.26.48\/investigadores\/conocimiento-experto-ub\/tecnologia-informacio-comunicacio-coneixement\/"},"modified":"2017-11-30T09:22:24","modified_gmt":"2017-11-30T08:22:24","slug":"tecnologia-informacio-comunicacio-coneixement","status":"publish","type":"page","link":"https:\/\/www.fbg.ub.edu\/es\/investigadores\/conocimiento-experto-ub\/tecnologia-informacio-comunicacio-coneixement\/","title":{"rendered":"Tecnolog\u00eda de la informaci\u00f3n, la comunicaci\u00f3n y el conocimiento"},"content":{"rendered":"<h3><strong>TECNOLOGIES DE LA COMUNICACI\u00d3<\/strong><\/h3>\n<ul>\n<li>Validaci\u00f3 de processos tecnol\u00f2gics i<\/li>\n<li>caracteritzaci\u00f3 de materials per a la realitzaci\u00f3 de microsistemes.<\/li>\n<li>Desenvolupament de dispositius i components electr\u00f2nics.<\/li>\n<li>Disseny, simulaci\u00f3 i desenvolupament de nous sensors i actuadors basats en tecnologia microelectr\u00f2nica.<\/li>\n<li>Disseny de circuits interf\u00edcie per a sensors i actuadors (conversors A\/D, comunicacions RF, comunicacions \u00f2ptiques, comunicacions mitjan\u00e7ant busos de camp, circuits integrats de pot\u00e8ncia), emprant noves t\u00e8cniques de disseny mixt i tecnologies de microsistemes.<\/li>\n<li>Desenvolupament de sistemes de mesura i control intel\u00b7ligent mitjan\u00e7ant processat del senyal amb un especial \u00e8mfasi en sistemes basats en sensors de gasos (nassos electr\u00f2nics) i en els m\u00e8todes de correcci\u00f3 de no-idealitats dels sensors i actuadors.<\/li>\n<li>Desenvolupament de sistemes<\/li>\n<li>intel\u00b7ligents de captura, processat i transmissi\u00f3 d&#8217;imatges per a aplicacions industrials.<\/li>\n<li>Desenvolupament i implementaci\u00f3 de t\u00e8cniques avan\u00e7ades en tecnologia electr\u00f2nica i nanotecnologia.<\/li>\n<\/ul>\n<h3><strong>\u00d2PTICA<\/strong><\/h3>\n<ul>\n<li>Desenvolupament de sistemes optoelectr\u00f2nics i radiofreq\u00fc\u00e8ncia de telemesura i transmissi\u00f3.<\/li>\n<li>Mesures \u00f2ptiques, electro-\u00f2ptiques i electroqu\u00edmiques.<\/li>\n<li>El\u00b7lipsometria espectral de fase modulada en temps real (uv-VIS).<\/li>\n<li>El\u00b7lipsometria IR de transformada de Fourier.<\/li>\n<li>Adquisici\u00f3 r\u00e0pida d&#8217;imatges de les plomes d&#8217;ablaci\u00f3 amb l\u00e0ser i an\u00e0lisi per espectrosc\u00f2pia d&#8217;emissi\u00f3 \u00f2ptica.<\/li>\n<li>Sistemes de visi\u00f3 basats en la codificaci\u00f3 de front d&#8217;ona.<\/li>\n<li>Desenvolupament d&#8217;eines computacionals per a la determinaci\u00f3 de les constants \u00f2ptiques dels materials pel\u00b7l\u00edcula fina o la descripci\u00f3 electromagn\u00e8tica dels raigs de llum.<\/li>\n<\/ul>\n<h3><strong>ELECTR\u00d2NICA, SENSORS, ACTUADORS, INSTRUMENTACI\u00d3 I CONTROL<\/strong><\/h3>\n<ul>\n<li>Modelitzaci\u00f3 i Simulaci\u00f3 de Sensors i Sistemes.<\/li>\n<li>Modelitzaci\u00f3 de microsistemes.<\/li>\n<li>Actuadors basats en tecnologia microelectr\u00f2nica.<\/li>\n<li>Sensors de gas.<\/li>\n<li>Xarxes de comunicaci\u00f3 ubiq\u00fces: sense fils, sistemes RF, sensors, ambients intel\u00b7ligents.<\/li>\n<li>Sistemes embedded, instrumentaci\u00f3 i control: \u00a0modelitzacio sistemes, sistemes ambients intel\u00b7ligents, processat intel\u00b7ligent senyals, robots miniaturitzats i instrumentaci\u00f3 distribu\u00efts.<\/li>\n<li>Micro-nano sistemes integrats: systems- in-a-package, circuits h\u00edbrids, sistemes multifuncionals.<\/li>\n<\/ul>\n<h3><strong>SOFTWARE<\/strong><\/h3>\n<ul>\n<li>Administraci\u00f3 de sistemes inform\u00e0tics i xarxes complexes.<\/li>\n<li>Caracteritzaci\u00f3 de xarxes de sensors sense fils per al tractament de grans volums de dades.<\/li>\n<li>Models gr\u00e0fics probabil\u00edstics.<\/li>\n<li>Tecnologies de Visi\u00f3 per Computador.<\/li>\n<li>Gr\u00e0fics 3D i \u00e0rees de la Intel\u00b7lig\u00e8ncia Artificial com l\u2019 Aprenentatge Autom\u00e0tic, Sistemes Multi-Agent o Recommenders Grup.<\/li>\n<li>Desenvolupament de software per a la optimitzaci\u00f3, an\u00e0lisi, quantificaci\u00f3 i modelitzaci\u00f3 de sistemes.<\/li>\n<li>Digitalitzaci\u00f3 d\u2019 Imatges.<\/li>\n<li>Detecci\u00f3 i reconeixement d\u2019 objectes i an\u00e0lisi de formes.<\/li>\n<\/ul>\n<h3><strong>TIC PER LA SALUT<\/strong><\/h3>\n<ul>\n<li>Sistemes de visi\u00f3 artificial.<\/li>\n<li>Sistemes de radiofreq\u00fc\u00e8ncia per telemetria i transmissi\u00f3.<\/li>\n<li>Processat del senyal.<\/li>\n<li>Sistemes de monitoritzaci\u00f3 i manipulaci\u00f3 microbiana.<\/li>\n<li>Biosensors i instrumentaci\u00f3 biom\u00e8dica.<\/li>\n<li>Modelat, an\u00e0lisi i visualitzaci\u00f3 de caracter\u00edstiques de dades volum\u00e8triques en Enginyeria Biom\u00e8dica.<\/li>\n<li>Generaci\u00f3 i Correcci\u00f3 en temps real de moviments humans virtuals a traves d\u2019 imatges digitalitzades.<\/li>\n<li>Simulaci\u00f3 3D.<\/li>\n<li>Software per a vigil\u00e0ncia m\u00e8dica.<\/li>\n<li>Segmentaci\u00f3 i An\u00e0lisis d\u2019 imatges m\u00e8diques.<\/li>\n<li>Programaci\u00f3 per navegaci\u00f3 i interacci\u00f3 d\u2019objectes virtuals.<\/li>\n<li>Aplicacions de realitat virtual per a psicologia cl\u00ednica.<\/li>\n<\/ul>\n","protected":false},"excerpt":{"rendered":"<p>TECNOLOGIES DE LA COMUNICACI\u00d3 Validaci\u00f3 de processos tecnol\u00f2gics i caracteritzaci\u00f3 de materials per a la realitzaci\u00f3 de microsistemes. Desenvolupament de&#8230;<\/p>\n","protected":false},"author":1,"featured_media":4126,"parent":1464,"menu_order":0,"comment_status":"closed","ping_status":"closed","template":"page-expertesa.php","meta":{"_acf_changed":false,"inline_featured_image":false,"_monsterinsights_skip_tracking":false,"_monsterinsights_sitenote_active":false,"_monsterinsights_sitenote_note":"","_monsterinsights_sitenote_category":0,"footnotes":""},"class_list":["post-2094","page","type-page","status-publish","has-post-thumbnail","hentry"],"acf":[],"_links":{"self":[{"href":"https:\/\/www.fbg.ub.edu\/es\/wp-json\/wp\/v2\/pages\/2094","targetHints":{"allow":["GET"]}}],"collection":[{"href":"https:\/\/www.fbg.ub.edu\/es\/wp-json\/wp\/v2\/pages"}],"about":[{"href":"https:\/\/www.fbg.ub.edu\/es\/wp-json\/wp\/v2\/types\/page"}],"author":[{"embeddable":true,"href":"https:\/\/www.fbg.ub.edu\/es\/wp-json\/wp\/v2\/users\/1"}],"replies":[{"embeddable":true,"href":"https:\/\/www.fbg.ub.edu\/es\/wp-json\/wp\/v2\/comments?post=2094"}],"version-history":[{"count":2,"href":"https:\/\/www.fbg.ub.edu\/es\/wp-json\/wp\/v2\/pages\/2094\/revisions"}],"predecessor-version":[{"id":4291,"href":"https:\/\/www.fbg.ub.edu\/es\/wp-json\/wp\/v2\/pages\/2094\/revisions\/4291"}],"up":[{"embeddable":true,"href":"https:\/\/www.fbg.ub.edu\/es\/wp-json\/wp\/v2\/pages\/1464"}],"wp:featuredmedia":[{"embeddable":true,"href":"https:\/\/www.fbg.ub.edu\/es\/wp-json\/wp\/v2\/media\/4126"}],"wp:attachment":[{"href":"https:\/\/www.fbg.ub.edu\/es\/wp-json\/wp\/v2\/media?parent=2094"}],"curies":[{"name":"wp","href":"https:\/\/api.w.org\/{rel}","templated":true}]}}