{"id":2092,"date":"2017-09-15T20:21:02","date_gmt":"2017-09-15T19:21:02","guid":{"rendered":"http:\/\/161.116.26.48\/investigadores\/conocimiento-experto-ub\/recerca-aplicada-lenvelliment-saludable\/"},"modified":"2017-11-30T12:47:45","modified_gmt":"2017-11-30T11:47:45","slug":"recerca-aplicada-lenvelliment-saludable","status":"publish","type":"page","link":"https:\/\/www.fbg.ub.edu\/es\/investigadores\/conocimiento-experto-ub\/recerca-aplicada-lenvelliment-saludable\/","title":{"rendered":"Investigaci\u00f3n aplicada al envejecimiento saludable"},"content":{"rendered":"<div class=\"wpb-content-wrapper\"><p>[vc_row][vc_column][vc_column_text]<\/p>\n<h3><strong>INVESTIGACI\u00d3N APLICADA AL ENVEJECIMIENTO SALUDABLE<\/strong><\/h3>\n<p>La Universidad de Barcelona (UB) dispone de varios centros y grupos de investigaci\u00f3n que ofrecen servicios de I+D+i para empresas e instituciones en el campo del <strong>envejecimiento saludable<\/strong>.<\/p>\n<h3>GEN\u00c9TICA<\/h3>\n<ul>\n<li>Estudios experimentales sobre el Alzheimer.<\/li>\n<li>Estudios sobre la ceguera hereditaria.<\/li>\n<li>Predicci\u00f3n gen\u00e9tica del envejecimiento.<\/li>\n<li>Estudios sobre las bases gen\u00e9ticas de la osteoporosis.<\/li>\n<\/ul>\n<p>[\/vc_column_text][\/vc_column][\/vc_row][vc_row el_class=\u00bbcaspractic\u00bb][vc_column][vc_column_text el_class=\u00bbtext15&#8243;]<strong>Caso pr\u00e1ctico: Modelos <em>in vivo<\/em> para la validaci\u00f3n de f\u00e1rmacos en la terapia contra la enfermedad de Alzheimer<br \/>\n<\/strong><strong>Investigador principal: <\/strong>Dr. Antoni Camins, de la Facultad de Farmacia<\/p>\n<p><strong><u><br \/>\n<\/u><\/strong>El dise\u00f1o y el ensayo de f\u00e1rmacos potencialmente \u00fatiles en el tratamiento de la enfermedad de Alzheimer requieren modelos que reproduzcan los factores etiopatog\u00e9nicos responsables de la enfermedad. El grupo de investigaci\u00f3n de Neurofarmacolog\u00eda: Prevenci\u00f3n del Envejecimiento, liderado por el Dr. Antoni Camins, ha desarrollado y caracterizado modelos murinos \u00fatiles para el estudio de las fases precoces del desarrollo de la enfermedad de Alzheimer.<\/p>\n<p>El modelo murino de doble transg\u00e9nico APP\/PS1 reproduce la forma familiar de la enfermedad, de inicio precoz y desarrollo r\u00e1pido y que afecta a menos del 5% de los enfermos. Por otra parte, los investigadores han desarrollado un modelo basado en la exposici\u00f3n de los animales a una dieta grasa que reproduce los rasgos caracter\u00edsticos de la forma espor\u00e1dica de la enfermedad de inicio tard\u00edo y que no presenta formas de herencia familiar (95% de los pacientes). El grupo dispone de herramientas tecnol\u00f3gicas de validaci\u00f3n de f\u00e1rmacos en nuevas formulaciones, como por ejemplo la encapsulaci\u00f3n, que permiten validar la potencial utilidad de los nuevos tratamientos contra la enfermedad de Alzheimer.[\/vc_column_text][\/vc_column][\/vc_row][vc_row el_class=\u00bbcaspractic\u00bb][vc_column][vc_column_text el_class=\u00bbtext15&#8243;]<strong>Caso pr\u00e1ctico: Predicci\u00f3n gen\u00e9tica para un envejecimiento m\u00e1s sostenible<br \/>\n<\/strong><strong>Investigadora principal: <\/strong>Dra. Amalia Lafuente, de la Facultad de Medicina<\/p>\n<p><strong><u><br \/>\n<\/u><\/strong>Los m\u00e9todos cl\u00e1sicos de predicci\u00f3n gen\u00e9tica tradicional estudian los genes individualmente utilizando t\u00e9cnicas de relaci\u00f3n log\u00edstica. Esta t\u00e9cnica hace que la predicci\u00f3n gen\u00e9tica no tenga mucha potencia.<\/p>\n<p>La predicci\u00f3n gen\u00e9tica del envejecimiento requiere sistemas avanzados de predicci\u00f3n que tengan en cuenta las relaciones y la interacci\u00f3n de los genes. El grupo de investigaci\u00f3n de la Dra. Amalia Lafuente, del Departamento de Anatom\u00eda Patol\u00f3gica, Farmacolog\u00eda y Microbiolog\u00eda, utiliza el Matching Learning Method, junto con t\u00e9cnica de GWAS y biochips<em>, <\/em>para poder alcanzar una potencia de predicci\u00f3n mucho m\u00e1s elevada que utilizando m\u00e9todos tradicionales.<\/p>\n<p>La evoluci\u00f3n de un sistema de predicci\u00f3n gen\u00e9tica mediante esta t\u00e9cnica abrir\u00e1 la puerta a tratamientos personalizados que aseguren un envejecimiento m\u00e1s sostenible, y servir\u00e1n al mismo tiempo para desarrollar la medicina predictiva del envejecimiento.[\/vc_column_text][\/vc_column][\/vc_row][vc_row][vc_column][vc_column_text]<\/p>\n<h3><strong>NUEVAS TECNOLOG\u00cdAS<\/strong><\/h3>\n<ul>\n<li>Uso y caracter\u00edsticas del cerebro a pesar de la edad.<\/li>\n<li>Programas de entrenamiento cognitivo.<\/li>\n<li>Estimulaci\u00f3n cerebral no invasiva.<\/li>\n<li>An\u00e1lisis del rango de los movimientos para tratamientos de fisioterapia, rehabilitaci\u00f3n y gimnasia adaptada.<\/li>\n<li>Procesamiento y an\u00e1lisis de datos sensoriales.<\/li>\n<li>T\u00e9cnicas de <em>life logging<\/em>: Refuerzo de la memoria en MCI y Alzheimer; y control de la actividad f\u00edsica cotidiana.<\/li>\n<\/ul>\n<p>[\/vc_column_text][\/vc_column][\/vc_row][vc_row][vc_column][vc_column_text]<\/p>\n<h3><strong>SERVICIOS SOCIALES, INSTITUCIONES Y ENTIDADES<\/strong><\/h3>\n<ul>\n<li>Estudio del sistema de pensiones y de sistemas aseguradores adaptados a la longevidad.<\/li>\n<li>Estudio de la sostenibilidad del sistema de dependencia.<\/li>\n<li>C\u00e1lculo de la relaci\u00f3n coste-eficiencia de las pol\u00edticas de mejora de las viviendas.<\/li>\n<li>Viviendas adaptadas para las personas mayores.<\/li>\n<li>Costos, barreras y beneficios del envejecimiento activo.<\/li>\n<li>Estudio de la satisfacci\u00f3n del personal sanitario.<\/li>\n<li>Autodeterminaci\u00f3n.<\/li>\n<li>Investigaci\u00f3n con personas mayores LGTB.<\/li>\n<li>Trabajo con las familias.<\/li>\n<li>Mediaci\u00f3n.<\/li>\n<\/ul>\n<p>[\/vc_column_text][\/vc_column][\/vc_row][vc_row el_class=\u00bbcaspractic\u00bb][vc_column][vc_column_text el_class=\u00bbtext15&#8243;]<strong>Cas pr\u00e1ctico: Adaptaci\u00f3n del hogar de personas mayores<br \/>\n<\/strong><strong>Investigadora principal: <\/strong>Dra. Montserrat Guill\u00e9n Estany, de la Facultad de Econom\u00eda y Empresa<\/p>\n<p>La mayor parte de los accidentes que sufren las personas mayores se producen en casa, y muchos son evitables. El Centro de Vida Independiente (CVI) y el Ayuntamiento de Barcelona ofrecen un programa de adaptaci\u00f3n funcional del hogar dirigido a personas mayores que viven solas, con el cual se obtiene un beneficio muy superior al coste que comportar\u00eda el hecho de haber sufrido un accidente y de necesitar la ayuda de terceras personas.<\/p>\n<p>El Grupo de Investigaci\u00f3n de Riesgo en Finanzas y Seguros de la UB (Riskcenter) ha estudiado cu\u00e1les son las modificaciones del hogar y las ayudas t\u00e9cnicas que m\u00e1s contribuyen a una mejora de la calidad de vida de las personas mayores, as\u00ed como a la percepci\u00f3n de una mayor autonom\u00eda personal en la realizaci\u00f3n de tareas cotidianas como cocinar, desplazarse, asearse y vestirse.[\/vc_column_text][\/vc_column][\/vc_row][vc_row][vc_column][vc_column_text]<\/p>\n<h3><strong>RELACI\u00d3N Y COMUNICACI\u00d3N<\/strong><\/h3>\n<ul>\n<li>Envejecimiento activo en la familia.<\/li>\n<li>Envejecimiento activo y participaci\u00f3n social.<\/li>\n<li>Envejecimiento y calidad de vida de las personas mayores que viven en una residencia.<\/li>\n<\/ul>\n<p>[\/vc_column_text][\/vc_column][\/vc_row][vc_row el_class=\u00bbcaspractic\u00bb][vc_column][vc_column_text el_class=\u00bbtext15&#8243;]<strong>Caso pr\u00e1ctico: Participaci\u00f3n de personas con demencia en centros residenciales<br \/>\n<\/strong><strong>Investigadores principales:<\/strong> Dr. Feliciano Villar, Dra. Montse Celdr\u00e1n y Josep Vila, de la Facultad de Psicolog\u00eda de la UB, y Elena Fern\u00e1ndez, de Alzheimer Catalunya<\/p>\n<p>Tradicionalmente las personas con demencia, y especialmente aqu\u00e9llas que viven en una residencia, han sido consideradas objetos de atenci\u00f3n pasivos, es decir, que no participan en las decisiones que se toman sobre su vida.<\/p>\n<p>En este proyecto el Grupo de Investigaci\u00f3n del Departamento de Psicolog\u00eda Evolutiva y de la Educaci\u00f3n ha querido plantear a las residencias participantes los efectos potencialmente beneficiosos de la incorporaci\u00f3n de la persona mayor con demencia leve o moderada a las reuniones en las\u00a0 que los profesionales eval\u00faan al residente y establecen \u00e1mbitos, objetivos y criterios terap\u00e9uticos con respecto a su caso. La participaci\u00f3n de la persona con demencia cambia la din\u00e1mica de las reuniones: hace que los profesionales sean conscientes de la complejidad del caso que est\u00e1n tratando, potencia la personalizaci\u00f3n de la atenci\u00f3n e incorpora la opini\u00f3n de la persona mayor con respecto a las decisiones que se toman. De este modo se garantizan sus derechos como ciudadano y un trato \u00e9tico y humano.[\/vc_column_text][\/vc_column][\/vc_row][vc_row][vc_column][vc_column_text]<\/p>\n<h3><strong>NUTRICI\u00d3N Y ACTIVIDADES F\u00cdSICAS ADAPTADAS<\/strong><\/h3>\n<ul>\n<li>Mejora de la actividad f\u00edsica y la movilidad.<\/li>\n<li>Implementaci\u00f3n de ofertas gastron\u00f3micas adaptadas en la restauraci\u00f3n comercial.<\/li>\n<li>Nutrici\u00f3n y pautas de actividad f\u00edsica dirigidas a controlar la sarcopenia.<\/li>\n<\/ul>\n<p>[\/vc_column_text][\/vc_column][\/vc_row][vc_row el_class=\u00bbcaspractic\u00bb][vc_column][vc_column_text el_class=\u00bbtext15&#8243;]<strong>Caso pr\u00e1ctico: Alimentos enriquecidos para mejorar la nutrici\u00f3n de las personas mayores<br \/>\n<\/strong><strong>Investigador principal:<\/strong> Dr. Andreu Farran, de la Facultad de Farmacia<\/p>\n<p>Una alimentaci\u00f3n equilibrada es esencial para llevar una vida sana, y m\u00e1s a\u00fan en las personas mayores. Centrados en la nutrici\u00f3n y el envejecimiento, en el Departamento de Nutrici\u00f3n y Bromatolog\u00eda trabajan en el dise\u00f1o de estrategias para incrementar la densidad nutricional de los platos destinados a las personas mayores.<\/p>\n<p>A partir de las reuniones y de los contactos mantenidos con una empresa de caldos y sopas que quer\u00eda orientar parte de sus productos a las personas mayores, el grupo de investigaci\u00f3n hall\u00f3 ingredientes naturales para enriquecer nutricionalmente las recetas sin fortificarlas.[\/vc_column_text][\/vc_column][\/vc_row]<\/p>\n<\/div>","protected":false},"excerpt":{"rendered":"<p>[vc_row][vc_column][vc_column_text] INVESTIGACI\u00d3N APLICADA AL ENVEJECIMIENTO SALUDABLE La Universidad de Barcelona (UB) dispone de varios centros y grupos de investigaci\u00f3n que&#8230;<\/p>\n","protected":false},"author":1,"featured_media":4210,"parent":1464,"menu_order":0,"comment_status":"closed","ping_status":"closed","template":"page-expertesa.php","meta":{"_acf_changed":false,"inline_featured_image":false,"_monsterinsights_skip_tracking":false,"_monsterinsights_sitenote_active":false,"_monsterinsights_sitenote_note":"","_monsterinsights_sitenote_category":0,"footnotes":""},"class_list":["post-2092","page","type-page","status-publish","has-post-thumbnail","hentry"],"acf":[],"_links":{"self":[{"href":"https:\/\/www.fbg.ub.edu\/es\/wp-json\/wp\/v2\/pages\/2092","targetHints":{"allow":["GET"]}}],"collection":[{"href":"https:\/\/www.fbg.ub.edu\/es\/wp-json\/wp\/v2\/pages"}],"about":[{"href":"https:\/\/www.fbg.ub.edu\/es\/wp-json\/wp\/v2\/types\/page"}],"author":[{"embeddable":true,"href":"https:\/\/www.fbg.ub.edu\/es\/wp-json\/wp\/v2\/users\/1"}],"replies":[{"embeddable":true,"href":"https:\/\/www.fbg.ub.edu\/es\/wp-json\/wp\/v2\/comments?post=2092"}],"version-history":[{"count":6,"href":"https:\/\/www.fbg.ub.edu\/es\/wp-json\/wp\/v2\/pages\/2092\/revisions"}],"predecessor-version":[{"id":4318,"href":"https:\/\/www.fbg.ub.edu\/es\/wp-json\/wp\/v2\/pages\/2092\/revisions\/4318"}],"up":[{"embeddable":true,"href":"https:\/\/www.fbg.ub.edu\/es\/wp-json\/wp\/v2\/pages\/1464"}],"wp:featuredmedia":[{"embeddable":true,"href":"https:\/\/www.fbg.ub.edu\/es\/wp-json\/wp\/v2\/media\/4210"}],"wp:attachment":[{"href":"https:\/\/www.fbg.ub.edu\/es\/wp-json\/wp\/v2\/media?parent=2092"}],"curies":[{"name":"wp","href":"https:\/\/api.w.org\/{rel}","templated":true}]}}