{"id":2086,"date":"2017-09-15T20:17:52","date_gmt":"2017-09-15T19:17:52","guid":{"rendered":"http:\/\/161.116.26.48\/investigadores\/conocimiento-experto-ub\/nanotecnologic\/"},"modified":"2017-11-28T13:34:58","modified_gmt":"2017-11-28T12:34:58","slug":"nanotecnologic","status":"publish","type":"page","link":"https:\/\/www.fbg.ub.edu\/es\/investigadores\/conocimiento-experto-ub\/nanotecnologic\/","title":{"rendered":"Nanotecnol\u00f3gico"},"content":{"rendered":"<h3><strong>M<\/strong><strong>ODELIZACI\u00d3N Y SIMULACI\u00d3N DE SISTEMAS Y PROPIEDADES DE LA MATERIA A LA NANOESCALA<\/strong><\/h3>\n<ul>\n<li>Fen\u00f3menos ligados al confinamiento: reactividad, magnetismo, optoelectr\u00f3nica y fot\u00f3nica cu\u00e1ntica.<\/li>\n<li>Transporte y conducci\u00f3n.<\/li>\n<li>Efectos de superficie.<\/li>\n<li>Estructura y excitaciones electr\u00f3nicas.<\/li>\n<li>Condensados de Bose-Einstein y gases cu\u00e1nticos confinados.<\/li>\n<\/ul>\n<h3><strong>NANOBIOTECNOLOG\u00cdA<\/strong><\/h3>\n<ul>\n<li>Funcionalizaci\u00f3n de superficies.<\/li>\n<li>Biomec\u00e1nica celular y molecular.<\/li>\n<li>Estructuras y sistemas biomim\u00e9ticos.<\/li>\n<li>Nanoflu\u00eddica y nanorrob\u00f3tica.<\/li>\n<li>Nanomotores.<\/li>\n<li>Diagnosis en nanomedicina: marcaje y observaci\u00f3n a nivel molecular.<\/li>\n<li>Nanobiosensores; chips de ADN y prote\u00ednas; <em>lab-on-a-chip<\/em>.<\/li>\n<\/ul>\n<h3><strong>TECNOLOG\u00cdA L\u00c1SER<\/strong><\/h3>\n<ul>\n<li>Dep\u00f3sito por ablaci\u00f3n con l\u00e1ser de recubrimientos de hidroxiapatita para pr\u00f3tesis m\u00e9dicas.<\/li>\n<li>Adquisici\u00f3n r\u00e1pida de im\u00e1genes de las plumas de ablaci\u00f3n con l\u00e1ser y an\u00e1lisis por espectroscopia de emisi\u00f3n \u00f3ptica.<\/li>\n<li>Tratamientos superficiales con l\u00e1ser.<\/li>\n<li>Marcaje de titanio y de cer\u00e1micas con l\u00e1ser para aplicaciones decorativas.<\/li>\n<li>Microfabricaci\u00f3n con l\u00e1ser.<\/li>\n<li>Dep\u00f3sito por transferencia inducida con l\u00e1ser de biomol\u00e9culas para hacer biosensores.<\/li>\n<li>Aplicaci\u00f3n del procesamiento con l\u00e1ser a la microflu\u00eddica.<\/li>\n<li>Preparaci\u00f3n, mediante dep\u00f3sito con l\u00e1ser pulsado (PLD), y caracterizaci\u00f3n de capas finas de \u00f3xidos con propiedades funcionales.<\/li>\n<\/ul>\n<h3><strong>NANOFARMACOTERAPIA<\/strong><\/h3>\n<ul>\n<li>Sistemas nanoestructurados de liberaci\u00f3n controlada de f\u00e1rmacos. Nanoencapsulaci\u00f3n.<\/li>\n<li>Interacci\u00f3n de sistemas nanoestructurados con estructuras biol\u00f3gicas.<\/li>\n<li>Biodisponibilidad, toxicidad y eficacia terap\u00e9utica de sistemas nanoestructurados.<\/li>\n<li>Terapia g\u00e9nica &#8211; vectores no virales. Farmacogen\u00f3mica y nutrigen\u00f3mica.<\/li>\n<li>Internalizaci\u00f3n molecular. Marcaje molecular. Destoxicaci\u00f3n.<\/li>\n<li>Nanomagnetismo, nanoelectr\u00f3nica y nanofot\u00f3nica.<\/li>\n<li>Nanopart\u00edculas magn\u00e9ticas e imanes unimoleculares.<\/li>\n<li>Procesos din\u00e1micos en nanomagnetismo. Interacci\u00f3n con microondas.<\/li>\n<li>Magnetoelectr\u00f3nica.<\/li>\n<li>NEMS (sistemas nanoelectromec\u00e1nicos).<\/li>\n<li>Nanodispositivos, nanosensores y nanosistemas electr\u00f3nicos, optoelectr\u00f3nicos y fot\u00f3nicos.<\/li>\n<li>Cristales fot\u00f3nicos.<\/li>\n<\/ul>\n<h3><strong>M<\/strong><strong>ATERIALES NANOESTRUCTURADOS<\/strong><\/h3>\n<ul>\n<li>S\u00edntesis, nanofabricaci\u00f3n y nanomanipulaci\u00f3n.<\/li>\n<li>Capas finas, multicapas nanoestructuradas y recubrimientos.<\/li>\n<li>Nanopart\u00edculas, geles, nanofibras, nanohilos y nanotubos.<\/li>\n<li>\u00d3xidos met\u00e1licos nanoestructurados.<\/li>\n<li>Materiales nanocompuestos.<\/li>\n<li>Materiales mesoporosos y nanopatrones.<\/li>\n<\/ul>\n<p><strong>NANOENERG\u00cdA:\u00a0<\/strong><strong>P<\/strong><strong>R<\/strong><strong>ODUCCI\u00d3N, ALMACENAJE Y\u00a0<\/strong><strong>M<\/strong><strong>EDIO AMBIENTE<\/strong><\/p>\n<ul>\n<li>Nanoestructuras catal\u00edticas para la producci\u00f3n energ\u00e9tica. Pilas de combustible.<\/li>\n<li>Nanomateriales para c\u00e9lulas solares y procesos fotocatal\u00edticos.<\/li>\n<li>Sistemas nanoestructurados para el almacenaje de energ\u00eda.<\/li>\n<li>Nanotubos y nanohilos funcionales.<\/li>\n<li>Nanosensores de poluci\u00f3n y detecci\u00f3n de gases.<\/li>\n<\/ul>\n","protected":false},"excerpt":{"rendered":"<p>MODELIZACI\u00d3N Y SIMULACI\u00d3N DE SISTEMAS Y PROPIEDADES DE LA MATERIA A LA NANOESCALA Fen\u00f3menos ligados al confinamiento: reactividad, magnetismo, optoelectr\u00f3nica&#8230;<\/p>\n","protected":false},"author":1,"featured_media":4094,"parent":1464,"menu_order":0,"comment_status":"closed","ping_status":"closed","template":"page-expertesa.php","meta":{"_acf_changed":false,"inline_featured_image":false,"_monsterinsights_skip_tracking":false,"_monsterinsights_sitenote_active":false,"_monsterinsights_sitenote_note":"","_monsterinsights_sitenote_category":0,"footnotes":""},"class_list":["post-2086","page","type-page","status-publish","has-post-thumbnail","hentry"],"acf":[],"_links":{"self":[{"href":"https:\/\/www.fbg.ub.edu\/es\/wp-json\/wp\/v2\/pages\/2086","targetHints":{"allow":["GET"]}}],"collection":[{"href":"https:\/\/www.fbg.ub.edu\/es\/wp-json\/wp\/v2\/pages"}],"about":[{"href":"https:\/\/www.fbg.ub.edu\/es\/wp-json\/wp\/v2\/types\/page"}],"author":[{"embeddable":true,"href":"https:\/\/www.fbg.ub.edu\/es\/wp-json\/wp\/v2\/users\/1"}],"replies":[{"embeddable":true,"href":"https:\/\/www.fbg.ub.edu\/es\/wp-json\/wp\/v2\/comments?post=2086"}],"version-history":[{"count":3,"href":"https:\/\/www.fbg.ub.edu\/es\/wp-json\/wp\/v2\/pages\/2086\/revisions"}],"predecessor-version":[{"id":4218,"href":"https:\/\/www.fbg.ub.edu\/es\/wp-json\/wp\/v2\/pages\/2086\/revisions\/4218"}],"up":[{"embeddable":true,"href":"https:\/\/www.fbg.ub.edu\/es\/wp-json\/wp\/v2\/pages\/1464"}],"wp:featuredmedia":[{"embeddable":true,"href":"https:\/\/www.fbg.ub.edu\/es\/wp-json\/wp\/v2\/media\/4094"}],"wp:attachment":[{"href":"https:\/\/www.fbg.ub.edu\/es\/wp-json\/wp\/v2\/media?parent=2086"}],"curies":[{"name":"wp","href":"https:\/\/api.w.org\/{rel}","templated":true}]}}