{"id":2080,"date":"2017-09-15T20:21:43","date_gmt":"2017-09-15T19:21:43","guid":{"rendered":"http:\/\/161.116.26.48\/investigadores\/conocimiento-experto-ub\/farmaceutic\/"},"modified":"2017-11-30T09:42:50","modified_gmt":"2017-11-30T08:42:50","slug":"farmaceutic","status":"publish","type":"page","link":"https:\/\/www.fbg.ub.edu\/es\/investigadores\/conocimiento-experto-ub\/farmaceutic\/","title":{"rendered":"Farmac\u00e9utico"},"content":{"rendered":"<h3><strong>T<\/strong><strong>ECNOLOGIA FARMAC\u00c8UTICA<\/strong><\/h3>\n<ul>\n<li>Assaigs de velocitat d&#8217;alliberament dels f\u00e0rmacs a partir de formulacions l\u00edquides, s\u00f2lides i semis\u00f2lides.<\/li>\n<\/ul>\n<ul>\n<li>Assaigs comparatius de velocitat de dissoluci\u00f3 de f\u00e0rmacs entre formulacions.<\/li>\n<li>Estudis de la permeabilitat transd\u00e8rmica in vitro de f\u00e0rmacs a trav\u00e9s de pell humana i de mucosa de porc, tant per a tractaments cutanis com sist\u00e8mics.<\/li>\n<li>Estudis de farmacocin\u00e8tica.<\/li>\n<li>Disseny, Realitzaci\u00f3 Anal\u00edtica, Num\u00e8rica i Estad\u00edstica i Interpretaci\u00f3 de Resultats:<\/li>\n<\/ul>\n<p>&#8211; \u00a0\u00c0rea precl\u00ednica: estudis d&#8217;estabilitat de medicaments, estudis de velocitat de dissoluci\u00f3, estudis d&#8217;uni\u00f3 a prote\u00efnes.<\/p>\n<p>&#8211; \u00a0\u00c0rea cl\u00ednica: estudis de biodisponibilitat i bioequival\u00e8ncia, estudis de farmacocin\u00e8tica cl\u00ednica i poblacional, estudis de monitoritzaci\u00f3 farmacocin\u00e8tica.<\/p>\n<p>&#8211; \u00a0\u00c0rea de postcomercializaci\u00f3: estudis d&#8217;informaci\u00f3 de medicaments, estudis d&#8217;utilitzaci\u00f3 de medicaments, estudis d&#8217;atenci\u00f3 farmac\u00e8utica en l&#8217;\u00e0mbit de la farm\u00e0cia comunit\u00e0ria, hospital\u00e0ria i en atenci\u00f3 prim\u00e0ria.<\/p>\n<ul>\n<li>Recerca i desenvolupament de medicaments (d&#8217; \u00fas hum\u00e0 i d&#8217; \u00fas veterinari): Estudis de preformulaci\u00f3; Disseny i formulaci\u00f3; Tecnologia d&#8217;elaboraci\u00f3; Transposici\u00f3 a escala industrial; Control de qualitat i estabilitat del medicament.<\/li>\n<li>Estudis comparatius de dissoluci\u00f3 in vitro.<\/li>\n<li>Estudis d&#8217;optimitzaci\u00f3 de formulacions i t\u00e8cniques de fabricaci\u00f3 de medicaments (d&#8217;\u00fas hum\u00e0 i d&#8217;us veterinari), productes sanitaris i relacionats.<\/li>\n<li>Estudis de validacions de processos, instal\u00b7lacions, sistemes i t\u00e8cniques.<\/li>\n<li>Formulaci\u00f3 i fabricaci\u00f3 de f\u00f3rmules espec\u00edfiques.<\/li>\n<li>Estudi d&#8217;aplicaci\u00f3 de nous processos per a la ind\u00fastria farmac\u00e8utica i relacionada.<\/li>\n<li>Muntatge de documentaci\u00f3 de registres de medicaments d&#8217;\u00fas hum\u00e0 (CTD) i de medicaments veterinaris (NTA).<\/li>\n<li>Recerca i desenvolupament de formes farmac\u00e8utiques d&#8217;alliberaci\u00f3 modificada: comprimits osm\u00f2tics, comprimits col\u00f2nics, comprimits matricials, comprimits bioadhesius, gels bioadhesius, etc.<\/li>\n<li>Recerca i desenvolupament de minigr\u00e0nuls (pellets).<\/li>\n<li>Recerca i desenvolupament de microencapsulaci\u00f3 (microc\u00e0psules i nanoc\u00e0psules).<\/li>\n<li>Recobriment de part\u00edcules a baixa temperatura.<\/li>\n<li>Desenvolupament de medicaments gen\u00e8rics.<\/li>\n<li>Recerca de nous excipients d&#8217;aplicaci\u00f3 farmac\u00e8utica.<\/li>\n<li>Estudi i posada a punt de met\u00f2diques anal\u00edtiques per HPLC per a primeres mat\u00e8ries i productes acabats.<\/li>\n<li>Validaci\u00f3 de met\u00f2diques anal\u00edtiques per HPLC.<\/li>\n<li>Estudis de bioequival\u00e8ncia.<\/li>\n<li>Caracteritzaci\u00f3 i desenvolupament de sistemes micro i nanoestructurats.<\/li>\n<li>Desenvolupament de medicaments en sistemes tensioactius nanoestructurats.<\/li>\n<li>Estudis d\u2019investigaci\u00f3 i desenvolupament de formes farmac\u00e8utiques per a via t\u00f2pica i de SEDDS (self emulsifying drug delivery systems).<\/li>\n<li>Transportadors de f\u00e0rmacs.<\/li>\n<li>Vehiculaci\u00f3 i transport de f\u00e0rmacs.<\/li>\n<li>Desenvolupament de noves eines computacionals en disseny de f\u00e0rmacs i en sistemes d&#8217;inter\u00e8s terap\u00e8utic.<\/li>\n<\/ul>\n<h3><strong>FARMACOLOGIA<\/strong><\/h3>\n<ul>\n<li>Neurotoxicitat i efectes comportamentals dels derivats amfetam\u00ednics, especialment l\u2019\u00e8xtasi (MDMA).<\/li>\n<li>Estudis sobre l\u2019alteraci\u00f3 de la funcionalitat del transportador de dopamina o serotonina per MDMA utilitzant t\u00e8cniques de Tomografia per Emissi\u00f3 de Positrons.<\/li>\n<li>Models Experimentals de S\u00edndrome Metab\u00f2lic: Rata alimentada amb fructosa i models de senesc\u00e8ncia en rosegadors. Bases moleculars i activitat farmacol\u00f2gica.<\/li>\n<li>Farmacogen\u00f2mica en macr\u00f2fags humans: canvis en la expressi\u00f3 g\u00e8nica indu\u00efts per malalties (Hiperlip\u00e8mia Familiar Combinada) i ter\u00e0pia farmacol\u00f2gica (estatines, fibrats).<\/li>\n<li>Models experimentals de dislipid\u00e8mia, diabetis, etc.<\/li>\n<li>Farmacologia experimental de Receptors Nuclears.<\/li>\n<li>Farmacologia experimental de F\u00e0rmacs Hipolipemiants.<\/li>\n<li>Resist\u00e8ncia a la insulina i inflamaci\u00f3. Hipertr\u00f2fia card\u00edaca.<\/li>\n<li>Dislipid\u00e8mia.<\/li>\n<\/ul>\n<h3><strong>Q<\/strong><strong>U\u00cdMICA TERAP\u00c8UTICA<\/strong><\/h3>\n<ul>\n<li>Disseny sint\u00e8tic de noves vies de s\u00edntesi de f\u00e0rmacs gen\u00e8rics.<\/li>\n<li>Control estereoselectiu de reaccions amb centres quirals i s\u00edntesi de compostos enantiopurs.<\/li>\n<li>S\u00edntesi de productes naturals i bioactius derivats de la piperidina.<\/li>\n<li>S\u00edntesi de compostos nitrogenats bioactius.<\/li>\n<li>S\u00edntesi d&#8217;alcaloides indolo i benzo[a]quinolizid\u00ednics.<\/li>\n<li>S\u00edntesis biomim\u00e8tiques.<\/li>\n<li>S\u00edntesi dirigida per plantilla i auto-assemblatge en s\u00edntesis org\u00e0nica.<\/li>\n<li>Compostos mec\u00e0nicament entrella\u00e7ats: catenans i rotaxans.<\/li>\n<li>Funcionalitzaci\u00f3 de micronanoeines per marcar i actuar en c\u00e8l\u00b7lules vives.<\/li>\n<li>S\u00edntesi asim\u00e8trica de f\u00e0rmacs i compostos quirals potencialment actius.<\/li>\n<li>S\u00edntesi de compostos d&#8217;inter\u00e8s per al tractament de la malaltia d&#8217;Alzheimer.<\/li>\n<li>S\u00edntesi i activitat biol\u00f2gica de compostos polic\u00edclics.<\/li>\n<li>S\u00edntesi de sistemes polic\u00edclics amb possible activitat antitumoral.<\/li>\n<li>S\u00edntesi de compostos heteroc\u00edclics oxigenats amb activitat antiinflamat\u00f2ria.<\/li>\n<li>Disseny i s\u00edntesi de selectors quirals \u00fatils en la separaci\u00f3 cromatogr\u00e0fica de mescles d&#8217;enanti\u00f2mers.<\/li>\n<li>Preparaci\u00f3 i estudi de derivats de polisac\u00e0rids i la seva aplicaci\u00f3 com a selectors quirals.<\/li>\n<li>Qu\u00edmica de les beta\u00efnes Heteroc\u00edcliques.<\/li>\n<li>S\u00edntesi de peptidomim\u00e8tics i pseudop\u00e8ptids 3- aminolact\u00e0mics.<\/li>\n<li>S\u00edntesi de sistemes polic\u00edclics nitrogenats amb potencial activitat antitumoral.<\/li>\n<\/ul>\n<h3><strong>S<\/strong><strong>A<\/strong><strong>L<\/strong><strong>UT I NUTRICI\u00d3<\/strong><\/h3>\n<ul>\n<li>An\u00e0lisi de polifenols en aliments i mostres biol\u00f2giques.<\/li>\n<li>An\u00e0lisi de riscos sanitaris associats a la reutilitzaci\u00f3<\/li>\n<li>d\u2019aig\u00fces.<\/li>\n<li>Antioxidants naturals.<\/li>\n<li>Aplicacions biotecnol\u00f2giques i biom\u00e8diques, creixement i metabolisme.<\/li>\n<li>Avaluaci\u00f3 de riscos per a la salut p\u00fablica; riscos toxicol\u00f2gics i letalitat.<\/li>\n<li>Consum i taules de composici\u00f3 de polifenols.<\/li>\n<li>Efecte de les dietes.<\/li>\n<li>Estudis cl\u00ednics i epidemiol\u00f2gics.<\/li>\n<li>Estudis d\u2019energ\u00e8tica i metabolismes diversos.<\/li>\n<li>Estudis d\u2019estr\u00e8s i metabolisme lip\u00eddic.<\/li>\n<li>Estudis d\u2019inflamaci\u00f3 i dolor.<\/li>\n<li>Estudis d\u2019obesitat.<\/li>\n<li>Estudis de materials bioactius: bioinorg\u00e0nica, models i qu\u00edmica d\u2019aquests materials.<\/li>\n<li>Estudis de patologies metab\u00f2liques.<\/li>\n<li>Estudis de receptors i reguladors metab\u00f2lics.<\/li>\n<li>Estudis en ter\u00e0pia anticancerosa, estudis de proliferaci\u00f3 cel\u00b7lular.<\/li>\n<li>Factors de qualitat de les begudes.<\/li>\n<li>F\u00e0rmacs antiobesitat. Oleo\u00efl-estrona.<\/li>\n<li>Ferro i processos neurodegeneratius.<\/li>\n<li>Gen\u00e8tica i paleogen\u00e8tica.<\/li>\n<li>Mecanismes de control del pes corporal i malalties associades.<\/li>\n<li>Metabolisme i endocrinologia del teixit adip\u00f3s.<\/li>\n<li>Mol\u00e8cules d&#8217;activaci\u00f3 leucoc\u00edtica: models in vitro i in vivo.<\/li>\n<li>Regulaci\u00f3 gen\u00e8tica de metabolisme.<\/li>\n<li>Ter\u00e0pies g\u00e8niques i enginyeria cel\u00b7lular.<\/li>\n<\/ul>\n<h3><strong>A<\/strong><strong>N\u00c0LISI QU\u00cdMICA<\/strong><\/h3>\n<ul>\n<li>An\u00e0lisi de contaminants, espectrosc\u00f2pia molecular i cromatografia de l\u00edquids.<\/li>\n<li>Bioan\u00e0lisis.<\/li>\n<li>Cromatografia, electroforesi capil\u00b7lar i espectrometria de masses.<\/li>\n<li>Electroan\u00e0lisis.<\/li>\n<li>Modelatge de les rutes metab\u00f2liques i predicci\u00f3 dels resultats de la manipulaci\u00f3 de la via per enginyeria gen\u00e8tica amb finalitat industrial o terap\u00e8utica.<\/li>\n<li>Simulaci\u00f3 computacional de reaccions qu\u00edmiques.<\/li>\n<li>Desenvolupament de software en l\u2019entorn Mathematica (R) per a l\u2019an\u00e0lisi i modelatge de vies metab\u00f2liques.<\/li>\n<\/ul>\n<h3><strong>VETERIN\u00c0RIA<\/strong><\/h3>\n<ul>\n<li>Disseny de vacunes.<\/li>\n<li>Recerca i desenvolupament de medicaments.<\/li>\n<li>Tractament de purins.<\/li>\n<li>Diagn\u00f2stic de les leishmaniosis humana i canina.<\/li>\n<li>Resposta immune del gos en la infecci\u00f3 per Leishmania.<\/li>\n<\/ul>\n","protected":false},"excerpt":{"rendered":"<p>TECNOLOGIA FARMAC\u00c8UTICA Assaigs de velocitat d&#8217;alliberament dels f\u00e0rmacs a partir de formulacions l\u00edquides, s\u00f2lides i semis\u00f2lides. Assaigs comparatius de velocitat&#8230;<\/p>\n","protected":false},"author":1,"featured_media":4120,"parent":1464,"menu_order":0,"comment_status":"closed","ping_status":"closed","template":"page-expertesa.php","meta":{"_acf_changed":false,"inline_featured_image":false,"_monsterinsights_skip_tracking":false,"_monsterinsights_sitenote_active":false,"_monsterinsights_sitenote_note":"","_monsterinsights_sitenote_category":0,"footnotes":""},"class_list":["post-2080","page","type-page","status-publish","has-post-thumbnail","hentry"],"acf":[],"_links":{"self":[{"href":"https:\/\/www.fbg.ub.edu\/es\/wp-json\/wp\/v2\/pages\/2080","targetHints":{"allow":["GET"]}}],"collection":[{"href":"https:\/\/www.fbg.ub.edu\/es\/wp-json\/wp\/v2\/pages"}],"about":[{"href":"https:\/\/www.fbg.ub.edu\/es\/wp-json\/wp\/v2\/types\/page"}],"author":[{"embeddable":true,"href":"https:\/\/www.fbg.ub.edu\/es\/wp-json\/wp\/v2\/users\/1"}],"replies":[{"embeddable":true,"href":"https:\/\/www.fbg.ub.edu\/es\/wp-json\/wp\/v2\/comments?post=2080"}],"version-history":[{"count":3,"href":"https:\/\/www.fbg.ub.edu\/es\/wp-json\/wp\/v2\/pages\/2080\/revisions"}],"predecessor-version":[{"id":4300,"href":"https:\/\/www.fbg.ub.edu\/es\/wp-json\/wp\/v2\/pages\/2080\/revisions\/4300"}],"up":[{"embeddable":true,"href":"https:\/\/www.fbg.ub.edu\/es\/wp-json\/wp\/v2\/pages\/1464"}],"wp:featuredmedia":[{"embeddable":true,"href":"https:\/\/www.fbg.ub.edu\/es\/wp-json\/wp\/v2\/media\/4120"}],"wp:attachment":[{"href":"https:\/\/www.fbg.ub.edu\/es\/wp-json\/wp\/v2\/media?parent=2080"}],"curies":[{"name":"wp","href":"https:\/\/api.w.org\/{rel}","templated":true}]}}