{"id":2076,"date":"2017-09-15T20:17:25","date_gmt":"2017-09-15T19:17:25","guid":{"rendered":"http:\/\/161.116.26.48\/investigadores\/conocimiento-experto-ub\/electronica-i-sensors\/"},"modified":"2017-11-27T11:43:09","modified_gmt":"2017-11-27T10:43:09","slug":"electronica-i-sensors","status":"publish","type":"page","link":"https:\/\/www.fbg.ub.edu\/es\/investigadores\/conocimiento-experto-ub\/electronica-i-sensors\/","title":{"rendered":"Electr\u00f3nica y sensores"},"content":{"rendered":"<h3><strong>DISPOSITIVOS SEMICONDUCTORES, MICRO Y NANOSISTEMAS<\/strong><\/h3>\n<ul>\n<li>Dise\u00f1o, modelizaci\u00f3n, fabricaci\u00f3n y ensayo de micro y nanosistemas.<\/li>\n<li>Dispositivos y sistemas optoelectr\u00f3nicos.<\/li>\n<li>Modelizaci\u00f3n de microsistemas.<\/li>\n<li>Actuadores basados en tecnolog\u00eda microelectr\u00f3nica.<\/li>\n<\/ul>\n<h3><strong>CIRCUITOS Y SISTEMAS INTEGRADOS<\/strong><\/h3>\n<ul>\n<li>Dise\u00f1o de circuitos integrados de aplicaci\u00f3n espec\u00edfica (ASIC).<\/li>\n<li>Micro y nanosistemas integrados: <em>systems-in-a-package<\/em>, circuitos h\u00edbridos, sistemas multifuncionales.<\/li>\n<li>Desarrollo de sistemas digitales.<\/li>\n<li>Detecci\u00f3n de defectos de fabricaci\u00f3n de circuitos.<\/li>\n<li>Modelizaci\u00f3n y simulaci\u00f3n de sistemas: FEM, MATLAB, HSPICE.<\/li>\n<li>Pre-certificaci\u00f3n EMC.<\/li>\n<\/ul>\n<h3><strong>ELECTR\u00d3NICA INDUSTRIAL Y DE POTENCIA<\/strong><\/h3>\n<ul>\n<li>Desarrollo de sistemas inteligentes de captura, procesamiento y transmisi\u00f3n de im\u00e1genes para aplicaciones industriales.<\/li>\n<li>Desarrollo de dispositivos y de componentes electr\u00f3nicos.<\/li>\n<li>Dise\u00f1o y modelizaci\u00f3n de sistemas electr\u00f3nicos inteligentes autoalimentados.<\/li>\n<li>Microrrob\u00f3tica.<\/li>\n<li>Electrofot\u00f3nica.<\/li>\n<li>S\u00edntesis y fabricaci\u00f3n de micro y nanotecnolog\u00edas.<\/li>\n<li>Tecnolog\u00edas de capa fina y gruesa.<\/li>\n<\/ul>\n<h3><strong>S<\/strong><strong>ISTEMAS DE SENSORES<\/strong><\/h3>\n<ul>\n<li>Electr\u00f3nica y sensores para detectores de f\u00edsica de altas energ\u00edas.<\/li>\n<li>Modelizaci\u00f3n y simulaci\u00f3n de sensores y sistemas.<\/li>\n<li>Biosensores a nivel discreto <em>full- custom <\/em>VLSI o portabilidad en aplicaciones <em>point of care<\/em>.<\/li>\n<li>Funcionalizaci\u00f3n de sensores de impedancia de aniones.<\/li>\n<li>Dise\u00f1o de circuitos de interfaz para sensores y actuadores (conversores A\/D, comunicaciones RF, comunicaciones \u00f3pticas, comunicaciones mediante buses de campo, circuitos integrados de potencia) utilizando nuevas t\u00e9cnicas de dise\u00f1o mixto y tecnolog\u00edas de microsistemas.<\/li>\n<li>Desarrollo de sistemas de medici\u00f3n y control inteligente mediante procesamiento de la se\u00f1al, con un \u00e9nfasis especial en los sistemas basados en sensores de gases (narices electr\u00f3nicas) y en los m\u00e9todos de correcci\u00f3n de no-idealidades de los sensores y actuadores.<\/li>\n<\/ul>\n<h3><strong>ENERG\u00cdA<\/strong><\/h3>\n<ul>\n<li>Desarrollo de sensores aut\u00f3nomos de fuentes de energ\u00eda.<\/li>\n<li>Sistemas de recuperaci\u00f3n de energ\u00eda.<\/li>\n<\/ul>\n<h3><strong>COMPATIBILIDAD ELECTROMAGN\u00c9TICA<\/strong><\/h3>\n<ul>\n<li>Electrodeposici\u00f3n de capas finas y multicapas con propiedades magn\u00e9ticas para sensores.<\/li>\n<li>Materiales y dispositivos magn\u00e9ticos.<\/li>\n<li>Simulaci\u00f3n de propiedades de materiales magn\u00e9ticos.<\/li>\n<li>Nanomateriales magn\u00e9ticos de rotor libre para componentes electr\u00f3nicos.<\/li>\n<li>Superredes magn\u00e9ticas.<\/li>\n<li>Superconductores de alta temperatura.<\/li>\n<li>Sistemas magn\u00e9ticos candidatos a hardware de computaci\u00f3n cu\u00e1ntica.<\/li>\n<\/ul>\n<h3><strong>B<\/strong><strong>I<\/strong><strong>OELECTR\u00d3NICA Y SISTEMAS PARA LA BIOMEDICINA<\/strong><\/h3>\n<ul>\n<li>Microflu\u00eddica y dispositivos <em>lab-on-a- chip<\/em>.<\/li>\n<li>Funcionalizaci\u00f3n de biosensores y sensores de impedancia de aniones.<\/li>\n<li>Sondas conductoras y portamuestras para la caracterizaci\u00f3n el\u00e9ctrica en medio l\u00edquido.<\/li>\n<li>Microrrob\u00f3tica y nanomanipulaci\u00f3n de muestras biom\u00e9dicas.<\/li>\n<li>Biosensores a nivel discreto <em>full- custom <\/em>VLSI o portabilidad en aplicaciones <em>point of care<\/em>.<\/li>\n<\/ul>\n","protected":false},"excerpt":{"rendered":"<p>DISPOSITIVOS SEMICONDUCTORES, MICRO Y NANOSISTEMAS Dise\u00f1o, modelizaci\u00f3n, fabricaci\u00f3n y ensayo de micro y nanosistemas. Dispositivos y sistemas optoelectr\u00f3nicos. Modelizaci\u00f3n de&#8230;<\/p>\n","protected":false},"author":1,"featured_media":4023,"parent":1464,"menu_order":0,"comment_status":"closed","ping_status":"closed","template":"page-expertesa.php","meta":{"_acf_changed":false,"inline_featured_image":false,"_monsterinsights_skip_tracking":false,"_monsterinsights_sitenote_active":false,"_monsterinsights_sitenote_note":"","_monsterinsights_sitenote_category":0,"footnotes":""},"class_list":["post-2076","page","type-page","status-publish","has-post-thumbnail","hentry"],"acf":[],"_links":{"self":[{"href":"https:\/\/www.fbg.ub.edu\/es\/wp-json\/wp\/v2\/pages\/2076","targetHints":{"allow":["GET"]}}],"collection":[{"href":"https:\/\/www.fbg.ub.edu\/es\/wp-json\/wp\/v2\/pages"}],"about":[{"href":"https:\/\/www.fbg.ub.edu\/es\/wp-json\/wp\/v2\/types\/page"}],"author":[{"embeddable":true,"href":"https:\/\/www.fbg.ub.edu\/es\/wp-json\/wp\/v2\/users\/1"}],"replies":[{"embeddable":true,"href":"https:\/\/www.fbg.ub.edu\/es\/wp-json\/wp\/v2\/comments?post=2076"}],"version-history":[{"count":3,"href":"https:\/\/www.fbg.ub.edu\/es\/wp-json\/wp\/v2\/pages\/2076\/revisions"}],"predecessor-version":[{"id":4035,"href":"https:\/\/www.fbg.ub.edu\/es\/wp-json\/wp\/v2\/pages\/2076\/revisions\/4035"}],"up":[{"embeddable":true,"href":"https:\/\/www.fbg.ub.edu\/es\/wp-json\/wp\/v2\/pages\/1464"}],"wp:featuredmedia":[{"embeddable":true,"href":"https:\/\/www.fbg.ub.edu\/es\/wp-json\/wp\/v2\/media\/4023"}],"wp:attachment":[{"href":"https:\/\/www.fbg.ub.edu\/es\/wp-json\/wp\/v2\/media?parent=2076"}],"curies":[{"name":"wp","href":"https:\/\/api.w.org\/{rel}","templated":true}]}}