{"id":2074,"date":"2017-09-15T20:19:23","date_gmt":"2017-09-15T19:19:23","guid":{"rendered":"http:\/\/161.116.26.48\/investigadores\/conocimiento-experto-ub\/editorial-i-comunicacions\/"},"modified":"2017-11-28T12:56:54","modified_gmt":"2017-11-28T11:56:54","slug":"editorial-i-comunicacions","status":"publish","type":"page","link":"https:\/\/www.fbg.ub.edu\/es\/investigadores\/conocimiento-experto-ub\/editorial-i-comunicacions\/","title":{"rendered":"Editorial y comunicaciones"},"content":{"rendered":"<h3><strong>P<\/strong><strong>U<\/strong><strong>B<\/strong><strong>L<\/strong><strong>ICACIONES<\/strong><\/h3>\n<ul>\n<li>Elaboraci\u00f3n de gu\u00edas literarias.<\/li>\n<li>Redacci\u00f3n de textos docentes.<\/li>\n<li>Traducciones de lenguas cl\u00e1sicas.<\/li>\n<li>Elaboraci\u00f3n de cat\u00e1logos de exposiciones.<\/li>\n<li>Recuperaci\u00f3n y edici\u00f3n de receptarios antiguos.<\/li>\n<li>Elaboraci\u00f3n de vocabularios y diccionarios.<\/li>\n<li>Elaboraci\u00f3n de material did\u00e1ctico para el aprendizaje de lenguas modernas.<\/li>\n<li>Elaboraci\u00f3n de manuales de s\u00edntesis.<\/li>\n<li>Elaboraci\u00f3n de monograf\u00edas especializadas.<\/li>\n<li>Edici\u00f3n cr\u00edtica de textos antiguos.<\/li>\n<li>Materiales gr\u00e1ficos para monograf\u00edas hist\u00f3ricas.<\/li>\n<li>Materiales gr\u00e1ficos para monograf\u00edas art\u00edsticas.<\/li>\n<li>Cat\u00e1logos de colecciones.<\/li>\n<li>Redacci\u00f3n de obras de consulta (enciclopedias, directorios).<\/li>\n<li>Elaboraci\u00f3n de \u00edndices.<\/li>\n<li>Redacci\u00f3n de contenidos divulgativos.<\/li>\n<li>Edici\u00f3n de contenidos culturales.<\/li>\n<li>Rese\u00f1as literarias.<\/li>\n<li>Elaboraci\u00f3n de tesauros.<\/li>\n<li>Elaboraci\u00f3n de cartograf\u00edas tem\u00e1ticas historizadas.<\/li>\n<li>Elaboraci\u00f3n de atlas tem\u00e1ticos.<\/li>\n<\/ul>\n<h3><strong>ASESOR\u00cdA<\/strong><\/h3>\n<ul>\n<li>Elaboraci\u00f3n de glosarios terminol\u00f3gicos sectoriales (banca, seguros\u2026).<\/li>\n<li>Evaluaci\u00f3n de contenidos de manuales de aprendizaje.<\/li>\n<li>Cr\u00edtica literaria.<\/li>\n<li>Asesoramiento documental.<\/li>\n<li>Asesoramiento literario.<\/li>\n<li>Asesoramiento ling\u00fc\u00edstico.<\/li>\n<li>Evaluaci\u00f3n de originales.<\/li>\n<li>Asesoramiento especializado sobre necesidades comunicativas y pluriling\u00fcismo.<\/li>\n<li>An\u00e1lisis sobre conocimientos, usos y representaciones ling\u00fc\u00edsticos.<\/li>\n<li>B\u00fasquedas documentales y bibliogr\u00e1ficas sobre tem\u00e1ticas espec\u00edficas.<\/li>\n<li>Elaboraci\u00f3n de informes y dosieres sobre temas de inter\u00e9s actual: conflictos, globalizaci\u00f3n, g\u00e9nero, memoria hist\u00f3rica, multiculturalismo, racismo, derechos humanos.<\/li>\n<li>Evaluaci\u00f3n de contenidos divulgativos.<\/li>\n<li>Coordinaci\u00f3n de colecciones editoriales.<\/li>\n<li>Correcci\u00f3n de estilo o de pruebas.<\/li>\n<\/ul>\n<h3><strong>CONTENIDOS DIGITALES<\/strong><\/h3>\n<ul>\n<li>Creaci\u00f3n de bases de datos virtuales.<\/li>\n<li>Organizaci\u00f3n de contenidos digitales.<\/li>\n<li>Evaluaci\u00f3n y dise\u00f1o de entornos web.<\/li>\n<li>Dise\u00f1o y desarrollo de cursos basados en dispositivos m\u00f3viles (<em>mobile learning<\/em>).<\/li>\n<li>Dise\u00f1o y desarrollo de cursos basados en entornos personales de aprendizaje.<\/li>\n<li>An\u00e1lisis de calidad de entornos interactivos.<\/li>\n<li>Digitalizaci\u00f3n y sistematizaci\u00f3n de conjuntos literarios.<\/li>\n<li>Estudios sobre publicaci\u00f3n digital.<\/li>\n<li>Dise\u00f1o de sistemas de informaci\u00f3n y documentaci\u00f3n.<\/li>\n<li>Dise\u00f1o de campus virtuales.<\/li>\n<li>Gestores de contenidos.<\/li>\n<li>Asesoramiento en edici\u00f3n XML y edici\u00f3n accesible (PDF, ePub, HTML, XML).<\/li>\n<li>Asesoramiento y formaci\u00f3n en accesibilidad web (HTML, Jaws, v\u00eddeos subtitulados).<\/li>\n<li>Revisi\u00f3n del cumplimiento de las normativas de accesibilidad web (WCAG y WCAG 2.0; WAI A-RIA).<\/li>\n<li>Estudios de uso de recursos web.<\/li>\n<li>Digitalizaci\u00f3n cartogr\u00e1fica.<\/li>\n<li>Desarrollo de portales de<\/li>\n<li>Internet de inter\u00e9s patrimonial.<\/li>\n<li>Recreaci\u00f3n hist\u00f3rica virtual.<\/li>\n<li>Reconstrucci\u00f3n virtual de edificios y de yacimientos arqueol\u00f3gicos.<\/li>\n<li>Dise\u00f1o de gestores de contenidos.<\/li>\n<\/ul>\n<h3><strong>COMUNICACI\u00d3N AUDIOVISUAL<\/strong><\/h3>\n<ul>\n<li>Asesoramiento en productos audiovisuales de tem\u00e1tica hist\u00f3rica.<\/li>\n<li>Asesoramiento en productos audiovisuales de tem\u00e1tica arqueol\u00f3gica.<\/li>\n<li>Asesoramiento para la elaboraci\u00f3n de guiones.<\/li>\n<li>Asesoramiento para periodismo de divulgaci\u00f3n.<\/li>\n<li>Dise\u00f1o de juegos did\u00e1cticos.<\/li>\n<\/ul>\n<h3><strong>ESTUDIOS DE MERCADO<\/strong><\/h3>\n<ul>\n<li>Estudios bibliom\u00e9tricos.<\/li>\n<li>Estudios sobre publicaci\u00f3n digital.<\/li>\n<li>Socioling\u00fc\u00edstica y comunicaci\u00f3n.<\/li>\n<\/ul>\n","protected":false},"excerpt":{"rendered":"<p>PUBLICACIONES Elaboraci\u00f3n de gu\u00edas literarias. Redacci\u00f3n de textos docentes. Traducciones de lenguas cl\u00e1sicas. Elaboraci\u00f3n de cat\u00e1logos de exposiciones. Recuperaci\u00f3n y&#8230;<\/p>\n","protected":false},"author":1,"featured_media":4191,"parent":1464,"menu_order":0,"comment_status":"closed","ping_status":"closed","template":"page-expertesa.php","meta":{"_acf_changed":false,"inline_featured_image":false,"_monsterinsights_skip_tracking":false,"_monsterinsights_sitenote_active":false,"_monsterinsights_sitenote_note":"","_monsterinsights_sitenote_category":0,"footnotes":""},"class_list":["post-2074","page","type-page","status-publish","has-post-thumbnail","hentry"],"acf":[],"_links":{"self":[{"href":"https:\/\/www.fbg.ub.edu\/es\/wp-json\/wp\/v2\/pages\/2074","targetHints":{"allow":["GET"]}}],"collection":[{"href":"https:\/\/www.fbg.ub.edu\/es\/wp-json\/wp\/v2\/pages"}],"about":[{"href":"https:\/\/www.fbg.ub.edu\/es\/wp-json\/wp\/v2\/types\/page"}],"author":[{"embeddable":true,"href":"https:\/\/www.fbg.ub.edu\/es\/wp-json\/wp\/v2\/users\/1"}],"replies":[{"embeddable":true,"href":"https:\/\/www.fbg.ub.edu\/es\/wp-json\/wp\/v2\/comments?post=2074"}],"version-history":[{"count":3,"href":"https:\/\/www.fbg.ub.edu\/es\/wp-json\/wp\/v2\/pages\/2074\/revisions"}],"predecessor-version":[{"id":4199,"href":"https:\/\/www.fbg.ub.edu\/es\/wp-json\/wp\/v2\/pages\/2074\/revisions\/4199"}],"up":[{"embeddable":true,"href":"https:\/\/www.fbg.ub.edu\/es\/wp-json\/wp\/v2\/pages\/1464"}],"wp:featuredmedia":[{"embeddable":true,"href":"https:\/\/www.fbg.ub.edu\/es\/wp-json\/wp\/v2\/media\/4191"}],"wp:attachment":[{"href":"https:\/\/www.fbg.ub.edu\/es\/wp-json\/wp\/v2\/media?parent=2074"}],"curies":[{"name":"wp","href":"https:\/\/api.w.org\/{rel}","templated":true}]}}