{"id":20567,"date":"2024-11-18T16:27:26","date_gmt":"2024-11-18T14:27:26","guid":{"rendered":"https:\/\/www.fbg.ub.edu\/?page_id=20567"},"modified":"2024-11-18T16:27:26","modified_gmt":"2024-11-18T14:27:26","slug":"virusent-virus-enterics","status":"publish","type":"page","link":"https:\/\/www.fbg.ub.edu\/es\/investigadores\/grupos-investigacion-ub\/virusent-virus-enterics\/","title":{"rendered":"VIRUSENT (Virus ent\u00e8rics)"},"content":{"rendered":"<h3><strong>Presentaci\u00f3<\/strong><\/h3>\n<p>VIRUSENT (Virus Ent\u00e8rics) \u00e9s un grup de recerca consolidat de la Universitat de Barcelona, especialitzat en l\u2019estudi dels virus humans que infecten el tracte digestiu, com els virus de l\u2019hepatitis A i E, norovirus, rotavirus i astrovirus. El grup investiga la biologia molecular i la patog\u00e8nesi d&#8217;aquests virus, contribuint a la millora de la salut p\u00fablica mitjan\u00e7ant el desenvolupament de m\u00e8todes de control, prevenci\u00f3 i diagn\u00f2stic.<\/p>\n<h3>Sectors industrials<\/h3>\n<p>VIRUSENT col\u00b7labora amb empreses del sector farmac\u00e8utic, alimentari i de l\u2019aigua. El grup desenvolupa m\u00e8todes per detectar virus en aliments i aig\u00fces, i treballa en la creaci\u00f3 de vacunes i altres mesures preventives per a malalties causades per virus ent\u00e8rics.<\/p>\n<h3><strong>Serveis<\/strong><\/h3>\n<ol>\n<li>Desenvolupament de m\u00e8todes de detecci\u00f3 de virus en aliments i aig\u00fces.<\/li>\n<li>Estudi de la patog\u00e8nesi i desenvolupament de vacunes per a virus com l\u2019hepatitis A i E.<\/li>\n<li>Assessorament i an\u00e0lisi en seguretat virol\u00f2gica.<\/li>\n<li>Vigil\u00e0ncia de virus en aig\u00fces residuals.<\/li>\n<li>Serveis de seguretat virol\u00f2gica per al sector farmac\u00e8utic.<\/li>\n<\/ol>\n<h3><strong>Clients<\/strong><\/h3>\n<p>Entre els seus clients figuren:<br \/>\n&#8211; Empreses farmac\u00e8utiques : bioMerieux, CerTest.<br \/>\n&#8211; Empreses del sector de l\u2019aigua: Aig\u00fces de Barcelona, Eurofins Environment testing Ireland.<br \/>\n&#8211; Organismes p\u00fablics: Ministerio de Sanidad, Espa\u00f1a, Ag\u00e8ncia de Salut P\u00fablica de Catalunya, Ministeri de Sanitat, Andorra.<\/p>\n<h3>Personal<\/h3>\n<p>El grup est\u00e0 coordinat per la Dra. Rosa Maria Pint\u00f3 i inclou altres membres destacats com el Dr. Albert Bosch, la Dra. Susana Guix i la Dra. Maria Isabel Costafreda. Compta amb un equip format per investigadors s\u00e8niors, t\u00e8cnics especialitzats i estudiants de doctorat.<\/p>\n<h3><strong>Instal\u00b7lacions i equipaments<\/strong><\/h3>\n<p>VIRUSENT disposa de laboratoris de virologia a la Facultat de Biologia de la UB i ofereix serveis d&#8217;an\u00e0lisi al Laboratori SAVCA (Servei d\u2019An\u00e0lisi de Virus en la Cadena Aliment\u00e0ria i Cicle de l\u2019Aig\u00fca) del Campus de l\u2019Alimentaci\u00f3 de Torribera, amb equipament especialitzat per a la detecci\u00f3 i quantificaci\u00f3 de virus en aliments i aig\u00fces.<\/p>\n<h3><strong>L\u00ednies de recerca<\/strong><\/h3>\n<p><strong>Generaci\u00f3 de coneixement:<\/strong><\/p>\n<ol>\n<li>Biologia molecular dels virus de l\u2019hepatitis A i E.<\/li>\n<li>Biologia molecular d\u2019Astrovirus<\/li>\n<li>Epidemiologia Molecular basada en quantificaci\u00f3, NGS i Filog\u00e8nia<\/li>\n<\/ol>\n<p><strong>Transfer\u00e8ncia:<\/strong><\/p>\n<ol>\n<li>Estudis Virol\u00f2gics pel sector farmac\u00e8utic<\/li>\n<li>Seguretat V\u00edrica Aigua i Aliments (Laboratori SAVCA)<\/li>\n<li>Vigil\u00e0ncia Ambiental de Virus Emergents i Wastewater-based Epidemiology (WBE)<\/li>\n<\/ol>\n<h3><strong>Projectes de recerca<\/strong><\/h3>\n<p>A. Bosch, R.M Pint\u00f3. Universitat de Barcelona. Standardized method and kit for the quantification of Hepatitis A virus. International PCT No. registro PCT\/EP2007\/055402, Estats Units, 2007. Data de publicaci\u00f3: 04\/12\/2008. N\u00ba de publicaci\u00f3 PCT\/EP2007\/055402: WO 2008\/145196. En explotaci\u00f3 <a href=\"https:\/\/www.ceeram.fr\/\">Ceeram<\/a>, 2009; <a href=\"http:\/\/products.invitrogen.com\/ivgn\/product\/4475930\">Life Technologies<\/a> 2012; <a href=\"http:\/\/www.biomerieux.es\/microbiologia-industrial\/kits-de-deteccion-por-pcr-de-virus-de-la-hepatitis\">bioM\u00e9rieux<\/a>, 2015.<\/p>\n<p><strong>T\u00edtol<\/strong>: Improving methods for the assessment of infectious human enteric virus survival in produce (MAssIVE). <strong>Entitat finan\u00e7adora<\/strong>: Center for Produce Safety (CPS; ESTATS UNITS D&#8217;AM\u00c8RICA). Associaci\u00f3 d\u2019empreses del sector productor de verdures dels Estats Units.<br \/>\n<strong>N\u00famero de projecte<\/strong>: 2024CPS04<br \/>\n<strong>Import global<\/strong>: 294.641\u201947 \u20ac. Data inici: 01\/01\/2024. Data de finalitzaci\u00f3: 30\/06\/2026<br \/>\nInvestigador\/s responsable\/s: Susana Guix Arnau<\/p>\n<h3><strong>Publicacions m\u00e9s rellevants<\/strong><\/h3>\n<p>Costafreda MI, Bosch A, Pint\u00f3, RM. <strong>2006<\/strong>. Development, evaluation, and standardization of a real-time TaqMan reverse transcription-PCR assay for quantification of hepatitis A virus in clinical and shellfish samples. <strong>Aplied and Environmental Microbiology 72<\/strong>: 3846-3855.<\/p>\n<p>Pint\u00f3, RM, Costafreda MI, Bosch A. <strong>2009<\/strong>. Risk Assessment in Shellfish-Borne Outbreaks of Hepatitis A.\u00a0 <strong>Aplied and Environmental Microbiology 75<\/strong>: 7350-7355.<\/p>\n<p>Carcereny A, Mart\u00ednez-Vel\u00e1zquez A, Bosch A, Allende A, Truchado P, Cascales J, Romalde JL, Lois M, Polo D, S\u00e1nchez G, P\u00e9rez-Catalu\u00f1a A, D\u00edaz-Reolid A, Ant\u00f3n A, Gregori J, Garcia-Cehic D, Quer J, \u00a0Palau M, \u00a0Ruano CG, Pint\u00f3 RM, Guix S. Monitoring Emergence of the SARS-CoV-2 B.1.1.7 Variant through the Spanish National SARS-CoV-2 Wastewater Surveillance System (VATar COVID-19). <strong>Environmental Science and Technology<\/strong> <strong>55<\/strong>: 11756-11766.<\/p>\n","protected":false},"excerpt":{"rendered":"<p>Presentaci\u00f3 VIRUSENT (Virus Ent\u00e8rics) \u00e9s un grup de recerca consolidat de la Universitat de Barcelona, especialitzat en l\u2019estudi dels virus&#8230;<\/p>\n","protected":false},"author":2,"featured_media":0,"parent":1469,"menu_order":0,"comment_status":"closed","ping_status":"closed","template":"page-grupsrecerca.php","meta":{"_acf_changed":false,"inline_featured_image":false,"_monsterinsights_skip_tracking":false,"_monsterinsights_sitenote_active":false,"_monsterinsights_sitenote_note":"","_monsterinsights_sitenote_category":0,"footnotes":""},"class_list":["post-20567","page","type-page","status-publish","hentry"],"acf":[],"_links":{"self":[{"href":"https:\/\/www.fbg.ub.edu\/es\/wp-json\/wp\/v2\/pages\/20567","targetHints":{"allow":["GET"]}}],"collection":[{"href":"https:\/\/www.fbg.ub.edu\/es\/wp-json\/wp\/v2\/pages"}],"about":[{"href":"https:\/\/www.fbg.ub.edu\/es\/wp-json\/wp\/v2\/types\/page"}],"author":[{"embeddable":true,"href":"https:\/\/www.fbg.ub.edu\/es\/wp-json\/wp\/v2\/users\/2"}],"replies":[{"embeddable":true,"href":"https:\/\/www.fbg.ub.edu\/es\/wp-json\/wp\/v2\/comments?post=20567"}],"version-history":[{"count":1,"href":"https:\/\/www.fbg.ub.edu\/es\/wp-json\/wp\/v2\/pages\/20567\/revisions"}],"predecessor-version":[{"id":20568,"href":"https:\/\/www.fbg.ub.edu\/es\/wp-json\/wp\/v2\/pages\/20567\/revisions\/20568"}],"up":[{"embeddable":true,"href":"https:\/\/www.fbg.ub.edu\/es\/wp-json\/wp\/v2\/pages\/1469"}],"wp:attachment":[{"href":"https:\/\/www.fbg.ub.edu\/es\/wp-json\/wp\/v2\/media?parent=20567"}],"curies":[{"name":"wp","href":"https:\/\/api.w.org\/{rel}","templated":true}]}}