{"id":2052,"date":"2017-09-15T20:13:44","date_gmt":"2017-09-15T19:13:44","guid":{"rendered":"http:\/\/161.116.26.48\/investigadores\/conocimiento-experto-ub\/agricultura-i-ramaderia\/"},"modified":"2017-11-30T08:51:27","modified_gmt":"2017-11-30T07:51:27","slug":"agricultura-i-ramaderia","status":"publish","type":"page","link":"https:\/\/www.fbg.ub.edu\/es\/investigadores\/conocimiento-experto-ub\/agricultura-i-ramaderia\/","title":{"rendered":"Agricultura y ganader\u00eda"},"content":{"rendered":"<h3>TECNOLOGIA RAMADERA<\/h3>\n<ul>\n<li>Tractament de purins per digesti\u00f3 anaer\u00f2bica i postractament d\u2019SBR.<\/li>\n<li>Valoraci\u00f3 qualitativa i quantitativa de les mat\u00e8ries primeres utilitzades en la formulaci\u00f3 i fabricaci\u00f3 de pinsos.<\/li>\n<li>Detecci\u00f3 de contaminants i adulterants en el pinso.<\/li>\n<li>An\u00e0lisi del metabolisme en els mam\u00edfers.<\/li>\n<li>Endocrinologia comparada en els vertebrats.<\/li>\n<li>Desenvolupament de vacunes.<\/li>\n<li>Biomec\u00e0nica animal.<\/li>\n<li>Estudis de comportament animal.<\/li>\n<li>Sistem\u00e0tica i evoluci\u00f3 de la fauna.<\/li>\n<\/ul>\n<h3>GEN\u00c8TICA<\/h3>\n<ul>\n<li>Desenvolupament de software de gen\u00e8tica i biologia molecular. Gesti\u00f3 de biblioteques moleculars.<\/li>\n<li>Estudi de la variabilitat nucleot\u00eddica en poblacions naturals i variabilitat en l\u2019ADN.<\/li>\n<li>Evoluci\u00f3 de la regulaci\u00f3 de gens.<\/li>\n<li>Desenvolupament de m\u00e8todes per a identificar individus, poblacions i esp\u00e8cies.<\/li>\n<li>Estudi de les bases cel\u00b7lulars, gen\u00e8tiques i moleculars del proc\u00e9s de regeneraci\u00f3 i del desenvolupament embrionari.<\/li>\n<li>Detecci\u00f3 de la selecci\u00f3 natural pel que fa tant al genoma com als gens candidats.<\/li>\n<\/ul>\n<h3>MEDI AMBIENT<\/h3>\n<ul>\n<li>Assessorament en la reducci\u00f3 de l\u2019impacte ambiental de residus.<\/li>\n<li>Valoritzaci\u00f3, inertitzaci\u00f3 i estabilitzaci\u00f3 de residus i de subproductes.<\/li>\n<li>Avaluaci\u00f3 de l&#8217;acumulaci\u00f3 de metalls i de la toler\u00e0ncia de les plantes.<\/li>\n<li>Avaluaci\u00f3 i quantificaci\u00f3 de la concentraci\u00f3 de virus, pat\u00f2gens, par\u00e0sits, emissors radioactius, etc. en fangs simples i de depuraci\u00f3 i en bios\u00f2lids.<\/li>\n<li>Tractament i depuraci\u00f3 de residus. Dissenys de plantes depuradores. Estudisde viabilitat i planta pilot.<\/li>\n<li>Caracteritzaci\u00f3 del subs\u00f2l per a l\u2019emmagatzematge de residus.<\/li>\n<li>Caracteritzaci\u00f3 i tractament de residus.<\/li>\n<li>An\u00e0lisi de residus, s\u00f2ls, aire i aigua.<\/li>\n<li>Caracteritzaci\u00f3 i models predicatius de les propietats del subs\u00f2l. Capacitat de segrest de carboni. Fixaci\u00f3 simbi\u00f2tica de nitrogen.<\/li>\n<li>Agroecologia.<\/li>\n<li>Caracteritzaci\u00f3 i models predicatius de les propietats del subs\u00f2l.<\/li>\n<li>Caracteritzaci\u00f3 del subs\u00f2l per a l\u2019emmagatzematge i l\u2019aprofitament de residus.<\/li>\n<li>Edafologia i biogeoqu\u00edmica de s\u00f2ls. Gesti\u00f3 de la mat\u00e8ria org\u00e0nica i dels nutrients. Fertilitat del s\u00f2l.<\/li>\n<li>Caracteritzaci\u00f3 i descontaminaci\u00f3 de sediments. Assaigs ecotoxicol\u00f2gics.<\/li>\n<li>Millora de l\u2019\u00fas de l\u2019aigua. An\u00e0lisi de noves tecnologies.<\/li>\n<\/ul>\n<h3>ENERGIA I COMBUSTIBLES<\/h3>\n<ul>\n<li>Aprofitament de l\u2019energia solar. C\u00e0lcul de sistemes solars.<\/li>\n<li>Materials i dispositius per a l\u2019electr\u00f2nica d\u2019alta temperatura.<\/li>\n<li>Tecnologia de panells de silici en capa fina.<\/li>\n<li>Semiconductors policristal\u00b7lins i nous materials org\u00e0nics per a c\u00e8l\u00b7lules fotovoltaiques de gran superf\u00edcie.<\/li>\n<li>Disseny i industrialitzaci\u00f3 de m\u00f2duls fotovoltaics en silici de capa fina.<\/li>\n<li>Arquitectura sostenible aplicada.<\/li>\n<li>Combustibles di\u00e8sel m\u00e9s nets.<\/li>\n<li>Biocarburants de nova generaci\u00f3. Biog\u00e0s, biodi\u00e8sel i bioetanol.<\/li>\n<li>Producci\u00f3 d\u2019hidrogen com a combustible alternatiu. Caracteritzaci\u00f3 de catalitzadors.<\/li>\n<\/ul>\n<h3>SEGURETAT ALIMENT\u00c0RIA<\/h3>\n<ul>\n<li>Avaluaci\u00f3 qu\u00edmica i biol\u00f2gica de la seguretat aliment\u00e0ria.<\/li>\n<li>Toxicologia experimental aplicada.<\/li>\n<li>Determinaci\u00f3 de contaminants alimentaris.<\/li>\n<li>Avaluaci\u00f3 del risc sanitari d\u2019aliments.<\/li>\n<li>Resoluci\u00f3 de problemes relacionats amb l\u2019an\u00e0lisi i el control de contaminants.<\/li>\n<li>Avaluaci\u00f3 de riscos per a la salut p\u00fablica; riscos toxicol\u00f2gics i letalitat.<\/li>\n<li>Inactivaci\u00f3 i eliminaci\u00f3 de virus.<\/li>\n<\/ul>\n<h3>CEREALS<\/h3>\n<ul>\n<li>Caracteritzaci\u00f3 de la producci\u00f3 i la implementaci\u00f3 en programa de millora de cereals.<\/li>\n<li>An\u00e0lisi bioecol\u00f2gic de la degradaci\u00f3 en els blats. Taxonomia. An\u00e0lisi de les plagues del blat.<\/li>\n<li>An\u00e0lisi de l\u2019ecofisiologia de cereals cultivats en l\u2019\u00e0rea mediterr\u00e0nia, la reconstrucci\u00f3 paleoambiental i l\u2019efici\u00e8ncia de l\u2019\u00fas d\u2019aigua de cultius de blat i ordi.<\/li>\n<li>Millora de la qualitat del blat dur i adaptaci\u00f3 a la sequera i a la defici\u00e8ncia de nitrogen.<\/li>\n<li>Condicions mediterr\u00e0nies presents i futures: bases fisiol\u00f2giques i moleculars del blat.<\/li>\n<li>Desenvolupament de mapes de riscos en cultius de cereals.<\/li>\n<\/ul>\n<h3>ASPECTES SOCIOECON\u00d2MICS<\/h3>\n<ul>\n<li>An\u00e0lisi de la viabilitat econ\u00f2mica de projectes, plans de m\u00e0rqueting i comercialitzaci\u00f3 d\u2019una promoci\u00f3.<\/li>\n<li>An\u00e0lisi de les conseq\u00fc\u00e8ncies de la globalitzaci\u00f3 en l\u2019economia i en la integraci\u00f3 econ\u00f2mica.<\/li>\n<li>Optimitzaci\u00f3 financera i econ\u00f2mica.<\/li>\n<li>Modelitzaci\u00f3 en mat\u00e8ria de decisions financeres, interaccions entre els agents econ\u00f2mics.<\/li>\n<li>An\u00e0lisi econ\u00f2mica de les pol\u00edtiques p\u00fabliques.<\/li>\n<li>Instruments econ\u00f2mics de la pol\u00edtica ambiental.<\/li>\n<li>Investigaci\u00f3 de mercats i comportament del consumidor.<\/li>\n<li>An\u00e0lisi de comportaments i h\u00e0bits alimentaris<\/li>\n<li>An\u00e0lisi de trastorns alimentaris<\/li>\n<li>Inventaris de patrimoni alimentari per al turisme gastron\u00f2mic<\/li>\n<li>Revaloritzaci\u00f3 de productes alimentaris<\/li>\n<li>Estudis de consum de productes alimentaris<\/li>\n<li>Assessorament en alimentaci\u00f3 saludable<\/li>\n<li>Informes antropol\u00f2gics en temes alimentaris<\/li>\n<li>Estudis estad\u00edstics en l\u2019\u00e0mbit alimentari<\/li>\n<li>Bases de dades de consum alimentari<\/li>\n<\/ul>\n","protected":false},"excerpt":{"rendered":"<p>TECNOLOGIA RAMADERA Tractament de purins per digesti\u00f3 anaer\u00f2bica i postractament d\u2019SBR. Valoraci\u00f3 qualitativa i quantitativa de les mat\u00e8ries primeres utilitzades&#8230;<\/p>\n","protected":false},"author":1,"featured_media":4001,"parent":1464,"menu_order":0,"comment_status":"closed","ping_status":"closed","template":"page-expertesa.php","meta":{"_acf_changed":false,"inline_featured_image":false,"_monsterinsights_skip_tracking":false,"_monsterinsights_sitenote_active":false,"_monsterinsights_sitenote_note":"","_monsterinsights_sitenote_category":0,"footnotes":""},"class_list":["post-2052","page","type-page","status-publish","has-post-thumbnail","hentry"],"acf":[],"_links":{"self":[{"href":"https:\/\/www.fbg.ub.edu\/es\/wp-json\/wp\/v2\/pages\/2052","targetHints":{"allow":["GET"]}}],"collection":[{"href":"https:\/\/www.fbg.ub.edu\/es\/wp-json\/wp\/v2\/pages"}],"about":[{"href":"https:\/\/www.fbg.ub.edu\/es\/wp-json\/wp\/v2\/types\/page"}],"author":[{"embeddable":true,"href":"https:\/\/www.fbg.ub.edu\/es\/wp-json\/wp\/v2\/users\/1"}],"replies":[{"embeddable":true,"href":"https:\/\/www.fbg.ub.edu\/es\/wp-json\/wp\/v2\/comments?post=2052"}],"version-history":[{"count":3,"href":"https:\/\/www.fbg.ub.edu\/es\/wp-json\/wp\/v2\/pages\/2052\/revisions"}],"predecessor-version":[{"id":4262,"href":"https:\/\/www.fbg.ub.edu\/es\/wp-json\/wp\/v2\/pages\/2052\/revisions\/4262"}],"up":[{"embeddable":true,"href":"https:\/\/www.fbg.ub.edu\/es\/wp-json\/wp\/v2\/pages\/1464"}],"wp:featuredmedia":[{"embeddable":true,"href":"https:\/\/www.fbg.ub.edu\/es\/wp-json\/wp\/v2\/media\/4001"}],"wp:attachment":[{"href":"https:\/\/www.fbg.ub.edu\/es\/wp-json\/wp\/v2\/media?parent=2052"}],"curies":[{"name":"wp","href":"https:\/\/api.w.org\/{rel}","templated":true}]}}