{"id":18409,"date":"2024-03-07T14:59:11","date_gmt":"2024-03-07T12:59:11","guid":{"rendered":"http:\/\/161.116.26.48\/?page_id=18409"},"modified":"2024-03-07T15:04:32","modified_gmt":"2024-03-07T13:04:32","slug":"grup-de-recerca-en-geotecnologia-i-sostenibilitat-ambiental","status":"publish","type":"page","link":"https:\/\/www.fbg.ub.edu\/es\/investigadores\/grupos-investigacion-ub\/grup-de-recerca-en-geotecnologia-i-sostenibilitat-ambiental\/","title":{"rendered":"Grup de recerca en geotecnologia i sostenibilitat ambiental"},"content":{"rendered":"<h3><strong>Qu\u00e8 fem?<\/strong><\/h3>\n<p>L\u2019objectiu principal del grup de recerca en <strong>Geotecnologia i Sostenibilitat Ambiental <\/strong>\u00e9s la caracteritzaci\u00f3 del subsol i l\u2019avaluaci\u00f3 dels recursos geol\u00f2gics incorporant els aspectes d\u2019impacte ambiental i sostenibilitat que afecten els diferents medis geol\u00f2gics i vectors (aigua, sol i aire). Les metodologies d\u2019estudi, en les quals ens hem especialitzat al llarg de la nostra traject\u00f2ria, \u00a0han consistit en l\u2019aplicaci\u00f3 de diferents t\u00e8cniques complement\u00e0ries: geof\u00edsiques, geoqu\u00edmiques i hidrogeol\u00f2giques per caracteritzar el subsol i modelitzar els processos. Recentment, la incorporaci\u00f3 de nous membres al grup ha perm\u00e8s intensificar la recerca en \u00e0mbits lligats a la sostenibilitat, com s\u00f3n l\u2019avaluaci\u00f3 i control de riscos geol\u00f2gics associats a esllavissades, vulcanisme i a altres fen\u00f2mens.<\/p>\n<h3><strong>Serveis<\/strong><\/h3>\n<p>Des del grup de recerca fem servir diferents t\u00e8cniques per tal de caracteritzar el subsol. Aquestes t\u00e8cniques permeten obtenir par\u00e0metres geot\u00e8cnics del terreny, \u00a0la detecci\u00f3 de serveis enterrats o la caracteritzaci\u00f3 estratigr\u00e0fica del subsol entre d\u2019altres. Les t\u00e8cniques ofertades s\u00f3n les seg\u00fcents:<\/p>\n<ul>\n<li>Tomografia de resistivitat El\u00e8ctrica (ERT)<\/li>\n<li>Geo-radar (GPR)<\/li>\n<li>S\u00edsmica de refracci\u00f3<\/li>\n<li>S\u00edsmica passiva (MASW i REMI)<\/li>\n<li>Gravimetria<\/li>\n<li>Cartografia i modelat digital amb Drone<\/li>\n<\/ul>\n<p>Disposem d\u2019un petit laboratori de geot\u00e8cnia equipat amb un equip de tall directe i material per realitzar assaigs granulom\u00e8trics i l\u00edmits d\u2019Atterberg.<\/p>\n<h3><strong>Amb qui hem col\u00b7laborat?<\/strong><\/h3>\n<p>L\u2019equip multidisciplinari que integra el grup aix\u00ed com la polival\u00e8ncia de les t\u00e8cniques emprades permet realitzar treballs per diferents \u00e0mbits i empreses entre les quals es troben les seg\u00fcents:<\/p>\n<ul>\n<li>Institut Catal\u00e0 d\u2019Arqueologia Cl\u00e0ssica<\/li>\n<li>Centro Andaluz de Investigaciones de Agua (CETAQUA)<\/li>\n<li>Generalitat de Catalunya<\/li>\n<li>Consejo Superior de Investigaciones Cient\u00edficas (CSIC)<\/li>\n<li>Iberpotash<\/li>\n<li>Inerco Inspecci\u00f3n y Control<\/li>\n<li>SGS Tecnos<\/li>\n<li>TECSOL<\/li>\n<li>TPF Getinsa Euroestudios<\/li>\n<li>Patrimoni 2.0<\/li>\n<\/ul>\n<h3><strong>\u00a0<\/strong><strong>L\u00ednies d\u2019Investigaci\u00f3<\/strong><\/h3>\n<ul>\n<li>Caracteritzaci\u00f3 del subsol<\/li>\n<li>Prospecci\u00f3 geof\u00edsica<\/li>\n<li>Geologia Ambiental<\/li>\n<li>Geoqu\u00edmica Aplicada<\/li>\n<li>Qualitat de s\u00f2ls i aig\u00fces<\/li>\n<li>Vulnerabilitat<\/li>\n<li>Monitoritzaci\u00f3 d\u2019inestabilitats en talussos<\/li>\n<li>Modelitzaci\u00f3 d\u2019esllavissades<\/li>\n<li>Estudi de mecanismes desencadenants d\u2019esllavissades<\/li>\n<\/ul>\n<h3><strong>Darreres Publicacions del Grup<\/strong><\/h3>\n<p>Sendr\u00f3s, A., Himi, M., Rivero, L., Lovera, R., Urruela, A., Tapias, J. C., &amp; Casas, A. (2023). <strong>Enhanced Groundwater Protection and Management Using Gravity and Geoelectrical Data (Valls Basin, Spain)<\/strong>. Water, 15(23), 4130.<\/p>\n<p>Sendr\u00f3s, A., Cubides, I. J., Himi, M., Lovera, R., Urruela, A., Tapias, J. C., &#8230; &amp; Casas, A. (2023). <strong>Coupled Geophysical and Hydrogeochemical Characterization of a Coastal Aquifer as Tool for a More Efficient Management (Torredembarra, Spain)<\/strong>.\u00a0Water,\u00a015(19), 3333.<\/p>\n<p>Himi, M., Anton, M., Sendr\u00f3s, A., Abanc\u00f3, C., Ercoli, M., Lovera, R., &#8230; &amp; Casas, A. (2022). <strong>Application of Resistivity and Seismic Refraction Tomography for Landslide Stability Assessment in Vallcebre, Spanish Pyrenees<\/strong>. Remote Sensing, 14(24), 6333.<\/p>\n<p>Casas, A., Castanyer, P., Himi, M., Lovera, R., Rivero, L., Santos, M., &#8230; &amp; Urruela, A. (2022). <strong>Frequency Domain Electromagnetic mapping for delineating subsurface structures related to the historical port of Emporiae<\/strong>. Archaeological Prospection, 29(1), 33-43.<\/p>\n<p>Abanc\u00f3, C., Bennett, G. L., Matthews, A. J., Matera, M. A. M., &amp; Tan, F. J. (2021). <strong>The role of geomorphology, rainfall and soil moisture in the occurrence of landslides triggered by 2018 Typhoon Mangkhut in the Philippines<\/strong>. Natural Hazards and Earth System Sciences, 21(5), 1531-1550.<\/p>\n<p>Sendr\u00f3s, A., Urruela, A., Himi, M., Alonso, C., Lovera, R., Tapias, J. C., &#8230; &amp; Casas, A. (2021). <strong>Characterization of a shallow coastal aquifer in the framework of a subsurface storage and soil aquifer treatment project using electrical resistivity tomography (Port de la Selva, Spain)<\/strong>. Applied Sciences, 11(6), 2448.<\/p>\n<h3><strong>\u00a0<\/strong><strong>Projectes d\u2019investigaci\u00f3<\/strong><\/h3>\n<ul>\n<li><strong>Herramientas no destructivas para la evaluacion de la eficiencia en sistemas de recarga de acuiferos y tratamiento de agua de baja demanda energetica<\/strong>. PID2022-137467OB-I00. (2023-2026)<\/li>\n<li><strong>De ipsos kastellos: h\u00e0bitat i fortaleses de muntanya a la Catalunya medieval<\/strong> (S.IX-XIII). ARQ001SOL-161-2022. (2022-2025)<\/li>\n<li><strong>Producci\u00f3n de sedimentos en cuencas de monta\u00f1a: Evaluaci\u00f3n del impacto del cambio clim\u00e1tico sobre la sedimentaci\u00f3n en embalses y la p\u00e9rdida de suelos (SED4BUD) <\/strong>(TED2021-129246B-I00) (2022-2024)<\/li>\n<li><strong>Muntanya viva: assentaments, recursos i paisatges a la Catalunya medieval (segles IV-XIII).<\/strong> CLT009\/18\/00041. (2018-2021)<\/li>\n<li><strong>Evaluaci\u00f3n de los efectos de la aplicaci\u00f3n de agua no-convencional en la zona saturada y no saturada. Enfoque multidisciplinar<\/strong>. CGL2013-48802-C3-1-R. (2014-2017)<\/li>\n<\/ul>\n","protected":false},"excerpt":{"rendered":"<p>Qu\u00e8 fem? L\u2019objectiu principal del grup de recerca en Geotecnologia i Sostenibilitat Ambiental \u00e9s la caracteritzaci\u00f3 del subsol i l\u2019avaluaci\u00f3&#8230;<\/p>\n","protected":false},"author":2,"featured_media":18404,"parent":1469,"menu_order":0,"comment_status":"closed","ping_status":"closed","template":"page-grupsrecerca.php","meta":{"_acf_changed":false,"inline_featured_image":false,"_monsterinsights_skip_tracking":false,"_monsterinsights_sitenote_active":false,"_monsterinsights_sitenote_note":"","_monsterinsights_sitenote_category":0,"footnotes":""},"class_list":["post-18409","page","type-page","status-publish","has-post-thumbnail","hentry"],"acf":[],"_links":{"self":[{"href":"https:\/\/www.fbg.ub.edu\/es\/wp-json\/wp\/v2\/pages\/18409","targetHints":{"allow":["GET"]}}],"collection":[{"href":"https:\/\/www.fbg.ub.edu\/es\/wp-json\/wp\/v2\/pages"}],"about":[{"href":"https:\/\/www.fbg.ub.edu\/es\/wp-json\/wp\/v2\/types\/page"}],"author":[{"embeddable":true,"href":"https:\/\/www.fbg.ub.edu\/es\/wp-json\/wp\/v2\/users\/2"}],"replies":[{"embeddable":true,"href":"https:\/\/www.fbg.ub.edu\/es\/wp-json\/wp\/v2\/comments?post=18409"}],"version-history":[{"count":1,"href":"https:\/\/www.fbg.ub.edu\/es\/wp-json\/wp\/v2\/pages\/18409\/revisions"}],"predecessor-version":[{"id":18410,"href":"https:\/\/www.fbg.ub.edu\/es\/wp-json\/wp\/v2\/pages\/18409\/revisions\/18410"}],"up":[{"embeddable":true,"href":"https:\/\/www.fbg.ub.edu\/es\/wp-json\/wp\/v2\/pages\/1469"}],"wp:featuredmedia":[{"embeddable":true,"href":"https:\/\/www.fbg.ub.edu\/es\/wp-json\/wp\/v2\/media\/18404"}],"wp:attachment":[{"href":"https:\/\/www.fbg.ub.edu\/es\/wp-json\/wp\/v2\/media?parent=18409"}],"curies":[{"name":"wp","href":"https:\/\/api.w.org\/{rel}","templated":true}]}}