{"id":1757,"date":"2017-10-04T14:48:59","date_gmt":"2017-10-04T13:48:59","guid":{"rendered":"http:\/\/161.116.26.48\/que-hacemos\/ayudas-y-financiacion\/micromecenazgo\/braingaze-aconsegueix-200-000-euros-llancar-sistema-deteccio-tdah\/"},"modified":"2018-07-13T11:51:38","modified_gmt":"2018-07-13T10:51:38","slug":"braingaze-aconsegueix-200-000-euros-llancar-sistema-deteccio-tdah","status":"publish","type":"page","link":"https:\/\/www.fbg.ub.edu\/es\/que-hacemos\/ayudas-y-financiacion\/micromecenazgo\/braingaze-aconsegueix-200-000-euros-llancar-sistema-deteccio-tdah\/","title":{"rendered":"Braingaze aconsegueix 200.000 euros per llan\u00e7ar el seu sistema de detecci\u00f3 del TDAH (en catal\u00e1n) CERRADO"},"content":{"rendered":"<p>Braingaze, una\u00a0<em>spin-off<\/em>\u00a0de la Universitat de Barcelona i de la Instituci\u00f3 Catalana de Recerca i Estudis Avan\u00e7ats (ICREA), ha aconseguit tancar una ronda de crowdfunding de 200.000 euros per iniciar el llan\u00e7ament del seu primer producte, el \u2018BGaze ADHD testing\u2019, un sistema que detecta el trastorn de d\u00e8ficit d\u2019atenci\u00f3 i hiperactivitat (TDAH) en infants a partir d\u2019un videojoc. L\u2019empresa de \u2018mind tracking technology\u2019 va iniciar una ronda d\u2019inversi\u00f3 a trav\u00e9s de la plataforma per a projectes biotecn\u00f2logics Capital Cell, i el resultat ha estat un \u00e8xit. \u201cEl pas seg\u00fcent \u00e9s augmentar l\u2019equip, sobretot en l\u2019\u00e0rea de comercialitzaci\u00f3, per\u00f2 tamb\u00e9 en les \u00e0rees de desenvolupament del producte i estudis cl\u00ednics. A m\u00e9s, podrem continuar treballant en altres proves diagn\u00f2stiques de trastorns com la disl\u00e8xia i l\u2019autisme\u201d, afirma Laszlo Bax, CEO de Braingaze.<\/p>\n<p>La tecnologia \u2018BGaze ADHD testing\u2019 permet detectar el TDAH gr\u00e0cies a l\u2019an\u00e0lisi, en nom\u00e9s quinze minuts, d\u2019un moviment ocular involuntari. El sistema \u00e9s totalment objectiu, no invasiu i f\u00e0cil d\u2019usar, i iguala la precisi\u00f3 del diagn\u00f2stic convencional cl\u00ednic, que pot durar de quatre a sis hores i no garanteix l\u2019objectivitat. Des de l\u2019any 2013 Braingaze t\u00e9 la patent d\u2019aquest sistema, l\u2019estrat\u00e8gia de patentabilitat del qual va ser avaluada per la Fundaci\u00f3 Bosch i Gimpera.<\/p>\n<p>Al mes de mar\u00e7 passat, Braingaze va presentar el seu sistema de detecci\u00f3 davant m\u00e9s de tres mil psiquiatres en el marc de la Confer\u00e8ncia de l\u2019Associaci\u00f3 Europea de Psiquiatria, on va causar molt bona impressi\u00f3. \u201cLa nostra plataforma va suscitar molt d\u2019inter\u00e8s en l\u2019\u00e0mbit de la psiquiatria infantil, i actualment ja hem parlat amb diferents\u00a0centres de refer\u00e8ncia nacional i internacional per incorporar la nostra tecnologia a la seva pr\u00e0ctica cl\u00ednica\u201d, afirma Laszlo Bax. Braingaze treballa actualment en la validaci\u00f3 cl\u00ednica d\u2019una prova per detectar el TDAH de manera objectiva en adults, aix\u00ed com en l\u2019aplicaci\u00f3 de la seva tecnologia a altres malalties com la disl\u00e8xia, l\u2019autisme i l\u2019Alzheimer.<\/p>\n","protected":false},"excerpt":{"rendered":"<p>Braingaze, una\u00a0spin-off\u00a0de la Universitat de Barcelona i de la Instituci\u00f3 Catalana de Recerca i Estudis Avan\u00e7ats (ICREA), ha aconseguit tancar&#8230;<\/p>\n","protected":false},"author":1,"featured_media":1758,"parent":1481,"menu_order":0,"comment_status":"closed","ping_status":"closed","template":"page-projecte.php","meta":{"_acf_changed":false,"inline_featured_image":false,"_monsterinsights_skip_tracking":false,"_monsterinsights_sitenote_active":false,"_monsterinsights_sitenote_note":"","_monsterinsights_sitenote_category":0,"footnotes":""},"class_list":["post-1757","page","type-page","status-publish","has-post-thumbnail","hentry"],"acf":[],"_links":{"self":[{"href":"https:\/\/www.fbg.ub.edu\/es\/wp-json\/wp\/v2\/pages\/1757","targetHints":{"allow":["GET"]}}],"collection":[{"href":"https:\/\/www.fbg.ub.edu\/es\/wp-json\/wp\/v2\/pages"}],"about":[{"href":"https:\/\/www.fbg.ub.edu\/es\/wp-json\/wp\/v2\/types\/page"}],"author":[{"embeddable":true,"href":"https:\/\/www.fbg.ub.edu\/es\/wp-json\/wp\/v2\/users\/1"}],"replies":[{"embeddable":true,"href":"https:\/\/www.fbg.ub.edu\/es\/wp-json\/wp\/v2\/comments?post=1757"}],"version-history":[{"count":2,"href":"https:\/\/www.fbg.ub.edu\/es\/wp-json\/wp\/v2\/pages\/1757\/revisions"}],"predecessor-version":[{"id":5770,"href":"https:\/\/www.fbg.ub.edu\/es\/wp-json\/wp\/v2\/pages\/1757\/revisions\/5770"}],"up":[{"embeddable":true,"href":"https:\/\/www.fbg.ub.edu\/es\/wp-json\/wp\/v2\/pages\/1481"}],"wp:featuredmedia":[{"embeddable":true,"href":"https:\/\/www.fbg.ub.edu\/es\/wp-json\/wp\/v2\/media\/1758"}],"wp:attachment":[{"href":"https:\/\/www.fbg.ub.edu\/es\/wp-json\/wp\/v2\/media?parent=1757"}],"curies":[{"name":"wp","href":"https:\/\/api.w.org\/{rel}","templated":true}]}}