{"id":1743,"date":"2017-09-18T06:18:06","date_gmt":"2017-09-18T05:18:06","guid":{"rendered":"http:\/\/161.116.26.48\/investigadores\/grupos-tecnio\/sdm-servei-desenvolupament-medicament\/"},"modified":"2018-07-30T11:33:43","modified_gmt":"2018-07-30T10:33:43","slug":"sdm-servicio-desarrollo-medicamento","status":"publish","type":"page","link":"https:\/\/www.fbg.ub.edu\/es\/investigadores\/grupos-tecnio\/sdm-servicio-desarrollo-medicamento\/","title":{"rendered":"SDM \u2013 Servicio de Desarrollo del Medicamento"},"content":{"rendered":"<p>La Universidad de Barcelona dentro de la Facultad de Farmacia, cre\u00f3 en 1996 el Servicio de Desarrollo del Medicamento (SDM), para actualizar su oferta docente y de investigaci\u00f3n a la hora de posibilitar y potenciar la necesaria colaboraci\u00f3n entre la universidad y la industria farmac\u00e9utica y af\u00edn. La misi\u00f3n del SDM consiste en ofrecer servicios de car\u00e1cter t\u00e9cnico, cient\u00edfico, de investigaci\u00f3n y de desarrollo del medicamento de uso humano, del medicamento de uso veterinario y del producto sanitario al sector empresarial farmac\u00e9utico y relacionado (veterinario, cosm\u00e9tico, fitoterap\u00e9utico, productos sanitarios, diet\u00e9ticos, primeras materias farmac\u00e9uticas, etc).<\/p>\n<h3>OFERTA TECNOL\u00d3GICA<\/h3>\n<ul>\n<li>Investigaci\u00f3n y desarrollo de medicamentos de uso humano y veterinario: preformulaci\u00f3n, dise\u00f1o y formulaci\u00f3n, tecnolog\u00eda de elaboraci\u00f3n, transposici\u00f3n a escala industrial, control de calidad y estabilidad del medicamento.<\/li>\n<li>Validaci\u00f3n de met\u00f3dicas anal\u00edticas de medicamentos.<\/li>\n<li>Investigaci\u00f3n y desarrollo de nuevas formas farmac\u00e9uticas.<\/li>\n<li>Estudios comparativos de disoluci\u00f3n in vitro.<\/li>\n<li>Estudios de optimizaci\u00f3n de formulaciones y t\u00e9cnicas de fabricaci\u00f3n.<\/li>\n<li>Estudios de estabilidad seg\u00fan ICH.<\/li>\n<li>Estudios de validaciones de procesos, instalaciones, sistemas y t\u00e9cnicas.<\/li>\n<li>Desarrollo de programas de formaci\u00f3n espec\u00edficos de especializaci\u00f3n.<\/li>\n<li>Estudios de aplicaci\u00f3n de nuevos procesos para la industria farmac\u00e9utica y relacionada.<\/li>\n<\/ul>\n<h4>CONTACTO<\/h4>\n<p>SDM<br \/>\nDr. Josep Maria Su\u00f1\u00e9 Negre<br \/>\n934\u00a0402 45 46<br \/>\n<a href=\"&#x6d;&#97;&#105;l&#x74;&#x6f;&#58;j&#x6d;&#x73;&#117;ne&#x40;&#117;&#98;&#46;&#x65;&#x64;&#117;\">jms<u><\/u>&#117;&#110;&#x65;&#x40;&#117;&#98;&#x2e;&#x65;&#100;<u><\/u>u<\/a><br \/>\n<a href=\"http:\/\/www.ub.edu\/sdm\/\" target=\"_blank\" rel=\"noopener\">http:\/\/www.ub.edu\/sdm\/<\/a><\/p>\n<p><img loading=\"lazy\" decoding=\"async\" class=\"alignnone size-medium wp-image-4546\" src=\"http:\/\/www.fbg.ub.edu\/wp-content\/uploads\/2018\/01\/tecnio2016-380x90.png\" alt=\"\" width=\"380\" height=\"90\" srcset=\"https:\/\/www.fbg.ub.edu\/wp-content\/uploads\/2018\/01\/tecnio2016-380x90.png 380w, https:\/\/www.fbg.ub.edu\/wp-content\/uploads\/2018\/01\/tecnio2016.png 582w\" sizes=\"auto, (max-width: 380px) 100vw, 380px\" \/><\/p>\n","protected":false},"excerpt":{"rendered":"<p>La Universidad de Barcelona dentro de la Facultad de Farmacia, cre\u00f3 en 1996 el Servicio de Desarrollo del Medicamento (SDM),&#8230;<\/p>\n","protected":false},"author":1,"featured_media":2206,"parent":1473,"menu_order":0,"comment_status":"closed","ping_status":"closed","template":"page-grupstecnio.php","meta":{"_acf_changed":false,"inline_featured_image":false,"_monsterinsights_skip_tracking":false,"_monsterinsights_sitenote_active":false,"_monsterinsights_sitenote_note":"","_monsterinsights_sitenote_category":0,"footnotes":""},"class_list":["post-1743","page","type-page","status-publish","has-post-thumbnail","hentry"],"acf":[],"_links":{"self":[{"href":"https:\/\/www.fbg.ub.edu\/es\/wp-json\/wp\/v2\/pages\/1743","targetHints":{"allow":["GET"]}}],"collection":[{"href":"https:\/\/www.fbg.ub.edu\/es\/wp-json\/wp\/v2\/pages"}],"about":[{"href":"https:\/\/www.fbg.ub.edu\/es\/wp-json\/wp\/v2\/types\/page"}],"author":[{"embeddable":true,"href":"https:\/\/www.fbg.ub.edu\/es\/wp-json\/wp\/v2\/users\/1"}],"replies":[{"embeddable":true,"href":"https:\/\/www.fbg.ub.edu\/es\/wp-json\/wp\/v2\/comments?post=1743"}],"version-history":[{"count":6,"href":"https:\/\/www.fbg.ub.edu\/es\/wp-json\/wp\/v2\/pages\/1743\/revisions"}],"predecessor-version":[{"id":5917,"href":"https:\/\/www.fbg.ub.edu\/es\/wp-json\/wp\/v2\/pages\/1743\/revisions\/5917"}],"up":[{"embeddable":true,"href":"https:\/\/www.fbg.ub.edu\/es\/wp-json\/wp\/v2\/pages\/1473"}],"wp:featuredmedia":[{"embeddable":true,"href":"https:\/\/www.fbg.ub.edu\/es\/wp-json\/wp\/v2\/media\/2206"}],"wp:attachment":[{"href":"https:\/\/www.fbg.ub.edu\/es\/wp-json\/wp\/v2\/media?parent=1743"}],"curies":[{"name":"wp","href":"https:\/\/api.w.org\/{rel}","templated":true}]}}