{"id":1733,"date":"2017-09-18T06:16:45","date_gmt":"2017-09-18T05:16:45","guid":{"rendered":"http:\/\/161.116.26.48\/investigadores\/grupos-tecnio\/celltec-ub\/"},"modified":"2026-04-15T12:44:44","modified_gmt":"2026-04-15T10:44:44","slug":"celltec-ub","status":"publish","type":"page","link":"https:\/\/www.fbg.ub.edu\/es\/investigadores\/grupos-investigacion-ub\/celltec-ub\/","title":{"rendered":"CELLTEC UB"},"content":{"rendered":"<p>CELLTEC UB es una iniciativa de un colectivo de investigadores del Departamento de Biolog\u00eda Celular de la Universidad de Barcelona.<\/p>\n<p>Promueve la innovaci\u00f3n y la transferencia de tecnolog\u00eda celular y molecular y ofrece a las empresas de biotecnolog\u00eda, farmac\u00e9uticas, veterinarias y cosm\u00e9ticas la experiencia y los conocimientos de su equipo cient\u00edfico en el desarrollo y la utilizaci\u00f3n de los modelos celulares in vitro y moleculares para el cribado y los estudios de eficacia, toxicidad, metabolismo y mecanismos de acci\u00f3n de sus productos.<\/p>\n<h3>SERVICIOS<\/h3>\n<p><strong>Biotecnolog\u00eda y ciencias de la salud<\/strong><\/p>\n<ul>\n<li>Desarrollo y validaci\u00f3n de dianas terap\u00e9uticas.<\/li>\n<li>Cribado de compuestos.<\/li>\n<li>Toxicidad, metabolismo y seguridad de mol\u00e9culas.<\/li>\n<li>Desarrollo de nuevos modelos celulares como herramientas de cribado.<\/li>\n<li>Nuevos ensayos y herramientas moleculares para la validaci\u00f3n de dianas.<\/li>\n<li>Investigaci\u00f3n en c\u00e9lulas madre e ingenier\u00eda de tejidos.<\/li>\n<li>Transferencia de tecnolog\u00eda y formaci\u00f3n: cultivos celulares, t\u00e9cnicas de biolog\u00eda molecular, de microscopia, etc.<\/li>\n<\/ul>\n<p><strong>Tecnolog\u00edas qu\u00edmicas<\/strong><\/p>\n<ul>\n<li>Desarrollo y validaci\u00f3n de nuevas dianas funcionales (cosmec\u00e9uticos, nutrac\u00e9uticos, tejidos inteligentes, etc.).<\/li>\n<li>Toxicidad, metabolismo, y seguridad de mol\u00e9culas.<\/li>\n<li>Desarrollo de nuevos modelos celulares como herramientas de cribado.<\/li>\n<li>Estudios de eficacia y seguridad de compuesto y productos para dossiers regulatorios o comerciales (marketing cient\u00edfico).<\/li>\n<li>Nuevos ensayos y herramientas moleculares para la validaci\u00f3n de dianas funcionales.<\/li>\n<li>Cribado funcional masivo de compuestos.<\/li>\n<li>Transferencia de tecnolog\u00eda y formaci\u00f3n.<\/li>\n<\/ul>\n<h3>Contacto<\/h3>\n<p>CELLTEC UB<br \/>\nDr. Manuel Reina<br \/>\n93 402 16 30<br \/>\n<a href=\"&#x6d;&#x61;&#105;&#108;&#116;o&#x3a;&#x6d;&#x72;&#101;&#105;na&#x40;&#x75;&#x62;&#46;&#101;d&#x75;\">&#109;&#x72;&#101;&#x69;&#110;&#x61;&#64;&#x75;&#98;&#x2e;&#101;&#x64;u<\/a><br \/>\n<a href=\"http:\/\/www.ub.edu\/celltec-ub\" target=\"_blank\" rel=\"noopener\">http:\/\/www.ub.edu\/celltec-ub<\/a><\/p>\n","protected":false},"excerpt":{"rendered":"<p>CELLTEC UB es una iniciativa de un colectivo de investigadores del Departamento de Biolog\u00eda Celular de la Universidad de Barcelona&#8230;.<\/p>\n","protected":false},"author":1,"featured_media":1998,"parent":1469,"menu_order":0,"comment_status":"closed","ping_status":"closed","template":"page-grupsrecerca.php","meta":{"_acf_changed":false,"inline_featured_image":false,"_monsterinsights_skip_tracking":false,"_monsterinsights_sitenote_active":false,"_monsterinsights_sitenote_note":"","_monsterinsights_sitenote_category":0,"footnotes":""},"class_list":["post-1733","page","type-page","status-publish","has-post-thumbnail","hentry"],"acf":[],"_links":{"self":[{"href":"https:\/\/www.fbg.ub.edu\/es\/wp-json\/wp\/v2\/pages\/1733","targetHints":{"allow":["GET"]}}],"collection":[{"href":"https:\/\/www.fbg.ub.edu\/es\/wp-json\/wp\/v2\/pages"}],"about":[{"href":"https:\/\/www.fbg.ub.edu\/es\/wp-json\/wp\/v2\/types\/page"}],"author":[{"embeddable":true,"href":"https:\/\/www.fbg.ub.edu\/es\/wp-json\/wp\/v2\/users\/1"}],"replies":[{"embeddable":true,"href":"https:\/\/www.fbg.ub.edu\/es\/wp-json\/wp\/v2\/comments?post=1733"}],"version-history":[{"count":7,"href":"https:\/\/www.fbg.ub.edu\/es\/wp-json\/wp\/v2\/pages\/1733\/revisions"}],"predecessor-version":[{"id":10877,"href":"https:\/\/www.fbg.ub.edu\/es\/wp-json\/wp\/v2\/pages\/1733\/revisions\/10877"}],"up":[{"embeddable":true,"href":"https:\/\/www.fbg.ub.edu\/es\/wp-json\/wp\/v2\/pages\/1469"}],"wp:featuredmedia":[{"embeddable":true,"href":"https:\/\/www.fbg.ub.edu\/es\/wp-json\/wp\/v2\/media\/1998"}],"wp:attachment":[{"href":"https:\/\/www.fbg.ub.edu\/es\/wp-json\/wp\/v2\/media?parent=1733"}],"curies":[{"name":"wp","href":"https:\/\/api.w.org\/{rel}","templated":true}]}}