{"id":1489,"date":"2017-09-08T06:17:38","date_gmt":"2017-09-08T05:17:38","guid":{"rendered":"http:\/\/161.116.26.48\/que-hacemos\/fbg-en-xifres\/"},"modified":"2025-07-31T12:31:49","modified_gmt":"2025-07-31T10:31:49","slug":"fbg-en-cifras","status":"publish","type":"page","link":"https:\/\/www.fbg.ub.edu\/es\/que-hacemos\/fbg-en-cifras\/","title":{"rendered":"FBG en cifras"},"content":{"rendered":"<div class=\"wpb-content-wrapper\"><p>[vc_row el_class=\u00bbampla_mobil\u00bb][vc_column width=\u00bb1\/3&#8243;][\/vc_column][vc_column width=\u00bb2\/3&#8243;][vc_column_text]En la <strong>FBG<\/strong> facilitamos la colaboraci\u00f3n entre universidad y empresa para incrementar el impacto de la universidad en la sociedad.[\/vc_column_text][\/vc_column][\/vc_row][vc_row][vc_column][vc_custom_heading text=\u00bbResultados de 2024&#8243; font_container=\u00bbtag:h2|text_align:center\u00bb use_theme_fonts=\u00bbyes\u00bb css=\u00bb\u00bb el_class=\u00bbtitular\u00bb][vc_row_inner css=\u00bb.vc_custom_1507799127142{padding-bottom: 100px !important;}\u00bb el_class=\u00bbampla_mobil\u00bb][vc_column_inner width=\u00bb1\/3&#8243;][\/vc_column_inner][vc_column_inner width=\u00bb2\/3&#8243;][vc_column_text css=\u00bb\u00bb]Durante el a\u00f1o 2024, la colaboraci\u00f3n entre la UB y los agentes socioecon\u00f3micos ha permitido desarrollar 680 proyectos, contratar 38,22 millones de euros, licenciar 10 tecnolog\u00edas y crear 1 spin-off.[\/vc_column_text][\/vc_column_inner][\/vc_row_inner][\/vc_column][\/vc_row][vc_row full_width=\u00bbstretch_row\u00bb el_class=\u00bbfons_gris_mig\u00bb css=\u00bb.vc_custom_1505491609019{margin-bottom: 50px !important;padding-bottom: 100px !important;}\u00bb][vc_column][vc_custom_heading text=\u00bbInvestigaci\u00f3n por contrato\u00bb font_container=\u00bbtag:h2|text_align:center\u00bb use_theme_fonts=\u00bbyes\u00bb css=\u00bb.vc_custom_1507805507183{padding-bottom: 30px !important;}\u00bb el_class=\u00bbtitular\u00bb][vc_row_inner][vc_column_inner width=\u00bb1\/3&#8243;][vc_column_text css=\u00bb\u00bb]<strong class=\"numeros\">497<\/strong><\/p>\n<p>proyectos de innovaci\u00f3n contratados[\/vc_column_text][\/vc_column_inner][vc_column_inner width=\u00bb1\/3&#8243;][vc_column_text css=\u00bb\u00bb]<strong class=\"numeros\">9,68M\u20ac<\/strong><\/p>\n<p>contratados en proyectos de investigaci\u00f3n con empresas y administraciones[\/vc_column_text][\/vc_column_inner][vc_column_inner width=\u00bb1\/3&#8243;][vc_column_text css=\u00bb\u00bb]<strong class=\"numeros\">11<\/strong><\/p>\n<p>cl\u00fasteres y comunidades en las que participa la UB[\/vc_column_text][\/vc_column_inner][\/vc_row_inner][\/vc_column][\/vc_row][vc_row full_width=\u00bbstretch_row\u00bb el_class=\u00bbfons_gris_fosc\u00bb css=\u00bb.vc_custom_1505491375570{margin-bottom: 50px !important;padding-bottom: 100px !important;}\u00bb][vc_column][vc_custom_heading text=\u00bbTecnolog\u00edas, materiales y licencias\u00bb font_container=\u00bbtag:h2|text_align:center\u00bb use_theme_fonts=\u00bbyes\u00bb css=\u00bb.vc_custom_1507805542058{padding-bottom: 30px !important;}\u00bb el_class=\u00bbtitular blanc\u00bb][vc_row_inner][vc_column_inner width=\u00bb1\/3&#8243;][vc_column_text css=\u00bb\u00bb]<strong class=\"numeros\">140<\/strong><\/p>\n<p>patentes para transferir[\/vc_column_text][\/vc_column_inner][vc_column_inner width=\u00bb1\/3&#8243;][vc_column_text css=\u00bb\u00bb]<strong class=\"numeros\">165<\/strong><\/p>\n<p>patentes solicitadas[\/vc_column_text][\/vc_column_inner][vc_column_inner width=\u00bb1\/3&#8243;][vc_column_text css=\u00bb\u00bb]<strong class=\"numeros\">10<\/strong><\/p>\n<p>contratos de licencia firmados[\/vc_column_text][\/vc_column_inner][\/vc_row_inner][\/vc_column][\/vc_row][vc_row full_width=\u00bbstretch_row\u00bb el_class=\u00bbfons_taronja\u00bb css=\u00bb.vc_custom_1505491737037{margin-bottom: 50px !important;padding-bottom: 100px !important;}\u00bb][vc_column][vc_custom_heading text=\u00bbCreaci\u00f3n de empresas\u00bb font_container=\u00bbtag:h2|text_align:center\u00bb use_theme_fonts=\u00bbyes\u00bb css=\u00bb.vc_custom_1507805585979{padding-bottom: 30px !important;}\u00bb el_class=\u00bbtitular blanc\u00bb][vc_row_inner][vc_column_inner width=\u00bb1\/3&#8243;][vc_column_text css=\u00bb\u00bb]<strong class=\"numeros\">23<\/strong><\/p>\n<p><em>spin-off<\/em> participadas[\/vc_column_text][\/vc_column_inner][vc_column_inner width=\u00bb1\/3&#8243;][vc_column_text css=\u00bb\u00bb]<strong class=\"numeros\">1<\/strong><\/p>\n<p><em>spin-off<\/em>\u00a0creadas[\/vc_column_text][\/vc_column_inner][vc_column_inner width=\u00bb1\/3&#8243;][vc_column_text css=\u00bb\u00bb]<strong class=\"numeros\">24<\/strong><\/p>\n<p>proyectos de emprendedores asesorados[\/vc_column_text][\/vc_column_inner][\/vc_row_inner][\/vc_column][\/vc_row][vc_row full_width=\u00bbstretch_row\u00bb el_class=\u00bbfons_gris\u00bb css=\u00bb.vc_custom_1505491477508{margin-bottom: 50px !important;padding-bottom: 100px !important;}\u00bb][vc_column][vc_custom_heading text=\u00bbAyudas y apoyo a la gesti\u00f3n\u00bb font_container=\u00bbtag:h2|text_align:center\u00bb use_theme_fonts=\u00bbyes\u00bb css=\u00bb.vc_custom_1507805624713{padding-bottom: 30px !important;}\u00bb el_class=\u00bbtitular\u00bb][vc_row_inner][vc_column_inner width=\u00bb1\/3&#8243;][vc_column_text css=\u00bb\u00bb]<strong class=\"numeros\">112<\/strong><\/p>\n<p>ayudas gestionadas[\/vc_column_text][\/vc_column_inner][vc_column_inner width=\u00bb1\/3&#8243;][vc_column_text css=\u00bb\u00bb]<strong class=\"numeros\">771<\/strong><\/p>\n<p>personas contratadas para proyectos de investigaci\u00f3n[\/vc_column_text][\/vc_column_inner][vc_column_inner width=\u00bb1\/3&#8243;][vc_column_text css=\u00bb\u00bb]<strong class=\"numeros\">1.763<\/strong><\/p>\n<p>proyectos de innovaci\u00f3n activos[\/vc_column_text][\/vc_column_inner][\/vc_row_inner][\/vc_column][\/vc_row][vc_row full_width=\u00bbstretch_row\u00bb el_class=\u00bbfons_gris_mig\u00bb css=\u00bb.vc_custom_1506769256238{margin-bottom: 30px !important;padding-bottom: 100px !important;}\u00bb][vc_column][vc_custom_heading text=\u00bbActividades realizadas\u00bb font_container=\u00bbtag:h2|text_align:center\u00bb use_theme_fonts=\u00bbyes\u00bb css=\u00bb.vc_custom_1507805662029{padding-bottom: 30px !important;}\u00bb el_class=\u00bbtitular\u00bb][vc_row_inner][vc_column_inner width=\u00bb1\/3&#8243;][vc_column_text css=\u00bb\u00bb]<strong class=\"numeros\">51<\/strong><\/p>\n<p>actividades dinamizadas[\/vc_column_text][\/vc_column_inner][vc_column_inner width=\u00bb1\/3&#8243;][vc_column_text css=\u00bb\u00bb]<strong class=\"numeros\">1.256<\/strong><\/p>\n<p>beneficiarios[\/vc_column_text][\/vc_column_inner][vc_column_inner width=\u00bb1\/3&#8243;][vc_column_text css=\u00bb\u00bb]<strong class=\"numeros\">1.763<\/strong><\/p>\n<p>proyectos activos[\/vc_column_text][\/vc_column_inner][\/vc_row_inner][\/vc_column][\/vc_row][vc_row css=\u00bb.vc_custom_1505492097313{padding-top: 50px !important;padding-bottom: 50px !important;}\u00bb][vc_column][vc_custom_heading text=\u00bbClusters y comunidades\u00bb font_container=\u00bbtag:h2|text_align:center\u00bb use_theme_fonts=\u00bbyes\u00bb el_class=\u00bbtitular\u00bb][vc_column_text css=\u00bb.vc_custom_1693829418128{padding-top: 40px !important;padding-bottom: 60px !important;}\u00bb]La Universidad de Barcelona participa activamente, a trav\u00e9s de la FBG, en diferentes agrupaciones empresariales, con el objetivo de facilitar el contacto entre el personal investigador y los grupos de investigaci\u00f3n de la UB con empresas y otros agentes del propio sector.[\/vc_column_text][vc_row_inner][vc_column_inner width=\u00bb1\/3&#8243;][vc_column_text css=\u00bb\u00bb]<strong>A trav\u00e9s de la FBG<\/strong><\/p>\n<ul>\n<li>Beauty Cluster Barcelona<\/li>\n<li>KID&#8217;S Cluster<\/li>\n<li>CataloniaBIO &amp; Health Tech<\/li>\n<\/ul>\n<p>[\/vc_column_text][\/vc_column_inner][vc_column_inner width=\u00bb1\/3&#8243;][vc_column_text]<strong>A trav\u00e9s de grupos de investigaci\u00f3n, institutos, redes, etc.<\/strong><\/p>\n<ul>\n<li>Catalan Water Partnership (CWP)<\/li>\n<li>Cl\u00faster Audiovisual de Catalunya<\/li>\n<li>Cl\u00faster de Materials Avan\u00e7ats de Catalunya (MAV)<\/li>\n<li>Cl\u00faster \u00d2ptica<\/li>\n<li>Fot\u00f2nica (secpho)<\/li>\n<\/ul>\n<p>[\/vc_column_text][\/vc_column_inner][vc_column_inner width=\u00bb1\/3&#8243;][vc_column_text]<strong>\u00a0 Comunidades<\/strong><\/p>\n<ul>\n<li>Deep Tech Community<\/li>\n<li>TECNIO<\/li>\n<\/ul>\n<p>[\/vc_column_text][\/vc_column_inner][\/vc_row_inner][\/vc_column][\/vc_row][vc_row full_width=\u00bbstretch_row\u00bb parallax=\u00bbcontent-moving\u00bb parallax_image=\u00bb912&#8243; css=\u00bb.vc_custom_1505933846596{padding-top: 250px !important;padding-bottom: 280px !important;}\u00bb][vc_column][\/vc_column][\/vc_row][vc_row css=\u00bb.vc_custom_1507799139512{padding-top: 100px !important;padding-bottom: 100px !important;}\u00bb el_class=\u00bbcrida_accio\u00bb][vc_column width=\u00bb1\/3&#8243;][vc_single_image image=\u00bb228&#8243; img_size=\u00bbfull\u00bb alignment=\u00bbright\u00bb css=\u00bb.vc_custom_1504876969363{padding-right: 20px !important;}\u00bb el_class=\u00bbbola_destacat\u00bb][\/vc_column][vc_column width=\u00bb2\/3&#8243;][vc_column_text css=\u00bb.vc_custom_1507805738844{padding-bottom: 0px !important;}\u00bb]<strong>\u00bfQuieres conocer m\u00e1s detalles sobre la actividad de la FBG?<\/strong><\/p>\n<p>Contacta con nosotros a trav\u00e9s de <a class=\"taronja\" href=\"&#x6d;&#x61;&#x69;&#108;&#116;&#111;:f&#x62;&#x67;&#x40;&#x66;&#98;&#103;&#46;u&#x62;&#x2e;&#x65;&#x64;&#117;\"><strong>&#102;&#x62;g&#x40;f&#98;&#x67;&#46;&#x75;b&#46;&#x65;&#100;&#x75;<\/strong><\/a> y te explicaremos<\/p>\n<p>Somos un equipo de personas que trabajan para ti[\/vc_column_text][\/vc_column][\/vc_row]<\/p>\n<\/div>","protected":false},"excerpt":{"rendered":"<p>[vc_row el_class=\u00bbampla_mobil\u00bb][vc_column width=\u00bb1\/3&#8243;][\/vc_column][vc_column width=\u00bb2\/3&#8243;][vc_column_text]En la FBG facilitamos la colaboraci\u00f3n entre universidad y empresa para incrementar el impacto de la universidad&#8230;<\/p>\n","protected":false},"author":1,"featured_media":0,"parent":1377,"menu_order":0,"comment_status":"closed","ping_status":"closed","template":"","meta":{"_acf_changed":false,"inline_featured_image":false,"_monsterinsights_skip_tracking":false,"_monsterinsights_sitenote_active":false,"_monsterinsights_sitenote_note":"","_monsterinsights_sitenote_category":0,"footnotes":""},"class_list":["post-1489","page","type-page","status-publish","hentry"],"acf":[],"_links":{"self":[{"href":"https:\/\/www.fbg.ub.edu\/es\/wp-json\/wp\/v2\/pages\/1489","targetHints":{"allow":["GET"]}}],"collection":[{"href":"https:\/\/www.fbg.ub.edu\/es\/wp-json\/wp\/v2\/pages"}],"about":[{"href":"https:\/\/www.fbg.ub.edu\/es\/wp-json\/wp\/v2\/types\/page"}],"author":[{"embeddable":true,"href":"https:\/\/www.fbg.ub.edu\/es\/wp-json\/wp\/v2\/users\/1"}],"replies":[{"embeddable":true,"href":"https:\/\/www.fbg.ub.edu\/es\/wp-json\/wp\/v2\/comments?post=1489"}],"version-history":[{"count":52,"href":"https:\/\/www.fbg.ub.edu\/es\/wp-json\/wp\/v2\/pages\/1489\/revisions"}],"predecessor-version":[{"id":22941,"href":"https:\/\/www.fbg.ub.edu\/es\/wp-json\/wp\/v2\/pages\/1489\/revisions\/22941"}],"up":[{"embeddable":true,"href":"https:\/\/www.fbg.ub.edu\/es\/wp-json\/wp\/v2\/pages\/1377"}],"wp:attachment":[{"href":"https:\/\/www.fbg.ub.edu\/es\/wp-json\/wp\/v2\/media?parent=1489"}],"curies":[{"name":"wp","href":"https:\/\/api.w.org\/{rel}","templated":true}]}}