{"id":1473,"date":"2017-09-13T06:50:43","date_gmt":"2017-09-13T05:50:43","guid":{"rendered":"http:\/\/161.116.26.48\/investigadores\/grups-tecnio\/"},"modified":"2025-10-28T15:58:57","modified_gmt":"2025-10-28T13:58:57","slug":"grupos-tecnio","status":"publish","type":"page","link":"https:\/\/www.fbg.ub.edu\/es\/investigadores\/grupos-tecnio\/","title":{"rendered":"Grupos TECNIO"},"content":{"rendered":"<div class=\"wpb-content-wrapper\"><p>[vc_row css=\u00bb.vc_custom_1507798271719{padding-bottom: 100px !important;}\u00bb el_class=\u00bbampla_mobil\u00bb][vc_column width=\u00bb1\/3&#8243;][\/vc_column][vc_column width=\u00bb2\/3&#8243;][vc_column_text]El sello <a href=\"http:\/\/www.accio.gencat.cat\/ca\/serveis\/innovacio\/tecnologia-per-a-lempresa\/tecnio\/\" target=\"_blank\" rel=\"noopener\">TECNIO<\/a> de la Generalitat de Catalunya acredita a las entidades que desarrollan y facilitan tecnolog\u00eda para las empresas.<\/p>\n<p>El objetivo es que las empresas identifiquen d\u00f3nde pueden encontrar nuevas tecnolog\u00edas para desarrollar nuevos productos y procesos, ya sea a trav\u00e9s de la adquisici\u00f3n o explotaci\u00f3n de patentes, la contrataci\u00f3n de proyectos de I+D+i o el contacto con <em>spin-offs<\/em>.[\/vc_column_text][\/vc_column][\/vc_row][vc_row disable_element=\u00bbyes\u00bb][vc_column]<div class=\"container\"><div class=\"fbg_grupstecnio\"><a href=\"https:\/\/www.fbg.ub.edu\/es\/investigadores\/grupos-tecnio\/cemic-centro-ingenieria-microsistemes-para-instrumentacion-y-control\/\"><div class=\"title tipus_link_intern\"><div class=\"imatge\"><img loading=\"lazy\" decoding=\"async\" width=\"195\" height=\"72\" src=\"https:\/\/www.fbg.ub.edu\/wp-content\/uploads\/2017\/09\/cemic-195x72.jpg\" class=\"img-responsive wp-post-image\" alt=\"\" \/><\/div><div class=\"text\">CEMIC &#8211; Centro de Ingenier\u00eda de Microsistemas para Instrumentaci\u00f3n y Control<\/div><\/div><\/a><\/div><div class=\"fbg_grupstecnio\"><a href=\"https:\/\/www.fbg.ub.edu\/es\/investigadores\/grupos-tecnio\/cpt-centro-proyeccion-termica-ub\/\"><div class=\"title tipus_link_intern\"><div class=\"imatge\"><img loading=\"lazy\" decoding=\"async\" width=\"195\" height=\"99\" src=\"https:\/\/www.fbg.ub.edu\/wp-content\/uploads\/2017\/09\/cpt-195x99.png\" class=\"img-responsive wp-post-image\" alt=\"\" \/><\/div><div class=\"text\">CPT \u2013 Centro de Proyecci\u00f3n T\u00e9rmica de la UB<\/div><\/div><\/a><\/div><div class=\"fbg_grupstecnio\"><a href=\"https:\/\/www.fbg.ub.edu\/es\/investigadores\/grupos-tecnio\/candidat-creatio-centre-produccio-validacio-terapies-avancades\/\"><div class=\"title tipus_link_intern\"><div class=\"imatge\"><img loading=\"lazy\" decoding=\"async\" width=\"195\" height=\"118\" src=\"https:\/\/www.fbg.ub.edu\/wp-content\/uploads\/2018\/01\/CREATIOW-195x118.jpg\" class=\"img-responsive wp-post-image\" alt=\"\" \/><\/div><div class=\"text\">CREATIO &#8211; Centro de Producci\u00f3n y Validaci\u00f3n de Terapias Avanzadas<\/div><\/div><\/a><\/div><div class=\"fbg_grupstecnio\"><a href=\"https:\/\/www.fbg.ub.edu\/es\/investigadores\/grupos-tecnio\/candidat-data-scienceub\/\"><div class=\"title tipus_link_intern\"><div class=\"imatge\"><img loading=\"lazy\" decoding=\"async\" width=\"195\" height=\"118\" src=\"https:\/\/www.fbg.ub.edu\/wp-content\/uploads\/2018\/01\/Data-Science-195x118.jpg\" class=\"img-responsive wp-post-image\" alt=\"\" \/><\/div><div class=\"text\">Data Science@UB<\/div><\/div><\/a><\/div><div class=\"fbg_grupstecnio\"><a href=\"https:\/\/www.fbg.ub.edu\/es\/investigadores\/grupos-tecnio\/diopma-centro-diseno-y-optimizacion-procesos-y-materiales\/\"><div class=\"title tipus_link_intern\"><div class=\"imatge\"><img loading=\"lazy\" decoding=\"async\" width=\"139\" height=\"118\" src=\"https:\/\/www.fbg.ub.edu\/wp-content\/uploads\/2017\/09\/diopma-139x118.jpg\" class=\"img-responsive wp-post-image\" alt=\"\" \/><\/div><div class=\"text\">DIOPMA \u2013 Centro de Dise\u00f1o y Optimizaci\u00f3n de Procesos y Materiales<\/div><\/div><\/a><\/div><div class=\"fbg_grupstecnio\"><a href=\"https:\/\/www.fbg.ub.edu\/es\/investigadores\/grupos-tecnio\/candidat-maima-isotopos-estables-y-mineralogia\/\"><div class=\"title tipus_link_intern\"><div class=\"imatge\"><img loading=\"lazy\" decoding=\"async\" width=\"195\" height=\"118\" src=\"https:\/\/www.fbg.ub.edu\/wp-content\/uploads\/2018\/01\/MAIMA-W-195x118.jpg\" class=\"img-responsive wp-post-image\" alt=\"\" \/><\/div><div class=\"text\">MAIMA- Is\u00f3topos estables y mineralog\u00eda<\/div><\/div><\/a><\/div><div class=\"fbg_grupstecnio\"><a href=\"https:\/\/www.fbg.ub.edu\/es\/investigadores\/grupos-tecnio\/sdm-servicio-desarrollo-medicamento\/\"><div class=\"title tipus_link_intern\"><div class=\"imatge\"><img loading=\"lazy\" decoding=\"async\" width=\"195\" height=\"107\" src=\"https:\/\/www.fbg.ub.edu\/wp-content\/uploads\/2017\/09\/sdm-195x107.jpg\" class=\"img-responsive wp-post-image\" alt=\"\" \/><\/div><div class=\"text\">SDM \u2013 Servicio de Desarrollo del Medicamento<\/div><\/div><\/a><\/div><\/div>[\/vc_column][\/vc_row][vc_row content_placement=\u00bbmiddle\u00bb css=\u00bb.vc_custom_1749542422717{margin-bottom: 40px !important;}\u00bb][vc_column width=\u00bb1\/3&#8243;][vc_single_image image=\u00bb22343&#8243; img_size=\u00bb265&#215;78&#8243; alignment=\u00bbcenter\u00bb onclick=\u00bbcustom_link\u00bb img_link_target=\u00bb_blank\u00bb css=\u00bb\u00bb link=\u00bbhttps:\/\/www.cemic.ub.edu\/?lang=ca\u00bb][vc_column_text css=\u00bb\u00bb]<\/p>\n<div style=\"text-align: center;\">\n<div><span lang=\"CA\">CEMIC \u2013 Centro de Ingenier\u00eda de Microsistemas para Instrumentaci\u00f3n y Control<\/span><\/div>\n<\/div>\n<p>[\/vc_column_text][vc_btn title=\u00bbVisitar web\u00bb style=\u00bbflat\u00bb shape=\u00bbsquare\u00bb color=\u00bbwarning\u00bb align=\u00bbcenter\u00bb i_align=\u00bbright\u00bb i_icon_fontawesome=\u00bbfas fa-external-link-alt\u00bb css=\u00bb\u00bb add_icon=\u00bbtrue\u00bb link=\u00bburl:https%3A%2F%2Fwww.cemic.ub.edu%2F%3Flang%3Dca|target:_blank\u00bb][\/vc_column][vc_column width=\u00bb1\/3&#8243;][vc_single_image image=\u00bb22353&#8243; img_size=\u00bb248&#215;48&#8243; alignment=\u00bbcenter\u00bb onclick=\u00bbcustom_link\u00bb img_link_target=\u00bb_blank\u00bb css=\u00bb\u00bb link=\u00bbhttps:\/\/www.ub.edu\/ceremet\/\u00bb][vc_column_text css=\u00bb\u00bb]<\/p>\n<div style=\"text-align: center;\">\n<div><span lang=\"CA\">CEREMET \u2013 Centro de Investigaci\u00f3n en Metabolismo <\/span><\/div>\n<\/div>\n<p>[\/vc_column_text][vc_btn title=\u00bbVisitar web\u00bb style=\u00bbflat\u00bb shape=\u00bbsquare\u00bb color=\u00bbwarning\u00bb align=\u00bbcenter\u00bb i_align=\u00bbright\u00bb i_icon_fontawesome=\u00bbfas fa-external-link-alt\u00bb css=\u00bb\u00bb add_icon=\u00bbtrue\u00bb link=\u00bburl:https%3A%2F%2Fwww.ub.edu%2Fceremet%2F|target:_blank\u00bb][\/vc_column][vc_column width=\u00bb1\/3&#8243;][vc_single_image image=\u00bb22359&#8243; img_size=\u00bb173&#215;88&#8243; alignment=\u00bbcenter\u00bb onclick=\u00bbcustom_link\u00bb img_link_target=\u00bb_blank\u00bb css=\u00bb\u00bb link=\u00bbhttps:\/\/cptub.com\/\u00bb][vc_column_text css=\u00bb\u00bb]<\/p>\n<div style=\"text-align: center;\">\n<div><span lang=\"CA\">CPT \u2013 Centro de Proyecci\u00f3n T\u00e9rmica <\/span><\/div>\n<\/div>\n<p>[\/vc_column_text][vc_btn title=\u00bbVisitar web\u00bb style=\u00bbflat\u00bb shape=\u00bbsquare\u00bb color=\u00bbwarning\u00bb align=\u00bbcenter\u00bb i_align=\u00bbright\u00bb i_icon_fontawesome=\u00bbfas fa-external-link-alt\u00bb css=\u00bb\u00bb add_icon=\u00bbtrue\u00bb link=\u00bburl:https%3A%2F%2Fcptub.com%2F|target:_blank\u00bb][\/vc_column][\/vc_row][vc_row content_placement=\u00bbmiddle\u00bb css=\u00bb.vc_custom_1749542415045{margin-bottom: 40px !important;}\u00bb][vc_column width=\u00bb1\/3&#8243;][vc_single_image image=\u00bb22363&#8243; img_size=\u00bb351&#215;56&#8243; alignment=\u00bbcenter\u00bb onclick=\u00bbcustom_link\u00bb img_link_target=\u00bb_blank\u00bb css=\u00bb\u00bb link=\u00bbhttps:\/\/www.ub.edu\/creatio\/\u00bb][vc_column_text css=\u00bb\u00bb]<\/p>\n<div style=\"text-align: center;\">\n<div><span lang=\"CA\">CREATIO \u2013 Centro de Producci\u00f3n y Validaci\u00f3n de Terapias Avanzadas <\/span><\/div>\n<\/div>\n<p>[\/vc_column_text][vc_btn title=\u00bbVisitar web\u00bb style=\u00bbflat\u00bb shape=\u00bbsquare\u00bb color=\u00bbwarning\u00bb align=\u00bbcenter\u00bb i_align=\u00bbright\u00bb i_icon_fontawesome=\u00bbfas fa-external-link-alt\u00bb css=\u00bb\u00bb add_icon=\u00bbtrue\u00bb link=\u00bburl:https%3A%2F%2Fwww.ub.edu%2Fcreatio%2F|target:_blank\u00bb][\/vc_column][vc_column width=\u00bb1\/3&#8243;][vc_single_image image=\u00bb22366&#8243; img_size=\u00bb194&#215;103&#8243; alignment=\u00bbcenter\u00bb onclick=\u00bbcustom_link\u00bb img_link_target=\u00bb_blank\u00bb css=\u00bb\u00bb link=\u00bbhttps:\/\/datascience.ub.edu\/tecnio\/\u00bb][vc_column_text css=\u00bb\u00bb]<\/p>\n<div style=\"text-align: center;\">\n<div><span lang=\"CA\">DataScience@UB<\/span><\/div>\n<\/div>\n<p>[\/vc_column_text][vc_btn title=\u00bbVisitar web\u00bb style=\u00bbflat\u00bb shape=\u00bbsquare\u00bb color=\u00bbwarning\u00bb align=\u00bbcenter\u00bb i_align=\u00bbright\u00bb i_icon_fontawesome=\u00bbfas fa-external-link-alt\u00bb css=\u00bb\u00bb add_icon=\u00bbtrue\u00bb link=\u00bburl:https%3A%2F%2Fdatascience.ub.edu%2Ftecnio%2F|target:_blank\u00bb][\/vc_column][vc_column width=\u00bb1\/3&#8243;][vc_single_image image=\u00bb22370&#8243; img_size=\u00bb161&#215;132&#8243; alignment=\u00bbcenter\u00bb onclick=\u00bbcustom_link\u00bb img_link_target=\u00bb_blank\u00bb css=\u00bb\u00bb link=\u00bbhttps:\/\/diopma.org\/en\/home\/\u00bb][vc_column_text css=\u00bb\u00bb]<\/p>\n<div style=\"text-align: center;\">\n<div><span lang=\"CA\">DIOPMA \u2013 Centro de Dise\u00f1o y Optimizaci\u00f3n de Procesos y Materiales <\/span><\/div>\n<\/div>\n<p>[\/vc_column_text][vc_btn title=\u00bbVisitar web\u00bb style=\u00bbflat\u00bb shape=\u00bbsquare\u00bb color=\u00bbwarning\u00bb align=\u00bbcenter\u00bb i_align=\u00bbright\u00bb i_icon_fontawesome=\u00bbfas fa-external-link-alt\u00bb css=\u00bb\u00bb add_icon=\u00bbtrue\u00bb link=\u00bburl:https%3A%2F%2Fdiopma.org%2Fen%2Fhome%2F|target:_blank\u00bb][\/vc_column][\/vc_row][vc_row content_placement=\u00bbmiddle\u00bb css=\u00bb.vc_custom_1749542428860{margin-bottom: 40px !important;}\u00bb][vc_column width=\u00bb1\/3&#8243;][vc_single_image image=\u00bb22380&#8243; img_size=\u00bb319&#215;90&#8243; alignment=\u00bbcenter\u00bb onclick=\u00bbcustom_link\u00bb img_link_target=\u00bb_blank\u00bb css=\u00bb\u00bb link=\u00bbhttps:\/\/www.ub.edu\/eddu\/\u00bb][vc_column_text css=\u00bb\u00bb]<\/p>\n<div style=\"text-align: center;\">\n<div><span lang=\"CA\">EDDU &#8211; Early Drug Discovery Unit <\/span><\/div>\n<\/div>\n<p>[\/vc_column_text][vc_btn title=\u00bbVisitar web\u00bb style=\u00bbflat\u00bb shape=\u00bbsquare\u00bb color=\u00bbwarning\u00bb align=\u00bbcenter\u00bb i_align=\u00bbright\u00bb i_icon_fontawesome=\u00bbfas fa-external-link-alt\u00bb css=\u00bb\u00bb add_icon=\u00bbtrue\u00bb link=\u00bburl:https%3A%2F%2Fwww.ub.edu%2Feddu%2F|target:_blank\u00bb][\/vc_column][vc_column width=\u00bb1\/3&#8243;][vc_single_image image=\u00bb23586&#8243; img_size=\u00bb\u00bb alignment=\u00bbcenter\u00bb onclick=\u00bbcustom_link\u00bb img_link_target=\u00bb_blank\u00bb css=\u00bb\u00bb link=\u00bbhttps:\/\/www.ub.edu\/ITMAS\/\u00bb][vc_column_text css=\u00bb\u00bb]<\/p>\n<div style=\"text-align: center;\">\n<div><span lang=\"CA\">ITMAS &#8211; Innovaci\u00f3n Tecnol\u00f3gica Multidisciplinar en Alimentaci\u00f3n y Salud<\/span><\/div>\n<\/div>\n<p>[\/vc_column_text][vc_btn title=\u00bbVisitar web\u00bb style=\u00bbflat\u00bb shape=\u00bbsquare\u00bb color=\u00bbwarning\u00bb align=\u00bbcenter\u00bb i_align=\u00bbright\u00bb i_icon_fontawesome=\u00bbfa fa-solid fa-arrow-up-right-from-square\u00bb css=\u00bb\u00bb add_icon=\u00bbtrue\u00bb link=\u00bburl:https%3A%2F%2Fwww.ub.edu%2FITMAS%2F|target:_blank\u00bb][\/vc_column][vc_column width=\u00bb1\/3&#8243;][vc_single_image image=\u00bb22383&#8243; img_size=\u00bb254&#215;82&#8243; alignment=\u00bbcenter\u00bb onclick=\u00bbcustom_link\u00bb img_link_target=\u00bb_blank\u00bb css=\u00bb\u00bb link=\u00bbhttps:\/\/www.ub.edu\/maima\/\u00bb][vc_column_text css=\u00bb\u00bb]<\/p>\n<div style=\"text-align: center;\">\n<div><span lang=\"CA\">MAIMA- Is\u00f3topos estables y mineralog\u00eda <\/span><\/div>\n<\/div>\n<p>[\/vc_column_text][vc_btn title=\u00bbVisitar web\u00bb style=\u00bbflat\u00bb shape=\u00bbsquare\u00bb color=\u00bbwarning\u00bb align=\u00bbcenter\u00bb i_align=\u00bbright\u00bb i_icon_fontawesome=\u00bbfas fa-external-link-alt\u00bb css=\u00bb\u00bb add_icon=\u00bbtrue\u00bb link=\u00bburl:https%3A%2F%2Fwww.ub.edu%2Fmaima%2F|target:_blank\u00bb][\/vc_column][\/vc_row][vc_row content_placement=\u00bbmiddle\u00bb css=\u00bb.vc_custom_1749542428860{margin-bottom: 40px !important;}\u00bb][vc_column width=\u00bb1\/3&#8243;][vc_single_image image=\u00bb22386&#8243; img_size=\u00bb278&#215;150&#8243; alignment=\u00bbcenter\u00bb onclick=\u00bbcustom_link\u00bb img_link_target=\u00bb_blank\u00bb css=\u00bb\u00bb link=\u00bbhttps:\/\/www.ub.edu\/sdm\/en\/\u00bb][vc_column_text css=\u00bb\u00bb]<\/p>\n<div style=\"text-align: center;\">\n<div><span lang=\"CA\">SDM \u2013 Servicio de Desarrollo del Medicamento <\/span><\/div>\n<\/div>\n<p>[\/vc_column_text][vc_btn title=\u00bbVisitar web\u00bb style=\u00bbflat\u00bb shape=\u00bbsquare\u00bb color=\u00bbwarning\u00bb align=\u00bbcenter\u00bb i_align=\u00bbright\u00bb i_icon_fontawesome=\u00bbfas fa-external-link-alt\u00bb css=\u00bb\u00bb add_icon=\u00bbtrue\u00bb link=\u00bburl:https%3A%2F%2Fwww.ub.edu%2Fsdm%2Fen%2F|target:_blank\u00bb][\/vc_column][vc_column width=\u00bb1\/3&#8243;][vc_single_image image=\u00bb23371&#8243; img_size=\u00bb319&#215;90&#8243; alignment=\u00bbcenter\u00bb onclick=\u00bbcustom_link\u00bb img_link_target=\u00bb_blank\u00bb css=\u00bb\u00bb link=\u00bbhttps:\/\/www.ub.edu\/virusenterics\/\u00bb][vc_column_text css=\u00bb\u00bb]<\/p>\n<div style=\"text-align: center;\">VIRUSENT &#8211; Virus Ent\u00e9ricos<\/div>\n<p>[\/vc_column_text][vc_btn title=\u00bbVisitar web\u00bb style=\u00bbflat\u00bb shape=\u00bbsquare\u00bb color=\u00bbwarning\u00bb align=\u00bbcenter\u00bb i_align=\u00bbright\u00bb i_icon_fontawesome=\u00bbfa fa-solid fa-arrow-up-right-from-square\u00bb css=\u00bb\u00bb add_icon=\u00bbtrue\u00bb link=\u00bburl:https%3A%2F%2Fwww.ub.edu%2Fvirusenterics%2F|target:_blank\u00bb][\/vc_column][vc_column width=\u00bb1\/3&#8243;][\/vc_column][\/vc_row][vc_row css=\u00bb.vc_custom_1507798279605{padding-top: 100px !important;padding-bottom: 100px !important;}\u00bb el_class=\u00bbcrida_accio\u00bb][vc_column width=\u00bb1\/3&#8243;][vc_single_image image=\u00bb228&#8243; img_size=\u00bbfull\u00bb alignment=\u00bbright\u00bb css=\u00bb.vc_custom_1504876969363{padding-right: 20px !important;}\u00bb el_class=\u00bbbola_destacat\u00bb][\/vc_column][vc_column width=\u00bb2\/3&#8243;][vc_column_text css=\u00bb.vc_custom_1507974246174{padding-bottom: 0px !important;}\u00bb]<strong>\u00bfQuieres m\u00e1s informaci\u00f3n sobre alguno de los grupos TECNIO?<\/strong><\/p>\n<p>Contacta con nosotros a trav\u00e9s de <a class=\"taronja\" href=\"&#109;&#x61;&#105;&#x6c;&#116;&#x6f;&#58;&#x66;b&#x67;&#64;&#x66;b&#x67;&#46;&#117;&#x62;&#46;&#x65;&#100;&#x75;\"><strong>&#102;&#x62;g&#x40;&#x66;&#98;&#x67;&#46;&#117;&#x62;&#46;&#x65;d&#117;<\/strong><\/a> y te asesoraremos<\/p>\n<p>Somos un equipo de personas que trabajan para ti[\/vc_column_text][\/vc_column][\/vc_row][vc_row][vc_column][vc_single_image image=\u00bb22860&#8243; img_size=\u00bbmedium\u00bb css=\u00bb\u00bb][\/vc_column][\/vc_row]<\/p>\n<\/div>","protected":false},"excerpt":{"rendered":"<p>[vc_row css=\u00bb.vc_custom_1507798271719{padding-bottom: 100px !important;}\u00bb el_class=\u00bbampla_mobil\u00bb][vc_column width=\u00bb1\/3&#8243;][\/vc_column][vc_column width=\u00bb2\/3&#8243;][vc_column_text]El sello TECNIO de la Generalitat de Catalunya acredita a las entidades que desarrollan&#8230;<\/p>\n","protected":false},"author":1,"featured_media":0,"parent":1415,"menu_order":0,"comment_status":"closed","ping_status":"closed","template":"","meta":{"_acf_changed":false,"inline_featured_image":false,"_monsterinsights_skip_tracking":false,"_monsterinsights_sitenote_active":false,"_monsterinsights_sitenote_note":"","_monsterinsights_sitenote_category":0,"footnotes":""},"class_list":["post-1473","page","type-page","status-publish","hentry"],"acf":[],"_links":{"self":[{"href":"https:\/\/www.fbg.ub.edu\/es\/wp-json\/wp\/v2\/pages\/1473","targetHints":{"allow":["GET"]}}],"collection":[{"href":"https:\/\/www.fbg.ub.edu\/es\/wp-json\/wp\/v2\/pages"}],"about":[{"href":"https:\/\/www.fbg.ub.edu\/es\/wp-json\/wp\/v2\/types\/page"}],"author":[{"embeddable":true,"href":"https:\/\/www.fbg.ub.edu\/es\/wp-json\/wp\/v2\/users\/1"}],"replies":[{"embeddable":true,"href":"https:\/\/www.fbg.ub.edu\/es\/wp-json\/wp\/v2\/comments?post=1473"}],"version-history":[{"count":16,"href":"https:\/\/www.fbg.ub.edu\/es\/wp-json\/wp\/v2\/pages\/1473\/revisions"}],"predecessor-version":[{"id":23591,"href":"https:\/\/www.fbg.ub.edu\/es\/wp-json\/wp\/v2\/pages\/1473\/revisions\/23591"}],"up":[{"embeddable":true,"href":"https:\/\/www.fbg.ub.edu\/es\/wp-json\/wp\/v2\/pages\/1415"}],"wp:attachment":[{"href":"https:\/\/www.fbg.ub.edu\/es\/wp-json\/wp\/v2\/media?parent=1473"}],"curies":[{"name":"wp","href":"https:\/\/api.w.org\/{rel}","templated":true}]}}