{"id":1441,"date":"2017-09-08T06:19:30","date_gmt":"2017-09-08T05:19:30","guid":{"rendered":"http:\/\/161.116.26.48\/ambits\/disseny\/"},"modified":"2017-11-21T09:35:34","modified_gmt":"2017-11-21T08:35:34","slug":"diseno","status":"publish","type":"page","link":"https:\/\/www.fbg.ub.edu\/es\/ambitos\/diseno\/","title":{"rendered":"Dise\u00f1o"},"content":{"rendered":"<div class=\"wpb-content-wrapper\"><p>[vc_row full_width=\u00bbstretch_row_content_no_spaces\u00bb][vc_column][vc_tta_tabs shape=\u00bbsquare\u00bb spacing=\u00bb\u00bb active_section=\u00bb1&#8243; no_fill_content_area=\u00bbtrue\u00bb el_class=\u00bbpestanyes\u00bb][vc_tta_section title=\u00bbConocimiento experto\u00bb tab_id=\u00bbexpertesa\u00bb el_class=\u00bbpestanya\u00bb]<div class=\"fbg_expertesa\"><a href=\"https:\/\/www.fbg.ub.edu\/es\/investigadores\/conocimiento-experto-ub\/cataleg-dels-grups-recerca-ub-lambit-lesport\/\"><div class=\"container\"><div class=\"title tipus_link_intern\">Cat\u00e1logo de los grupos de investigaci\u00f3n UB en el \u00e1mbito del deporte<\/div><\/div><\/a><\/div><div class=\"fbg_expertesa\"><a href=\"https:\/\/www.fbg.ub.edu\/es\/investigadores\/conocimiento-experto-ub\/editorial-i-comunicacions\/\"><div class=\"container\"><div class=\"title tipus_link_intern\">Editorial y comunicaciones<\/div><\/div><\/a><\/div>[vc_row_inner el_class=\u00bbtext-center\u00bb][vc_column_inner][vc_column_text el_class=\u00bbcontainer\u00bb css=\u00bb.vc_custom_1511253306162{padding-top: 60px !important;}\u00bb]<\/p>\n<p style=\"text-align: right;\"><a class=\"text1 text15 taronja senseratlla\" href=\"http:\/\/www.fbg.ub.edu\/es\/investigadores\/conocimiento-experto-ub\/\"><strong> Ver m\u00e1s conocimiento experto &gt;<\/strong><\/a><\/p>\n<p>[\/vc_column_text][\/vc_column_inner][\/vc_row_inner][\/vc_tta_section][vc_tta_section title=\u00bbTecnolog\u00edas para licenciar\u00bb tab_id=\u00bbtecnologies\u00bb el_class=\u00bbpestanya\u00bb]<div class=\"container\"><div class=\"fbg_tecnologies\"><a href=\"https:\/\/www.fbg.ub.edu\/es\/que-hacemos\/tecnologias-materiales-y-licencias\/tecnologias-para-licenciar\/groupings-using-the-algorithm-fuzzy-pichat-jgl\/\"><div class=\"title tipus_link_intern\"><div class=\"imatge\"><img loading=\"lazy\" decoding=\"async\" width=\"195\" height=\"118\" src=\"https:\/\/www.fbg.ub.edu\/wp-content\/uploads\/2022\/06\/UBTT0445_imatge-generica-195x118.jpg\" class=\"img-responsive wp-post-image\" alt=\"\" \/><\/div><div class=\"text\">Groupings using the Algorithm  Fuzzy-Pichat-JGL<\/div><\/div><\/a><\/div><\/div>[vc_row_inner el_class=\u00bbtext-center\u00bb][vc_column_inner][vc_column_text el_class=\u00bbcontainer\u00bb css=\u00bb.vc_custom_1511253314891{padding-top: 60px !important;}\u00bb]<\/p>\n<p style=\"text-align: right;\"><a class=\"text1 text15 taronja senseratlla\" href=\"http:\/\/www.fbg.ub.edu\/es\/que-hacemos\/tecnologias-materiales-y-licencias\/tecnologias-para-licenciar\/\"><strong>Ver listado completo &gt;<\/strong><\/a><\/p>\n<p>[\/vc_column_text][\/vc_column_inner][\/vc_row_inner][\/vc_tta_section][vc_tta_section title=\u00bbGrupos de investigaci\u00f3n\u00bb tab_id=\u00bbrecerca\u00bb el_class=\u00bbpestanya\u00bb]<div class=\"fbg_grupsrecerca\"><a href=\"https:\/\/www.fbg.ub.edu\/es\/investigadores\/grupos-investigacion-ub\/adaptabit\/\"><div class=\"container\"><div class=\"title tipus_link_intern\">ADAPTABIT<\/div><\/div><\/a><\/div><div class=\"fbg_grupsrecerca\"><a href=\"https:\/\/www.fbg.ub.edu\/es\/investigadores\/grupos-investigacion-ub\/date\/\"><div class=\"container\"><div class=\"title tipus_link_intern\">DATE: Disseny i An\u00e0lisi de Tests i Enquestes<\/div><\/div><\/a><\/div><div class=\"fbg_grupsrecerca\"><a href=\"https:\/\/www.fbg.ub.edu\/es\/investigadores\/grupos-investigacion-ub\/edap-comunicacio-estudis-discurs-academic-professional-edap\/\"><div class=\"container\"><div class=\"title tipus_link_intern\">EDAP-COMUNICACI\u00d3 Estudis del discurs acad\u00e8mic i professional (EDAP)<\/div><\/div><\/a><\/div><div class=\"fbg_grupsrecerca\"><a href=\"https:\/\/www.fbg.ub.edu\/es\/investigadores\/grupos-investigacion-ub\/grup-recerca-innovacio-dissenys\/\"><div class=\"container\"><div class=\"title tipus_link_intern\">Grup de Recerca i Innovaci\u00f3 en Dissenys<\/div><\/div><\/a><\/div><div class=\"fbg_grupsrecerca\"><a href=\"https:\/\/www.fbg.ub.edu\/es\/investigadores\/grupos-investigacion-ub\/grup-fone\/\"><div class=\"container\"><div class=\"title tipus_link_intern\">Grup Fon\u00e9<\/div><\/div><\/a><\/div><div class=\"fbg_grupsrecerca\"><a href=\"https:\/\/www.fbg.ub.edu\/es\/investigadores\/grupos-investigacion-ub\/human-pose-recovery-and-behavior-analysis-group\/\"><div class=\"container\"><div class=\"title tipus_link_intern\">Human pose recovery and behavior analysis group<\/div><\/div><\/a><\/div><div class=\"fbg_grupsrecerca\"><a href=\"https:\/\/www.fbg.ub.edu\/es\/investigadores\/grupos-investigacion-ub\/neuroimage-analysis-group\/\"><div class=\"container\"><div class=\"title tipus_link_intern\">Neuroimage Analysis Group<\/div><\/div><\/a><\/div><div class=\"fbg_grupsrecerca\"><a href=\"https:\/\/www.fbg.ub.edu\/es\/investigadores\/grupos-investigacion-ub\/psicosao\/\"><div class=\"container\"><div class=\"title tipus_link_intern\">PsicoSAO  Grup de recerca en Psicologia Social, Ambiental i Organitzacional<\/div><\/div><\/a><\/div>[vc_row_inner el_class=\u00bbtext-center\u00bb][vc_column_inner][vc_column_text el_class=\u00bbcontainer\u00bb css=\u00bb.vc_custom_1511253323464{padding-top: 60px !important;}\u00bb]<\/p>\n<p style=\"text-align: right;\"><a class=\"text1 text15 taronja senseratlla\" href=\"http:\/\/www.fbg.ub.edu\/es\/investigadores\/grupos-investigacion-ub\/\"><strong> Ver m\u00e1s grupos &gt;<\/strong><\/a><\/p>\n<p>[\/vc_column_text][\/vc_column_inner][\/vc_row_inner][\/vc_tta_section][vc_tta_section title=\u00bbGrupos TECNIO\u00bb tab_id=\u00bbtecnio\u00bb el_class=\u00bbpestanya\u00bb]<div class=\"container\"><div class=\"fbg_grupstecnio\"><a href=\"https:\/\/www.fbg.ub.edu\/es\/investigadores\/grupos-tecnio\/cpt-centro-proyeccion-termica-ub\/\"><div class=\"title tipus_link_intern\"><div class=\"imatge\"><img loading=\"lazy\" decoding=\"async\" width=\"195\" height=\"99\" src=\"https:\/\/www.fbg.ub.edu\/wp-content\/uploads\/2017\/09\/cpt-195x99.png\" class=\"img-responsive wp-post-image\" alt=\"\" \/><\/div><div class=\"text\">CPT \u2013 Centro de Proyecci\u00f3n T\u00e9rmica de la UB<\/div><\/div><\/a><\/div><div class=\"fbg_grupstecnio\"><a href=\"https:\/\/www.fbg.ub.edu\/es\/investigadores\/grupos-tecnio\/candidat-data-scienceub\/\"><div class=\"title tipus_link_intern\"><div class=\"imatge\"><img loading=\"lazy\" decoding=\"async\" width=\"195\" height=\"118\" src=\"https:\/\/www.fbg.ub.edu\/wp-content\/uploads\/2018\/01\/Data-Science-195x118.jpg\" class=\"img-responsive wp-post-image\" alt=\"\" \/><\/div><div class=\"text\">Data Science@UB<\/div><\/div><\/a><\/div><div class=\"fbg_grupstecnio\"><a href=\"https:\/\/www.fbg.ub.edu\/es\/investigadores\/grupos-tecnio\/diopma-centro-diseno-y-optimizacion-procesos-y-materiales\/\"><div class=\"title tipus_link_intern\"><div class=\"imatge\"><img loading=\"lazy\" decoding=\"async\" width=\"139\" height=\"118\" src=\"https:\/\/www.fbg.ub.edu\/wp-content\/uploads\/2017\/09\/diopma-139x118.jpg\" class=\"img-responsive wp-post-image\" alt=\"\" \/><\/div><div class=\"text\">DIOPMA \u2013 Centro de Dise\u00f1o y Optimizaci\u00f3n de Procesos y Materiales<\/div><\/div><\/a><\/div><\/div>[vc_row_inner el_class=\u00bbtext-center\u00bb][vc_column_inner][vc_column_text el_class=\u00bbcontainer\u00bb css=\u00bb.vc_custom_1511253332705{padding-top: 60px !important;}\u00bb]<\/p>\n<p style=\"text-align: right;\"><a class=\"text1 text15 taronja senseratlla\" href=\"http:\/\/www.fbg.ub.edu\/es\/investigadores\/grupos-tecnio\/\"><strong> Ver todos los grupos &gt;<\/strong><\/a><\/p>\n<p>[\/vc_column_text][\/vc_column_inner][\/vc_row_inner][\/vc_tta_section][\/vc_tta_tabs][\/vc_column][\/vc_row][vc_row css=\u00bb.vc_custom_1507797607477{padding-top: 100px !important;padding-bottom: 100px !important;}\u00bb el_class=\u00bbcrida_accio\u00bb][vc_column width=\u00bb1\/3&#8243;][vc_single_image image=\u00bb228&#8243; img_size=\u00bbfull\u00bb alignment=\u00bbright\u00bb el_class=\u00bbbola_destacat\u00bb css=\u00bb.vc_custom_1504876969363{padding-right: 20px !important;}\u00bb][\/vc_column][vc_column width=\u00bb2\/3&#8243;][vc_column_text css=\u00bb.vc_custom_1507806619642{padding-bottom: 0px !important;}\u00bb]<strong>\u00bfNo has encontrado lo que buscas para tu proyecto o empresa?<\/strong><\/p>\n<p>Contacta con nosotros a trav\u00e9s de <a class=\"taronja\" href=\"&#x6d;&#x61;&#x69;&#x6c;&#x74;&#111;&#58;&#102;&#98;g&#64;f&#x62;&#x67;&#x2e;&#x75;&#x62;&#x2e;&#101;&#100;&#117;\"><strong>&#x66;&#x62;&#x67;&#x40;&#x66;&#x62;&#x67;&#x2e;&#x75;&#x62;&#x2e;&#x65;&#x64;&#x75;<\/strong><\/a> y te asesoraremos<\/p>\n<p>Somos un equipo de personas que trabajan para ti[\/vc_column_text][\/vc_column][\/vc_row][vc_row full_width=\u00bbstretch_row\u00bb parallax=\u00bbcontent-moving\u00bb parallax_image=\u00bb1001&#8243; css=\u00bb.vc_custom_1505993510616{padding-top: 250px !important;padding-bottom: 280px !important;}\u00bb][vc_column][\/vc_column][\/vc_row]<\/p>\n<\/div>","protected":false},"excerpt":{"rendered":"<p>[vc_row full_width=\u00bbstretch_row_content_no_spaces\u00bb][vc_column][vc_tta_tabs shape=\u00bbsquare\u00bb spacing=\u00bb\u00bb active_section=\u00bb1&#8243; no_fill_content_area=\u00bbtrue\u00bb el_class=\u00bbpestanyes\u00bb][vc_tta_section title=\u00bbConocimiento experto\u00bb tab_id=\u00bbexpertesa\u00bb el_class=\u00bbpestanya\u00bb][vc_row_inner el_class=\u00bbtext-center\u00bb][vc_column_inner][vc_column_text el_class=\u00bbcontainer\u00bb css=\u00bb.vc_custom_1511253306162{padding-top: 60px !important;}\u00bb] Ver m\u00e1s conocimiento experto&#8230;<\/p>\n","protected":false},"author":1,"featured_media":0,"parent":1435,"menu_order":0,"comment_status":"closed","ping_status":"closed","template":"page-ambit.php","meta":{"_acf_changed":false,"inline_featured_image":false,"_monsterinsights_skip_tracking":false,"_monsterinsights_sitenote_active":false,"_monsterinsights_sitenote_note":"","_monsterinsights_sitenote_category":0,"footnotes":""},"class_list":["post-1441","page","type-page","status-publish","hentry"],"acf":[],"_links":{"self":[{"href":"https:\/\/www.fbg.ub.edu\/es\/wp-json\/wp\/v2\/pages\/1441","targetHints":{"allow":["GET"]}}],"collection":[{"href":"https:\/\/www.fbg.ub.edu\/es\/wp-json\/wp\/v2\/pages"}],"about":[{"href":"https:\/\/www.fbg.ub.edu\/es\/wp-json\/wp\/v2\/types\/page"}],"author":[{"embeddable":true,"href":"https:\/\/www.fbg.ub.edu\/es\/wp-json\/wp\/v2\/users\/1"}],"replies":[{"embeddable":true,"href":"https:\/\/www.fbg.ub.edu\/es\/wp-json\/wp\/v2\/comments?post=1441"}],"version-history":[{"count":5,"href":"https:\/\/www.fbg.ub.edu\/es\/wp-json\/wp\/v2\/pages\/1441\/revisions"}],"predecessor-version":[{"id":3493,"href":"https:\/\/www.fbg.ub.edu\/es\/wp-json\/wp\/v2\/pages\/1441\/revisions\/3493"}],"up":[{"embeddable":true,"href":"https:\/\/www.fbg.ub.edu\/es\/wp-json\/wp\/v2\/pages\/1435"}],"wp:attachment":[{"href":"https:\/\/www.fbg.ub.edu\/es\/wp-json\/wp\/v2\/media?parent=1441"}],"curies":[{"name":"wp","href":"https:\/\/api.w.org\/{rel}","templated":true}]}}