{"id":1437,"date":"2017-09-08T06:18:31","date_gmt":"2017-09-08T05:18:31","guid":{"rendered":"http:\/\/161.116.26.48\/ambits\/alimentacio\/"},"modified":"2017-11-21T09:33:40","modified_gmt":"2017-11-21T08:33:40","slug":"alimentacion","status":"publish","type":"page","link":"https:\/\/www.fbg.ub.edu\/es\/ambitos\/alimentacion\/","title":{"rendered":"Alimentaci\u00f3n"},"content":{"rendered":"<div class=\"wpb-content-wrapper\"><p>[vc_row full_width=\u00bbstretch_row_content_no_spaces\u00bb][vc_column][vc_tta_tabs shape=\u00bbsquare\u00bb spacing=\u00bb\u00bb active_section=\u00bb1&#8243; no_fill_content_area=\u00bbtrue\u00bb el_class=\u00bbpestanyes\u00bb][vc_tta_section title=\u00bbConocimiento experto\u00bb tab_id=\u00bbexpertesa\u00bb el_class=\u00bbpestanya\u00bb]<div class=\"fbg_expertesa\"><a href=\"https:\/\/www.fbg.ub.edu\/es\/investigadores\/conocimiento-experto-ub\/agricultura-i-ramaderia\/\"><div class=\"container\"><div class=\"title tipus_link_intern\">Agricultura y ganader\u00eda<\/div><\/div><\/a><\/div><div class=\"fbg_expertesa\"><a href=\"https:\/\/www.fbg.ub.edu\/es\/investigadores\/conocimiento-experto-ub\/alimentacio\/\"><div class=\"container\"><div class=\"title tipus_link_intern\">Alimentaci\u00f3n<\/div><\/div><\/a><\/div><div class=\"fbg_expertesa\"><a href=\"https:\/\/www.fbg.ub.edu\/es\/investigadores\/conocimiento-experto-ub\/aliments-funcionals-nutraceuticals\/\"><div class=\"container\"><div class=\"title tipus_link_intern\">Alimentos funcionales: nutrac\u00e9uticos<\/div><\/div><\/a><\/div><div class=\"fbg_expertesa\"><a href=\"https:\/\/www.fbg.ub.edu\/es\/investigadores\/conocimiento-experto-ub\/cataleg-dels-grups-recerca-ub-lambit-lesport\/\"><div class=\"container\"><div class=\"title tipus_link_intern\">Cat\u00e1logo de los grupos de investigaci\u00f3n UB en el \u00e1mbito del deporte<\/div><\/div><\/a><\/div>[vc_row_inner el_class=\u00bbtext-center\u00bb][vc_column_inner][vc_column_text el_class=\u00bbcontainer\u00bb css=\u00bb.vc_custom_1511253189003{padding-top: 60px !important;}\u00bb]<\/p>\n<p style=\"text-align: right;\"><a class=\"text1 text15 taronja senseratlla\" href=\"http:\/\/www.fbg.ub.edu\/es\/investigadores\/conocimiento-experto-ub\/\"><strong> Ver m\u00e1s conocimiento experto &gt;<\/strong><\/a><\/p>\n<p>[\/vc_column_text][\/vc_column_inner][\/vc_row_inner][\/vc_tta_section][vc_tta_section title=\u00bbTecnolog\u00edas para licenciar\u00bb tab_id=\u00bbtecnologies\u00bb el_class=\u00bbpestanya\u00bb]<div class=\"container\"><div class=\"fbg_tecnologies\"><a href=\"https:\/\/www.fbg.ub.edu\/es\/que-hacemos\/tecnologias-materiales-y-licencias\/bacteria-based-biostimulant-to-increase-crop-protection-against-abiotic-stress-crop-quality-and-overall-yield-improvement\/\"><div class=\"title tipus_link_intern\"><div class=\"imatge\"><img loading=\"lazy\" decoding=\"async\" width=\"195\" height=\"118\" src=\"https:\/\/www.fbg.ub.edu\/wp-content\/uploads\/2023\/09\/UBTT0391_Imatge-principal-195x118.png\" class=\"img-responsive wp-post-image\" alt=\"\" \/><\/div><div class=\"text\">Bacteria-based biostimulant to increase crop protection against abiotic stress, crop quality and overall yield improvement<\/div><\/div><\/a><\/div><div class=\"fbg_tecnologies\"><a href=\"https:\/\/www.fbg.ub.edu\/es\/que-hacemos\/tecnologias-materiales-y-licencias\/tecnologias-para-licenciar\/gluten-degrading-protein-for-the-prevention-of-celiac-disease\/\"><div class=\"title tipus_link_intern\"><div class=\"imatge\"><img loading=\"lazy\" decoding=\"async\" width=\"195\" height=\"118\" src=\"https:\/\/www.fbg.ub.edu\/wp-content\/uploads\/2025\/07\/UBTT0486_Imatge-principal_2-195x118.png\" class=\"img-responsive wp-post-image\" alt=\"\" \/><\/div><div class=\"text\">Gluten degrading protein for the prevention of celiac disease<\/div><\/div><\/a><\/div><div class=\"fbg_tecnologies\"><a href=\"https:\/\/www.fbg.ub.edu\/es\/que-hacemos\/tecnologias-materiales-y-licencias\/tecnologias-para-licenciar\/programari-calcul-nutricional-pcn-pro-1-0\/\"><div class=\"title tipus_link_intern\"><div class=\"imatge\"><img loading=\"lazy\" decoding=\"async\" width=\"195\" height=\"118\" src=\"https:\/\/www.fbg.ub.edu\/wp-content\/uploads\/2017\/09\/AVCRI203-195x118.jpg\" class=\"img-responsive wp-post-image\" alt=\"\" \/><\/div><div class=\"text\">Programari de c\u00e0lcul nutricional PCN Pro 1.0<\/div><\/div><\/a><\/div><div class=\"fbg_tecnologies\"><a href=\"https:\/\/www.fbg.ub.edu\/es\/que-hacemos\/tecnologias-materiales-y-licencias\/tecnologias-para-licenciar\/ripless-natural-solution-to-preserve-stone-fruits\/\"><div class=\"title tipus_link_intern\"><div class=\"imatge\"><img loading=\"lazy\" decoding=\"async\" width=\"195\" height=\"118\" src=\"https:\/\/www.fbg.ub.edu\/wp-content\/uploads\/2022\/06\/Flyer-UBTT0390_imatge-principal_v2-195x118.jpg\" class=\"img-responsive wp-post-image\" alt=\"\" \/><\/div><div class=\"text\">RIPLESS: Natural solution to preserve stone fruits<\/div><\/div><\/a><\/div><\/div>[vc_row_inner el_class=\u00bbtext-center\u00bb][vc_column_inner][vc_column_text el_class=\u00bbcontainer\u00bb css=\u00bb.vc_custom_1511253198735{padding-top: 60px !important;}\u00bb]<\/p>\n<p style=\"text-align: right;\"><a class=\"text1 text15 taronja senseratlla\" href=\"http:\/\/www.fbg.ub.edu\/es\/que-hacemos\/tecnologias-materiales-y-licencias\/tecnologias-para-licenciar\/\"><strong>Ver listado completo &gt;<\/strong><\/a><\/p>\n<p>[\/vc_column_text][\/vc_column_inner][\/vc_row_inner][\/vc_tta_section][vc_tta_section title=\u00bbGrupos de investigaci\u00f3n\u00bb tab_id=\u00bbrecerca\u00bb el_class=\u00bbpestanya\u00bb]<div class=\"fbg_grupsrecerca\"><a href=\"https:\/\/www.fbg.ub.edu\/es\/investigadores\/grupos-investigacion-ub\/antiox\/\"><div class=\"container\"><div class=\"title tipus_link_intern\">ANTIOX<\/div><\/div><\/a><\/div><div class=\"fbg_grupsrecerca\"><a href=\"https:\/\/www.fbg.ub.edu\/es\/investigadores\/grupos-investigacion-ub\/antioxidantes-naturales-y-estudios-nutricionales\/\"><div class=\"container\"><div class=\"title tipus_link_intern\">Antioxidantes naturales<\/div><\/div><\/a><\/div><div class=\"fbg_grupsrecerca\"><a href=\"https:\/\/www.fbg.ub.edu\/es\/investigadores\/grupos-investigacion-ub\/autoimmunity-and-tolerance-immunonutrition\/\"><div class=\"container\"><div class=\"title tipus_link_intern\">Autoimmunity, Immunonutrition and Tolerance<\/div><\/div><\/a><\/div><div class=\"fbg_grupsrecerca\"><a href=\"https:\/\/www.fbg.ub.edu\/es\/investigadores\/grupos-investigacion-ub\/biochemistry-and-molecular-biology-of-cancer\/\"><div class=\"container\"><div class=\"title tipus_link_intern\">Biochemistry and Molecular Biology of Cancer<\/div><\/div><\/a><\/div><div class=\"fbg_grupsrecerca\"><a href=\"https:\/\/www.fbg.ub.edu\/es\/investigadores\/grupos-investigacion-ub\/biomarkers-and-nutritional-food-metabolomics\/\"><div class=\"container\"><div class=\"title tipus_link_intern\">Biomarkers and nutritional &#038; food metabolomics<\/div><\/div><\/a><\/div><div class=\"fbg_grupsrecerca\"><a href=\"https:\/\/www.fbg.ub.edu\/es\/investigadores\/grupos-investigacion-ub\/celltec-ub\/\"><div class=\"container\"><div class=\"title tipus_link_intern\">CELLTEC UB<\/div><\/div><\/a><\/div><div class=\"fbg_grupsrecerca\"><a href=\"https:\/\/www.fbg.ub.edu\/es\/investigadores\/grupos-investigacion-ub\/colloides\/\"><div class=\"container\"><div class=\"title tipus_link_intern\">Coloides<\/div><\/div><\/a><\/div><div class=\"fbg_grupsrecerca\"><a href=\"https:\/\/www.fbg.ub.edu\/es\/investigadores\/grupos-investigacion-ub\/crop-monitoring\/\"><div class=\"container\"><div class=\"title tipus_link_intern\">Crop monitoring<\/div><\/div><\/a><\/div><div class=\"fbg_grupsrecerca\"><a href=\"https:\/\/www.fbg.ub.edu\/es\/investigadores\/grupos-investigacion-ub\/energetica-metabolisme-secundari-peixos-enutpe\/\"><div class=\"container\"><div class=\"title tipus_link_intern\">Energ\u00e8tica i metabolisme secundari en peixos &#8211; ENUTPE<\/div><\/div><\/a><\/div><div class=\"fbg_grupsrecerca\"><a href=\"https:\/\/www.fbg.ub.edu\/es\/investigadores\/grupos-investigacion-ub\/enzims-microbians-daplicacio-industrial\/\"><div class=\"container\"><div class=\"title tipus_link_intern\">Enzims microbians d\u2019aplicaci\u00f3 industrial<\/div><\/div><\/a><\/div><div class=\"fbg_grupsrecerca\"><a href=\"https:\/\/www.fbg.ub.edu\/es\/investigadores\/grupos-investigacion-ub\/estadistica-clinica-biodiversitat\/\"><div class=\"container\"><div class=\"title tipus_link_intern\">Estad\u00edstica cl\u00ednica i de la biodiversitat<\/div><\/div><\/a><\/div><div class=\"fbg_grupsrecerca\"><a href=\"https:\/\/www.fbg.ub.edu\/es\/investigadores\/grupos-investigacion-ub\/farmacologia-productes-naturals\/\"><div class=\"container\"><div class=\"title tipus_link_intern\">Farmacologia de productes naturals<\/div><\/div><\/a><\/div><div class=\"fbg_grupsrecerca\"><a href=\"https:\/\/www.fbg.ub.edu\/es\/investigadores\/grupos-investigacion-ub\/in-vitro-alternative-testing-methodology\/\"><div class=\"container\"><div class=\"title tipus_link_intern\">In vitro alternative testing methodology<\/div><\/div><\/a><\/div><div class=\"fbg_grupsrecerca\"><a href=\"https:\/\/www.fbg.ub.edu\/es\/investigadores\/grupos-investigacion-ub\/interaccio-microbiota-epiteli-intestinal\/\"><div class=\"container\"><div class=\"title tipus_link_intern\">Interacci\u00f3 de microbiota i epiteli intestinal<\/div><\/div><\/a><\/div><div class=\"fbg_grupsrecerca\"><a href=\"https:\/\/www.fbg.ub.edu\/es\/investigadores\/grupos-investigacion-ub\/microbiologia-aplicada-alimentacio-veterinaria\/\"><div class=\"container\"><div class=\"title tipus_link_intern\">Microbiologia aplicada a alimentaci\u00f3 i veterin\u00e0ria<\/div><\/div><\/a><\/div><div class=\"fbg_grupsrecerca\"><a href=\"https:\/\/www.fbg.ub.edu\/es\/investigadores\/grupos-investigacion-ub\/minerologia-aplicada-medi-ambient\/\"><div class=\"container\"><div class=\"title tipus_link_intern\">Mineralogia aplicada i medi ambient<\/div><\/div><\/a><\/div><div class=\"fbg_grupsrecerca\"><a href=\"https:\/\/www.fbg.ub.edu\/es\/investigadores\/grupos-investigacion-ub\/research-unit-bioactive-molecules\/\"><div class=\"container\"><div class=\"title tipus_link_intern\">Research Unit on BioActive Molecules<\/div><\/div><\/a><\/div><div class=\"fbg_grupsrecerca\"><a href=\"https:\/\/www.fbg.ub.edu\/es\/investigadores\/grupos-investigacion-ub\/sistemes-cellulars-in-vitro\/\"><div class=\"container\"><div class=\"title tipus_link_intern\">Sistemes cel\u00b7lulars in vitro<\/div><\/div><\/a><\/div><div class=\"fbg_grupsrecerca\"><a href=\"https:\/\/www.fbg.ub.edu\/es\/investigadores\/grupos-investigacion-ub\/vircont\/\"><div class=\"container\"><div class=\"title tipus_link_intern\">VIRCONT<\/div><\/div><\/a><\/div><div class=\"fbg_grupsrecerca\"><a href=\"https:\/\/www.fbg.ub.edu\/es\/investigadores\/grupos-investigacion-ub\/virusent-virus-enterics\/\"><div class=\"container\"><div class=\"title tipus_link_intern\">VIRUSENT (Virus ent\u00e8rics)<\/div><\/div><\/a><\/div>[vc_row_inner el_class=\u00bbtext-center\u00bb][vc_column_inner][vc_column_text el_class=\u00bbcontainer\u00bb css=\u00bb.vc_custom_1511253208061{padding-top: 60px !important;}\u00bb]<\/p>\n<p style=\"text-align: right;\"><a class=\"text1 text15 taronja senseratlla\" href=\"http:\/\/www.fbg.ub.edu\/es\/investigadores\/grupos-investigacion-ub\/\"><strong> Ver m\u00e1s grupos &gt;<\/strong><\/a><\/p>\n<p>[\/vc_column_text][\/vc_column_inner][\/vc_row_inner][\/vc_tta_section][vc_tta_section title=\u00bbGrupos TECNIO\u00bb tab_id=\u00bbtecnio\u00bb el_class=\u00bbpestanya\u00bb]<div class=\"container\"><div class=\"fbg_grupstecnio\"><a href=\"https:\/\/www.fbg.ub.edu\/es\/investigadores\/grupos-tecnio\/cemic-centro-ingenieria-microsistemes-para-instrumentacion-y-control\/\"><div class=\"title tipus_link_intern\"><div class=\"imatge\"><img loading=\"lazy\" decoding=\"async\" width=\"195\" height=\"72\" src=\"https:\/\/www.fbg.ub.edu\/wp-content\/uploads\/2017\/09\/cemic-195x72.jpg\" class=\"img-responsive wp-post-image\" alt=\"\" \/><\/div><div class=\"text\">CEMIC &#8211; Centro de Ingenier\u00eda de Microsistemas para Instrumentaci\u00f3n y Control<\/div><\/div><\/a><\/div><div class=\"fbg_grupstecnio\"><a href=\"https:\/\/www.fbg.ub.edu\/es\/investigadores\/grupos-tecnio\/cpt-centro-proyeccion-termica-ub\/\"><div class=\"title tipus_link_intern\"><div class=\"imatge\"><img loading=\"lazy\" decoding=\"async\" width=\"195\" height=\"99\" src=\"https:\/\/www.fbg.ub.edu\/wp-content\/uploads\/2017\/09\/cpt-195x99.png\" class=\"img-responsive wp-post-image\" alt=\"\" \/><\/div><div class=\"text\">CPT \u2013 Centro de Proyecci\u00f3n T\u00e9rmica de la UB<\/div><\/div><\/a><\/div><div class=\"fbg_grupstecnio\"><a href=\"https:\/\/www.fbg.ub.edu\/es\/investigadores\/grupos-tecnio\/candidat-data-scienceub\/\"><div class=\"title tipus_link_intern\"><div class=\"imatge\"><img loading=\"lazy\" decoding=\"async\" width=\"195\" height=\"118\" src=\"https:\/\/www.fbg.ub.edu\/wp-content\/uploads\/2018\/01\/Data-Science-195x118.jpg\" class=\"img-responsive wp-post-image\" alt=\"\" \/><\/div><div class=\"text\">Data Science@UB<\/div><\/div><\/a><\/div><div class=\"fbg_grupstecnio\"><a href=\"https:\/\/www.fbg.ub.edu\/es\/investigadores\/grupos-tecnio\/candidat-maima-isotopos-estables-y-mineralogia\/\"><div class=\"title tipus_link_intern\"><div class=\"imatge\"><img loading=\"lazy\" decoding=\"async\" width=\"195\" height=\"118\" src=\"https:\/\/www.fbg.ub.edu\/wp-content\/uploads\/2018\/01\/MAIMA-W-195x118.jpg\" class=\"img-responsive wp-post-image\" alt=\"\" \/><\/div><div class=\"text\">MAIMA- Is\u00f3topos estables y mineralog\u00eda<\/div><\/div><\/a><\/div><div class=\"fbg_grupstecnio\"><a href=\"https:\/\/www.fbg.ub.edu\/es\/investigadores\/grupos-tecnio\/sdm-servicio-desarrollo-medicamento\/\"><div class=\"title tipus_link_intern\"><div class=\"imatge\"><img loading=\"lazy\" decoding=\"async\" width=\"195\" height=\"107\" src=\"https:\/\/www.fbg.ub.edu\/wp-content\/uploads\/2017\/09\/sdm-195x107.jpg\" class=\"img-responsive wp-post-image\" alt=\"\" \/><\/div><div class=\"text\">SDM \u2013 Servicio de Desarrollo del Medicamento<\/div><\/div><\/a><\/div><\/div>[vc_row_inner el_class=\u00bbtext-center\u00bb][vc_column_inner][vc_column_text el_class=\u00bbcontainer\u00bb css=\u00bb.vc_custom_1511253217399{padding-top: 60px !important;}\u00bb]<\/p>\n<p style=\"text-align: right;\"><a class=\"text1 text15 taronja senseratlla\" href=\"http:\/\/www.fbg.ub.edu\/es\/investigadores\/grupos-tecnio\/\"><strong> Ver todos los grupos &gt;<\/strong><\/a><\/p>\n<p>[\/vc_column_text][\/vc_column_inner][\/vc_row_inner][\/vc_tta_section][\/vc_tta_tabs][\/vc_column][\/vc_row][vc_row css=\u00bb.vc_custom_1507797590546{padding-top: 100px !important;padding-bottom: 100px !important;}\u00bb el_class=\u00bbcrida_accio\u00bb][vc_column width=\u00bb1\/3&#8243;][vc_single_image image=\u00bb228&#8243; img_size=\u00bbfull\u00bb alignment=\u00bbright\u00bb el_class=\u00bbbola_destacat\u00bb css=\u00bb.vc_custom_1504876969363{padding-right: 20px !important;}\u00bb][\/vc_column][vc_column width=\u00bb2\/3&#8243;][vc_column_text css=\u00bb.vc_custom_1508753405707{padding-bottom: 0px !important;}\u00bb]<strong>\u00bfNo has encontrado lo que buscas para tu proyecto o empresa?<\/strong><\/p>\n<p>Contacta con nosotros a trav\u00e9s de <a class=\"taronja\" href=\"&#x6d;&#x61;&#x69;&#108;&#116;o:&#x66;&#x62;&#x67;&#x40;&#102;&#98;g&#46;&#x75;&#x62;&#x2e;&#101;&#100;&#117;\"><strong>&#102;&#x62;g&#64;&#x66;b&#103;&#x2e;u&#98;&#x2e;e&#100;&#x75;<\/strong><\/a> y te asesoraremos<\/p>\n<p>Somos un equipo de personas que trabajan para ti[\/vc_column_text][\/vc_column][\/vc_row][vc_row full_width=\u00bbstretch_row\u00bb parallax=\u00bbcontent-moving\u00bb parallax_image=\u00bb916&#8243; css=\u00bb.vc_custom_1505934087567{padding-top: 250px !important;padding-bottom: 280px !important;}\u00bb][vc_column][\/vc_column][\/vc_row]<\/p>\n<\/div>","protected":false},"excerpt":{"rendered":"<p>[vc_row full_width=\u00bbstretch_row_content_no_spaces\u00bb][vc_column][vc_tta_tabs shape=\u00bbsquare\u00bb spacing=\u00bb\u00bb active_section=\u00bb1&#8243; no_fill_content_area=\u00bbtrue\u00bb el_class=\u00bbpestanyes\u00bb][vc_tta_section title=\u00bbConocimiento experto\u00bb tab_id=\u00bbexpertesa\u00bb el_class=\u00bbpestanya\u00bb][vc_row_inner el_class=\u00bbtext-center\u00bb][vc_column_inner][vc_column_text el_class=\u00bbcontainer\u00bb css=\u00bb.vc_custom_1511253189003{padding-top: 60px !important;}\u00bb] Ver m\u00e1s conocimiento experto&#8230;<\/p>\n","protected":false},"author":1,"featured_media":0,"parent":1435,"menu_order":0,"comment_status":"closed","ping_status":"closed","template":"page-ambit.php","meta":{"_acf_changed":false,"inline_featured_image":false,"_monsterinsights_skip_tracking":false,"_monsterinsights_sitenote_active":false,"_monsterinsights_sitenote_note":"","_monsterinsights_sitenote_category":0,"footnotes":""},"class_list":["post-1437","page","type-page","status-publish","hentry"],"acf":[],"_links":{"self":[{"href":"https:\/\/www.fbg.ub.edu\/es\/wp-json\/wp\/v2\/pages\/1437","targetHints":{"allow":["GET"]}}],"collection":[{"href":"https:\/\/www.fbg.ub.edu\/es\/wp-json\/wp\/v2\/pages"}],"about":[{"href":"https:\/\/www.fbg.ub.edu\/es\/wp-json\/wp\/v2\/types\/page"}],"author":[{"embeddable":true,"href":"https:\/\/www.fbg.ub.edu\/es\/wp-json\/wp\/v2\/users\/1"}],"replies":[{"embeddable":true,"href":"https:\/\/www.fbg.ub.edu\/es\/wp-json\/wp\/v2\/comments?post=1437"}],"version-history":[{"count":6,"href":"https:\/\/www.fbg.ub.edu\/es\/wp-json\/wp\/v2\/pages\/1437\/revisions"}],"predecessor-version":[{"id":3490,"href":"https:\/\/www.fbg.ub.edu\/es\/wp-json\/wp\/v2\/pages\/1437\/revisions\/3490"}],"up":[{"embeddable":true,"href":"https:\/\/www.fbg.ub.edu\/es\/wp-json\/wp\/v2\/pages\/1435"}],"wp:attachment":[{"href":"https:\/\/www.fbg.ub.edu\/es\/wp-json\/wp\/v2\/media?parent=1437"}],"curies":[{"name":"wp","href":"https:\/\/api.w.org\/{rel}","templated":true}]}}