{"id":1435,"date":"2017-09-08T06:18:13","date_gmt":"2017-09-08T05:18:13","guid":{"rendered":"http:\/\/161.116.26.48\/ambits\/"},"modified":"2025-07-29T12:34:57","modified_gmt":"2025-07-29T10:34:57","slug":"ambitos","status":"publish","type":"page","link":"https:\/\/www.fbg.ub.edu\/es\/ambitos\/","title":{"rendered":"\u00c1mbitos"},"content":{"rendered":"<div class=\"wpb-content-wrapper\"><p>[vc_row el_class=\u00bbampla_mobil\u00bb][vc_column width=\u00bb1\/3&#8243;][\/vc_column][vc_column width=\u00bb2\/3&#8243;][vc_column_text css=\u00bb.vc_custom_1705580934602{padding-bottom: 0px !important;}\u00bb]En la <strong>Fundaci\u00f3n Bosch i Gimpera<\/strong> trabajamos para hacer posible la transferencia de proyectos de innovaci\u00f3n en los diferentes \u00e1mbitos de la Universidad de Barcelona, de acuerdo con los \u00e1mbitos sectoriales l\u00edderes del RIS3CAT.<\/p>\n<p>Contamos con experiencia, fruto del trabajo de investigadores y grupos de investigaci\u00f3n, y disponemos de tecnolog\u00edas para licenciar en cada uno de estos \u00e1mbitos.<\/p>\n<p>Consulta los diferentes \u00e1mbitos para conocer m\u00e1s detalles.[\/vc_column_text][\/vc_column][\/vc_row][vc_row][vc_column][vc_row_inner el_class=\u00bbllista_ambits\u00bb][vc_column_inner]<div class=\"caixa_imatge_link\"><a href=\"http:\/\/www.fbg.ub.edu\/es\/ambitos\/alimentacion\/\"><div  class=\"wpb_single_image wpb_content_element vc_align_center icona_161\"><figure class=\"wpb_wrapper vc_figure\"><div class=\"vc_single_image-wrapper   vc_box_border_grey\"><img decoding=\"async\" src=\"https:\/\/www.fbg.ub.edu\/wp-content\/uploads\/2017\/09\/ambit_alimentacio.svg\" class=\"vc_single_image-img attachment-full\"><\/div><\/figure><\/div><h3 class=\"text-center\" style=\"font-size:18px\">Alimentaci\u00f3n<\/h3><\/a><\/div><div class=\"caixa_imatge_link\"><a href=\"http:\/\/www.fbg.ub.edu\/es\/ambitos\/quimica-energia-y-recursos\/\"><div  class=\"wpb_single_image wpb_content_element vc_align_center icona_161\"><figure class=\"wpb_wrapper vc_figure\"><div class=\"vc_single_image-wrapper   vc_box_border_grey\"><img decoding=\"async\" src=\"https:\/\/www.fbg.ub.edu\/wp-content\/uploads\/2017\/09\/ambit_quimica.svg\" class=\"vc_single_image-img attachment-full\"><\/div><\/figure><\/div><h3 class=\"text-center\" style=\"font-size:18px\">Qu\u00edmica, energ\u00eda y recursos<\/h3><\/a><\/div><div class=\"caixa_imatge_link\"><a href=\"http:\/\/www.fbg.ub.edu\/es\/ambitos\/sistemas-industriales\/\"><div  class=\"wpb_single_image wpb_content_element vc_align_center icona_161\"><figure class=\"wpb_wrapper vc_figure\"><div class=\"vc_single_image-wrapper   vc_box_border_grey\"><img decoding=\"async\" src=\"https:\/\/www.fbg.ub.edu\/wp-content\/uploads\/2017\/09\/ambit_industria.svg\" class=\"vc_single_image-img attachment-full\"><\/div><\/figure><\/div><h3 class=\"text-center\" style=\"font-size:18px\">Sistemas industriales<\/h3><\/a><\/div><div class=\"caixa_imatge_link\"><a href=\"http:\/\/www.fbg.ub.edu\/es\/ambitos\/diseno\/\"><div  class=\"wpb_single_image wpb_content_element vc_align_center icona_161\"><figure class=\"wpb_wrapper vc_figure\"><div class=\"vc_single_image-wrapper   vc_box_border_grey\"><img decoding=\"async\" src=\"https:\/\/www.fbg.ub.edu\/wp-content\/uploads\/2017\/09\/ambit_disseny.svg\" class=\"vc_single_image-img attachment-full\"><\/div><\/figure><\/div><h3 class=\"text-center\" style=\"font-size:18px\">Dise\u00f1o<\/h3><\/a><\/div><div class=\"caixa_imatge_link\"><a href=\"http:\/\/www.fbg.ub.edu\/es\/ambitos\/movilidad-sostenible\/\"><div  class=\"wpb_single_image wpb_content_element vc_align_center icona_161\"><figure class=\"wpb_wrapper vc_figure\"><div class=\"vc_single_image-wrapper   vc_box_border_grey\"><img decoding=\"async\" src=\"https:\/\/www.fbg.ub.edu\/wp-content\/uploads\/2017\/09\/ambit_mobilitat.svg\" class=\"vc_single_image-img attachment-full\"><\/div><\/figure><\/div><h3 class=\"text-center\" style=\"font-size:18px\">Movilidad sostenible<\/h3><\/a><\/div><div class=\"caixa_imatge_link\"><a href=\"http:\/\/www.fbg.ub.edu\/es\/ambitos\/salud-y-ciencias-vida\/\"><div  class=\"wpb_single_image wpb_content_element vc_align_center icona_161\"><figure class=\"wpb_wrapper vc_figure\"><div class=\"vc_single_image-wrapper   vc_box_border_grey\"><img decoding=\"async\" src=\"https:\/\/www.fbg.ub.edu\/wp-content\/uploads\/2017\/09\/ambit_salut.svg\" class=\"vc_single_image-img attachment-full\"><\/div><\/figure><\/div><h3 class=\"text-center\" style=\"font-size:18px\">Salud y ciencias de la vida<\/h3><\/a><\/div><div class=\"caixa_imatge_link\"><a href=\"http:\/\/www.fbg.ub.edu\/es\/ambitos\/cultura-y-experiencia\/\"><div  class=\"wpb_single_image wpb_content_element vc_align_center icona_161\"><figure class=\"wpb_wrapper vc_figure\"><div class=\"vc_single_image-wrapper   vc_box_border_grey\"><img decoding=\"async\" src=\"https:\/\/www.fbg.ub.edu\/wp-content\/uploads\/2017\/09\/ambit_cultura.svg\" class=\"vc_single_image-img attachment-full\"><\/div><\/figure><\/div><h3 class=\"text-center\" style=\"font-size:18px\">Cultura y experiencia<\/h3><\/a><\/div>[\/vc_column_inner][\/vc_row_inner][\/vc_column][\/vc_row][vc_row css=\u00bb.vc_custom_1507797573689{padding-top: 100px !important;padding-bottom: 100px !important;}\u00bb el_class=\u00bbcrida_accio\u00bb][vc_column width=\u00bb1\/3&#8243;][vc_single_image image=\u00bb228&#8243; img_size=\u00bbfull\u00bb alignment=\u00bbright\u00bb css=\u00bb.vc_custom_1504876969363{padding-right: 20px !important;}\u00bb el_class=\u00bbbola_destacat\u00bb][\/vc_column][vc_column width=\u00bb2\/3&#8243;][vc_column_text css=\u00bb.vc_custom_1507806225459{padding-bottom: 0px !important;}\u00bb]<strong>\u00bfQuieres disponer de m\u00e1s informaci\u00f3n sobre un \u00e1mbito concreto?<\/strong><\/p>\n<p>Contacta con nosotros a trav\u00e9s de <a class=\"taronja\" href=\"&#x6d;&#x61;&#x69;&#x6c;&#x74;&#x6f;&#58;&#102;&#98;&#103;&#64;fbg&#x2e;&#x75;&#x62;&#x2e;&#x65;&#x64;&#117;\"><strong>f&#98;&#103;&#x40;&#x66;b&#103;&#46;&#x75;&#x62;&#x2e;e&#100;&#117;<\/strong><\/a> y te asesoraremos<\/p>\n<p>Somos un equipo de personas que trabajan para ti[\/vc_column_text][\/vc_column][\/vc_row][vc_row full_width=\u00bbstretch_row\u00bb parallax=\u00bbcontent-moving\u00bb parallax_image=\u00bb369&#8243; css=\u00bb.vc_custom_1505407836994{padding-top: 250px !important;padding-bottom: 280px !important;}\u00bb][vc_column][\/vc_column][\/vc_row][vc_row full_width=\u00bbstretch_row\u00bb el_class=\u00bbfons_gris_fosc\u00bb][vc_column][vc_custom_heading text=\u00bbResultados\u00bb font_container=\u00bbtag:h2|text_align:center\u00bb use_theme_fonts=\u00bbyes\u00bb css=\u00bb.vc_custom_1507806234280{padding-bottom: 30px !important;}\u00bb el_class=\u00bbtitular blanc\u00bb][vc_row_inner][vc_column_inner width=\u00bb1\/3&#8243;][vc_column_text css=\u00bb\u00bb]<strong class=\"numeros\">497<\/strong><\/p>\n<p>proyectos de innovaci\u00f3n contratados[\/vc_column_text][\/vc_column_inner][vc_column_inner width=\u00bb1\/3&#8243;][vc_column_text css=\u00bb\u00bb]<strong class=\"numeros\">140<\/strong><\/p>\n<p>patentes para transferir[\/vc_column_text][\/vc_column_inner][vc_column_inner width=\u00bb1\/3&#8243;][vc_column_text css=\u00bb\u00bb]<strong class=\"numeros\">9<\/strong><\/p>\n<p>acuerdos de transferencia de materiales[\/vc_column_text][\/vc_column_inner][\/vc_row_inner][vc_row_inner][vc_column_inner][vc_column_text]<\/p>\n<p style=\"text-align: right;\"><a class=\"text1 text18\" href=\"https:\/\/www.fbg.ub.edu\/es\/que-hacemos\/fbg-en-cifras\/\"><strong>La FBG en cifras &gt;<\/strong><\/a><\/p>\n<p>[\/vc_column_text][\/vc_column_inner][\/vc_row_inner][\/vc_column][\/vc_row][vc_row][vc_column][vc_custom_heading text=\u00bbCasos de \u00e9xito\u00bb font_container=\u00bbtag:h2|text_align:center\u00bb use_theme_fonts=\u00bbyes\u00bb el_class=\u00bbtitular taronja\u00bb]<div class=\"row\"><div class=\"col-sm-4\"><a href=\"https:\/\/www.fbg.ub.edu\/es\/casos_exit\/queremos-producir-un-cemento-mas-sostenible-y-con-la-menor-huella-de-carbono-posible\/\" class=\"casexit-fbg\"><div class=\"row\"><div class=\"col-xs-4 col-sm-12\"><img loading=\"lazy\" decoding=\"async\" width=\"1920\" height=\"1211\" src=\"https:\/\/www.fbg.ub.edu\/wp-content\/uploads\/2026\/04\/Dr.-Chimenos.jpg\" class=\"img-responsive wp-post-image\" alt=\"\" srcset=\"https:\/\/www.fbg.ub.edu\/wp-content\/uploads\/2026\/04\/Dr.-Chimenos.jpg 1920w, https:\/\/www.fbg.ub.edu\/wp-content\/uploads\/2026\/04\/Dr.-Chimenos-365x230.jpg 365w, https:\/\/www.fbg.ub.edu\/wp-content\/uploads\/2026\/04\/Dr.-Chimenos-1624x1024.jpg 1624w, https:\/\/www.fbg.ub.edu\/wp-content\/uploads\/2026\/04\/Dr.-Chimenos-768x484.jpg 768w, https:\/\/www.fbg.ub.edu\/wp-content\/uploads\/2026\/04\/Dr.-Chimenos-1536x969.jpg 1536w, https:\/\/www.fbg.ub.edu\/wp-content\/uploads\/2026\/04\/Dr.-Chimenos-380x240.jpg 380w\" sizes=\"auto, (max-width: 1920px) 100vw, 1920px\" \/><\/div><div class=\"col-xs-8 col-sm-12\"><h3>\u00abQueremos producir un cemento m\u00e1s sostenible y con la menor huella de carbono posible\u00bb<\/h3><\/div><\/div><\/a><\/div><div class=\"col-sm-4\"><a href=\"https:\/\/www.fbg.ub.edu\/es\/casos_exit\/las-nanoparticulas-que-hemos-desarrollado-pueden-tener-un-impacto-real-en-la-vida-de-los-pacientes-con-glaucoma\/\" class=\"casexit-fbg\"><div class=\"row\"><div class=\"col-xs-4 col-sm-12\"><img loading=\"lazy\" decoding=\"async\" width=\"1290\" height=\"814\" src=\"https:\/\/www.fbg.ub.edu\/wp-content\/uploads\/2025\/09\/Dra-Elena-Sanchez-web.jpg\" class=\"img-responsive wp-post-image\" alt=\"\" srcset=\"https:\/\/www.fbg.ub.edu\/wp-content\/uploads\/2025\/09\/Dra-Elena-Sanchez-web.jpg 1290w, https:\/\/www.fbg.ub.edu\/wp-content\/uploads\/2025\/09\/Dra-Elena-Sanchez-web-364x230.jpg 364w, https:\/\/www.fbg.ub.edu\/wp-content\/uploads\/2025\/09\/Dra-Elena-Sanchez-web-768x485.jpg 768w, https:\/\/www.fbg.ub.edu\/wp-content\/uploads\/2025\/09\/Dra-Elena-Sanchez-web-380x240.jpg 380w\" sizes=\"auto, (max-width: 1290px) 100vw, 1290px\" \/><\/div><div class=\"col-xs-8 col-sm-12\"><h3>\u201cLas nanopart\u00edculas que hemos desarrollado pueden tener un impacto real en la vida de los pacientes con glaucoma\u201d<\/h3><\/div><\/div><\/a><\/div><div class=\"col-sm-4\"><a href=\"https:\/\/www.fbg.ub.edu\/es\/casos_exit\/tecnologia-pionera-para-recuperar-fosforo-en-las-estaciones-depuradoras-de-aguas-residuales-urbanas\/\" class=\"casexit-fbg\"><div class=\"row\"><div class=\"col-xs-4 col-sm-12\"><img loading=\"lazy\" decoding=\"async\" width=\"1920\" height=\"1211\" src=\"https:\/\/www.fbg.ub.edu\/wp-content\/uploads\/2025\/06\/Aigues-residuals-2.jpg\" class=\"img-responsive wp-post-image\" alt=\"\" srcset=\"https:\/\/www.fbg.ub.edu\/wp-content\/uploads\/2025\/06\/Aigues-residuals-2.jpg 1920w, https:\/\/www.fbg.ub.edu\/wp-content\/uploads\/2025\/06\/Aigues-residuals-2-365x230.jpg 365w, https:\/\/www.fbg.ub.edu\/wp-content\/uploads\/2025\/06\/Aigues-residuals-2-1624x1024.jpg 1624w, https:\/\/www.fbg.ub.edu\/wp-content\/uploads\/2025\/06\/Aigues-residuals-2-768x484.jpg 768w, https:\/\/www.fbg.ub.edu\/wp-content\/uploads\/2025\/06\/Aigues-residuals-2-1536x969.jpg 1536w, https:\/\/www.fbg.ub.edu\/wp-content\/uploads\/2025\/06\/Aigues-residuals-2-380x240.jpg 380w\" sizes=\"auto, (max-width: 1920px) 100vw, 1920px\" \/><\/div><div class=\"col-xs-8 col-sm-12\"><h3>Tecnolog\u00eda innovadora para recuperar f\u00f3sforo en las estaciones depuradoras de aguas residuales urbanas<\/h3><\/div><\/div><\/a><\/div><\/div>[vc_column_text]<\/p>\n<p style=\"text-align: right;\"><a class=\"text1 text18 taronja senseratlla\" href=\"http:\/\/www.fbg.ub.edu\/es\/casos_exit\/\"><strong> M\u00e1s casos de \u00e9xito &gt;<\/strong><\/a><\/p>\n<p>[\/vc_column_text][\/vc_column][\/vc_row]<\/p>\n<\/div>","protected":false},"excerpt":{"rendered":"(A\u00f1o 2025) Dise\u00f1o y Optimizaci\u00f3n de Procesos y Materiales (DIOPMA) y Biotecnolog\u00eda Ambiental (BA) de la Universidad de Barcelona \/...","protected":false},"author":1,"featured_media":0,"parent":0,"menu_order":0,"comment_status":"closed","ping_status":"closed","template":"","meta":{"_acf_changed":false,"inline_featured_image":false,"_monsterinsights_skip_tracking":false,"_monsterinsights_sitenote_active":false,"_monsterinsights_sitenote_note":"","_monsterinsights_sitenote_category":0,"footnotes":""},"class_list":["post-1435","page","type-page","status-publish","hentry"],"acf":[],"_links":{"self":[{"href":"https:\/\/www.fbg.ub.edu\/es\/wp-json\/wp\/v2\/pages\/1435","targetHints":{"allow":["GET"]}}],"collection":[{"href":"https:\/\/www.fbg.ub.edu\/es\/wp-json\/wp\/v2\/pages"}],"about":[{"href":"https:\/\/www.fbg.ub.edu\/es\/wp-json\/wp\/v2\/types\/page"}],"author":[{"embeddable":true,"href":"https:\/\/www.fbg.ub.edu\/es\/wp-json\/wp\/v2\/users\/1"}],"replies":[{"embeddable":true,"href":"https:\/\/www.fbg.ub.edu\/es\/wp-json\/wp\/v2\/comments?post=1435"}],"version-history":[{"count":19,"href":"https:\/\/www.fbg.ub.edu\/es\/wp-json\/wp\/v2\/pages\/1435\/revisions"}],"predecessor-version":[{"id":22904,"href":"https:\/\/www.fbg.ub.edu\/es\/wp-json\/wp\/v2\/pages\/1435\/revisions\/22904"}],"wp:attachment":[{"href":"https:\/\/www.fbg.ub.edu\/es\/wp-json\/wp\/v2\/media?parent=1435"}],"curies":[{"name":"wp","href":"https:\/\/api.w.org\/{rel}","templated":true}]}}