{"id":1421,"date":"2017-09-08T06:21:51","date_gmt":"2017-09-08T05:21:51","guid":{"rendered":"http:\/\/161.116.26.48\/qui-som\/"},"modified":"2025-07-29T12:26:25","modified_gmt":"2025-07-29T10:26:25","slug":"quienes-somos","status":"publish","type":"page","link":"https:\/\/www.fbg.ub.edu\/es\/quienes-somos\/","title":{"rendered":"Qui\u00e9nes somos"},"content":{"rendered":"<div class=\"wpb-content-wrapper\"><p>[vc_row css=\u00bb.vc_custom_1511256518778{padding-bottom: 60px !important;}\u00bb el_class=\u00bbampla_mobil\u00bb][vc_column width=\u00bb1\/3&#8243;][\/vc_column][vc_column width=\u00bb2\/3&#8243;][vc_column_text css=\u00bb.vc_custom_1618491125746{padding-bottom: 0px !important;}\u00bb]Somos un equipo de expertos en diferentes \u00e1mbitos a tu servicio.<\/p>\n<p>Creemos en la transferencia y llevamos a cabo nuestra labor con un alto compromiso y profesionalidad.<\/p>\n<p>Apostamos por la <a href=\"https:\/\/www.fbg.ub.edu\/es\/que-hacemos\/investigacion-por-contrato\/\">investigaci\u00f3n por contrato<\/a>, la <a href=\"https:\/\/www.fbg.ub.edu\/es\/que-hacemos\/creacion-de-empresas\/\">creaci\u00f3n de empresas<\/a> y la comercializaci\u00f3n de <a href=\"https:\/\/www.fbg.ub.edu\/es\/que-hacemos\/tecnologias-materiales-y-licencias\/\">tecnolog\u00edas, materiales y licencias<\/a>.<\/p>\n<p>Ofrecemos servicios a m\u00e1s de 3000 investigadores que realizan investigaci\u00f3n b\u00e1sica y aplicada en la UB.<\/p>\n<p>Gestionamos unos 800 proyectos anuales. M\u00e1s de 600 son contratos con empresas e instituciones.<\/p>\n<p>Conectamos universidad y empresa para transferir innovaci\u00f3n a la sociedad.[\/vc_column_text][vc_video link=\u00bbhttps:\/\/www.youtube.com\/watch?v=wggBT-0iRD4&#8243;][\/vc_column][\/vc_row][vc_row full_width=\u00bbstretch_row\u00bb el_class=\u00bbfons_gris\u00bb][vc_column][vc_row_inner][vc_column_inner width=\u00bb1\/3&#8243;]<div class=\"caixa_imatge_link\"><a href=\"http:\/\/www.fbg.ub.edu\/es\/quienes-somos\/patronato\/\"><div  class=\"wpb_single_image wpb_content_element vc_align_center icona_161\"><figure class=\"wpb_wrapper vc_figure\"><div class=\"vc_single_image-wrapper   vc_box_border_grey\"><img decoding=\"async\" src=\"https:\/\/www.fbg.ub.edu\/wp-content\/uploads\/2017\/09\/patronat_g.svg\" class=\"vc_single_image-img attachment-full\"><\/div><\/figure><\/div><h3 class=\"text-center\" style=\"font-size:25px\">Patronato<\/h3><\/a><\/div>[\/vc_column_inner][vc_column_inner width=\u00bb1\/3&#8243;]<div class=\"caixa_imatge_link\"><a href=\"http:\/\/www.fbg.ub.edu\/es\/quienes-somos\/equipo\/\"><div  class=\"wpb_single_image wpb_content_element vc_align_center icona_161\"><figure class=\"wpb_wrapper vc_figure\"><div class=\"vc_single_image-wrapper   vc_box_border_grey\"><img decoding=\"async\" src=\"https:\/\/www.fbg.ub.edu\/wp-content\/uploads\/2017\/09\/equip_g.svg\" class=\"vc_single_image-img attachment-full\"><\/div><\/figure><\/div><h3 class=\"text-center\" style=\"font-size:25px\">Equipo<\/h3><\/a><\/div>[\/vc_column_inner][vc_column_inner width=\u00bb1\/3&#8243;]<div class=\"caixa_imatge_link\"><a href=\"http:\/\/extractes.fbg.ub.edu\/extractes\/frameofertes.jsp\"><div  class=\"wpb_single_image wpb_content_element vc_align_center icona_161\"><figure class=\"wpb_wrapper vc_figure\"><div class=\"vc_single_image-wrapper   vc_box_border_grey\"><img decoding=\"async\" src=\"https:\/\/www.fbg.ub.edu\/wp-content\/uploads\/2017\/09\/borsa_g.svg\" class=\"vc_single_image-img attachment-full\"><\/div><\/figure><\/div><h3 class=\"text-center\" style=\"font-size:25px\">Trabaja con nosotros<\/h3><\/a><\/div>[\/vc_column_inner][\/vc_row_inner][\/vc_column][\/vc_row][vc_row css=\u00bb.vc_custom_1507797410527{padding-top: 100px !important;padding-bottom: 100px !important;}\u00bb el_class=\u00bbcrida_accio\u00bb][vc_column width=\u00bb1\/3&#8243;][vc_single_image image=\u00bb228&#8243; img_size=\u00bbfull\u00bb alignment=\u00bbright\u00bb css=\u00bb.vc_custom_1504876969363{padding-right: 20px !important;}\u00bb el_class=\u00bbbola_destacat\u00bb][\/vc_column][vc_column width=\u00bb2\/3&#8243;][vc_column_text css=\u00bb.vc_custom_1508165720538{padding-bottom: 0px !important;}\u00bb]<strong>\u00bfQuieres saber m\u00e1s sobre la FBG y su labor?<\/strong><\/p>\n<p>Contacta con nosotros a trav\u00e9s de <a class=\"taronja\" href=\"m&#97;&#105;&#x6c;&#x74;&#x6f;:f&#98;&#103;&#x40;&#x66;&#x62;g&#46;&#117;&#98;&#x2e;&#x65;&#x64;u\"><strong>&#102;b&#103;&#64;&#102;b&#x67;&#46;&#x75;b&#x2e;e&#x64;u<\/strong><\/a> y hablamos<\/p>\n<p>Somos un equipo de personas que trabajan para ti[\/vc_column_text][\/vc_column][\/vc_row][vc_row full_width=\u00bbstretch_row\u00bb parallax=\u00bbcontent-moving\u00bb parallax_image=\u00bb17427&#8243; css=\u00bb.vc_custom_1699523653931{padding-top: 250px !important;padding-bottom: 280px !important;}\u00bb][vc_column][\/vc_column][\/vc_row][vc_row full_width=\u00bbstretch_row\u00bb el_class=\u00bbfons_gris_fosc\u00bb][vc_column][vc_custom_heading text=\u00bbResultados\u00bb font_container=\u00bbtag:h2|text_align:center\u00bb use_theme_fonts=\u00bbyes\u00bb css=\u00bb.vc_custom_1508165646287{padding-bottom: 30px !important;}\u00bb el_class=\u00bbtitular blanc\u00bb][vc_row_inner][vc_column_inner width=\u00bb1\/3&#8243;][vc_column_text css=\u00bb\u00bb]<strong class=\"numeros\">38,22M\u20ac<\/strong><\/p>\n<p>contratados para la UB[\/vc_column_text][\/vc_column_inner][vc_column_inner width=\u00bb1\/3&#8243;][vc_column_text css=\u00bb\u00bb]<strong class=\"numeros\">497<\/strong><\/p>\n<p>proyectos de innovaci\u00f3n contratados[\/vc_column_text][\/vc_column_inner][vc_column_inner width=\u00bb1\/3&#8243;][vc_column_text css=\u00bb\u00bb]<strong class=\"numeros\">677<\/strong><\/p>\n<p>empresas e instituciones innovan con nosotros[\/vc_column_text][\/vc_column_inner][\/vc_row_inner][vc_row_inner][vc_column_inner][vc_column_text]<\/p>\n<p style=\"text-align: right;\"><a class=\"text1 text18 senseratlla\" href=\"https:\/\/www.fbg.ub.edu\/es\/que-hacemos\/fbg-en-cifras\/\"><strong>La FBG en cifras &gt;<\/strong><\/a><\/p>\n<p>[\/vc_column_text][\/vc_column_inner][\/vc_row_inner][\/vc_column][\/vc_row]<\/p>\n<\/div>","protected":false},"excerpt":{"rendered":"<p>[vc_row css=\u00bb.vc_custom_1511256518778{padding-bottom: 60px !important;}\u00bb el_class=\u00bbampla_mobil\u00bb][vc_column width=\u00bb1\/3&#8243;][\/vc_column][vc_column width=\u00bb2\/3&#8243;][vc_column_text css=\u00bb.vc_custom_1618491125746{padding-bottom: 0px !important;}\u00bb]Somos un equipo de expertos en diferentes \u00e1mbitos a tu servicio&#8230;.<\/p>\n","protected":false},"author":1,"featured_media":0,"parent":0,"menu_order":0,"comment_status":"closed","ping_status":"closed","template":"","meta":{"_acf_changed":false,"inline_featured_image":false,"_monsterinsights_skip_tracking":false,"_monsterinsights_sitenote_active":false,"_monsterinsights_sitenote_note":"","_monsterinsights_sitenote_category":0,"footnotes":""},"class_list":["post-1421","page","type-page","status-publish","hentry"],"acf":[],"_links":{"self":[{"href":"https:\/\/www.fbg.ub.edu\/es\/wp-json\/wp\/v2\/pages\/1421","targetHints":{"allow":["GET"]}}],"collection":[{"href":"https:\/\/www.fbg.ub.edu\/es\/wp-json\/wp\/v2\/pages"}],"about":[{"href":"https:\/\/www.fbg.ub.edu\/es\/wp-json\/wp\/v2\/types\/page"}],"author":[{"embeddable":true,"href":"https:\/\/www.fbg.ub.edu\/es\/wp-json\/wp\/v2\/users\/1"}],"replies":[{"embeddable":true,"href":"https:\/\/www.fbg.ub.edu\/es\/wp-json\/wp\/v2\/comments?post=1421"}],"version-history":[{"count":29,"href":"https:\/\/www.fbg.ub.edu\/es\/wp-json\/wp\/v2\/pages\/1421\/revisions"}],"predecessor-version":[{"id":22898,"href":"https:\/\/www.fbg.ub.edu\/es\/wp-json\/wp\/v2\/pages\/1421\/revisions\/22898"}],"wp:attachment":[{"href":"https:\/\/www.fbg.ub.edu\/es\/wp-json\/wp\/v2\/media?parent=1421"}],"curies":[{"name":"wp","href":"https:\/\/api.w.org\/{rel}","templated":true}]}}