{"id":1411,"date":"2017-09-08T06:21:01","date_gmt":"2017-09-08T05:21:01","guid":{"rendered":"http:\/\/161.116.26.48\/empreses\/"},"modified":"2025-07-29T12:14:44","modified_gmt":"2025-07-29T10:14:44","slug":"empresas","status":"publish","type":"page","link":"https:\/\/www.fbg.ub.edu\/es\/empresas\/","title":{"rendered":"Empresas"},"content":{"rendered":"<div class=\"wpb-content-wrapper\"><p>[vc_row el_class=\u00bbampla_mobil\u00bb][vc_column width=\u00bb1\/3&#8243;][\/vc_column][vc_column width=\u00bb2\/3&#8243;][vc_column_text css=\u00bb.vc_custom_1507974753205{padding-bottom: 0px !important;}\u00bb]Te ayudamos a mejorar tu negocio a trav\u00e9s de la innovaci\u00f3n que se desarrolla en la Universidad de Barcelona.[\/vc_column_text][vc_row_inner css=\u00bb.vc_custom_1511256196838{padding-top: 60px !important;}\u00bb][vc_column_inner width=\u00bb1\/3&#8243;][vc_column_text el_class=\u00bbtext15&#8243;]<a href=\"https:\/\/www.fbg.ub.edu\/es\/que-hacemos\/investigacion-por-contrato\/\"><strong class=\"text22\">\u00bfTe gustar\u00eda contar en tu equipo con investigadores de la UB?<\/strong><\/a><\/p>\n<p>Firmar un contrato de colaboraci\u00f3n con profesionales cualificados puede potenciar tu negocio.<\/p>\n<p>En la FBG te facilitamos al investigador o grupo de investigaci\u00f3n que d\u00e9 respuesta a tus necesidades.[\/vc_column_text][\/vc_column_inner][vc_column_inner width=\u00bb1\/3&#8243;][vc_column_text el_class=\u00bbtext15&#8243;]<a href=\"https:\/\/www.fbg.ub.edu\/es\/que-hacemos\/tecnologias-materiales-y-licencias\/\"><strong class=\"text22\">\u00bfQuieres aplicar a tu negocio una soluci\u00f3n tecnol\u00f3gica innovadora?<\/strong><\/a><\/p>\n<p>Aprovechar una tecnolog\u00eda patentada puede suponer un ahorro importante para tu empresa.<\/p>\n<p>En la FBG disponemos de tecnolog\u00edas para licenciar que puedes aplicar a tu negocio de manera inmediata.[\/vc_column_text][\/vc_column_inner][vc_column_inner width=\u00bb1\/3&#8243;][vc_column_text el_class=\u00bbtext15&#8243;]<a href=\"https:\/\/www.fbg.ub.edu\/es\/que-hacemos\/creacion-de-empresas\/\"><strong class=\"text22\">\u00bfTe gustar\u00eda hacer progresar tu negocio con productos de empresas innovadoras?<\/strong><\/a><\/p>\n<p>Las spin-off son empresas de nueva creaci\u00f3n surgidas de proyectos de investigaci\u00f3n de la UB.<\/p>\n<p>En la FBG contamos con spin-offs que pueden ofrecerte soluciones tecnol\u00f3gicas.[\/vc_column_text][\/vc_column_inner][\/vc_row_inner][\/vc_column][\/vc_row][vc_row full_width=\u00bbstretch_row\u00bb el_class=\u00bbfons_gris\u00bb css=\u00bb.vc_custom_1511256210175{margin-top: 60px !important;padding-top: 50px !important;padding-bottom: 50px !important;}\u00bb][vc_column][vc_custom_heading text=\u00bbBeneficios\u00bb font_container=\u00bbtag:h2|text_align:center\u00bb use_theme_fonts=\u00bbyes\u00bb el_class=\u00bbtitular\u00bb][vc_row_inner el_class=\u00bbampla_mobil\u00bb][vc_column_inner width=\u00bb1\/3&#8243;][\/vc_column_inner][vc_column_inner width=\u00bb2\/3&#8243;][vc_column_text css=\u00bb\u00bb]Apostar por la innovaci\u00f3n en tu empresa puede aportarte grandes beneficios:<\/p>\n<ul>\n<li><strong>Ahorro de tiempo<\/strong> en el desarrollo de nuevos productos y servicios<\/li>\n<li><strong>Reducci\u00f3n de gastos<\/strong> para la mejora y optimizaci\u00f3n de procesos productivos o de gesti\u00f3n<\/li>\n<li><strong>Aumento de la competitividad<\/strong>, ofreciendo al mercado productos y servicios diferenciados<\/li>\n<li><strong>Nuevas oportunidades de negocio<\/strong> gracias al acceso a las nuevas tecnolog\u00edas<\/li>\n<\/ul>\n<p style=\"text-align: right;\"><a href=\"http:\/\/www.fbg.ub.edu\/wp-content\/uploads\/2019\/10\/Flyer-per-a-empreses-WEB-ENG.pdf\" target=\"_blank\" rel=\"noopener\"><strong>Cat\u00e1logo de los servicios de la FBG para empresas (en ingl\u00e9s)<\/strong><\/a><\/p>\n<p style=\"text-align: right;\"><a href=\"http:\/\/www.fbg.ub.edu\/wp-content\/uploads\/2025\/05\/Taula-ajuts-2025-250512.pdf\" target=\"_blank\" rel=\"noopener\"><strong>Tabla de herramientas de financiaci\u00f3n para proyectos de I+D+I (en catal\u00e1n)<\/strong><\/a><\/p>\n<p>[\/vc_column_text][\/vc_column_inner][\/vc_row_inner][\/vc_column][\/vc_row][vc_row el_class=\u00bbampla_mobil\u00bb css=\u00bb.vc_custom_1613144866866{padding-top: 100px !important;padding-bottom: 100px !important;}\u00bb][vc_column width=\u00bb1\/3&#8243;][\/vc_column][vc_column width=\u00bb2\/3&#8243;][vc_column_text css=\u00bb.vc_custom_1613144795146{padding-bottom: 0px !important;}\u00bb]<strong>\u00bfNecesitas aplicar modelos experimentales para validar la eficacia y seguridad de un producto?<\/strong><\/p>\n<p>Contamos tambi\u00e9n con un portafolio de <strong>modelos experimentales,<\/strong> y ofrecemos el <strong>asesoramiento experto<\/strong> de los investigadores de la UB, para apoyar tu proyecto.[\/vc_column_text][vc_column_text]<\/p>\n<p style=\"text-align: right;\"><a class=\"text1 text18 taronja senseratlla\" href=\"\/es\/modelos-experimentales\"><strong> Modelos experimentales &gt;<\/strong><\/a><\/p>\n<p>[\/vc_column_text][\/vc_column][\/vc_row][vc_row full_width=\u00bbstretch_row\u00bb parallax=\u00bbcontent-moving\u00bb parallax_image=\u00bb922&#8243; css=\u00bb.vc_custom_1505934385110{padding-top: 250px !important;padding-bottom: 280px !important;}\u00bb][vc_column][\/vc_column][\/vc_row][vc_row full_width=\u00bbstretch_row\u00bb el_class=\u00bbfons_gris\u00bb css=\u00bb.vc_custom_1596193341151{margin-top: 60px !important;padding-top: 50px !important;padding-bottom: 50px !important;background-color: #ffffff !important;}\u00bb][vc_column][vc_row_inner el_class=\u00bbampla_mobil\u00bb][vc_column_inner width=\u00bb1\/3&#8243;][vc_single_image image=\u00bb228&#8243; img_size=\u00bbfull\u00bb alignment=\u00bbright\u00bb css=\u00bb.vc_custom_1504876969363{padding-right: 20px !important;}\u00bb el_class=\u00bbbola_destacat\u00bb][\/vc_column_inner][vc_column_inner width=\u00bb2\/3&#8243;][vc_column_text]<strong>\u00bfQuieres una soluci\u00f3n innovadora a un reto social de tu empresa o instituci\u00f3n?<\/strong><\/p>\n<p><a href=\"https:\/\/www.ub.edu\/livinglabub\/es\/\" target=\"_blank\" rel=\"noopener\">Living Lab UB<\/a> es el Laboratorio de Innovaci\u00f3n Social de la\u00a0<strong>Universidad de Barcelona\u00a0<\/strong>que ofrece soluciones innovadoras a trav\u00e9s de una metodolog\u00eda centrada en el usuario, gracias a la participaci\u00f3n activa de todos los agentes sociales implicados \u2014empresa, clientes\/usuarios, administraci\u00f3n e investigadores de la UB\u2014<\/p>\n<p style=\"text-align: right;\"><strong><a href=\"https:\/\/www.ub.edu\/livinglabub\/es\/\" target=\"_blank\" rel=\"noopener\">Visita la p\u00e1gina web y conoce m\u00e1s sobre el Living Lab UB<\/a><\/strong><\/p>\n<p>[\/vc_column_text][\/vc_column_inner][\/vc_row_inner][\/vc_column][\/vc_row][vc_row full_width=\u00bbstretch_row\u00bb el_class=\u00bbfons_taronja\u00bb][vc_column][vc_custom_heading text=\u00bb\u00c1mbitos de actuaci\u00f3n\u00bb font_container=\u00bbtag:h2|text_align:center\u00bb use_theme_fonts=\u00bbyes\u00bb el_class=\u00bbtitular\u00bb][vc_column_text]En la FBG impulsamos la innovaci\u00f3n en todos los \u00e1mbitos de investigaci\u00f3n de la UB:[\/vc_column_text][vc_row_inner el_class=\u00bbllista_ambits\u00bb][vc_column_inner]<div class=\"caixa_imatge_link\"><a href=\"http:\/\/www.fbg.ub.edu\/es\/ambitos\/alimentacion\/\"><div  class=\"wpb_single_image wpb_content_element vc_align_center icona_161\"><figure class=\"wpb_wrapper vc_figure\"><div class=\"vc_single_image-wrapper   vc_box_border_grey\"><img decoding=\"async\" src=\"https:\/\/www.fbg.ub.edu\/wp-content\/uploads\/2017\/09\/ambit_alimentacio_b.svg\" class=\"vc_single_image-img attachment-full\"><\/div><\/figure><\/div><h3 class=\"text-center\" style=\"font-size:18px\">Alimentaci\u00f3n<\/h3><\/a><\/div><div class=\"caixa_imatge_link\"><a href=\"http:\/\/www.fbg.ub.edu\/es\/ambitos\/quimica-energia-y-recursos\/\"><div  class=\"wpb_single_image wpb_content_element vc_align_center icona_161\"><figure class=\"wpb_wrapper vc_figure\"><div class=\"vc_single_image-wrapper   vc_box_border_grey\"><img decoding=\"async\" src=\"https:\/\/www.fbg.ub.edu\/wp-content\/uploads\/2017\/09\/ambit_quimica_b.svg\" class=\"vc_single_image-img attachment-full\"><\/div><\/figure><\/div><h3 class=\"text-center\" style=\"font-size:18px\">Qu\u00edmica, energ\u00eda y recursos<\/h3><\/a><\/div><div class=\"caixa_imatge_link\"><a href=\"http:\/\/www.fbg.ub.edu\/es\/ambitos\/sistemas-industriales\/\"><div  class=\"wpb_single_image wpb_content_element vc_align_center icona_161\"><figure class=\"wpb_wrapper vc_figure\"><div class=\"vc_single_image-wrapper   vc_box_border_grey\"><img decoding=\"async\" src=\"https:\/\/www.fbg.ub.edu\/wp-content\/uploads\/2017\/09\/ambit_industria_b.svg\" class=\"vc_single_image-img attachment-full\"><\/div><\/figure><\/div><h3 class=\"text-center\" style=\"font-size:18px\">Sistemas industriales<\/h3><\/a><\/div><div class=\"caixa_imatge_link\"><a href=\"http:\/\/www.fbg.ub.edu\/es\/ambitos\/diseno\/\"><div  class=\"wpb_single_image wpb_content_element vc_align_center icona_161\"><figure class=\"wpb_wrapper vc_figure\"><div class=\"vc_single_image-wrapper   vc_box_border_grey\"><img decoding=\"async\" src=\"https:\/\/www.fbg.ub.edu\/wp-content\/uploads\/2017\/09\/ambit_disseny_b.svg\" class=\"vc_single_image-img attachment-full\"><\/div><\/figure><\/div><h3 class=\"text-center\" style=\"font-size:18px\">Dise\u00f1o<\/h3><\/a><\/div><div class=\"caixa_imatge_link\"><a href=\"http:\/\/www.fbg.ub.edu\/es\/ambitos\/movilidad-sostenible\/\"><div  class=\"wpb_single_image wpb_content_element vc_align_center icona_161\"><figure class=\"wpb_wrapper vc_figure\"><div class=\"vc_single_image-wrapper   vc_box_border_grey\"><img decoding=\"async\" src=\"https:\/\/www.fbg.ub.edu\/wp-content\/uploads\/2017\/09\/ambit_mobilitat_b.svg\" class=\"vc_single_image-img attachment-full\"><\/div><\/figure><\/div><h3 class=\"text-center\" style=\"font-size:18px\">Movilidad sostenible<\/h3><\/a><\/div><div class=\"caixa_imatge_link\"><a href=\"http:\/\/www.fbg.ub.edu\/es\/ambitos\/salud-y-ciencias-vida\/\"><div  class=\"wpb_single_image wpb_content_element vc_align_center icona_161\"><figure class=\"wpb_wrapper vc_figure\"><div class=\"vc_single_image-wrapper   vc_box_border_grey\"><img decoding=\"async\" src=\"https:\/\/www.fbg.ub.edu\/wp-content\/uploads\/2017\/09\/ambit_salut_b.svg\" class=\"vc_single_image-img attachment-full\"><\/div><\/figure><\/div><h3 class=\"text-center\" style=\"font-size:18px\">Salud y ciencias de la vida<\/h3><\/a><\/div><div class=\"caixa_imatge_link\"><a href=\"http:\/\/www.fbg.ub.edu\/es\/ambitos\/cultura-y-experiencia\/\"><div  class=\"wpb_single_image wpb_content_element vc_align_center icona_161\"><figure class=\"wpb_wrapper vc_figure\"><div class=\"vc_single_image-wrapper   vc_box_border_grey\"><img decoding=\"async\" src=\"https:\/\/www.fbg.ub.edu\/wp-content\/uploads\/2017\/09\/ambit_cultura_b.svg\" class=\"vc_single_image-img attachment-full\"><\/div><\/figure><\/div><h3 class=\"text-center\" style=\"font-size:18px\">Cultura y experiencia<\/h3><\/a><\/div>[\/vc_column_inner][\/vc_row_inner][\/vc_column][\/vc_row][vc_row full_width=\u00bbstretch_row\u00bb el_class=\u00bbfons_gris\u00bb css=\u00bb.vc_custom_1506023014493{padding-top: 50px !important;padding-bottom: 50px !important;}\u00bb][vc_column][vc_custom_heading text=\u00bbGrupos TECNIO\u00bb font_container=\u00bbtag:h2|text_align:center\u00bb use_theme_fonts=\u00bbyes\u00bb el_class=\u00bbtitular\u00bb][vc_row_inner el_class=\u00bbampla_mobil\u00bb][vc_column_inner width=\u00bb1\/3&#8243;][\/vc_column_inner][vc_column_inner width=\u00bb2\/3&#8243;][vc_column_text]En la FBG contamos con grupos de investigaci\u00f3n reconocidos con el sello <a href=\"http:\/\/www.accio.gencat.cat\/ca\/serveis\/innovacio\/tecnologia-per-a-lempresa\/tecnio\/\" target=\"_blank\" rel=\"noopener\">TECNIO<\/a> de la Generalitat de Catalunya, que acredita a las entidades que desarrollan y facilitan tecnolog\u00eda para las empresas a trav\u00e9s de la adquisici\u00f3n o explotaci\u00f3n de patentes, la contrataci\u00f3n de proyectos de I+D+i o el contacto con <em>spin-offs<\/em>.[\/vc_column_text][\/vc_column_inner][\/vc_row_inner][vc_column_text]<\/p>\n<p style=\"text-align: right;\"><a class=\"senseratlla text1 text18\" href=\"https:\/\/www.fbg.ub.edu\/es\/investigadores\/grupos-tecnio\/\"><strong>Ver los grupos TECNIO &gt;<\/strong><\/a><\/p>\n<p>[\/vc_column_text][\/vc_column][\/vc_row][vc_row css=\u00bb.vc_custom_1507797237516{padding-top: 100px !important;padding-bottom: 100px !important;}\u00bb el_class=\u00bbcrida_accio\u00bb][vc_column width=\u00bb1\/3&#8243;][vc_single_image image=\u00bb228&#8243; img_size=\u00bbfull\u00bb alignment=\u00bbright\u00bb css=\u00bb.vc_custom_1504876969363{padding-right: 20px !important;}\u00bb el_class=\u00bbbola_destacat\u00bb][\/vc_column][vc_column width=\u00bb2\/3&#8243;][vc_column_text css=\u00bb.vc_custom_1507975080291{padding-bottom: 0px !important;}\u00bb]<strong>\u00bfQuieres saber de qu\u00e9 manera podemos ayudar a tu empresa a innovar?<\/strong><\/p>\n<p>Contacta con nosotros a trav\u00e9s de <a class=\"taronja\" href=\"&#x6d;&#97;&#x69;&#x6c;t&#x6f;&#58;f&#x62;&#103;&#64;&#x66;&#98;&#x67;&#x2e;u&#x62;&#46;e&#x64;&#117;\"><strong>&#x66;&#x62;&#x67;&#x40;&#x66;&#x62;&#x67;&#x2e;&#x75;&#x62;&#x2e;&#x65;&#x64;&#x75;<\/strong><\/a> y te asesoraremos<\/p>\n<p>Somos un equipo de personas que trabajan para ti[\/vc_column_text][\/vc_column][\/vc_row][vc_row full_width=\u00bbstretch_row\u00bb el_class=\u00bbfons_gris_fosc\u00bb][vc_column][vc_custom_heading text=\u00bbResultados\u00bb font_container=\u00bbtag:h2|text_align:center\u00bb use_theme_fonts=\u00bbyes\u00bb css=\u00bb.vc_custom_1507975087267{padding-bottom: 30px !important;}\u00bb el_class=\u00bbtitular blanc\u00bb][vc_row_inner][vc_column_inner width=\u00bb1\/3&#8243;][vc_column_text css=\u00bb\u00bb]<strong class=\"numeros\">677<\/strong><\/p>\n<p>empresas e instituciones innovan con nosotros[\/vc_column_text][\/vc_column_inner][vc_column_inner width=\u00bb1\/3&#8243;][vc_column_text css=\u00bb\u00bb]<strong class=\"numeros\">9,68M\u20ac<\/strong><\/p>\n<p>contratados en proyectos de investigaci\u00f3n con empresas y administraci\u00f3n[\/vc_column_text][\/vc_column_inner][vc_column_inner width=\u00bb1\/3&#8243;][vc_column_text css=\u00bb\u00bb]<strong class=\"numeros\">1.763<\/strong><\/p>\n<p>proyectos activos[\/vc_column_text][\/vc_column_inner][\/vc_row_inner][vc_row_inner][vc_column_inner][vc_column_text]<\/p>\n<p style=\"text-align: right;\"><a class=\"text1 text18 senseratlla\" href=\"https:\/\/www.fbg.ub.edu\/es\/que-hacemos\/fbg-en-cifras\/\"><strong>La FBG en cifras &gt;<\/strong><\/a><\/p>\n<p>[\/vc_column_text][\/vc_column_inner][\/vc_row_inner][\/vc_column][\/vc_row][vc_row][vc_column][vc_custom_heading text=\u00bbCasos de \u00e9xito\u00bb font_container=\u00bbtag:h2|text_align:center\u00bb use_theme_fonts=\u00bbyes\u00bb el_class=\u00bbtitular taronja\u00bb]<div class=\"row\"><div class=\"col-sm-4\"><a href=\"https:\/\/www.fbg.ub.edu\/es\/casos_exit\/queremos-producir-un-cemento-mas-sostenible-y-con-la-menor-huella-de-carbono-posible\/\" class=\"casexit-fbg\"><div class=\"row\"><div class=\"col-xs-4 col-sm-12\"><img loading=\"lazy\" decoding=\"async\" width=\"1920\" height=\"1211\" src=\"https:\/\/www.fbg.ub.edu\/wp-content\/uploads\/2026\/04\/Dr.-Chimenos.jpg\" class=\"img-responsive wp-post-image\" alt=\"\" srcset=\"https:\/\/www.fbg.ub.edu\/wp-content\/uploads\/2026\/04\/Dr.-Chimenos.jpg 1920w, https:\/\/www.fbg.ub.edu\/wp-content\/uploads\/2026\/04\/Dr.-Chimenos-365x230.jpg 365w, https:\/\/www.fbg.ub.edu\/wp-content\/uploads\/2026\/04\/Dr.-Chimenos-1624x1024.jpg 1624w, https:\/\/www.fbg.ub.edu\/wp-content\/uploads\/2026\/04\/Dr.-Chimenos-768x484.jpg 768w, https:\/\/www.fbg.ub.edu\/wp-content\/uploads\/2026\/04\/Dr.-Chimenos-1536x969.jpg 1536w, https:\/\/www.fbg.ub.edu\/wp-content\/uploads\/2026\/04\/Dr.-Chimenos-380x240.jpg 380w\" sizes=\"auto, (max-width: 1920px) 100vw, 1920px\" \/><\/div><div class=\"col-xs-8 col-sm-12\"><h3>\u00abQueremos producir un cemento m\u00e1s sostenible y con la menor huella de carbono posible\u00bb<\/h3><\/div><\/div><\/a><\/div><div class=\"col-sm-4\"><a href=\"https:\/\/www.fbg.ub.edu\/es\/casos_exit\/las-nanoparticulas-que-hemos-desarrollado-pueden-tener-un-impacto-real-en-la-vida-de-los-pacientes-con-glaucoma\/\" class=\"casexit-fbg\"><div class=\"row\"><div class=\"col-xs-4 col-sm-12\"><img loading=\"lazy\" decoding=\"async\" width=\"1290\" height=\"814\" src=\"https:\/\/www.fbg.ub.edu\/wp-content\/uploads\/2025\/09\/Dra-Elena-Sanchez-web.jpg\" class=\"img-responsive wp-post-image\" alt=\"\" srcset=\"https:\/\/www.fbg.ub.edu\/wp-content\/uploads\/2025\/09\/Dra-Elena-Sanchez-web.jpg 1290w, https:\/\/www.fbg.ub.edu\/wp-content\/uploads\/2025\/09\/Dra-Elena-Sanchez-web-364x230.jpg 364w, https:\/\/www.fbg.ub.edu\/wp-content\/uploads\/2025\/09\/Dra-Elena-Sanchez-web-768x485.jpg 768w, https:\/\/www.fbg.ub.edu\/wp-content\/uploads\/2025\/09\/Dra-Elena-Sanchez-web-380x240.jpg 380w\" sizes=\"auto, (max-width: 1290px) 100vw, 1290px\" \/><\/div><div class=\"col-xs-8 col-sm-12\"><h3>\u201cLas nanopart\u00edculas que hemos desarrollado pueden tener un impacto real en la vida de los pacientes con glaucoma\u201d<\/h3><\/div><\/div><\/a><\/div><div class=\"col-sm-4\"><a href=\"https:\/\/www.fbg.ub.edu\/es\/casos_exit\/tecnologia-pionera-para-recuperar-fosforo-en-las-estaciones-depuradoras-de-aguas-residuales-urbanas\/\" class=\"casexit-fbg\"><div class=\"row\"><div class=\"col-xs-4 col-sm-12\"><img loading=\"lazy\" decoding=\"async\" width=\"1920\" height=\"1211\" src=\"https:\/\/www.fbg.ub.edu\/wp-content\/uploads\/2025\/06\/Aigues-residuals-2.jpg\" class=\"img-responsive wp-post-image\" alt=\"\" srcset=\"https:\/\/www.fbg.ub.edu\/wp-content\/uploads\/2025\/06\/Aigues-residuals-2.jpg 1920w, https:\/\/www.fbg.ub.edu\/wp-content\/uploads\/2025\/06\/Aigues-residuals-2-365x230.jpg 365w, https:\/\/www.fbg.ub.edu\/wp-content\/uploads\/2025\/06\/Aigues-residuals-2-1624x1024.jpg 1624w, https:\/\/www.fbg.ub.edu\/wp-content\/uploads\/2025\/06\/Aigues-residuals-2-768x484.jpg 768w, https:\/\/www.fbg.ub.edu\/wp-content\/uploads\/2025\/06\/Aigues-residuals-2-1536x969.jpg 1536w, https:\/\/www.fbg.ub.edu\/wp-content\/uploads\/2025\/06\/Aigues-residuals-2-380x240.jpg 380w\" sizes=\"auto, (max-width: 1920px) 100vw, 1920px\" \/><\/div><div class=\"col-xs-8 col-sm-12\"><h3>Tecnolog\u00eda innovadora para recuperar f\u00f3sforo en las estaciones depuradoras de aguas residuales urbanas<\/h3><\/div><\/div><\/a><\/div><\/div>[vc_column_text]<\/p>\n<p style=\"text-align: right;\"><strong><a class=\"taronja senseratlla text1 text18\" href=\"http:\/\/www.fbg.ub.edu\/es\/casos_exit\">M\u00e1s casos de \u00e9xito &gt;<\/a><\/strong><\/p>\n<p>[\/vc_column_text][\/vc_column][\/vc_row]<\/p>\n<\/div>","protected":false},"excerpt":{"rendered":"(A\u00f1o 2025) Dise\u00f1o y Optimizaci\u00f3n de Procesos y Materiales (DIOPMA) y Biotecnolog\u00eda Ambiental (BA) de la Universidad de Barcelona \/...","protected":false},"author":1,"featured_media":0,"parent":0,"menu_order":0,"comment_status":"closed","ping_status":"closed","template":"","meta":{"_acf_changed":false,"inline_featured_image":false,"_monsterinsights_skip_tracking":false,"_monsterinsights_sitenote_active":false,"_monsterinsights_sitenote_note":"","_monsterinsights_sitenote_category":0,"footnotes":""},"class_list":["post-1411","page","type-page","status-publish","hentry"],"acf":[],"_links":{"self":[{"href":"https:\/\/www.fbg.ub.edu\/es\/wp-json\/wp\/v2\/pages\/1411","targetHints":{"allow":["GET"]}}],"collection":[{"href":"https:\/\/www.fbg.ub.edu\/es\/wp-json\/wp\/v2\/pages"}],"about":[{"href":"https:\/\/www.fbg.ub.edu\/es\/wp-json\/wp\/v2\/types\/page"}],"author":[{"embeddable":true,"href":"https:\/\/www.fbg.ub.edu\/es\/wp-json\/wp\/v2\/users\/1"}],"replies":[{"embeddable":true,"href":"https:\/\/www.fbg.ub.edu\/es\/wp-json\/wp\/v2\/comments?post=1411"}],"version-history":[{"count":34,"href":"https:\/\/www.fbg.ub.edu\/es\/wp-json\/wp\/v2\/pages\/1411\/revisions"}],"predecessor-version":[{"id":22892,"href":"https:\/\/www.fbg.ub.edu\/es\/wp-json\/wp\/v2\/pages\/1411\/revisions\/22892"}],"wp:attachment":[{"href":"https:\/\/www.fbg.ub.edu\/es\/wp-json\/wp\/v2\/media?parent=1411"}],"curies":[{"name":"wp","href":"https:\/\/api.w.org\/{rel}","templated":true}]}}