{"id":1393,"date":"2017-09-08T06:16:56","date_gmt":"2017-09-08T05:16:56","guid":{"rendered":"http:\/\/161.116.26.48\/que-fem\/suport-a-la-gestio\/"},"modified":"2025-07-29T11:49:50","modified_gmt":"2025-07-29T09:49:50","slug":"apoyo-a-la-gestion","status":"publish","type":"page","link":"https:\/\/www.fbg.ub.edu\/es\/que-hacemos\/apoyo-a-la-gestion\/","title":{"rendered":"Apoyo a la gesti\u00f3n"},"content":{"rendered":"<div class=\"wpb-content-wrapper\"><p>[vc_row el_class=\u00bbampla_mobil\u00bb][vc_column width=\u00bb1\/3&#8243;][\/vc_column][vc_column width=\u00bb2\/3&#8243;][vc_column_text]En el proceso de transferencia hay que tener en cuenta aspectos legales, econ\u00f3micos, normativos y t\u00e9cnicos.<\/p>\n<p>Desde el equipo de profesionales de la <strong>FBG<\/strong> te damos el apoyo t\u00e9cnico que necesitas y te facilitamos la gesti\u00f3n de tu proyecto de innovaci\u00f3n.<\/p>\n<p>Cuentas con la aplicaci\u00f3n <a href=\"http:\/\/extractes.fbg.ub.edu\/extractes\/index.jsp\" target=\"_blank\" rel=\"noopener\">Extractes<\/a> \u2014una completa intranet de gesti\u00f3n\u2014 que incluye una serie de manuales para ayudarte en la administraci\u00f3n del proyecto.<\/p>\n<p>Tambi\u00e9n dispones de una herramienta de <a href=\"https:\/\/www.gestioprojectes.fbg.ub.edu\/es\/\" target=\"_blank\" rel=\"noopener\">Gesti\u00f3n de Proyectos<\/a> que recoge los principales recursos disponibles. Puedes consultarla siempre que tengas que realizar cualquier gesti\u00f3n en tu proyecto de investigaci\u00f3n o para ponerte al d\u00eda cuando tengas que iniciar un nuevo proyecto.[\/vc_column_text][\/vc_column][\/vc_row][vc_row css=\u00bb.vc_custom_1507796690438{padding-top: 100px !important;padding-bottom: 100px !important;}\u00bb el_class=\u00bbcrida_accio\u00bb][vc_column width=\u00bb1\/3&#8243;][vc_single_image image=\u00bb228&#8243; img_size=\u00bbfull\u00bb alignment=\u00bbright\u00bb css=\u00bb.vc_custom_1504876969363{padding-right: 20px !important;}\u00bb el_class=\u00bbbola_destacat\u00bb][\/vc_column][vc_column width=\u00bb2\/3&#8243;][vc_column_text css=\u00bb.vc_custom_1507805253367{padding-bottom: 0px !important;}\u00bb]<strong>\u00bfBuscas apoyo para la gesti\u00f3n de tu proyecto de innovaci\u00f3n?<\/strong><\/p>\n<p>Contacta con nosotros a trav\u00e9s de <a class=\"taronja\" href=\"&#x6d;&#x61;&#x69;&#108;&#116;&#111;:f&#x62;&#x67;&#x40;&#x66;&#98;&#103;&#46;u&#x62;&#x2e;&#x65;&#x64;&#117;\"><strong>fbg&#64;&#102;&#98;&#103;&#46;&#117;&#x62;&#x2e;&#x65;&#x64;&#x75;<\/strong><\/a> y te asesoraremos<\/p>\n<p>Somos un equipo de personas que trabajan para ti[\/vc_column_text][\/vc_column][\/vc_row][vc_row full_width=\u00bbstretch_row\u00bb parallax=\u00bbcontent-moving\u00bb parallax_image=\u00bb910&#8243; css=\u00bb.vc_custom_1505933755423{padding-top: 250px !important;padding-bottom: 280px !important;}\u00bb][vc_column][\/vc_column][\/vc_row][vc_row full_width=\u00bbstretch_row\u00bb el_class=\u00bbfons_gris_fosc\u00bb][vc_column][vc_custom_heading text=\u00bbResultados\u00bb font_container=\u00bbtag:h2|text_align:center\u00bb use_theme_fonts=\u00bbyes\u00bb css=\u00bb.vc_custom_1507972956015{padding-bottom: 30px !important;}\u00bb el_class=\u00bbtitular blanc\u00bb][vc_row_inner][vc_column_inner width=\u00bb1\/3&#8243;][vc_column_text css=\u00bb\u00bb]<strong class=\"numeros\">1.763<\/strong><\/p>\n<p>proyectos de innovaci\u00f3n activos[\/vc_column_text][\/vc_column_inner][vc_column_inner width=\u00bb1\/3&#8243;][vc_column_text css=\u00bb\u00bb]<strong class=\"numeros\">38,22M\u20ac<\/strong><\/p>\n<p>contratados para la UB[\/vc_column_text][\/vc_column_inner][vc_column_inner width=\u00bb1\/3&#8243;][vc_column_text css=\u00bb\u00bb]<strong class=\"numeros\">112<\/strong><\/p>\n<p>ayudas gestionadas[\/vc_column_text][\/vc_column_inner][\/vc_row_inner][vc_row_inner][vc_column_inner][vc_column_text]<\/p>\n<p style=\"text-align: right;\"><a class=\"text1 text18 senseratlla\" href=\"https:\/\/www.fbg.ub.edu\/es\/que-hacemos\/fbg-en-cifras\/\"><strong>La FBG en cifras &gt;<\/strong><\/a><\/p>\n<p>[\/vc_column_text][\/vc_column_inner][\/vc_row_inner][\/vc_column][\/vc_row]<\/p>\n<\/div>","protected":false},"excerpt":{"rendered":"<p>[vc_row el_class=\u00bbampla_mobil\u00bb][vc_column width=\u00bb1\/3&#8243;][\/vc_column][vc_column width=\u00bb2\/3&#8243;][vc_column_text]En el proceso de transferencia hay que tener en cuenta aspectos legales, econ\u00f3micos, normativos y t\u00e9cnicos. Desde&#8230;<\/p>\n","protected":false},"author":1,"featured_media":0,"parent":1377,"menu_order":0,"comment_status":"closed","ping_status":"closed","template":"","meta":{"_acf_changed":false,"inline_featured_image":false,"_monsterinsights_skip_tracking":false,"_monsterinsights_sitenote_active":false,"_monsterinsights_sitenote_note":"","_monsterinsights_sitenote_category":0,"footnotes":""},"class_list":["post-1393","page","type-page","status-publish","hentry"],"acf":[],"_links":{"self":[{"href":"https:\/\/www.fbg.ub.edu\/es\/wp-json\/wp\/v2\/pages\/1393","targetHints":{"allow":["GET"]}}],"collection":[{"href":"https:\/\/www.fbg.ub.edu\/es\/wp-json\/wp\/v2\/pages"}],"about":[{"href":"https:\/\/www.fbg.ub.edu\/es\/wp-json\/wp\/v2\/types\/page"}],"author":[{"embeddable":true,"href":"https:\/\/www.fbg.ub.edu\/es\/wp-json\/wp\/v2\/users\/1"}],"replies":[{"embeddable":true,"href":"https:\/\/www.fbg.ub.edu\/es\/wp-json\/wp\/v2\/comments?post=1393"}],"version-history":[{"count":27,"href":"https:\/\/www.fbg.ub.edu\/es\/wp-json\/wp\/v2\/pages\/1393\/revisions"}],"predecessor-version":[{"id":22888,"href":"https:\/\/www.fbg.ub.edu\/es\/wp-json\/wp\/v2\/pages\/1393\/revisions\/22888"}],"up":[{"embeddable":true,"href":"https:\/\/www.fbg.ub.edu\/es\/wp-json\/wp\/v2\/pages\/1377"}],"wp:attachment":[{"href":"https:\/\/www.fbg.ub.edu\/es\/wp-json\/wp\/v2\/media?parent=1393"}],"curies":[{"name":"wp","href":"https:\/\/api.w.org\/{rel}","templated":true}]}}