{"id":13857,"date":"2022-04-27T09:03:21","date_gmt":"2022-04-27T07:03:21","guid":{"rendered":"http:\/\/161.116.26.48\/ambitos\/salud-y-ciencias-vida\/integrative-biochemistry-metobolic-disorders\/"},"modified":"2022-04-27T09:09:29","modified_gmt":"2022-04-27T07:09:29","slug":"integrative-biochemistry-metobolic-disorders","status":"publish","type":"page","link":"https:\/\/www.fbg.ub.edu\/es\/ambitos\/salud-y-ciencias-vida\/integrative-biochemistry-metobolic-disorders\/","title":{"rendered":"Integrative BioChemistry &#038; Metobolic Disorders"},"content":{"rendered":"<h3>Presentation of the group<\/h3>\n<p>The research group carries out the integrated analysis of biological systems by combining techniques from biochemistry, cellular and molecular biology and bioinformatics. Main research Lines:<\/p>\n<p>&#8211; <strong>Metabolomics and flowmetry<\/strong>: Characterization of the metabolic adaptations associated with the presence of multifactorial diseases.<\/p>\n<p>&#8211; <strong>Cancer therapy<\/strong>: Design of antitumor therapies based on inhibition of different key points of cancer cell metabolism, and characterization of the effect of different compounds with antitumor activity.<\/p>\n<p>&#8211; <strong>Analysis of the control and regulation of biochemical systems<\/strong>: Development and application of software for the analysis and modelling of metabolic pathways, using kinetic or stochastic methods.<\/p>\n<p>&#8211; <strong>Evaluation of natural products<\/strong>: Characterization of the efficacy of derivatives of natural products and agro-food residues as products with high added value (food supplements, therapeutic treatments of different diseases,&#8230;).<\/p>\n<h3>WHAT WE DO<\/h3>\n<h4>Services<\/h4>\n<ul>\n<li>Metabolic and flow analysis of biological samples.<\/li>\n<li>Evaluation of the biological activity of new compounds with antitumor activity.<\/li>\n<li>In-vivo tests with animal models.<\/li>\n<li>Modelling of biochemical systems.<\/li>\n<\/ul>\n<h3>FOR WHOM WE WORK<\/h3>\n<h4>Industrial sectors<\/h4>\n<ul>\n<li>Health and Biotechnology<\/li>\n<li>Multifactorial diseases<\/li>\n<li>Preclinical tests<\/li>\n<li>Validation of pharmacological targets<\/li>\n<li>Nutrition<\/li>\n<li>Natural products<\/li>\n<li>Functional Foods<\/li>\n<li>Environment<\/li>\n<li>Agro-food and agroforestry waste<\/li>\n<li>Subproducts of vine and olive grove<\/li>\n<\/ul>\n<h4>Clients<\/h4>\n<ul>\n<li>Biocross<\/li>\n<li>University of Kentucky<\/li>\n<li>Tavargenix<\/li>\n<li>Biomaslinic\u00a0 Digna Biotech<\/li>\n<li>IMIM<\/li>\n<\/ul>\n<h3>RESEARCH<\/h3>\n<p>(2015-2019) <strong><em>MOGLYNET<\/em><\/strong> <em>Modulation of glycolitic flux as a new approach for treatment of artherosclerosis and plaque stabilization: a multidisciplinary study<\/em>.\u00a0 P.Inv. Marta Cascante. H2020, EUComission.<\/p>\n<p>(2015-2019) <strong><em>HaemMetabolome<\/em><\/strong>\u00a0 <em>Deciphering the Metabolism of Haematological Cancers.<\/em> P.Inv. Marta Cascante. H2020, EU Comission<\/p>\n<p>(2015-2018) <strong><em>PhenoMeNal<\/em><\/strong><em>: a comprehensive and standarised e-infrastructure for analysing medical metabolic phenotype data. <\/em>P.Inv. M Cascante. H2020, EU Comission.<\/p>\n<p>(2012-2015) <strong><em>COSMOS. <\/em><\/strong><em>Developing an efficient e-infrastructure, standards and data-flow for metabolomics and its interface to biomedical and life science e-infrastructures in Europe and worldwide<\/em> P. Inv. M. Cascante. 7FP, EU Comission.<\/p>\n<p>(2015-2017) <em>Red de medicina de sistemas e integraci\u00f3n de tecnolog\u00edas \u00f3micas: Transcript\u00f3mica, prote\u00f3mica, metabol\u00f3mica y flux\u00f3mica <\/em><br \/>\nP.Inv. M Cascante. Ministerio de Econom\u00eda y Competividad.<\/p>\n<p>(2015-2017) An\u00e1lisis de la reprogramaci\u00f3n metab\u00f3lica metast\u00e1sica en la b\u00fasqueda de nuevas estrategias terap\u00e9uticas en c\u00e1ncer .\u00a0 P.Inv. M Cascante. Ministerio de Econom\u00eda y Competividad.<\/p>\n<h3>RESULTS<\/h3>\n<h4>Patents &amp; Tech Transfer Activities<\/h4>\n<ul>\n<li>Grape Polyphenols as solar protectors (ESP, N\u00ba 9901958)<\/li>\n<li>Flavones and Cysteine Conjugates \u00a0\u00a0(ESP, N\u00ba 200102081)<\/li>\n<li>llamin\u00e0ria Algae Extract as anti-proliferative agents<br \/>\n(ESP, N\u00ba 200300858)<\/li>\n<li>Triterpene derivatives as anti-proliferative agents<br \/>\n(POR\/USA,N\u00ba 20091000049475)<\/li>\n<li>Use of Grape Fibre for Intestinal Cancer treatment<br \/>\n(ESP, N\u00ba 201230935)<\/li>\n<li>Preclinical studies for of antitumor candidates.<\/li>\n<li>Study of the inhibition of transketolase with the therapeutic target.<\/li>\n<li>In vivo study of the antitumor effect of maslinic acid on Colorectal tumours.<\/li>\n<li>Metabolomic flux modelling of the glucose from experimental properties with <sup>13<\/sup>C.<\/li>\n<li>Metabolomic analysis of ictus patients samples: looking for new biomarkers.<\/li>\n<\/ul>\n<h4>Publications<\/h4>\n<p>T\u00e9nyi A, de Atauri P, G\u00f3mez-Cabrero, D, Cano I, Clarke K, Falciani F, Cascante M, Roca J and Maier D. 2016.\u00a0<strong><em>ChainRank, a chain prioritisation method for contextualisation of biological networks<\/em><\/strong>.\u00a0BMC Bioinformatics, 17:17<\/p>\n<p>Cano I, Selivanov V, G\u00f3mez-Cabrero D, Tegn\u00e9r J, Roca J, Wagner PD and Cascante M. 2014. <strong><em>Oxygen pathway modeling estimates high reactive oxygen species production above the highest permantent human habitation<\/em><\/strong><em>. <\/em>PLoS ONE, 9(11).<\/p>\n<p>Guzm\u00e1n S, Marin S, Miranda A, Selivanov VA, Centelles JJ, Harmancey R, Smith F, Turkieh A, Durocher Y, Zorzano A, Rouet P and Cascante M. 2014. <strong><em><sup>13<\/sup>C metabolic flux analysis shows that resistin impairs the metabolic response to insulin in L6E9 myotubes<\/em><\/strong>. BMC Systems Biology, 8:109<\/p>\n","protected":false},"excerpt":{"rendered":"<p>Presentation of the group The research group carries out the integrated analysis of biological systems by combining techniques from biochemistry,&#8230;<\/p>\n","protected":false},"author":2,"featured_media":3308,"parent":1447,"menu_order":0,"comment_status":"closed","ping_status":"closed","template":"page-grupsrecerca.php","meta":{"_acf_changed":false,"inline_featured_image":false,"_monsterinsights_skip_tracking":false,"_monsterinsights_sitenote_active":false,"_monsterinsights_sitenote_note":"","_monsterinsights_sitenote_category":0,"footnotes":""},"class_list":["post-13857","page","type-page","status-publish","has-post-thumbnail","hentry"],"acf":[],"_links":{"self":[{"href":"https:\/\/www.fbg.ub.edu\/es\/wp-json\/wp\/v2\/pages\/13857","targetHints":{"allow":["GET"]}}],"collection":[{"href":"https:\/\/www.fbg.ub.edu\/es\/wp-json\/wp\/v2\/pages"}],"about":[{"href":"https:\/\/www.fbg.ub.edu\/es\/wp-json\/wp\/v2\/types\/page"}],"author":[{"embeddable":true,"href":"https:\/\/www.fbg.ub.edu\/es\/wp-json\/wp\/v2\/users\/2"}],"replies":[{"embeddable":true,"href":"https:\/\/www.fbg.ub.edu\/es\/wp-json\/wp\/v2\/comments?post=13857"}],"version-history":[{"count":2,"href":"https:\/\/www.fbg.ub.edu\/es\/wp-json\/wp\/v2\/pages\/13857\/revisions"}],"predecessor-version":[{"id":13861,"href":"https:\/\/www.fbg.ub.edu\/es\/wp-json\/wp\/v2\/pages\/13857\/revisions\/13861"}],"up":[{"embeddable":true,"href":"https:\/\/www.fbg.ub.edu\/es\/wp-json\/wp\/v2\/pages\/1447"}],"wp:featuredmedia":[{"embeddable":true,"href":"https:\/\/www.fbg.ub.edu\/es\/wp-json\/wp\/v2\/media\/3308"}],"wp:attachment":[{"href":"https:\/\/www.fbg.ub.edu\/es\/wp-json\/wp\/v2\/media?parent=13857"}],"curies":[{"name":"wp","href":"https:\/\/api.w.org\/{rel}","templated":true}]}}