{"id":1379,"date":"2017-09-07T10:17:55","date_gmt":"2017-09-07T09:17:55","guid":{"rendered":"http:\/\/161.116.26.48\/que-fem\/recerca-per-contracte\/"},"modified":"2025-07-31T15:31:37","modified_gmt":"2025-07-31T13:31:37","slug":"investigacion-por-contrato","status":"publish","type":"page","link":"https:\/\/www.fbg.ub.edu\/es\/que-hacemos\/investigacion-por-contrato\/","title":{"rendered":"Investigaci\u00f3n por contrato"},"content":{"rendered":"<div class=\"wpb-content-wrapper\"><p>[vc_row full_width=\u00bbstretch_row\u00bb el_class=\u00bbfons_gris\u00bb css=\u00bb.vc_custom_1728294119213{margin-top: -100px !important;margin-bottom: 50px !important;padding-top: 100px !important;padding-bottom: 75px !important;}\u00bb][vc_column][vc_row_inner el_class=\u00bbampla_mobil\u00bb][vc_column_inner][vc_video link=\u00bbhttps:\/\/www.youtube.com\/watch?v=4m1BPrEcKlM\u00bb el_width=\u00bb70&#8243; align=\u00bbcenter\u00bb css=\u00bb\u00bb][\/vc_column_inner][\/vc_row_inner][\/vc_column][\/vc_row][vc_row el_class=\u00bbampla_mobil\u00bb][vc_column width=\u00bb1\/3&#8243;][\/vc_column][vc_column width=\u00bb2\/3&#8243;][vc_column_text]En la <strong>FBG<\/strong> ofrecemos a las empresas la posibilidad de mejorar sus productos y servicios a trav\u00e9s de la contrataci\u00f3n de investigadores y grupos de investigaci\u00f3n de la Universidad de Barcelona.<\/p>\n<ul>\n<li>Si eres una <strong><a href=\"https:\/\/www.fbg.ub.edu\/es\/empresas\/\">empresa<\/a><\/strong>, cuenta con profesionales de la universidad para llevar a cabo proyectos innovadores que mejoren tu organizaci\u00f3n.<\/li>\n<li>Si eres un <strong><a href=\"https:\/\/www.fbg.ub.edu\/es\/investigadores\/\">investigador<\/a><\/strong>, aplica tu conocimiento en una empresa y posibilita la transferencia de tu investigaci\u00f3n a la sociedad.<\/li>\n<\/ul>\n<p>Contamos tambi\u00e9n con equipamientos pioneros en todos los \u00e1mbitos de conocimiento, as\u00ed como con experiencia especializada.[\/vc_column_text][\/vc_column][\/vc_row][vc_row full_width=\u00bbstretch_row\u00bb el_class=\u00bbfons_gris\u00bb css=\u00bb.vc_custom_1507796777514{padding-top: 100px !important;padding-bottom: 100px !important;}\u00bb][vc_column][vc_row_inner el_class=\u00bbampla_mobil\u00bb][vc_column_inner width=\u00bb1\/3&#8243;][\/vc_column_inner][vc_column_inner width=\u00bb2\/3&#8243;][vc_column_text]Benef\u00edciate de contratar innovaci\u00f3n para tu empresa<\/p>\n<p>En la <strong>FBG<\/strong> contamos con investigadores y <a href=\"https:\/\/www.fbg.ub.edu\/es\/investigadores\/grupos-investigacion-ub\/\">grupos de investigaci\u00f3n<\/a> en diferentes \u00e1mbitos que pueden ayudar a tu empresa a innovar.<\/p>\n<p>A trav\u00e9s de un contrato de investigaci\u00f3n \u2014subcontratando investigadores o colaborando con ellos\u2014 puedes resolver un problema puntual o mejorar la competitividad de tu negocio.<\/p>\n<p>Contamos con un amplio portafolio de <a href=\"https:\/\/www.fbg.ub.edu\/es\/modelos-experimentales\/\">modelos experimentales<\/a> para evaluar vuestros activos, y generamos nuevos modelos a medida.[\/vc_column_text][\/vc_column_inner][\/vc_row_inner][\/vc_column][\/vc_row][vc_row full_width=\u00bbstretch_row\u00bb el_class=\u00bbfons_taronja\u00bb][vc_column][vc_custom_heading text=\u00bb\u00c1mbitos de actuaci\u00f3n\u00bb font_container=\u00bbtag:h2|text_align:center\u00bb use_theme_fonts=\u00bbyes\u00bb el_class=\u00bbtitular\u00bb][vc_column_text]En la <strong>FBG<\/strong> contamos con investigadores y grupos de investigaci\u00f3n en todos los \u00e1mbitos de la UB:[\/vc_column_text][vc_row_inner el_class=\u00bbllista_ambits\u00bb][vc_column_inner]<div class=\"caixa_imatge_link\"><a href=\"http:\/\/www.fbg.ub.edu\/es\/ambitos\/alimentacion\/\"><div  class=\"wpb_single_image wpb_content_element vc_align_center icona_161\"><figure class=\"wpb_wrapper vc_figure\"><div class=\"vc_single_image-wrapper   vc_box_border_grey\"><img decoding=\"async\" src=\"https:\/\/www.fbg.ub.edu\/wp-content\/uploads\/2017\/09\/ambit_alimentacio_b.svg\" class=\"vc_single_image-img attachment-full\"><\/div><\/figure><\/div><h3 class=\"text-center\" style=\"font-size:18px\">Alimentaci\u00f3n<\/h3><\/a><\/div><div class=\"caixa_imatge_link\"><a href=\"http:\/\/www.fbg.ub.edu\/es\/ambitos\/quimica-energia-y-recursos\/\"><div  class=\"wpb_single_image wpb_content_element vc_align_center icona_161\"><figure class=\"wpb_wrapper vc_figure\"><div class=\"vc_single_image-wrapper   vc_box_border_grey\"><img decoding=\"async\" src=\"https:\/\/www.fbg.ub.edu\/wp-content\/uploads\/2017\/09\/ambit_quimica_b.svg\" class=\"vc_single_image-img attachment-full\"><\/div><\/figure><\/div><h3 class=\"text-center\" style=\"font-size:18px\">Qu\u00edmica, energ\u00eda y recursos<\/h3><\/a><\/div><div class=\"caixa_imatge_link\"><a href=\"http:\/\/www.fbg.ub.edu\/es\/ambitos\/sistemas-industriales\/\"><div  class=\"wpb_single_image wpb_content_element vc_align_center icona_161\"><figure class=\"wpb_wrapper vc_figure\"><div class=\"vc_single_image-wrapper   vc_box_border_grey\"><img decoding=\"async\" src=\"https:\/\/www.fbg.ub.edu\/wp-content\/uploads\/2017\/09\/ambit_industria_b.svg\" class=\"vc_single_image-img attachment-full\"><\/div><\/figure><\/div><h3 class=\"text-center\" style=\"font-size:18px\">Sistemas industriales<\/h3><\/a><\/div><div class=\"caixa_imatge_link\"><a href=\"http:\/\/www.fbg.ub.edu\/es\/ambitos\/diseno\/\"><div  class=\"wpb_single_image wpb_content_element vc_align_center icona_161\"><figure class=\"wpb_wrapper vc_figure\"><div class=\"vc_single_image-wrapper   vc_box_border_grey\"><img decoding=\"async\" src=\"https:\/\/www.fbg.ub.edu\/wp-content\/uploads\/2017\/09\/ambit_disseny_b.svg\" class=\"vc_single_image-img attachment-full\"><\/div><\/figure><\/div><h3 class=\"text-center\" style=\"font-size:18px\">Dise\u00f1o<\/h3><\/a><\/div><div class=\"caixa_imatge_link\"><a href=\"http:\/\/www.fbg.ub.edu\/es\/ambitos\/movilidad-sostenible\/\"><div  class=\"wpb_single_image wpb_content_element vc_align_center icona_161\"><figure class=\"wpb_wrapper vc_figure\"><div class=\"vc_single_image-wrapper   vc_box_border_grey\"><img decoding=\"async\" src=\"https:\/\/www.fbg.ub.edu\/wp-content\/uploads\/2017\/09\/ambit_mobilitat_b.svg\" class=\"vc_single_image-img attachment-full\"><\/div><\/figure><\/div><h3 class=\"text-center\" style=\"font-size:18px\">Movilidad sostenible<\/h3><\/a><\/div><div class=\"caixa_imatge_link\"><a href=\"http:\/\/www.fbg.ub.edu\/es\/ambitos\/salud-y-ciencias-vida\/\"><div  class=\"wpb_single_image wpb_content_element vc_align_center icona_161\"><figure class=\"wpb_wrapper vc_figure\"><div class=\"vc_single_image-wrapper   vc_box_border_grey\"><img decoding=\"async\" src=\"https:\/\/www.fbg.ub.edu\/wp-content\/uploads\/2017\/09\/ambit_salut_b.svg\" class=\"vc_single_image-img attachment-full\"><\/div><\/figure><\/div><h3 class=\"text-center\" style=\"font-size:18px\">Salud y ciencias de la vida<\/h3><\/a><\/div><div class=\"caixa_imatge_link\"><a href=\"http:\/\/www.fbg.ub.edu\/es\/ambitos\/cultura-y-experiencia\/\"><div  class=\"wpb_single_image wpb_content_element vc_align_center icona_161\"><figure class=\"wpb_wrapper vc_figure\"><div class=\"vc_single_image-wrapper   vc_box_border_grey\"><img decoding=\"async\" src=\"https:\/\/www.fbg.ub.edu\/wp-content\/uploads\/2017\/09\/ambit_cultura_b.svg\" class=\"vc_single_image-img attachment-full\"><\/div><\/figure><\/div><h3 class=\"text-center\" style=\"font-size:18px\">Cultura y experiencia<\/h3><\/a><\/div>[\/vc_column_inner][\/vc_row_inner][\/vc_column][\/vc_row][vc_row css=\u00bb.vc_custom_1507796711825{padding-top: 100px !important;padding-bottom: 100px !important;}\u00bb el_class=\u00bbcrida_accio\u00bb][vc_column width=\u00bb1\/3&#8243;][vc_single_image image=\u00bb228&#8243; img_size=\u00bbfull\u00bb alignment=\u00bbright\u00bb css=\u00bb.vc_custom_1504876969363{padding-right: 20px !important;}\u00bb el_class=\u00bbbola_destacat\u00bb][\/vc_column][vc_column width=\u00bb2\/3&#8243;][vc_column_text css=\u00bb.vc_custom_1753968564409{padding-bottom: 0px !important;}\u00bb]<strong>Contrata un proyecto e innova en tu organizaci\u00f3n<\/strong><\/p>\n<p>Contacta con nosotros a trav\u00e9s de <a href=\"&#x6d;&#97;&#x69;&#x6c;t&#x6f;&#58;f&#x62;&#103;&#64;&#x66;&#98;&#x67;&#x2e;u&#x62;&#46;e&#x64;&#117;\" target=\"_blank\" rel=\"noopener\">&#102;&#x62;&#103;&#x40;&#102;&#x62;&#103;&#x2e;&#117;&#x62;&#46;&#x65;&#100;&#x75;<\/a>\u00a0y te asesoraremos.<\/p>\n<p>Somos un equipo de profesionales que trabajan para ti[\/vc_column_text][\/vc_column][\/vc_row][vc_row full_width=\u00bbstretch_row\u00bb parallax=\u00bbcontent-moving\u00bb parallax_image=\u00bb430&#8243; css=\u00bb.vc_custom_1505449900587{padding-top: 250px !important;padding-bottom: 280px !important;}\u00bb][vc_column][\/vc_column][\/vc_row][vc_row full_width=\u00bbstretch_row\u00bb el_class=\u00bbfons_gris ampla_mobil\u00bb css=\u00bb.vc_custom_1507796623287{padding-top: 100px !important;padding-bottom: 100px !important;}\u00bb][vc_column width=\u00bb1\/3&#8243;][\/vc_column][vc_column width=\u00bb2\/3&#8243;][vc_column_text]<strong>\u00bfQuieres aplicar tu investigaci\u00f3n en una empresa?<\/strong><\/p>\n<p>Nuestros profesionales pueden ayudarte a buscar la empresa adecuada y a establecer una relaci\u00f3n de colaboraci\u00f3n justa.<\/p>\n<p>En la FBG negociamos tu colaboraci\u00f3n con la empresa.[\/vc_column_text][\/vc_column][\/vc_row][vc_row css=\u00bb.vc_custom_1507796699484{padding-top: 100px !important;padding-bottom: 100px !important;}\u00bb el_class=\u00bbcrida_accio\u00bb][vc_column width=\u00bb1\/3&#8243;][vc_single_image image=\u00bb228&#8243; img_size=\u00bbfull\u00bb alignment=\u00bbright\u00bb css=\u00bb.vc_custom_1504876969363{padding-right: 20px !important;}\u00bb el_class=\u00bbbola_destacat\u00bb][\/vc_column][vc_column width=\u00bb2\/3&#8243;][vc_column_text css=\u00bb.vc_custom_1753968692890{padding-bottom: 0px !important;}\u00bb]<strong>Financia tu proyecto con la investigaci\u00f3n por contrato<\/strong><\/p>\n<p>Contacta con nosotros a trav\u00e9s de <a href=\"&#x6d;a&#x69;&#108;&#x74;&#111;:&#x66;&#98;&#x67;&#64;f&#x62;&#103;&#x2e;&#117;b&#x2e;e&#x64;&#117;\" target=\"_blank\" rel=\"noopener\">f&#98;&#103;&#64;&#x66;&#x62;&#x67;&#46;u&#98;&#46;&#x65;&#x64;&#x75;<\/a>\u00a0y te explicaremos c\u00f3mo.<\/p>\n<p>Somos un equipo de personas que trabajan para ti[\/vc_column_text][\/vc_column][\/vc_row][vc_row full_width=\u00bbstretch_row\u00bb el_class=\u00bbfons_gris\u00bb][vc_column][vc_custom_heading text=\u00bbCasos de \u00e9xito\u00bb font_container=\u00bbtag:h2|text_align:center\u00bb use_theme_fonts=\u00bbyes\u00bb el_class=\u00bbtitular taronja\u00bb]<div class=\"row\"><div class=\"col-sm-4\"><a href=\"https:\/\/www.fbg.ub.edu\/es\/casos_exit\/queremos-producir-un-cemento-mas-sostenible-y-con-la-menor-huella-de-carbono-posible\/\" class=\"casexit-fbg\"><div class=\"row\"><div class=\"col-xs-4 col-sm-12\"><img loading=\"lazy\" decoding=\"async\" width=\"1920\" height=\"1211\" src=\"https:\/\/www.fbg.ub.edu\/wp-content\/uploads\/2026\/04\/Dr.-Chimenos.jpg\" class=\"img-responsive wp-post-image\" alt=\"\" srcset=\"https:\/\/www.fbg.ub.edu\/wp-content\/uploads\/2026\/04\/Dr.-Chimenos.jpg 1920w, https:\/\/www.fbg.ub.edu\/wp-content\/uploads\/2026\/04\/Dr.-Chimenos-365x230.jpg 365w, https:\/\/www.fbg.ub.edu\/wp-content\/uploads\/2026\/04\/Dr.-Chimenos-1624x1024.jpg 1624w, https:\/\/www.fbg.ub.edu\/wp-content\/uploads\/2026\/04\/Dr.-Chimenos-768x484.jpg 768w, https:\/\/www.fbg.ub.edu\/wp-content\/uploads\/2026\/04\/Dr.-Chimenos-1536x969.jpg 1536w, https:\/\/www.fbg.ub.edu\/wp-content\/uploads\/2026\/04\/Dr.-Chimenos-380x240.jpg 380w\" sizes=\"auto, (max-width: 1920px) 100vw, 1920px\" \/><\/div><div class=\"col-xs-8 col-sm-12\"><h3>\u00abQueremos producir un cemento m\u00e1s sostenible y con la menor huella de carbono posible\u00bb<\/h3><\/div><\/div><\/a><\/div><div class=\"col-sm-4\"><a href=\"https:\/\/www.fbg.ub.edu\/es\/casos_exit\/las-nanoparticulas-que-hemos-desarrollado-pueden-tener-un-impacto-real-en-la-vida-de-los-pacientes-con-glaucoma\/\" class=\"casexit-fbg\"><div class=\"row\"><div class=\"col-xs-4 col-sm-12\"><img loading=\"lazy\" decoding=\"async\" width=\"1290\" height=\"814\" src=\"https:\/\/www.fbg.ub.edu\/wp-content\/uploads\/2025\/09\/Dra-Elena-Sanchez-web.jpg\" class=\"img-responsive wp-post-image\" alt=\"\" srcset=\"https:\/\/www.fbg.ub.edu\/wp-content\/uploads\/2025\/09\/Dra-Elena-Sanchez-web.jpg 1290w, https:\/\/www.fbg.ub.edu\/wp-content\/uploads\/2025\/09\/Dra-Elena-Sanchez-web-364x230.jpg 364w, https:\/\/www.fbg.ub.edu\/wp-content\/uploads\/2025\/09\/Dra-Elena-Sanchez-web-768x485.jpg 768w, https:\/\/www.fbg.ub.edu\/wp-content\/uploads\/2025\/09\/Dra-Elena-Sanchez-web-380x240.jpg 380w\" sizes=\"auto, (max-width: 1290px) 100vw, 1290px\" \/><\/div><div class=\"col-xs-8 col-sm-12\"><h3>\u201cLas nanopart\u00edculas que hemos desarrollado pueden tener un impacto real en la vida de los pacientes con glaucoma\u201d<\/h3><\/div><\/div><\/a><\/div><div class=\"col-sm-4\"><a href=\"https:\/\/www.fbg.ub.edu\/es\/casos_exit\/tecnologia-pionera-para-recuperar-fosforo-en-las-estaciones-depuradoras-de-aguas-residuales-urbanas\/\" class=\"casexit-fbg\"><div class=\"row\"><div class=\"col-xs-4 col-sm-12\"><img loading=\"lazy\" decoding=\"async\" width=\"1920\" height=\"1211\" src=\"https:\/\/www.fbg.ub.edu\/wp-content\/uploads\/2025\/06\/Aigues-residuals-2.jpg\" class=\"img-responsive wp-post-image\" alt=\"\" srcset=\"https:\/\/www.fbg.ub.edu\/wp-content\/uploads\/2025\/06\/Aigues-residuals-2.jpg 1920w, https:\/\/www.fbg.ub.edu\/wp-content\/uploads\/2025\/06\/Aigues-residuals-2-365x230.jpg 365w, https:\/\/www.fbg.ub.edu\/wp-content\/uploads\/2025\/06\/Aigues-residuals-2-1624x1024.jpg 1624w, https:\/\/www.fbg.ub.edu\/wp-content\/uploads\/2025\/06\/Aigues-residuals-2-768x484.jpg 768w, https:\/\/www.fbg.ub.edu\/wp-content\/uploads\/2025\/06\/Aigues-residuals-2-1536x969.jpg 1536w, https:\/\/www.fbg.ub.edu\/wp-content\/uploads\/2025\/06\/Aigues-residuals-2-380x240.jpg 380w\" sizes=\"auto, (max-width: 1920px) 100vw, 1920px\" \/><\/div><div class=\"col-xs-8 col-sm-12\"><h3>Tecnolog\u00eda innovadora para recuperar f\u00f3sforo en las estaciones depuradoras de aguas residuales urbanas<\/h3><\/div><\/div><\/a><\/div><\/div>[vc_column_text]<\/p>\n<p style=\"text-align: right;\"><a class=\"text1 text18 taronja senseratlla\" href=\"http:\/\/www.fbg.ub.edu\/es\/casos_exit\"><strong>M\u00e1s casos de \u00e9xito &gt;<\/strong><\/a><\/p>\n<p>[\/vc_column_text][\/vc_column][\/vc_row]<\/p>\n<\/div>","protected":false},"excerpt":{"rendered":"(A\u00f1o 2025) Dise\u00f1o y Optimizaci\u00f3n de Procesos y Materiales (DIOPMA) y Biotecnolog\u00eda Ambiental (BA) de la Universidad de Barcelona \/...","protected":false},"author":1,"featured_media":0,"parent":1377,"menu_order":0,"comment_status":"closed","ping_status":"closed","template":"","meta":{"_acf_changed":false,"inline_featured_image":false,"_monsterinsights_skip_tracking":false,"_monsterinsights_sitenote_active":false,"_monsterinsights_sitenote_note":"","_monsterinsights_sitenote_category":0,"footnotes":""},"class_list":["post-1379","page","type-page","status-publish","hentry"],"acf":[],"_links":{"self":[{"href":"https:\/\/www.fbg.ub.edu\/es\/wp-json\/wp\/v2\/pages\/1379","targetHints":{"allow":["GET"]}}],"collection":[{"href":"https:\/\/www.fbg.ub.edu\/es\/wp-json\/wp\/v2\/pages"}],"about":[{"href":"https:\/\/www.fbg.ub.edu\/es\/wp-json\/wp\/v2\/types\/page"}],"author":[{"embeddable":true,"href":"https:\/\/www.fbg.ub.edu\/es\/wp-json\/wp\/v2\/users\/1"}],"replies":[{"embeddable":true,"href":"https:\/\/www.fbg.ub.edu\/es\/wp-json\/wp\/v2\/comments?post=1379"}],"version-history":[{"count":8,"href":"https:\/\/www.fbg.ub.edu\/es\/wp-json\/wp\/v2\/pages\/1379\/revisions"}],"predecessor-version":[{"id":22970,"href":"https:\/\/www.fbg.ub.edu\/es\/wp-json\/wp\/v2\/pages\/1379\/revisions\/22970"}],"up":[{"embeddable":true,"href":"https:\/\/www.fbg.ub.edu\/es\/wp-json\/wp\/v2\/pages\/1377"}],"wp:attachment":[{"href":"https:\/\/www.fbg.ub.edu\/es\/wp-json\/wp\/v2\/media?parent=1379"}],"curies":[{"name":"wp","href":"https:\/\/api.w.org\/{rel}","templated":true}]}}