{"id":1377,"date":"2017-09-01T06:09:12","date_gmt":"2017-09-01T05:09:12","guid":{"rendered":"http:\/\/161.116.26.48\/que-fem\/"},"modified":"2025-07-29T11:38:11","modified_gmt":"2025-07-29T09:38:11","slug":"que-hacemos","status":"publish","type":"page","link":"https:\/\/www.fbg.ub.edu\/es\/que-hacemos\/","title":{"rendered":"Qu\u00e9 hacemos"},"content":{"rendered":"<div class=\"wpb-content-wrapper\"><p>[vc_row css=\u00bb.vc_custom_1507796566219{padding-bottom: 100px !important;}\u00bb el_class=\u00bbampla_mobil\u00bb][vc_column][vc_video link=\u00bbhttps:\/\/www.youtube.com\/watch?v=X97gpWWcabY\u00bb el_width=\u00bb60&#8243; align=\u00bbcenter\u00bb][\/vc_column][vc_column width=\u00bb1\/3&#8243;][\/vc_column][vc_column width=\u00bb2\/3&#8243;][vc_column_text css=\u00bb.vc_custom_1508402038282{padding-bottom: 0px !important;}\u00bb]En la Fundaci\u00f3 Bosch i Gimpera conectamos universidad, empresa y sociedad:<\/p>\n<ul>\n<li>Aportamos <strong>soluciones<\/strong> para las personas<br \/>\nFacilitando la creaci\u00f3n de nuevos <strong>productos<\/strong> que mejoren la vida de la gente<\/li>\n<li>Ponemos en <strong>relaci\u00f3n<\/strong> a investigadores, empresas e inversores<br \/>\nFavoreciendo nuevas <strong>oportunidades<\/strong> de innovaci\u00f3n y desarrollo<\/li>\n<li>Generamos <strong>negocio<\/strong> innovador y de futuro<br \/>\nImpulsando la creaci\u00f3n de nuevas <strong>empresas<\/strong> y abriendo nuevas l\u00edneas de innovaci\u00f3n a las actuales<\/li>\n<\/ul>\n<p>Ofrecemos atenci\u00f3n y apoyo a <a href=\"https:\/\/www.fbg.ub.edu\/es\/investigadores\/\">investigadores<\/a>, <a href=\"https:\/\/www.fbg.ub.edu\/es\/empresas\/\">empresas<\/a> e <a href=\"https:\/\/www.fbg.ub.edu\/es\/inversores-y-mentores\/\">inversores<\/a>, para promover esta colaboraci\u00f3n.[\/vc_column_text][\/vc_column][\/vc_row][vc_row full_width=\u00bbstretch_row\u00bb el_class=\u00bbfons_gris\u00bb][vc_column][vc_custom_heading text=\u00bbImpulsamos la innovaci\u00f3n\u00bb font_container=\u00bbtag:h2|text_align:center\u00bb use_theme_fonts=\u00bbyes\u00bb el_class=\u00bbtitular\u00bb][vc_column_text]En la <strong>FBG<\/strong> nuestra prioridad es impulsar la innovaci\u00f3n y lo hacemos a trav\u00e9s de los siguientes ejes de actuaci\u00f3n:[\/vc_column_text][vc_row_inner][vc_column_inner width=\u00bb1\/3&#8243;]<div class=\"caixa_link\"><a href=\"http:\/\/www.fbg.ub.edu\/es\/que-hacemos\/investigacion-por-contrato\/\"><div  class=\"wpb_single_image wpb_content_element vc_align_center icona_161\"><figure class=\"wpb_wrapper vc_figure\"><div class=\"vc_single_image-wrapper   vc_box_border_grey\"><img decoding=\"async\" src=\"https:\/\/www.fbg.ub.edu\/wp-content\/uploads\/2017\/09\/investigacio_contracte.svg\" class=\"vc_single_image-img attachment-full\"><\/div><\/figure><\/div><h3 class=\"text-left\" style=\"font-size:35px\">Investigaci\u00f3n por contrato<\/h3><div class=\"text text-left\">Facilitamos investigaci\u00f3n a medida a las empresas<\/div><\/a><\/div>[\/vc_column_inner][vc_column_inner width=\u00bb1\/3&#8243;]<div class=\"caixa_link\"><a href=\"http:\/\/www.fbg.ub.edu\/es\/que-hacemos\/creacion-de-empresas\/\"><div  class=\"wpb_single_image wpb_content_element vc_align_center icona_161\"><figure class=\"wpb_wrapper vc_figure\"><div class=\"vc_single_image-wrapper   vc_box_border_grey\"><img decoding=\"async\" src=\"https:\/\/www.fbg.ub.edu\/wp-content\/uploads\/2017\/09\/creacio_empreses.svg\" class=\"vc_single_image-img attachment-full\"><\/div><\/figure><\/div><h3 class=\"text-left\" style=\"font-size:35px\">Creaci\u00f3n de empresas<\/h3><div class=\"text text-left\">Impulsamos nuevas empresas innovadoras<\/div><\/a><\/div>[\/vc_column_inner][vc_column_inner width=\u00bb1\/3&#8243;]<div class=\"caixa_link\"><a href=\"http:\/\/www.fbg.ub.edu\/es\/que-hacemos\/tecnologias-materiales-y-licencias\/\"><div  class=\"wpb_single_image wpb_content_element vc_align_center icona_161\"><figure class=\"wpb_wrapper vc_figure\"><div class=\"vc_single_image-wrapper   vc_box_border_grey\"><img decoding=\"async\" src=\"https:\/\/www.fbg.ub.edu\/wp-content\/uploads\/2017\/09\/tecnologies_materials_llicencies.svg\" class=\"vc_single_image-img attachment-full\"><\/div><\/figure><\/div><h3 class=\"text-left\" style=\"font-size:35px\">Tecnolog\u00edas, materiales y licencias<\/h3><div class=\"text text-left\">Comercializamos las tecnolog\u00edas de los investigadores para las empresas<\/div><\/a><\/div>[\/vc_column_inner][\/vc_row_inner][\/vc_column][\/vc_row][vc_row css=\u00bb.vc_custom_1613144295083{padding-top: 100px !important;padding-bottom: 100px !important;}\u00bb el_class=\u00bbampla_mobil\u00bb][vc_column width=\u00bb1\/3&#8243;][\/vc_column][vc_column width=\u00bb2\/3&#8243;][vc_column_text css=\u00bb.vc_custom_1613144263727{padding-bottom: 0px !important;}\u00bb]Contamos tambi\u00e9n con <strong>modelos experimentales<\/strong> para responder a las necesidades de tu proyecto de I+D y hacerlo avanzar.[\/vc_column_text][vc_column_text]<\/p>\n<p style=\"text-align: right;\"><a class=\"text1 text18 taronja senseratlla\" href=\"\/es\/modelos-experimentales\"><strong> Modelos experimentales &gt;<\/strong><\/a><\/p>\n<p>[\/vc_column_text][\/vc_column][\/vc_row][vc_row full_width=\u00bbstretch_row\u00bb el_class=\u00bbfons_taronja\u00bb][vc_column][vc_custom_heading text=\u00bb\u00c1mbitos de actuaci\u00f3n\u00bb font_container=\u00bbtag:h2|text_align:center\u00bb use_theme_fonts=\u00bbyes\u00bb el_class=\u00bbtitular\u00bb][vc_column_text]En la <strong>FBG<\/strong> impulsamos la innovaci\u00f3n en todos los \u00e1mbitos de investigaci\u00f3n de la UB:[\/vc_column_text][vc_row_inner el_class=\u00bbllista_ambits\u00bb][vc_column_inner]<div class=\"caixa_imatge_link\"><a href=\"http:\/\/www.fbg.ub.edu\/es\/ambitos\/alimentacion\/\"><div  class=\"wpb_single_image wpb_content_element vc_align_center icona_161\"><figure class=\"wpb_wrapper vc_figure\"><div class=\"vc_single_image-wrapper   vc_box_border_grey\"><img decoding=\"async\" src=\"https:\/\/www.fbg.ub.edu\/wp-content\/uploads\/2017\/09\/ambit_alimentacio_b.svg\" class=\"vc_single_image-img attachment-full\"><\/div><\/figure><\/div><h3 class=\"text-center\" style=\"font-size:18px\">Alimentaci\u00f3n<\/h3><\/a><\/div><div class=\"caixa_imatge_link\"><a href=\"http:\/\/www.fbg.ub.edu\/es\/ambitos\/quimica-energia-y-recursos\/\"><div  class=\"wpb_single_image wpb_content_element vc_align_center icona_161\"><figure class=\"wpb_wrapper vc_figure\"><div class=\"vc_single_image-wrapper   vc_box_border_grey\"><img decoding=\"async\" src=\"https:\/\/www.fbg.ub.edu\/wp-content\/uploads\/2017\/09\/ambit_quimica_b.svg\" class=\"vc_single_image-img attachment-full\"><\/div><\/figure><\/div><h3 class=\"text-center\" style=\"font-size:18px\">Qu\u00edmica, energ\u00eda y recursos<\/h3><\/a><\/div><div class=\"caixa_imatge_link\"><a href=\"http:\/\/www.fbg.ub.edu\/es\/ambitos\/sistemas-industriales\/\"><div  class=\"wpb_single_image wpb_content_element vc_align_center icona_161\"><figure class=\"wpb_wrapper vc_figure\"><div class=\"vc_single_image-wrapper   vc_box_border_grey\"><img decoding=\"async\" src=\"https:\/\/www.fbg.ub.edu\/wp-content\/uploads\/2017\/09\/ambit_industria_b.svg\" class=\"vc_single_image-img attachment-full\"><\/div><\/figure><\/div><h3 class=\"text-center\" style=\"font-size:18px\">Sistemas industriales<\/h3><\/a><\/div><div class=\"caixa_imatge_link\"><a href=\"http:\/\/www.fbg.ub.edu\/es\/ambitos\/diseno\/\"><div  class=\"wpb_single_image wpb_content_element vc_align_center icona_161\"><figure class=\"wpb_wrapper vc_figure\"><div class=\"vc_single_image-wrapper   vc_box_border_grey\"><img decoding=\"async\" src=\"https:\/\/www.fbg.ub.edu\/wp-content\/uploads\/2017\/09\/ambit_disseny_b.svg\" class=\"vc_single_image-img attachment-full\"><\/div><\/figure><\/div><h3 class=\"text-center\" style=\"font-size:18px\">Dise\u00f1o<\/h3><\/a><\/div><div class=\"caixa_imatge_link\"><a href=\"http:\/\/www.fbg.ub.edu\/es\/ambitos\/movilidad-sostenible\/\"><div  class=\"wpb_single_image wpb_content_element vc_align_center icona_161\"><figure class=\"wpb_wrapper vc_figure\"><div class=\"vc_single_image-wrapper   vc_box_border_grey\"><img decoding=\"async\" src=\"https:\/\/www.fbg.ub.edu\/wp-content\/uploads\/2017\/09\/ambit_mobilitat_b.svg\" class=\"vc_single_image-img attachment-full\"><\/div><\/figure><\/div><h3 class=\"text-center\" style=\"font-size:18px\">Movilidad sostenible<\/h3><\/a><\/div><div class=\"caixa_imatge_link\"><a href=\"http:\/\/www.fbg.ub.edu\/es\/ambitos\/salud-y-ciencias-vida\/\"><div  class=\"wpb_single_image wpb_content_element vc_align_center icona_161\"><figure class=\"wpb_wrapper vc_figure\"><div class=\"vc_single_image-wrapper   vc_box_border_grey\"><img decoding=\"async\" src=\"https:\/\/www.fbg.ub.edu\/wp-content\/uploads\/2017\/09\/ambit_salut_b.svg\" class=\"vc_single_image-img attachment-full\"><\/div><\/figure><\/div><h3 class=\"text-center\" style=\"font-size:18px\">Salud y ciencias de la vida<\/h3><\/a><\/div><div class=\"caixa_imatge_link\"><a href=\"http:\/\/www.fbg.ub.edu\/es\/ambitos\/cultura-y-experiencia\/\"><div  class=\"wpb_single_image wpb_content_element vc_align_center icona_161\"><figure class=\"wpb_wrapper vc_figure\"><div class=\"vc_single_image-wrapper   vc_box_border_grey\"><img decoding=\"async\" src=\"https:\/\/www.fbg.ub.edu\/wp-content\/uploads\/2017\/09\/ambit_cultura_b.svg\" class=\"vc_single_image-img attachment-full\"><\/div><\/figure><\/div><h3 class=\"text-center\" style=\"font-size:18px\">Cultura y experiencia<\/h3><\/a><\/div>[\/vc_column_inner][\/vc_row_inner][\/vc_column][\/vc_row][vc_row css=\u00bb.vc_custom_1507796763557{padding-top: 100px !important;padding-bottom: 100px !important;}\u00bb el_class=\u00bbcrida_accio\u00bb][vc_column width=\u00bb1\/3&#8243;][vc_single_image image=\u00bb228&#8243; img_size=\u00bbfull\u00bb alignment=\u00bbright\u00bb css=\u00bb.vc_custom_1504876969363{padding-right: 20px !important;}\u00bb el_class=\u00bbbola_destacat\u00bb][\/vc_column][vc_column width=\u00bb2\/3&#8243;][vc_column_text css=\u00bb.vc_custom_1507799875683{padding-bottom: 0px !important;}\u00bb]<strong>\u00bfEn qu\u00e9 \u00e1mbito te gustar\u00eda innovar? <\/strong><\/p>\n<p>Contacta con nosotros a trav\u00e9s de <a class=\"taronja\" href=\"&#x6d;&#x61;&#105;&#108;to&#x3a;&#x66;&#x62;&#103;&#64;f&#x62;&#x67;&#x2e;&#117;&#98;&#46;&#x65;&#x64;&#x75;\"><strong>&#102;&#x62;&#103;&#x40;&#102;&#x62;g&#x2e;u&#98;&#x2e;&#101;&#x64;&#117;<\/strong><\/a> y te asesoraremos<\/p>\n<p>Somos un equipo de personas que trabajan para ti[\/vc_column_text][\/vc_column][\/vc_row][vc_row full_width=\u00bbstretch_row\u00bb parallax=\u00bbcontent-moving\u00bb parallax_image=\u00bb1004&#8243; css=\u00bb.vc_custom_1505994142830{padding-top: 250px !important;padding-bottom: 280px !important;}\u00bb][vc_column][\/vc_column][\/vc_row][vc_row full_width=\u00bbstretch_row\u00bb el_class=\u00bbfons_gris_fosc\u00bb][vc_column][vc_custom_heading text=\u00bbResultados\u00bb font_container=\u00bbtag:h2|text_align:center\u00bb use_theme_fonts=\u00bbyes\u00bb css=\u00bb.vc_custom_1507799885482{padding-bottom: 30px !important;}\u00bb el_class=\u00bbtitular blanc\u00bb][vc_row_inner][vc_column_inner width=\u00bb1\/3&#8243;][vc_column_text css=\u00bb\u00bb]<strong class=\"numeros\">677<\/strong><\/p>\n<p>empresas e instituciones<br \/>\ninnovan con nosotros[\/vc_column_text][\/vc_column_inner][vc_column_inner width=\u00bb1\/3&#8243;][vc_column_text css=\u00bb\u00bb]<strong class=\"numeros\">38,22M\u20ac<\/strong><\/p>\n<p>contratados para la UB[\/vc_column_text][\/vc_column_inner][vc_column_inner width=\u00bb1\/3&#8243;][vc_column_text css=\u00bb\u00bb]<strong class=\"numeros\">1.763<\/strong><\/p>\n<p>proyectos activos[\/vc_column_text][\/vc_column_inner][\/vc_row_inner][vc_row_inner][vc_column_inner][vc_column_text]<\/p>\n<p style=\"text-align: right;\"><a class=\"text1 text18\" href=\"https:\/\/www.fbg.ub.edu\/es\/que-hacemos\/fbg-en-cifras\/\"><strong>La FBG en cifras &gt;<\/strong><\/a><\/p>\n<p>[\/vc_column_text][\/vc_column_inner][\/vc_row_inner][\/vc_column][\/vc_row][vc_row][vc_column][vc_custom_heading text=\u00bbCasos de \u00e9xito\u00bb font_container=\u00bbtag:h2|text_align:center\u00bb use_theme_fonts=\u00bbyes\u00bb el_class=\u00bbtitular taronja\u00bb]<div class=\"row\"><div class=\"col-sm-4\"><a href=\"https:\/\/www.fbg.ub.edu\/es\/casos_exit\/queremos-producir-un-cemento-mas-sostenible-y-con-la-menor-huella-de-carbono-posible\/\" class=\"casexit-fbg\"><div class=\"row\"><div class=\"col-xs-4 col-sm-12\"><img loading=\"lazy\" decoding=\"async\" width=\"1920\" height=\"1211\" src=\"https:\/\/www.fbg.ub.edu\/wp-content\/uploads\/2026\/04\/Dr.-Chimenos.jpg\" class=\"img-responsive wp-post-image\" alt=\"\" srcset=\"https:\/\/www.fbg.ub.edu\/wp-content\/uploads\/2026\/04\/Dr.-Chimenos.jpg 1920w, https:\/\/www.fbg.ub.edu\/wp-content\/uploads\/2026\/04\/Dr.-Chimenos-365x230.jpg 365w, https:\/\/www.fbg.ub.edu\/wp-content\/uploads\/2026\/04\/Dr.-Chimenos-1624x1024.jpg 1624w, https:\/\/www.fbg.ub.edu\/wp-content\/uploads\/2026\/04\/Dr.-Chimenos-768x484.jpg 768w, https:\/\/www.fbg.ub.edu\/wp-content\/uploads\/2026\/04\/Dr.-Chimenos-1536x969.jpg 1536w, https:\/\/www.fbg.ub.edu\/wp-content\/uploads\/2026\/04\/Dr.-Chimenos-380x240.jpg 380w\" sizes=\"auto, (max-width: 1920px) 100vw, 1920px\" \/><\/div><div class=\"col-xs-8 col-sm-12\"><h3>\u00abQueremos producir un cemento m\u00e1s sostenible y con la menor huella de carbono posible\u00bb<\/h3><\/div><\/div><\/a><\/div><div class=\"col-sm-4\"><a href=\"https:\/\/www.fbg.ub.edu\/es\/casos_exit\/las-nanoparticulas-que-hemos-desarrollado-pueden-tener-un-impacto-real-en-la-vida-de-los-pacientes-con-glaucoma\/\" class=\"casexit-fbg\"><div class=\"row\"><div class=\"col-xs-4 col-sm-12\"><img loading=\"lazy\" decoding=\"async\" width=\"1290\" height=\"814\" src=\"https:\/\/www.fbg.ub.edu\/wp-content\/uploads\/2025\/09\/Dra-Elena-Sanchez-web.jpg\" class=\"img-responsive wp-post-image\" alt=\"\" srcset=\"https:\/\/www.fbg.ub.edu\/wp-content\/uploads\/2025\/09\/Dra-Elena-Sanchez-web.jpg 1290w, https:\/\/www.fbg.ub.edu\/wp-content\/uploads\/2025\/09\/Dra-Elena-Sanchez-web-364x230.jpg 364w, https:\/\/www.fbg.ub.edu\/wp-content\/uploads\/2025\/09\/Dra-Elena-Sanchez-web-768x485.jpg 768w, https:\/\/www.fbg.ub.edu\/wp-content\/uploads\/2025\/09\/Dra-Elena-Sanchez-web-380x240.jpg 380w\" sizes=\"auto, (max-width: 1290px) 100vw, 1290px\" \/><\/div><div class=\"col-xs-8 col-sm-12\"><h3>\u201cLas nanopart\u00edculas que hemos desarrollado pueden tener un impacto real en la vida de los pacientes con glaucoma\u201d<\/h3><\/div><\/div><\/a><\/div><div class=\"col-sm-4\"><a href=\"https:\/\/www.fbg.ub.edu\/es\/casos_exit\/tecnologia-pionera-para-recuperar-fosforo-en-las-estaciones-depuradoras-de-aguas-residuales-urbanas\/\" class=\"casexit-fbg\"><div class=\"row\"><div class=\"col-xs-4 col-sm-12\"><img loading=\"lazy\" decoding=\"async\" width=\"1920\" height=\"1211\" src=\"https:\/\/www.fbg.ub.edu\/wp-content\/uploads\/2025\/06\/Aigues-residuals-2.jpg\" class=\"img-responsive wp-post-image\" alt=\"\" srcset=\"https:\/\/www.fbg.ub.edu\/wp-content\/uploads\/2025\/06\/Aigues-residuals-2.jpg 1920w, https:\/\/www.fbg.ub.edu\/wp-content\/uploads\/2025\/06\/Aigues-residuals-2-365x230.jpg 365w, https:\/\/www.fbg.ub.edu\/wp-content\/uploads\/2025\/06\/Aigues-residuals-2-1624x1024.jpg 1624w, https:\/\/www.fbg.ub.edu\/wp-content\/uploads\/2025\/06\/Aigues-residuals-2-768x484.jpg 768w, https:\/\/www.fbg.ub.edu\/wp-content\/uploads\/2025\/06\/Aigues-residuals-2-1536x969.jpg 1536w, https:\/\/www.fbg.ub.edu\/wp-content\/uploads\/2025\/06\/Aigues-residuals-2-380x240.jpg 380w\" sizes=\"auto, (max-width: 1920px) 100vw, 1920px\" \/><\/div><div class=\"col-xs-8 col-sm-12\"><h3>Tecnolog\u00eda innovadora para recuperar f\u00f3sforo en las estaciones depuradoras de aguas residuales urbanas<\/h3><\/div><\/div><\/a><\/div><\/div>[vc_column_text]<\/p>\n<p style=\"text-align: right;\"><a class=\"text1 text18 taronja senseratlla\" href=\"http:\/\/www.fbg.ub.edu\/es\/casos_exit\/\"><strong> M\u00e1s casos de \u00e9xito &gt;<\/strong><\/a><\/p>\n<p>[\/vc_column_text][\/vc_column][\/vc_row]<\/p>\n<\/div>","protected":false},"excerpt":{"rendered":"(A\u00f1o 2025) Dise\u00f1o y Optimizaci\u00f3n de Procesos y Materiales (DIOPMA) y Biotecnolog\u00eda Ambiental (BA) de la Universidad de Barcelona \/...","protected":false},"author":1,"featured_media":0,"parent":0,"menu_order":0,"comment_status":"closed","ping_status":"closed","template":"","meta":{"_acf_changed":false,"inline_featured_image":false,"_monsterinsights_skip_tracking":false,"_monsterinsights_sitenote_active":false,"_monsterinsights_sitenote_note":"","_monsterinsights_sitenote_category":0,"footnotes":""},"class_list":["post-1377","page","type-page","status-publish","hentry"],"acf":[],"_links":{"self":[{"href":"https:\/\/www.fbg.ub.edu\/es\/wp-json\/wp\/v2\/pages\/1377","targetHints":{"allow":["GET"]}}],"collection":[{"href":"https:\/\/www.fbg.ub.edu\/es\/wp-json\/wp\/v2\/pages"}],"about":[{"href":"https:\/\/www.fbg.ub.edu\/es\/wp-json\/wp\/v2\/types\/page"}],"author":[{"embeddable":true,"href":"https:\/\/www.fbg.ub.edu\/es\/wp-json\/wp\/v2\/users\/1"}],"replies":[{"embeddable":true,"href":"https:\/\/www.fbg.ub.edu\/es\/wp-json\/wp\/v2\/comments?post=1377"}],"version-history":[{"count":24,"href":"https:\/\/www.fbg.ub.edu\/es\/wp-json\/wp\/v2\/pages\/1377\/revisions"}],"predecessor-version":[{"id":22878,"href":"https:\/\/www.fbg.ub.edu\/es\/wp-json\/wp\/v2\/pages\/1377\/revisions\/22878"}],"wp:attachment":[{"href":"https:\/\/www.fbg.ub.edu\/es\/wp-json\/wp\/v2\/media?parent=1377"}],"curies":[{"name":"wp","href":"https:\/\/api.w.org\/{rel}","templated":true}]}}