{"id":13331,"date":"2022-01-18T13:05:22","date_gmt":"2022-01-18T11:05:22","guid":{"rendered":"http:\/\/161.116.26.48\/?page_id=13331"},"modified":"2022-04-26T08:59:37","modified_gmt":"2022-04-26T06:59:37","slug":"campana-micromecenazgo-para-estudiar-impacto-metabolico-pulpa-escaramujo-rosa-canina-sobre-individuos-obesos-y-resistentes-insulina-con-objetivo-definir-recomendaciones-nu","status":"publish","type":"page","link":"https:\/\/www.fbg.ub.edu\/es\/que-hacemos\/ayudas-y-financiacion\/micromecenazgo\/campana-micromecenazgo-para-estudiar-impacto-metabolico-pulpa-escaramujo-rosa-canina-sobre-individuos-obesos-y-resistentes-insulina-con-objetivo-definir-recomendaciones-nu\/","title":{"rendered":"Campa\u00f1a de micromecenazgo para estudiar el impacto metab\u00f3lico de la pulpa de escaramujo (Rosa canina) sobre individuos obesos y resistentes a la insulina (CERRADO)"},"content":{"rendered":"<p><strong>Prevenci\u00f3n y tratamiento de la obesidad &#8211; \u00bfQu\u00e9 aportar\u00eda la incorporaci\u00f3n de la pulpa de escaramujo a la dieta en t\u00e9rminos de salud y bienestar?<\/strong><\/p>\n<p>Con el objetivo de ayudar a definir recomendaciones nutricionales que sean de f\u00e1cil y c\u00f3moda implementaci\u00f3n por basarse en el uso de productos accesibles geogr\u00e1fica y econ\u00f3micamente, el grupo de investigaci\u00f3n Nutritional Cell Signaling (NCS) del Departamento de Nutrici\u00f3n, Ciencias de la Alimentaci\u00f3n y Gastronom\u00eda de la Facultad de Farmacia y Ciencias de la Alimentaci\u00f3n de la Universidad de Barcelona ha iniciado una campa\u00f1a de micromecenazgo a trav\u00e9s de la plataforma PRECIPITA, con el objetivo de conseguir 25.000 euros para estudiar el impacto metab\u00f3lico de la pulpa de escaramujo (<em>Rosa canina<\/em>) sobre individuos obesos y resistentes a la insulina.<\/p>\n<p>El proyecto, adem\u00e1s de prevenir y tratar la obesidad, pretende contribuir a la estrategia de sostenibilidad alimentaria de la Uni\u00f3n Europea que busca proteger el medio ambiente y garantizar alimentos saludables para todos, al tiempo que garantiza los medios de vida de los agricultores al trabajar con frutas y verduras producidas en proximidad. As\u00ed, puede que a m\u00e1s largo plazo este tipo de estudio sea extrapolable a otros frutos aut\u00f3ctonos como podr\u00edan ser las fresas, los fresones, las frambuesas o los ar\u00e1ndanos.<\/p>\n<p>M\u00e1s informaci\u00f3n sobre el proyecto y donaciones:<\/p>\n<p><a href=\"https:\/\/www.precipita.es\/proyectos\/Prevencion-y-tratamiento-de-la-obesidad-una-pandemia-del-siglo-XXI\">https:\/\/www.precipita.es\/proyectos\/Prevencion-y-tratamiento-de-la-obesidad-una-pandemia-del-siglo-XXI<\/a><\/p>\n","protected":false},"excerpt":{"rendered":"<p>Prevenci\u00f3n y tratamiento de la obesidad &#8211; \u00bfQu\u00e9 aportar\u00eda la incorporaci\u00f3n de la pulpa de escaramujo a la dieta en&#8230;<\/p>\n","protected":false},"author":2,"featured_media":13328,"parent":1481,"menu_order":0,"comment_status":"closed","ping_status":"closed","template":"page-projecte.php","meta":{"_acf_changed":false,"inline_featured_image":false,"_monsterinsights_skip_tracking":false,"_monsterinsights_sitenote_active":false,"_monsterinsights_sitenote_note":"","_monsterinsights_sitenote_category":0,"footnotes":""},"class_list":["post-13331","page","type-page","status-publish","has-post-thumbnail","hentry"],"acf":[],"_links":{"self":[{"href":"https:\/\/www.fbg.ub.edu\/es\/wp-json\/wp\/v2\/pages\/13331","targetHints":{"allow":["GET"]}}],"collection":[{"href":"https:\/\/www.fbg.ub.edu\/es\/wp-json\/wp\/v2\/pages"}],"about":[{"href":"https:\/\/www.fbg.ub.edu\/es\/wp-json\/wp\/v2\/types\/page"}],"author":[{"embeddable":true,"href":"https:\/\/www.fbg.ub.edu\/es\/wp-json\/wp\/v2\/users\/2"}],"replies":[{"embeddable":true,"href":"https:\/\/www.fbg.ub.edu\/es\/wp-json\/wp\/v2\/comments?post=13331"}],"version-history":[{"count":3,"href":"https:\/\/www.fbg.ub.edu\/es\/wp-json\/wp\/v2\/pages\/13331\/revisions"}],"predecessor-version":[{"id":13845,"href":"https:\/\/www.fbg.ub.edu\/es\/wp-json\/wp\/v2\/pages\/13331\/revisions\/13845"}],"up":[{"embeddable":true,"href":"https:\/\/www.fbg.ub.edu\/es\/wp-json\/wp\/v2\/pages\/1481"}],"wp:featuredmedia":[{"embeddable":true,"href":"https:\/\/www.fbg.ub.edu\/es\/wp-json\/wp\/v2\/media\/13328"}],"wp:attachment":[{"href":"https:\/\/www.fbg.ub.edu\/es\/wp-json\/wp\/v2\/media?parent=13331"}],"curies":[{"name":"wp","href":"https:\/\/api.w.org\/{rel}","templated":true}]}}