{"id":12174,"date":"2021-04-21T10:47:09","date_gmt":"2021-04-21T08:47:09","guid":{"rendered":"http:\/\/161.116.26.48\/?page_id=12174"},"modified":"2021-04-21T10:52:41","modified_gmt":"2021-04-21T08:52:41","slug":"barcelona-brain-stimulation-laboratory-bbslab","status":"publish","type":"page","link":"https:\/\/www.fbg.ub.edu\/es\/investigadores\/grupos-investigacion-ub\/barcelona-brain-stimulation-laboratory-bbslab\/","title":{"rendered":"Barcelona Brain Stimulation Laboratory (BBSLab)"},"content":{"rendered":"<h3>PRESENTACI\u00d3N<\/h3>\n<p>En el Barcelona Brain Stimulation Laboratory (<a href=\"http:\/\/www.ub.edu\/bbslab\/bbslab\/\">BBSLab<\/a>) nos especializamos en estimulaci\u00f3n cerebral no invasiva y neuroimagen aplicadas a la investigaci\u00f3n en salud mental y cerebral. Nuestro equipo de investigaci\u00f3n cuenta con una amplia y consistente trayectoria de <a href=\"http:\/\/www.ub.edu\/bbslab\/publications\/\">publicaciones<\/a> y <a href=\"http:\/\/www.ub.edu\/bbslab\/scientific-production\/projects\/\">proyectos financiados<\/a> a nivel nacional e internacional.<\/p>\n<h3>QU\u00c9 HACEMOS<\/h3>\n<h3>Servicios<\/h3>\n<ul>\n<li>Te ayudamos a <strong>dise\u00f1ar experimentos<\/strong> para comprobar tus hip\u00f3tesis y explorar las l\u00edneas de investigaci\u00f3n que te interesan.<\/li>\n<li>Te ayudamos a <strong>escoger el equipamiento<\/strong> m\u00e1s adecuado para realizar los experimentos que deseas, siempre teniendo en cuenta tus necesidades y limitaciones.<\/li>\n<li><strong>Optimizamos tu laboratorio<\/strong>, tanto para mejorar tus usos experimentales actuales, como para ampliar el abanico de experimentos que puedes hacer.<\/li>\n<\/ul>\n","protected":false},"excerpt":{"rendered":"<p>PRESENTACI\u00d3N En el Barcelona Brain Stimulation Laboratory (BBSLab) nos especializamos en estimulaci\u00f3n cerebral no invasiva y neuroimagen aplicadas a la&#8230;<\/p>\n","protected":false},"author":2,"featured_media":12175,"parent":1469,"menu_order":0,"comment_status":"closed","ping_status":"closed","template":"page-grupsrecerca.php","meta":{"_acf_changed":false,"inline_featured_image":false,"_monsterinsights_skip_tracking":false,"_monsterinsights_sitenote_active":false,"_monsterinsights_sitenote_note":"","_monsterinsights_sitenote_category":0,"footnotes":""},"class_list":["post-12174","page","type-page","status-publish","has-post-thumbnail","hentry"],"acf":[],"_links":{"self":[{"href":"https:\/\/www.fbg.ub.edu\/es\/wp-json\/wp\/v2\/pages\/12174","targetHints":{"allow":["GET"]}}],"collection":[{"href":"https:\/\/www.fbg.ub.edu\/es\/wp-json\/wp\/v2\/pages"}],"about":[{"href":"https:\/\/www.fbg.ub.edu\/es\/wp-json\/wp\/v2\/types\/page"}],"author":[{"embeddable":true,"href":"https:\/\/www.fbg.ub.edu\/es\/wp-json\/wp\/v2\/users\/2"}],"replies":[{"embeddable":true,"href":"https:\/\/www.fbg.ub.edu\/es\/wp-json\/wp\/v2\/comments?post=12174"}],"version-history":[{"count":5,"href":"https:\/\/www.fbg.ub.edu\/es\/wp-json\/wp\/v2\/pages\/12174\/revisions"}],"predecessor-version":[{"id":12183,"href":"https:\/\/www.fbg.ub.edu\/es\/wp-json\/wp\/v2\/pages\/12174\/revisions\/12183"}],"up":[{"embeddable":true,"href":"https:\/\/www.fbg.ub.edu\/es\/wp-json\/wp\/v2\/pages\/1469"}],"wp:featuredmedia":[{"embeddable":true,"href":"https:\/\/www.fbg.ub.edu\/es\/wp-json\/wp\/v2\/media\/12175"}],"wp:attachment":[{"href":"https:\/\/www.fbg.ub.edu\/es\/wp-json\/wp\/v2\/media?parent=12174"}],"curies":[{"name":"wp","href":"https:\/\/api.w.org\/{rel}","templated":true}]}}